{"id":1734,"date":"2023-04-28T13:32:06","date_gmt":"2023-04-28T11:32:06","guid":{"rendered":"https:\/\/ryscloud.sk\/?page_id=1734"},"modified":"2024-12-06T11:59:32","modified_gmt":"2024-12-06T10:59:32","slug":"sso","status":"publish","type":"page","link":"https:\/\/ryscloud.sk\/index.php\/sso\/","title":{"rendered":"SSO"},"content":{"rendered":"\n<h1 class=\"wp-block-heading has-text-align-center\" style=\"text-transform:uppercase\">Spr\u00e1va smart objektov<\/h1>\n\n\n\n<p class=\"has-text-align-center has-normal-font-size\">Port\u00e1l SPR\u00c1VA SMART OBJEKTOV (SSO) umo\u017e\u0148uje zobrazenie aktu\u00e1lneho stavu v\u0161etk\u00fdch pripojen\u00fdch zariaden\u00ed, ktor\u00e9 budete ma\u0165 v spr\u00e1ve. <strong>Cez u\u017e\u00edvate\u013esk\u00fd \u00fa\u010det budete ma\u0165 pr\u00edstup nastaveniam zariaden\u00ed, nastaveniam upozornen\u00ed na zariadenia a ich dokonal\u00fd preh\u013ead<\/strong>. Navy\u0161e pri pou\u017eit\u00ed opera\u010dnej jednotke iKURA z\u00edskate mo\u017enos\u0165 zmeny parametrov zariadenia a aktualiz\u00e1ciu datab\u00e1zy \u010dipov.<\/p>\n\n\n\n<div style=\"height:25px\" aria-hidden=\"true\" class=\"wp-block-spacer\"><\/div>\n\n\n\t\t<div id=\"serious-slider-27-rnd4113\" class=\"cryout-serious-slider seriousslider serious-slider-27-rnd4113 serious-slider-27 seriousslider-overlay0 seriousslider-square seriousslider-shadow-none seriousslider-responsive-legacy seriousslider-hidetitles-1 seriousslider-fade seriousslider-sizing0 seriousslider-aligncenter seriousslider-caption-animation-slide seriousslider-textstyle-bgcolor\" data-ride=\"seriousslider\">\n\t\t\t<div class=\"seriousslider-inner\" role=\"listbox\">\n\n\t\t\t\n\t\t\t<div class=\"item slide-1 active\" role=\"option\">\n\t\t\t\t\t\t\t\t<a  >\n\t\t\t\t\t<img decoding=\"async\" class=\"item-image\" src=\"https:\/\/ryscloud.sk\/wp-content\/uploads\/2023\/04\/sso-tablet-2-1.jpg\" alt=\"SSO -zariadenia\" >\n\t\t\t\t<\/a>\n\t\t\t\t\t\t\t\t\t\t\t\t<div class=\"seriousslider-caption\">\n\t\t\t\t\t<div class=\"seriousslider-caption-inside\">\n\t\t\t\t\t\t\t\t\t\t\t\t\t\t\t\t\t\t<div class=\"seriousslider-caption-buttons\">\n\t\t\t\t\t\t\t\t\t\t\t\t\t\t\t\t\t\t\t\t\t\t\t\t\t\t\t\t\t\t\t\t\t\t\t\t\t\t\t\t\t\t\t<\/div>\n\t\t\t\t\t<\/div><!--seriousslider-caption-inside-->\n\t\t\t\t<\/div><!--seriousslider-caption-->\n\t\t\t\t\t\t\t\t<div class=\"seriousslider-hloader\"><\/div>\n\t\t\t\t<figure class=\"seriousslider-cloader\">\n\t\t\t\t\t<svg width=\"200\" height=\"200\">\n\t\t\t\t\t\t<circle cx=\"95\" cy=\"95\" r=\"20\" transform=\"rotate(-90, 95, 95)\"\/>\n\t\t\t\t\t<\/svg>\n\t\t\t  <\/figure>\n\t\t\t<\/div>\n\n\t\t\t\n\t\t\t<div class=\"item slide-2 \" role=\"option\">\n\t\t\t\t\t\t\t\t<a  >\n\t\t\t\t\t<img decoding=\"async\" class=\"item-image\" src=\"https:\/\/ryscloud.sk\/wp-content\/uploads\/2023\/04\/sso-tablet-2-2.jpg\" alt=\"SSO &#8211; karta zariadenia\" >\n\t\t\t\t<\/a>\n\t\t\t\t\t\t\t\t\t\t\t\t<div class=\"seriousslider-caption\">\n\t\t\t\t\t<div class=\"seriousslider-caption-inside\">\n\t\t\t\t\t\t\t\t\t\t\t\t\t\t\t\t\t\t<div class=\"seriousslider-caption-buttons\">\n\t\t\t\t\t\t\t\t\t\t\t\t\t\t\t\t\t\t\t\t\t\t\t\t\t\t\t\t\t\t\t\t\t\t\t\t\t\t\t\t\t\t\t<\/div>\n\t\t\t\t\t<\/div><!--seriousslider-caption-inside-->\n\t\t\t\t<\/div><!--seriousslider-caption-->\n\t\t\t\t\t\t\t\t<div class=\"seriousslider-hloader\"><\/div>\n\t\t\t\t<figure class=\"seriousslider-cloader\">\n\t\t\t\t\t<svg width=\"200\" height=\"200\">\n\t\t\t\t\t\t<circle cx=\"95\" cy=\"95\" r=\"20\" transform=\"rotate(-90, 95, 95)\"\/>\n\t\t\t\t\t<\/svg>\n\t\t\t  <\/figure>\n\t\t\t<\/div>\n\n\t\t\t\n\t\t\t<div class=\"item slide-3 \" role=\"option\">\n\t\t\t\t\t\t\t\t<a  >\n\t\t\t\t\t<img decoding=\"async\" class=\"item-image\" src=\"https:\/\/ryscloud.sk\/wp-content\/uploads\/2023\/04\/sso-tablet-2-3.jpg\" alt=\"SSO &#8211; graf pr\u00edstupov\" >\n\t\t\t\t<\/a>\n\t\t\t\t\t\t\t\t\t\t\t\t<div class=\"seriousslider-caption\">\n\t\t\t\t\t<div class=\"seriousslider-caption-inside\">\n\t\t\t\t\t\t\t\t\t\t\t\t\t\t\t\t\t\t<div class=\"seriousslider-caption-buttons\">\n\t\t\t\t\t\t\t\t\t\t\t\t\t\t\t\t\t\t\t\t\t\t\t\t\t\t\t\t\t\t\t\t\t\t\t\t\t\t\t\t\t\t\t<\/div>\n\t\t\t\t\t<\/div><!--seriousslider-caption-inside-->\n\t\t\t\t<\/div><!--seriousslider-caption-->\n\t\t\t\t\t\t\t\t<div class=\"seriousslider-hloader\"><\/div>\n\t\t\t\t<figure class=\"seriousslider-cloader\">\n\t\t\t\t\t<svg width=\"200\" height=\"200\">\n\t\t\t\t\t\t<circle cx=\"95\" cy=\"95\" r=\"20\" transform=\"rotate(-90, 95, 95)\"\/>\n\t\t\t\t\t<\/svg>\n\t\t\t  <\/figure>\n\t\t\t<\/div>\n\n\t\t\t\n\t\t\t<div class=\"item slide-4 \" role=\"option\">\n\t\t\t\t\t\t\t\t<a  >\n\t\t\t\t\t<img decoding=\"async\" class=\"item-image\" src=\"https:\/\/ryscloud.sk\/wp-content\/uploads\/2023\/04\/sso-tablet-2-4.jpg\" alt=\"SSO &#8211; graf stavu bat\u00e9rie\" >\n\t\t\t\t<\/a>\n\t\t\t\t\t\t\t\t\t\t\t\t<div class=\"seriousslider-caption\">\n\t\t\t\t\t<div class=\"seriousslider-caption-inside\">\n\t\t\t\t\t\t\t\t\t\t\t\t\t\t\t\t\t\t<div class=\"seriousslider-caption-buttons\">\n\t\t\t\t\t\t\t\t\t\t\t\t\t\t\t\t\t\t\t\t\t\t\t\t\t\t\t\t\t\t\t\t\t\t\t\t\t\t\t\t\t\t\t<\/div>\n\t\t\t\t\t<\/div><!--seriousslider-caption-inside-->\n\t\t\t\t<\/div><!--seriousslider-caption-->\n\t\t\t\t\t\t\t\t<div class=\"seriousslider-hloader\"><\/div>\n\t\t\t\t<figure class=\"seriousslider-cloader\">\n\t\t\t\t\t<svg width=\"200\" height=\"200\">\n\t\t\t\t\t\t<circle cx=\"95\" cy=\"95\" r=\"20\" transform=\"rotate(-90, 95, 95)\"\/>\n\t\t\t\t\t<\/svg>\n\t\t\t  <\/figure>\n\t\t\t<\/div>\n\n\t\t\t\t\t\t<\/div>\n\n\t\t\t<div class=\"seriousslider-indicators\">\n\t\t\t\t<ol class=\"seriousslider-indicators-inside\">\n\t\t\t\t\t\t\t\t\t\t<li data-target=\"#serious-slider-27\" data-slide-to=\"0\" class=\"active\"><\/li>\n\t\t\t\t\t\t\t\t\t\t<li data-target=\"#serious-slider-27\" data-slide-to=\"1\" ><\/li>\n\t\t\t\t\t\t\t\t\t\t<li data-target=\"#serious-slider-27\" data-slide-to=\"2\" ><\/li>\n\t\t\t\t\t\t\t\t\t\t<li data-target=\"#serious-slider-27\" data-slide-to=\"3\" ><\/li>\n\t\t\t\t\t\t\t\t\t<\/ol>\n\t\t\t<\/div>\n\n\t\t\t<button class=\"left seriousslider-control\" data-target=\"#serious-slider-27-rnd4113\" role=\"button\" data-slide=\"prev\">\n\t\t\t  <span class=\"sicon-prev control-arrow\" aria-hidden=\"true\"><\/span>\n\t\t\t  <span class=\"sr-only\">Previous Slide<\/span>\n\t\t\t<\/button>\n\t\t\t<button class=\"right seriousslider-control\" data-target=\"#serious-slider-27-rnd4113\" role=\"button\" data-slide=\"next\">\n\t\t\t  <span class=\"sicon-next control-arrow\" aria-hidden=\"true\"><\/span>\n\t\t\t  <span class=\"sr-only\">Next Slide<\/span>\n\t\t\t<\/button>\n\t\t<\/div>\n\t\t\n\n\n\n<div style=\"height:25px\" aria-hidden=\"true\" class=\"wp-block-spacer\"><\/div>\n\n\n\n<div class=\"wp-block-boldblocks-icon-separator\" role=\"separator\"><div class=\"wp-block-boldblocks-icon-separator__inner icon-center is-align-center\" style=\"--bb--width--sm:var(--bb--width--lg);--bb--width--md:var(--bb--width--lg);--bb--width--lg:25%;--bb-border:1px solid var(--wp--preset--color--accent-1, #e2671f);--bb--icon-width:1em;--bb--icon-spacing:.5em;--bb--icon-fill-color:var(--wp--preset--color--accent-1, #e2671f)\"><svg xmlns=\"http:\/\/www.w3.org\/2000\/svg\" viewBox=\"0 0 20 20\" class=\"bb-icon bb-icon--arrow-down-alt2\">\n  <path d=\"m5 6 5 5 5-5 2 1-7 7-7-7z\"><\/path>\n<\/svg><\/div><\/div>\n\n\n\n<div style=\"height:25px\" aria-hidden=\"true\" class=\"wp-block-spacer\"><\/div>\n\n\n\n<div class=\"wp-block-columns is-layout-flex wp-container-core-columns-is-layout-9d6595d7 wp-block-columns-is-layout-flex\">\n<div class=\"wp-block-column is-layout-flow wp-block-column-is-layout-flow\">\n<div class=\"wp-block-columns is-layout-flex wp-container-core-columns-is-layout-9d6595d7 wp-block-columns-is-layout-flex\">\n<div class=\"wp-block-column is-layout-flow wp-block-column-is-layout-flow\" style=\"flex-basis:33.33%\">\n<p class=\"has-drop-cap has-accent-1-color has-text-color\" style=\"font-size:8px\">1<\/p>\n<\/div>\n\n\n\n<div class=\"wp-block-column is-layout-flow wp-block-column-is-layout-flow\" style=\"flex-basis:300%\">\n<p class=\"has-large-font-size\" style=\"text-transform:uppercase\">Dokonal\u00fd preh\u013ead o spravovan\u00fdch pr\u00edstupov\u00fdch bodoch<\/p>\n<\/div>\n<\/div>\n<\/div>\n\n\n\n<div class=\"wp-block-column is-layout-flow wp-block-column-is-layout-flow\">\n<div class=\"wp-block-columns is-layout-flex wp-container-core-columns-is-layout-9d6595d7 wp-block-columns-is-layout-flex\">\n<div class=\"wp-block-column is-layout-flow wp-block-column-is-layout-flow\" style=\"flex-basis:33.33%\">\n<p class=\"has-drop-cap has-accent-1-color has-text-color\" style=\"font-size:8px\">2<\/p>\n<\/div>\n\n\n\n<div class=\"wp-block-column is-layout-flow wp-block-column-is-layout-flow\" style=\"flex-basis:300%\">\n<p class=\"has-large-font-size\" style=\"text-transform:uppercase\">aktu\u00e1lne \u00fadaje o  zariadeniach, sile sign\u00e1lu, stave bat\u00e9rie<\/p>\n<\/div>\n<\/div>\n<\/div>\n\n\n\n<div class=\"wp-block-column is-layout-flow wp-block-column-is-layout-flow\">\n<div class=\"wp-block-columns is-layout-flex wp-container-core-columns-is-layout-9d6595d7 wp-block-columns-is-layout-flex\">\n<div class=\"wp-block-column is-layout-flow wp-block-column-is-layout-flow\" style=\"flex-basis:33.33%\">\n<p class=\"has-drop-cap has-accent-1-color has-text-color\" style=\"font-size:8px\">3<\/p>\n<\/div>\n\n\n\n<div class=\"wp-block-column is-layout-flow wp-block-column-is-layout-flow\" style=\"flex-basis:300%\">\n<p class=\"has-large-font-size\" style=\"text-transform:uppercase\">v\u010dasn\u00e9 pl\u00e1novanie v\u00fdmeny bat\u00e9rie a servisn\u00fdch z\u00e1sahov<\/p>\n<\/div>\n<\/div>\n<\/div>\n<\/div>\n\n\n\n<div class=\"wp-block-columns is-layout-flex wp-container-core-columns-is-layout-9d6595d7 wp-block-columns-is-layout-flex\">\n<div class=\"wp-block-column is-layout-flow wp-block-column-is-layout-flow\">\n<div class=\"wp-block-columns is-layout-flex wp-container-core-columns-is-layout-9d6595d7 wp-block-columns-is-layout-flex\">\n<div class=\"wp-block-column is-layout-flow wp-block-column-is-layout-flow\" style=\"flex-basis:33.33%\">\n<p class=\"has-drop-cap has-accent-1-color has-text-color\" style=\"font-size:8px\">4<\/p>\n<\/div>\n\n\n\n<div class=\"wp-block-column is-layout-flow wp-block-column-is-layout-flow\" style=\"flex-basis:300%\">\n<p class=\"has-large-font-size\" style=\"text-transform:uppercase\">upozornenia na ne\u0161tandardn\u00e9 udalosti, alarmov\u00e9 stavy<\/p>\n<\/div>\n<\/div>\n<\/div>\n\n\n\n<div class=\"wp-block-column is-layout-flow wp-block-column-is-layout-flow\">\n<div class=\"wp-block-columns is-layout-flex wp-container-core-columns-is-layout-9d6595d7 wp-block-columns-is-layout-flex\">\n<div class=\"wp-block-column is-layout-flow wp-block-column-is-layout-flow\" style=\"flex-basis:33.33%\">\n<p class=\"has-drop-cap has-accent-1-color has-text-color\" style=\"font-size:8px\">5<\/p>\n<\/div>\n\n\n\n<div class=\"wp-block-column is-layout-flow wp-block-column-is-layout-flow\" style=\"flex-basis:300%\">\n<p class=\"has-large-font-size\" style=\"text-transform:uppercase\">spr\u00e1va u\u017e\u00edvate\u013esk\u00fdch \u010dipov a pr\u00edstupov  <\/p>\n<\/div>\n<\/div>\n<\/div>\n\n\n\n<div class=\"wp-block-column is-layout-flow wp-block-column-is-layout-flow\">\n<div class=\"wp-block-columns is-layout-flex wp-container-core-columns-is-layout-9d6595d7 wp-block-columns-is-layout-flex\">\n<div class=\"wp-block-column is-layout-flow wp-block-column-is-layout-flow\" style=\"flex-basis:33.33%\">\n<p class=\"has-drop-cap has-accent-1-color has-text-color\" style=\"font-size:8px\">6<\/p>\n<\/div>\n\n\n\n<div class=\"wp-block-column is-layout-flow wp-block-column-is-layout-flow\" style=\"flex-basis:300%\">\n<p class=\"has-large-font-size\" style=\"text-transform:uppercase\">intergr\u00e1cie d\u00e1t do mestsk\u00fdch informa\u010dn\u00fdch syst\u00e9mov<\/p>\n<\/div>\n<\/div>\n<\/div>\n<\/div>\n\n\n\n<p class=\"has-text-align-center has-large-font-size\"><strong>\u0160etrite \u010das a energiu, kontrolujte stav nap\u00e1jania pr\u00edstupov\u00e9ho syst\u00e9mu na dia\u013eku<\/strong>!<\/p>\n\n\n\n<p class=\"has-text-align-center has-normal-font-size\">U\u017e nie je potrebn\u00e9 beha\u0165 ku kontajnerov\u00fdm stojisk\u00e1m a fyzicky zis\u0165ova\u0165 stav bat\u00e9rie. Hlavne zimn\u00e9 obdobie je pre bat\u00e9rie nepriate\u013eom, preto ma\u0165 pod kontrolou nap\u00e1janie pr\u00edstupov\u00e9ho syst\u00e9mu je k\u013e\u00fa\u010dov\u00e9. Inform\u00e1ciu o stave akumul\u00e1tora, ktor\u00fd nap\u00e1ja pr\u00edstupov\u00fd syst\u00e9m budete ma\u0165 okam\u017eite on-line. <\/p>\n\n\n\n<p class=\"has-text-align-center has-normal-font-size\"><strong>Sta\u010d\u00ed vyu\u017ei\u0165 niektor\u00e9 z na\u0161ich zariaden\u00ed podporovan\u00fdch v SSO.<\/strong><\/p>\n\n\n\n<div class=\"wp-block-boldblocks-icon-separator\" role=\"separator\"><div class=\"wp-block-boldblocks-icon-separator__inner icon-center is-align-center\" style=\"--bb--width--sm:var(--bb--width--lg);--bb--width--md:var(--bb--width--lg);--bb--width--lg:25%;--bb-border:1px solid var(--wp--preset--color--accent-1, #e2671f);--bb--icon-width:1em;--bb--icon-spacing:.5em;--bb--icon-fill-color:var(--wp--preset--color--accent-1, #e2671f)\"><svg xmlns=\"http:\/\/www.w3.org\/2000\/svg\" viewBox=\"0 0 20 20\" class=\"bb-icon bb-icon--arrow-down-alt2\">\n  <path d=\"m5 6 5 5 5-5 2 1-7 7-7-7z\"><\/path>\n<\/svg><\/div><\/div>\n\n\n\n<div style=\"height:35px\" aria-hidden=\"true\" class=\"wp-block-spacer\"><\/div>\n\n\n\n<div class=\"wp-block-columns is-layout-flex wp-container-core-columns-is-layout-9d6595d7 wp-block-columns-is-layout-flex\">\n<div class=\"wp-block-column is-layout-flow wp-block-column-is-layout-flow\">\n<p class=\"has-accent-1-color has-text-color has-link-color has-large-font-size wp-elements-443f8ec036755adad6fad883759f0220\">U\u017e\u00edvate\u013esk\u00fd \u00fa\u010det<\/p>\n\n\n\n<ul class=\"wp-block-list\">\n<li><strong>24\/7 pr\u00edstup<\/strong> k svojmu u\u017e\u00edvate\u013esk\u00e9mu \u00fa\u010dtu  <\/li>\n\n\n\n<li>preh\u013eadn\u00e1 spr\u00e1va svojej organiz\u00e1cie a spravovan\u00fdch zariaden\u00ed &#8211; pr\u00edstupov\u00fdch bodov<\/li>\n\n\n\n<li><strong>r\u00f4zne pr\u00edstupov\u00e9 pr\u00e1va k zariadeniu<\/strong> &#8211; mont\u00e1\u017ena firme a koncov\u00fd pou\u017e\u00edvate\u013e zariadenia<\/li>\n\n\n\n<li><strong>karta zariadenia <\/strong>s detailn\u00fdmi \u00fadajmi, fotodokument\u00e1ciou a mapou umiestnenia<\/li>\n\n\n\n<li>prepracovan\u00e1 viac\u00farov\u0148ov\u00e1 spr\u00e1va \u010dipov a datab\u00e1z <\/li>\n\n\n\n<li><strong><a href=\"https:\/\/ryscloud.sk\/index.php\/mesta-a-obce\/\" data-type=\"page\" data-id=\"2316\">mo\u017enos\u0165 integr\u00e1cie d\u00e1t <\/a><\/strong>do mestsk\u00fdch informa\u010dn\u00fdch syst\u00e9mov<\/li>\n<\/ul>\n\n\n\n<div style=\"height:25px\" aria-hidden=\"true\" class=\"wp-block-spacer\"><\/div>\n<\/div>\n\n\n\n<div class=\"wp-block-column is-layout-flow wp-block-column-is-layout-flow\" style=\"flex-basis:50px\"><\/div>\n\n\n\n<div class=\"wp-block-column is-layout-flow wp-block-column-is-layout-flow\">\n<p class=\"has-accent-1-color has-text-color has-link-color has-large-font-size wp-elements-16016020bcb191bc297dc1352d54908e\">D\u00e1ta zo zariaden\u00ed<\/p>\n\n\n\n<ul class=\"wp-block-list\">\n<li><strong>stav nap\u00e1jania &#8211; bat\u00e9rie<\/strong><\/li>\n\n\n\n<li>sila sign\u00e1lu<\/li>\n\n\n\n<li>po\u010det pr\u00edstupov a aktiv\u00e1ci\u00ed syst\u00e9mu<\/li>\n\n\n\n<li>grafick\u00e9 zobrazenie a <strong>\u0161tatistiky<\/strong><\/li>\n\n\n\n<li>zmena vybran\u00fdch parametrov zariadenia<\/li>\n\n\n\n<li><strong>nastavenie upozornen\u00ed <\/strong> &#8211; SMS, email<\/li>\n\n\n\n<li><strong>d\u00f4le\u017eit\u00e9 spr\u00e1vy zo zariadenia s okam\u017eit\u00fdm odoslan\u00edm do SSO<\/strong><\/li>\n\n\n\n<li>periodick\u00e9 na\u010d\u00edtanie z\u00e1znamn\u00edka udalost\u00ed do SSO pod\u013ea zadan\u00e9ho intervalu a vybran\u00e9ho typu udalost\u00ed<\/li>\n\n\n\n<li><strong>udalosti s \u010dipmi<\/strong><\/li>\n\n\n\n<li><strong>udalosti z fotopasce <\/strong><\/li>\n\n\n\n<li>spotreba elektrickej energie a teplota elektromera (DMS)<\/li>\n\n\n\n<li>stav naplnenosti kontajnera (senzor)<\/li>\n<\/ul>\n\n\n\n<div style=\"height:24px\" aria-hidden=\"true\" class=\"wp-block-spacer\"><\/div>\n<\/div>\n\n\n\n<div class=\"wp-block-column is-layout-flow wp-block-column-is-layout-flow\" style=\"flex-basis:50px\"><\/div>\n\n\n\n<div class=\"wp-block-column is-layout-flow wp-block-column-is-layout-flow\">\n<p class=\"has-accent-1-color has-text-color has-link-color has-large-font-size wp-elements-d9982046f582b23e6b643b2ab6cb57ce\">Podporovan\u00e9 zariadenia<\/p>\n\n\n\n<ul class=\"wp-block-list\">\n<li><a href=\"https:\/\/ryscloud.sk\/index.php\/ikura\/\" data-type=\"page\" data-id=\"1606\">iKURA SET<\/a><\/li>\n\n\n\n<li><a href=\"https:\/\/ryscloud.sk\/index.php\/ikura-set\/\" data-type=\"page\" data-id=\"3024\">iKURA jednotka<\/a><\/li>\n\n\n\n<li><a href=\"https:\/\/ryscloud.sk\/index.php\/dms\/\" data-type=\"page\" data-id=\"2003\">DMS<\/a> &#8211; dia\u013ekov\u00fd monitor spotreby<\/li>\n\n\n\n<li>FOTOPASCA<\/li>\n\n\n\n<li>senzor naplnenosti<\/li>\n<\/ul>\n\n\n<div class=\"wp-block-image\">\n<figure class=\"aligncenter size-full is-resized\"><img loading=\"lazy\" decoding=\"async\" width=\"512\" height=\"512\" src=\"https:\/\/ryscloud.sk\/wp-content\/uploads\/2021\/10\/cropped-rys_cloud-logo-square7.png\" alt=\"\" class=\"wp-image-466\" style=\"width:50px\" srcset=\"https:\/\/ryscloud.sk\/wp-content\/uploads\/2021\/10\/cropped-rys_cloud-logo-square7.png 512w, https:\/\/ryscloud.sk\/wp-content\/uploads\/2021\/10\/cropped-rys_cloud-logo-square7-300x300.png 300w, https:\/\/ryscloud.sk\/wp-content\/uploads\/2021\/10\/cropped-rys_cloud-logo-square7-150x150.png 150w, https:\/\/ryscloud.sk\/wp-content\/uploads\/2021\/10\/cropped-rys_cloud-logo-square7-270x270.png 270w, https:\/\/ryscloud.sk\/wp-content\/uploads\/2021\/10\/cropped-rys_cloud-logo-square7-192x192.png 192w, https:\/\/ryscloud.sk\/wp-content\/uploads\/2021\/10\/cropped-rys_cloud-logo-square7-180x180.png 180w, https:\/\/ryscloud.sk\/wp-content\/uploads\/2021\/10\/cropped-rys_cloud-logo-square7-32x32.png 32w\" sizes=\"auto, (max-width: 512px) 100vw, 512px\" \/><\/figure>\n<\/div><\/div>\n<\/div>\n\n\n\n<div class=\"wp-block-boldblocks-icon-separator\" role=\"separator\"><div class=\"wp-block-boldblocks-icon-separator__inner icon-center is-align-center\" style=\"--bb--width--sm:var(--bb--width--lg);--bb--width--md:var(--bb--width--lg);--bb--width--lg:25%;--bb-border:1px solid var(--wp--preset--color--accent-1, #e2671f);--bb--icon-width:1em;--bb--icon-spacing:.5em;--bb--icon-fill-color:var(--wp--preset--color--accent-1, #e2671f)\"><svg xmlns=\"http:\/\/www.w3.org\/2000\/svg\" viewBox=\"0 0 20 20\" class=\"bb-icon bb-icon--arrow-down-alt2\">\n  <path d=\"m5 6 5 5 5-5 2 1-7 7-7-7z\"><\/path>\n<\/svg><\/div><\/div>\n\n\n\n<h1 class=\"wp-block-heading has-text-align-center\" style=\"text-transform:uppercase\">SSO v praxi<\/h1>\n\n\n\n<p class=\"has-text-align-center has-accent-1-color has-text-color has-large-font-size\">Chcete vidie\u0165 ako funguje SSO?<\/p>\n\n\n\n<p class=\"has-text-align-center\">V pr\u00edpade z\u00e1ujmu, v\u00e1m predstav\u00edme fungovanie port\u00e1lu a jeho z\u00e1kladn\u00e9 u\u017e\u00edvate\u013esk\u00e9 vlastnosti na \u017eiv\u00fdch d\u00e1tach.<strong> <\/strong><\/p>\n\n\n\n<p class=\"has-text-align-center has-large-font-size\"><strong>Ak u\u017e vlastn\u00edte niektor\u00e9 z podporovan\u00fdch zariaden\u00ed a nie ste st\u00e1le pripojen\u00fd online, radi v\u00e1m umo\u017en\u00edme testovaciu prev\u00e1dzku u\u017e\u00edvate\u013esk\u00e9ho \u00fa\u010dtu v SSO zdarma.<\/strong> <\/p>\n\n\n\n<p class=\"has-text-align-center\">Kontaktujte n\u00e1s, uk\u00e1\u017eeme v\u00e1m ako zlep\u0161i\u0165 a zefekt\u00edvni\u0165 spr\u00e1vu pr\u00edstupov\u00e9ho syst\u00e9mu.<\/p>\n\n\n\n<p><\/p>\n","protected":false},"excerpt":{"rendered":"<p>Spr\u00e1va smart objektov Port\u00e1l SPR\u00c1VA SMART OBJEKTOV (SSO) umo\u017e\u0148uje zobrazenie aktu\u00e1lneho stavu v\u0161etk\u00fdch pripojen\u00fdch zariaden\u00ed, ktor\u00e9 budete ma\u0165 v spr\u00e1ve. Cez &hellip;<\/p>\n","protected":false},"author":2,"featured_media":1002,"parent":0,"menu_order":0,"comment_status":"closed","ping_status":"closed","template":"","meta":{"_exactmetrics_skip_tracking":false,"_exactmetrics_sitenote_active":false,"_exactmetrics_sitenote_note":"","_exactmetrics_sitenote_category":0,"footnotes":""},"class_list":["post-1734","page","type-page","status-publish","has-post-thumbnail","hentry"],"_links":{"self":[{"href":"https:\/\/ryscloud.sk\/index.php\/wp-json\/wp\/v2\/pages\/1734","targetHints":{"allow":["GET"]}}],"collection":[{"href":"https:\/\/ryscloud.sk\/index.php\/wp-json\/wp\/v2\/pages"}],"about":[{"href":"https:\/\/ryscloud.sk\/index.php\/wp-json\/wp\/v2\/types\/page"}],"author":[{"embeddable":true,"href":"https:\/\/ryscloud.sk\/index.php\/wp-json\/wp\/v2\/users\/2"}],"replies":[{"embeddable":true,"href":"https:\/\/ryscloud.sk\/index.php\/wp-json\/wp\/v2\/comments?post=1734"}],"version-history":[{"count":87,"href":"https:\/\/ryscloud.sk\/index.php\/wp-json\/wp\/v2\/pages\/1734\/revisions"}],"predecessor-version":[{"id":3467,"href":"https:\/\/ryscloud.sk\/index.php\/wp-json\/wp\/v2\/pages\/1734\/revisions\/3467"}],"wp:featuredmedia":[{"embeddable":true,"href":"https:\/\/ryscloud.sk\/index.php\/wp-json\/wp\/v2\/media\/1002"}],"wp:attachment":[{"href":"https:\/\/ryscloud.sk\/index.php\/wp-json\/wp\/v2\/media?parent=1734"}],"curies":[{"name":"wp","href":"https:\/\/api.w.org\/{rel}","templated":true}]}}