{"id":196,"date":"2021-02-15T22:28:10","date_gmt":"2021-02-15T21:28:10","guid":{"rendered":"https:\/\/ryscloud.sk\/?page_id=196"},"modified":"2023-05-01T20:49:58","modified_gmt":"2023-05-01T18:49:58","slug":"iso","status":"publish","type":"page","link":"https:\/\/ryscloud.sk\/index.php\/iso\/","title":{"rendered":"IS:O"},"content":{"rendered":"\n<h2 class=\"wp-block-heading has-text-align-center\" style=\"text-transform:uppercase\">Zapojte obyvate\u013eov do spr\u00e1vy domu zauj\u00edmavou formou<\/h2>\n\n\n\n<p class=\"has-text-align-center\">V r\u00e1mci elektronickej n\u00e1stenky <a href=\"https:\/\/ryscloud.sk\/index.php\/elena\/\" data-type=\"page\" data-id=\"35\">ELENA<\/a> je mo\u017en\u00e9 vyu\u017e\u00edva\u0165 funkciu IS:O (informa\u010dn\u00fd syst\u00e9m Ostrovid), ktor\u00fd pon\u00faka priamu&nbsp;<strong>interakciu s u\u017e\u00edvate\u013emi.<\/strong>&nbsp;Ovl\u00e1dac\u00ed panel&nbsp;<strong>umo\u017e\u0148uje obyvate\u013eom priamo na mieste nahl\u00e1si\u0165 ne\u0161tandardn\u00fa udalos\u0165.<\/strong><\/p>\n\n\n\n<div style=\"height:20px\" aria-hidden=\"true\" class=\"wp-block-spacer\"><\/div>\n\n\n<div class=\"wp-block-image\">\n<figure class=\"aligncenter size-full is-resized\"><img loading=\"lazy\" decoding=\"async\" src=\"https:\/\/ryscloud.sk\/wp-content\/uploads\/2023\/05\/elena-iso-1.jpg\" alt=\"\" class=\"wp-image-2114\" width=\"590\" height=\"356\" srcset=\"https:\/\/ryscloud.sk\/wp-content\/uploads\/2023\/05\/elena-iso-1.jpg 787w, https:\/\/ryscloud.sk\/wp-content\/uploads\/2023\/05\/elena-iso-1-300x181.jpg 300w, https:\/\/ryscloud.sk\/wp-content\/uploads\/2023\/05\/elena-iso-1-768x463.jpg 768w, https:\/\/ryscloud.sk\/wp-content\/uploads\/2023\/05\/elena-iso-1-452x272.jpg 452w\" sizes=\"auto, (max-width: 590px) 100vw, 590px\" \/><\/figure>\n<\/div>\n\n\n<div style=\"height:20px\" aria-hidden=\"true\" class=\"wp-block-spacer\"><\/div>\n\n\n\n<p class=\"has-text-align-center\">Nahlasova\u0165 je mo\u017en\u00e9 udalosti pod\u013ea nastaven\u00ed v elektronickej n\u00e1stenke ELENA<strong>, napr. neporiadok nastojisku, preplnen\u00fd kontajner , po\u0161koden\u00e9 stojisko pod.<\/strong>&nbsp;Po nahl\u00e1sen\u00ed je spr\u00e1va odoslan\u00e1 kompetentnej osobe \u2013&nbsp;<strong>spr\u00e1vcovi emailom<\/strong>, vytvor\u00ed sa d\u00e1tov\u00fd&nbsp;<strong>z\u00e1znam v SSO&nbsp;<\/strong>a z\u00e1rove\u0148 posiela&nbsp;<strong>oznam na elektronick\u00fa n\u00e1stenku ELENA<\/strong> a okam\u017eite sa zobraz\u00ed na elektronickej n\u00e1stenke. Spr\u00e1vca m\u00f4\u017ee n\u00e1sledne oznam administrova\u0165.<\/p>\n\n\n\n<p class=\"has-text-align-center has-accent-1-color has-text-color has-large-font-size\">Administr\u00e1cia sa vykon\u00e1va na dia\u013eku cez port\u00e1l RYS CLOUD  a je s\u00fa\u010das\u0165ou nastaven\u00ed ELENA.  <\/p>\n\n\n\n<div style=\"height:20px\" aria-hidden=\"true\" class=\"wp-block-spacer\"><\/div>\n\n\n<div class=\"wp-block-image\">\n<figure class=\"aligncenter size-full is-resized\"><img loading=\"lazy\" decoding=\"async\" src=\"https:\/\/ryscloud.sk\/wp-content\/uploads\/2023\/05\/elena-cloud-4.jpg\" alt=\"\" class=\"wp-image-2141\" width=\"536\" height=\"407\" srcset=\"https:\/\/ryscloud.sk\/wp-content\/uploads\/2023\/05\/elena-cloud-4.jpg 714w, https:\/\/ryscloud.sk\/wp-content\/uploads\/2023\/05\/elena-cloud-4-300x228.jpg 300w, https:\/\/ryscloud.sk\/wp-content\/uploads\/2023\/05\/elena-cloud-4-452x344.jpg 452w\" sizes=\"auto, (max-width: 536px) 100vw, 536px\" \/><\/figure>\n<\/div>\n\n\n<div style=\"height:20px\" aria-hidden=\"true\" class=\"wp-block-spacer\"><\/div>\n\n\n\n<p class=\"has-text-align-center\">IS:O optimalizujeme tak, aby jeho nastavenia a funkcie \u010do najviac odr\u00e1\u017eali potreby u\u017e\u00edvate\u013eov \/ spr\u00e1vcov&nbsp; pri prev\u00e1dzke kontajnerov\u00fdch stoj\u00edsk a cyklopr\u00edstre\u0161kou, pr\u00edpadne in\u00fdch objektov. V pr\u00edpade potreby oznamova\u0165 na dia\u013eku in\u00e9 udalosti ako s\u00fa moment\u00e1lne dostupn\u00e9 n\u00e1s kontaktujte.<\/p>\n\n\n\n<p class=\"has-text-align-center\">Hardv\u00e9rov\u00e9 \u010dasti IS:O je mo\u017en\u00e9 prisp\u00f4sobi\u0165 potreb\u00e1m z\u00e1kazn\u00edka.  Ovl\u00e1dac\u00ed panel mus\u00ed obsahova\u0165 viacer\u00e9 tla\u010didl\u00e1, ktor\u00fdch po\u010det a nastavenia z\u00e1vis\u00ed od po\u017eadovan\u00fdch hl\u00e1sen\u00ed. V s\u00fa\u010dasnosti prev\u00e1dzkujeme ovl\u00e1dacie panely IS:O s mechanick\u00fdmi tla\u010didlami a <strong>s dotykov\u00fdm displejom<\/strong>. <\/p>\n\n\n\n<p class=\"has-text-align-center\">Ovl\u00e1dac\u00ed panel IS:O nie je \u0161tandardnou s\u00fa\u010das\u0165ou elektronickej n\u00e1stenky. Ovl\u00e1dac\u00ed panel IS:O si m\u00f4\u017eete zak\u00fapi\u0165 aj dodato\u010dne k elektronickej n\u00e1stenke<\/p>\n\n\n\n<p class=\"has-text-align-center\"><a href=\"https:\/\/ryscloud.sk\/index.php\/kontakt\/\">V pr\u00edpade z\u00e1ujmu n\u00e1s kontaktujte<\/a>.<\/p>\n","protected":false},"excerpt":{"rendered":"<p>Zapojte obyvate\u013eov do spr\u00e1vy domu zauj\u00edmavou formou V r\u00e1mci elektronickej n\u00e1stenky ELENA je mo\u017en\u00e9 vyu\u017e\u00edva\u0165 funkciu IS:O (informa\u010dn\u00fd syst\u00e9m Ostrovid), ktor\u00fd &hellip;<\/p>\n","protected":false},"author":2,"featured_media":1003,"parent":0,"menu_order":0,"comment_status":"closed","ping_status":"closed","template":"","meta":{"_exactmetrics_skip_tracking":false,"_exactmetrics_sitenote_active":false,"_exactmetrics_sitenote_note":"","_exactmetrics_sitenote_category":0,"footnotes":""},"class_list":["post-196","page","type-page","status-publish","has-post-thumbnail","hentry"],"_links":{"self":[{"href":"https:\/\/ryscloud.sk\/index.php\/wp-json\/wp\/v2\/pages\/196","targetHints":{"allow":["GET"]}}],"collection":[{"href":"https:\/\/ryscloud.sk\/index.php\/wp-json\/wp\/v2\/pages"}],"about":[{"href":"https:\/\/ryscloud.sk\/index.php\/wp-json\/wp\/v2\/types\/page"}],"author":[{"embeddable":true,"href":"https:\/\/ryscloud.sk\/index.php\/wp-json\/wp\/v2\/users\/2"}],"replies":[{"embeddable":true,"href":"https:\/\/ryscloud.sk\/index.php\/wp-json\/wp\/v2\/comments?post=196"}],"version-history":[{"count":28,"href":"https:\/\/ryscloud.sk\/index.php\/wp-json\/wp\/v2\/pages\/196\/revisions"}],"predecessor-version":[{"id":2158,"href":"https:\/\/ryscloud.sk\/index.php\/wp-json\/wp\/v2\/pages\/196\/revisions\/2158"}],"wp:featuredmedia":[{"embeddable":true,"href":"https:\/\/ryscloud.sk\/index.php\/wp-json\/wp\/v2\/media\/1003"}],"wp:attachment":[{"href":"https:\/\/ryscloud.sk\/index.php\/wp-json\/wp\/v2\/media?parent=196"}],"curies":[{"name":"wp","href":"https:\/\/api.w.org\/{rel}","templated":true}]}}