{"id":2316,"date":"2023-05-17T15:51:05","date_gmt":"2023-05-17T13:51:05","guid":{"rendered":"https:\/\/ryscloud.sk\/?page_id=2316"},"modified":"2026-03-30T15:47:41","modified_gmt":"2026-03-30T13:47:41","slug":"mesta-a-obce","status":"publish","type":"page","link":"https:\/\/ryscloud.sk\/index.php\/mesta-a-obce\/","title":{"rendered":"Mest\u00e1 a obce"},"content":{"rendered":"\n<h2 class=\"wp-block-heading has-text-align-center\" style=\"text-transform:uppercase\">smart rie\u0161enia pre mest\u00e1 a obce<\/h2>\n\n\n\n<p class=\"has-text-align-center\" style=\"font-size:20px\">Pom\u00e1hame mest\u00e1m a obciam z\u00edska\u0165 preh\u013ead a kontrolu nad pr\u00edstupmi do objektov v ich spr\u00e1ve. Spr\u00e1vne riadenie pr\u00edstupov\u00fdch syst\u00e9mov, efekt\u00edvne vyu\u017e\u00edvanie vzdialenej spr\u00e1vy, n\u00edzka energetick\u00e1 n\u00e1ro\u010dnos\u0165 dlhodobej prev\u00e1dzky, vysok\u00e1 bezpe\u010dnos\u0165 a spo\u013eahlivos\u0165 prispievaj\u00fa k zlep\u0161eniu kvality \u017eivota v mest\u00e1ch.  <\/p>\n\n\n\n<div style=\"height:15px\" aria-hidden=\"true\" class=\"wp-block-spacer\"><\/div>\n\n\n\n<div class=\"wp-block-boldblocks-icon-separator\" role=\"separator\"><div class=\"wp-block-boldblocks-icon-separator__inner icon-center is-align-center\" style=\"--bb--width--sm:var(--bb--width--lg);--bb--width--md:var(--bb--width--lg);--bb--width--lg:25%;--bb-border:1px solid var(--wp--preset--color--accent-1, #e2671f);--bb--icon-width:1em;--bb--icon-spacing:.5em;--bb--icon-fill-color:var(--wp--preset--color--accent-1, #e2671f)\"><svg xmlns=\"http:\/\/www.w3.org\/2000\/svg\" viewBox=\"0 0 20 20\" class=\"bb-icon bb-icon--arrow-down-alt2\">\n  <path d=\"m5 6 5 5 5-5 2 1-7 7-7-7z\"><\/path>\n<\/svg><\/div><\/div>\n\n\n\n<div style=\"height:45px\" aria-hidden=\"true\" class=\"wp-block-spacer\"><\/div>\n\n\n\n<div class=\"wp-block-columns is-layout-flex wp-container-core-columns-is-layout-9d6595d7 wp-block-columns-is-layout-flex\">\n<div class=\"wp-block-column has-sitebg-background-color has-background is-layout-flow wp-block-column-is-layout-flow\">\n<div class=\"wp-block-columns is-layout-flex wp-container-core-columns-is-layout-9d6595d7 wp-block-columns-is-layout-flex\">\n<div class=\"wp-block-column is-layout-flow wp-block-column-is-layout-flow\">\n<p class=\"has-drop-cap has-accent-1-color has-text-color\" style=\"font-size:8px\">1<\/p>\n<\/div>\n\n\n\n<div class=\"wp-block-column is-layout-flow wp-block-column-is-layout-flow\" style=\"flex-basis:300px\">\n<p class=\"has-accent-1-color has-text-color has-normal-font-size\" style=\"letter-spacing:2px\"><strong>Priprav\u00edme technick\u00fa konfigur\u00e1ciu <\/strong>presne na mieru v\u00e1\u0161mu projektu zabezpe\u010denia pr\u00edstupu do mestsk\u00fdch budov, objektov, kontajnerov\u00fdch stoj\u00edsk \u010di cyklopr\u00edstre\u0161kov, budeme s\u00fa\u010dinn\u00fd pri realiz\u00e1cii in\u0161tala\u010dn\u00fdch pr\u00e1c<\/p>\n<\/div>\n<\/div>\n<\/div>\n\n\n\n<div class=\"wp-block-column is-layout-flow wp-block-column-is-layout-flow\">\n<div class=\"wp-block-columns is-layout-flex wp-container-core-columns-is-layout-9d6595d7 wp-block-columns-is-layout-flex\">\n<div class=\"wp-block-column is-layout-flow wp-block-column-is-layout-flow\">\n<p class=\"has-drop-cap has-accent-1-color has-text-color\" style=\"font-size:8px\">2<\/p>\n<\/div>\n\n\n\n<div class=\"wp-block-column is-layout-flow wp-block-column-is-layout-flow\" style=\"flex-basis:300px\">\n<p class=\"has-accent-1-color has-text-color has-normal-font-size\" style=\"letter-spacing:2px\"><strong>Poskytneme konzult\u00e1cie, za\u0161kolenie poveren\u00fdch pracovn\u00edkov<\/strong> mesta a technick\u00fa podporu pri mont\u00e1\u017ei a spr\u00e1ve syst\u00e9mu, umo\u017en\u00edme integr\u00e1ciu d\u00e1t do mestsk\u00e9ho alebo obecn\u00e9ho syst\u00e9mu<\/p>\n<\/div>\n<\/div>\n<\/div>\n\n\n\n<div class=\"wp-block-column is-layout-flow wp-block-column-is-layout-flow\">\n<div class=\"wp-block-columns is-layout-flex wp-container-core-columns-is-layout-9d6595d7 wp-block-columns-is-layout-flex\">\n<div class=\"wp-block-column is-layout-flow wp-block-column-is-layout-flow\">\n<p class=\"has-drop-cap has-accent-1-color has-text-color\" style=\"font-size:8px\">3<\/p>\n<\/div>\n\n\n\n<div class=\"wp-block-column is-layout-flow wp-block-column-is-layout-flow\" style=\"flex-basis:300px\">\n<p class=\"has-accent-1-color has-text-color has-normal-font-size\" style=\"letter-spacing:2px\"><strong>Spracujeme &#8222;Manu\u00e1l&#8220; pre efekt\u00edvnu  prev\u00e1dzku a spr\u00e1vu syst\u00e9mov<\/strong> vo va\u0161om meste s popisom z\u00e1kladn\u00fdch administrat\u00edvnych procesov vr\u00e1tane u\u017e\u00edvate\u013esk\u00fdch pokynov pre obyvate\u013eov <\/p>\n<\/div>\n<\/div>\n<\/div>\n<\/div>\n\n\n\n<div class=\"wp-block-boldblocks-icon-separator\" role=\"separator\"><div class=\"wp-block-boldblocks-icon-separator__inner icon-center is-align-center\" style=\"--bb--width--sm:var(--bb--width--lg);--bb--width--md:var(--bb--width--lg);--bb--width--lg:25%;--bb-border:1px solid var(--wp--preset--color--accent-1, #e2671f);--bb--icon-width:1em;--bb--icon-spacing:.5em;--bb--icon-fill-color:var(--wp--preset--color--accent-1, #e2671f)\"><svg xmlns=\"http:\/\/www.w3.org\/2000\/svg\" viewBox=\"0 0 20 20\" class=\"bb-icon bb-icon--arrow-down-alt2\">\n  <path d=\"m5 6 5 5 5-5 2 1-7 7-7-7z\"><\/path>\n<\/svg><\/div><\/div>\n\n\n\n<div style=\"height:45px\" aria-hidden=\"true\" class=\"wp-block-spacer\"><\/div>\n\n\n\n<p class=\"has-text-align-center\" style=\"font-size:20px\">Ku ka\u017ed\u00e9mu projektu pristupujeme individu\u00e1lne, s\u00fa\u010das\u0165ou na\u0161ich rie\u0161en\u00ed je nielen najvhodnej\u0161ia <strong>technick\u00e1 konfigur\u00e1cia<\/strong>, ale aj <strong>spracovanie organiza\u010dn\u00e9ho zabezpe\u010denia prev\u00e1dzky syst\u00e9mu <\/strong>s bezplatnou technickou podporou, \u0161koleniami, konzult\u00e1ciami a <strong>praktick\u00fdm manu\u00e1lom pre mesto <\/strong>a jeho obyvate\u013eov. <\/p>\n\n\n\n<div style=\"height:15px\" aria-hidden=\"true\" class=\"wp-block-spacer\"><\/div>\n\n\n\n<h4 class=\"wp-block-heading\" style=\"text-transform:uppercase\"><strong><strong>Integr\u00e1cia d\u00e1t do mestsk\u00fdch syst\u00e9mov<\/strong><\/strong><\/h4>\n\n\n\n<div class=\"wp-block-columns is-layout-flex wp-container-core-columns-is-layout-9d6595d7 wp-block-columns-is-layout-flex\">\n<div class=\"wp-block-column is-vertically-aligned-center is-layout-flow wp-block-column-is-layout-flow\" style=\"flex-basis:400px\">\n<figure class=\"wp-block-image size-full is-resized\"><img loading=\"lazy\" decoding=\"async\" width=\"714\" height=\"543\" src=\"https:\/\/ryscloud.sk\/wp-content\/uploads\/2023\/05\/data-integration-3.jpg\" alt=\"\" class=\"wp-image-2380\" style=\"width:375px;height:272px\" srcset=\"https:\/\/ryscloud.sk\/wp-content\/uploads\/2023\/05\/data-integration-3.jpg 714w, https:\/\/ryscloud.sk\/wp-content\/uploads\/2023\/05\/data-integration-3-300x228.jpg 300w, https:\/\/ryscloud.sk\/wp-content\/uploads\/2023\/05\/data-integration-3-131x100.jpg 131w\" sizes=\"auto, (max-width: 714px) 100vw, 714px\" \/><\/figure>\n<\/div>\n\n\n\n<div class=\"wp-block-column is-vertically-aligned-center is-layout-flow wp-block-column-is-layout-flow\">\n<p class=\"has-background\" style=\"background-color:#f1f1f1\">D\u00e1ta z na\u0161ich pr\u00edstupov\u00fdch syst\u00e9mov m\u00f4\u017eu by\u0165 integrovan\u00e9 do mestsk\u00e9ho syst\u00e9mu. Vyu\u017e\u00edvame <strong>\u010dipy s vysokou d\u00e1tovou ochranou bez mo\u017enosti<\/strong> <strong>vytv\u00e1rania ich k\u00f3pi\u00ed<\/strong>, a preto d\u00e1ta z\u00edskan\u00e9 o vstupoch s\u00fa adresn\u00e9 a m\u00f4\u017eu by\u0165 <strong>podkladom pre spoplat\u0148ovanie slu\u017eieb, v\u00fdpo\u010det osobomesiacov, odha\u013eovanie neopr\u00e1vnen\u00e9ho u\u017e\u00edvania obecn\u00fdch bytov<\/strong>.  R\u00fdchla aktiv\u00e1cia a deaktiv\u00e1cia \u010dipov, individu\u00e1lne nastavenia pre osoby so zdravotn\u00fdm znev\u00fdhodnen\u00edm, seniorov, obmedzenie po\u010dtu pou\u017eit\u00ed \u010dipu&#8230; <\/p>\n\n\n\n<p><\/p>\n<\/div>\n<\/div>\n\n\n\n<div class=\"wp-block-boldblocks-icon-separator\" role=\"separator\"><div class=\"wp-block-boldblocks-icon-separator__inner icon-center is-align-center\" style=\"--bb--width--sm:var(--bb--width--lg);--bb--width--md:var(--bb--width--lg);--bb--width--lg:25%;--bb-border:1px solid var(--wp--preset--color--accent-1, #e2671f);--bb--icon-width:1em;--bb--icon-spacing:.5em;--bb--icon-fill-color:var(--wp--preset--color--accent-1, #e2671f)\"><svg xmlns=\"http:\/\/www.w3.org\/2000\/svg\" viewBox=\"0 0 20 20\" class=\"bb-icon bb-icon--arrow-down-alt2\">\n  <path d=\"m5 6 5 5 5-5 2 1-7 7-7-7z\"><\/path>\n<\/svg><\/div><\/div>\n\n\n\n<div style=\"height:15px\" aria-hidden=\"true\" class=\"wp-block-spacer\"><\/div>\n\n\n\n<h4 class=\"wp-block-heading\" style=\"text-transform:uppercase\">SMART spr\u00e1va pr\u00edstupov\u00fdch syst\u00e9mov <\/h4>\n\n\n\n<div class=\"wp-block-columns is-layout-flex wp-container-core-columns-is-layout-9d6595d7 wp-block-columns-is-layout-flex\">\n<div class=\"wp-block-column is-vertically-aligned-center is-layout-flow wp-block-column-is-layout-flow\" style=\"flex-basis:400px\">\n<figure class=\"wp-block-image size-full is-resized\"><a href=\"https:\/\/ryscloud.sk\/index.php\/sso\/\"><img loading=\"lazy\" decoding=\"async\" width=\"714\" height=\"543\" src=\"https:\/\/ryscloud.sk\/wp-content\/uploads\/2023\/04\/sso-tablet-2-1.jpg\" alt=\"\" class=\"wp-image-1800\" style=\"width:357px;height:272px\" srcset=\"https:\/\/ryscloud.sk\/wp-content\/uploads\/2023\/04\/sso-tablet-2-1.jpg 714w, https:\/\/ryscloud.sk\/wp-content\/uploads\/2023\/04\/sso-tablet-2-1-300x228.jpg 300w, https:\/\/ryscloud.sk\/wp-content\/uploads\/2023\/04\/sso-tablet-2-1-452x344.jpg 452w\" sizes=\"auto, (max-width: 714px) 100vw, 714px\" \/><\/a><\/figure>\n<\/div>\n\n\n\n<div class=\"wp-block-column is-vertically-aligned-center is-layout-flow wp-block-column-is-layout-flow\">\n<p class=\"has-accent-1-color has-text-color\" style=\"font-size:20px;letter-spacing:2px\">Spr\u00e1va pr\u00edstupov\u00fdch syst\u00e9mov z jedn\u00e9ho bodu \u0161etr\u00ed \u010das, energiu a finan\u010dn\u00e9 prostriedky<\/p>\n\n\n\n<p class=\"has-background\" style=\"background-color:#f1f1f1\">Pr\u00edstupov\u00fd syst\u00e9m s opera\u010dnou jednotkou<strong> iKura umo\u017e\u0148uje  plnohodnotn\u00fa spr\u00e1vu aj v cloudovom prostred\u00ed SSO &#8211; spr\u00e1va smart objektov<\/strong>. Z\u00edskate preh\u013ead o stave zariaden\u00ed, m\u00f4\u017eete meni\u0165 ich nastavenia pod\u013ea aktu\u00e1lnej potreby, d\u00f4le\u017eitou s\u00fa\u010das\u0165ou je administr\u00e1cia u\u017e\u00edvate\u013esk\u00fdch \u010dipov, r\u00fdchla aktiv\u00e1cia a deaktiv\u00e1cia pr\u00edstupov pre obyvate\u013eov, individu\u00e1lne nastavenia pre osoby so zdravotn\u00fdm znev\u00fdhodnen\u00edm, seniorov, obmedzenie po\u010dtu vstupov \/ pou\u017eit\u00ed pre konkr\u00e9tny \u010dip, preh\u013eady v grafoch, analytick\u00e9 v\u00fdstupy.<\/p>\n\n\n\n<p style=\"letter-spacing:2px\"><a href=\"https:\/\/ryscloud.sk\/index.php\/sso\/\" data-type=\"page\" data-id=\"1734\">Viac o SSO &#8211; spr\u00e1ve smart objektov<\/a><\/p>\n<\/div>\n<\/div>\n\n\n\n<div class=\"wp-block-boldblocks-icon-separator\" role=\"separator\"><div class=\"wp-block-boldblocks-icon-separator__inner icon-center is-align-center\" style=\"--bb--width--sm:var(--bb--width--lg);--bb--width--md:var(--bb--width--lg);--bb--width--lg:25%;--bb-border:1px solid var(--wp--preset--color--accent-1, #e2671f);--bb--icon-width:1em;--bb--icon-spacing:.5em;--bb--icon-fill-color:var(--wp--preset--color--accent-1, #e2671f)\"><svg xmlns=\"http:\/\/www.w3.org\/2000\/svg\" viewBox=\"0 0 20 20\" class=\"bb-icon bb-icon--arrow-down-alt2\">\n  <path d=\"m5 6 5 5 5-5 2 1-7 7-7-7z\"><\/path>\n<\/svg><\/div><\/div>\n\n\n\n<div style=\"height:15px\" aria-hidden=\"true\" class=\"wp-block-spacer\"><\/div>\n\n\n\n<h4 class=\"wp-block-heading\" style=\"text-transform:uppercase\"><strong>Komplexn\u00fd mana\u017ement kontajnerov\u00fdch stoj\u00edsk<\/strong><\/h4>\n\n\n\n<div class=\"wp-block-columns is-layout-flex wp-container-core-columns-is-layout-9d6595d7 wp-block-columns-is-layout-flex\">\n<div class=\"wp-block-column is-vertically-aligned-center is-layout-flow wp-block-column-is-layout-flow\" style=\"flex-basis:400px\">\n<figure class=\"wp-block-image size-full is-resized\"><a href=\"https:\/\/ryscloud.sk\/index.php\/manazment-stojisk\/\"><img loading=\"lazy\" decoding=\"async\" width=\"714\" height=\"543\" src=\"https:\/\/ryscloud.sk\/wp-content\/uploads\/2023\/05\/aps-tablet-4-1-1.jpg\" alt=\"\" class=\"wp-image-2302\" style=\"width:357px;height:272px\" srcset=\"https:\/\/ryscloud.sk\/wp-content\/uploads\/2023\/05\/aps-tablet-4-1-1.jpg 714w, https:\/\/ryscloud.sk\/wp-content\/uploads\/2023\/05\/aps-tablet-4-1-1-300x228.jpg 300w, https:\/\/ryscloud.sk\/wp-content\/uploads\/2023\/05\/aps-tablet-4-1-1-131x100.jpg 131w\" sizes=\"auto, (max-width: 714px) 100vw, 714px\" \/><\/a><\/figure>\n<\/div>\n\n\n\n<div class=\"wp-block-column is-vertically-aligned-center is-layout-flow wp-block-column-is-layout-flow\">\n<p class=\"has-accent-1-color has-text-color\" style=\"font-size:20px;letter-spacing:2px\">Jednotn\u00fd syst\u00e9m pre pr\u00edstup pracovn\u00edkov odvozu odpadu<\/p>\n\n\n\n<p class=\"has-background\" style=\"background-color:#f1f1f1\">Univerz\u00e1lne technick\u00e9 rie\u0161enie s kvalitn\u00fdm zabezpe\u010den\u00edm vstupu pre nov\u00e9 aj existuj\u00face kontajnerov\u00e9 stojisk\u00e1, <strong>pohodln\u00fd pr\u00edstup pre obyvate\u013eov aj pracovn\u00edkov odvozu odpadu<\/strong>, z\u00e1brana pred &#8222;vybera\u010dmi&#8220; kontajnerov, divou zverou a medve\u010fmi. Autentifik\u00e1cia pri n\u00e1silnom vstupe do stojiska, kontrola stavu zariaden\u00ed na dia\u013eku. <strong>Dokonal\u00fd preh\u013ead o uzamknut\u00fdch stojisk\u00e1ch v spr\u00e1ve mesta<\/strong>, jednoduch\u00e1 administr\u00e1cia, nahlasovanie por\u00fach, pl\u00e1novanie servisn\u00fdch z\u00e1sahov.<\/p>\n\n\n\n<p style=\"letter-spacing:2px\"><a href=\"https:\/\/ryscloud.sk\/index.php\/manazment-stojisk\/\" data-type=\"page\" data-id=\"2269\">Viac o komplexnej spr\u00e1ve kontajnerov\u00fdch stoj\u00edsk<\/a><\/p>\n<\/div>\n<\/div>\n\n\n\n<div style=\"height:15px\" aria-hidden=\"true\" class=\"wp-block-spacer\"><\/div>\n\n\n\n<div class=\"wp-block-boldblocks-icon-separator\" role=\"separator\"><div class=\"wp-block-boldblocks-icon-separator__inner icon-center is-align-center\" style=\"--bb--width--sm:var(--bb--width--lg);--bb--width--md:var(--bb--width--lg);--bb--width--lg:25%;--bb-border:1px solid var(--wp--preset--color--accent-1, #e2671f);--bb--icon-width:1em;--bb--icon-spacing:.5em;--bb--icon-fill-color:var(--wp--preset--color--accent-1, #e2671f)\"><svg xmlns=\"http:\/\/www.w3.org\/2000\/svg\" viewBox=\"0 0 20 20\" class=\"bb-icon bb-icon--arrow-down-alt2\">\n  <path d=\"m5 6 5 5 5-5 2 1-7 7-7-7z\"><\/path>\n<\/svg><\/div><\/div>\n\n\n\n<div style=\"height:15px\" aria-hidden=\"true\" class=\"wp-block-spacer\"><\/div>\n\n\n\n<h4 class=\"wp-block-heading\" style=\"text-transform:uppercase\"><strong><strong>Kritick\u00e9 bytov\u00e9 domy<\/strong><\/strong><\/h4>\n\n\n\n<div class=\"wp-block-columns is-layout-flex wp-container-core-columns-is-layout-9d6595d7 wp-block-columns-is-layout-flex\">\n<div class=\"wp-block-column is-vertically-aligned-center is-layout-flow wp-block-column-is-layout-flow\" style=\"flex-basis:400px\">\n<figure class=\"wp-block-image size-full is-resized\"><img loading=\"lazy\" decoding=\"async\" width=\"714\" height=\"543\" src=\"https:\/\/ryscloud.sk\/wp-content\/uploads\/2023\/05\/bbiq-1.jpg\" alt=\"\" class=\"wp-image-2100\" style=\"width:357px;height:272px\" srcset=\"https:\/\/ryscloud.sk\/wp-content\/uploads\/2023\/05\/bbiq-1.jpg 714w, https:\/\/ryscloud.sk\/wp-content\/uploads\/2023\/05\/bbiq-1-300x228.jpg 300w, https:\/\/ryscloud.sk\/wp-content\/uploads\/2023\/05\/bbiq-1-452x344.jpg 452w\" sizes=\"auto, (max-width: 714px) 100vw, 714px\" \/><\/figure>\n<\/div>\n\n\n\n<div class=\"wp-block-column is-vertically-aligned-center is-layout-flow wp-block-column-is-layout-flow\">\n<p class=\"has-background\" style=\"background-color:#f1f1f1\"><strong>Pom\u00e1hame mest\u00e1m a obciam rie\u0161i\u0165 bezpe\u010dnos\u0165 v kritick\u00fdch bytov\u00fdch domoch<\/strong>. Na\u0161e rie\u0161enia situa\u010dnej prevencie kriminality sa osved\u010dili vo ve\u013emi <strong>n\u00e1ro\u010dnom prostred\u00ed bratislavsk\u00e9ho Pentag\u00f3nu <\/strong>a viacer\u00fdch problematick\u00fdch bytov\u00fdch domoch v spr\u00e1ve magistr\u00e1tu HM SR Bratislava. Spr\u00e1vnym nastaven\u00edm technick\u00e9ho zabezpe\u010denia, softv\u00e9rov\u00fdch n\u00e1strojov s pr\u00edkladnou spr\u00e1vou, dobrou komunik\u00e1ciou s obyvate\u013emi je mo\u017en\u00e9 zmeni\u0165 prostredie, zv\u00fd\u0161i\u0165 bezpe\u010dnos\u0165 a vymo\u017eite\u013enos\u0165 pr\u00e1va, zlep\u0161i\u0165 medzi\u013eudsk\u00e9 vz\u0165ahy a kvalitu b\u00fdvania aj v rizikov\u00fdch komunit\u00e1ch. <a rel=\"noreferrer noopener\" href=\"http:\/\/www.bezpecnebyvanie.sk\/\" target=\"_blank\">V r\u00e1mci \u010dinnosti ob\u010dianskeho zdru\u017eenia <strong>Bezpe\u010dn\u00e9 b\u00fdvanie<\/strong> realizujeme projekty soci\u00e1lnej prevencie kriminality.<\/a><\/p>\n<\/div>\n<\/div>\n\n\n\n<div style=\"height:15px\" aria-hidden=\"true\" class=\"wp-block-spacer\"><\/div>\n\n\n\n<div style=\"height:15px\" aria-hidden=\"true\" class=\"wp-block-spacer\"><\/div>\n\n\n\n<div style=\"height:20px\" aria-hidden=\"true\" class=\"wp-block-spacer\"><\/div>\n","protected":false},"excerpt":{"rendered":"<p>smart rie\u0161enia pre mest\u00e1 a obce Pom\u00e1hame mest\u00e1m a obciam z\u00edska\u0165 preh\u013ead a kontrolu nad pr\u00edstupmi do objektov v ich spr\u00e1ve. &hellip;<\/p>\n","protected":false},"author":2,"featured_media":1003,"parent":0,"menu_order":0,"comment_status":"closed","ping_status":"closed","template":"","meta":{"_exactmetrics_skip_tracking":false,"_exactmetrics_sitenote_active":false,"_exactmetrics_sitenote_note":"","_exactmetrics_sitenote_category":0,"footnotes":""},"class_list":["post-2316","page","type-page","status-publish","has-post-thumbnail","hentry"],"_links":{"self":[{"href":"https:\/\/ryscloud.sk\/index.php\/wp-json\/wp\/v2\/pages\/2316","targetHints":{"allow":["GET"]}}],"collection":[{"href":"https:\/\/ryscloud.sk\/index.php\/wp-json\/wp\/v2\/pages"}],"about":[{"href":"https:\/\/ryscloud.sk\/index.php\/wp-json\/wp\/v2\/types\/page"}],"author":[{"embeddable":true,"href":"https:\/\/ryscloud.sk\/index.php\/wp-json\/wp\/v2\/users\/2"}],"replies":[{"embeddable":true,"href":"https:\/\/ryscloud.sk\/index.php\/wp-json\/wp\/v2\/comments?post=2316"}],"version-history":[{"count":71,"href":"https:\/\/ryscloud.sk\/index.php\/wp-json\/wp\/v2\/pages\/2316\/revisions"}],"predecessor-version":[{"id":4394,"href":"https:\/\/ryscloud.sk\/index.php\/wp-json\/wp\/v2\/pages\/2316\/revisions\/4394"}],"wp:featuredmedia":[{"embeddable":true,"href":"https:\/\/ryscloud.sk\/index.php\/wp-json\/wp\/v2\/media\/1003"}],"wp:attachment":[{"href":"https:\/\/ryscloud.sk\/index.php\/wp-json\/wp\/v2\/media?parent=2316"}],"curies":[{"name":"wp","href":"https:\/\/api.w.org\/{rel}","templated":true}]}}