{"id":2598,"date":"2024-10-18T11:27:59","date_gmt":"2024-10-18T09:27:59","guid":{"rendered":"https:\/\/ryscloud.sk\/?page_id=2598"},"modified":"2024-10-18T11:28:00","modified_gmt":"2024-10-18T09:28:00","slug":"nasa-cinnost","status":"publish","type":"page","link":"https:\/\/ryscloud.sk\/index.php\/nasa-cinnost\/","title":{"rendered":"Na\u0161a \u010dinnos\u0165"},"content":{"rendered":"\n<h3 class=\"wp-block-heading\"><strong>Sme jednotka v uzamykan\u00ed kontajnerov\u00fdch stoj\u00edsk<\/strong><\/h3>\n\n\n\n<p> Slovensku nen\u00e1jdete in\u00fa firmu, ktor\u00e1 by sa tak dlho a tak intenz\u00edvne zaoberala elektronick\u00fdm uzamykan\u00edm kontajnerov\u00fdch stoj\u00edsk. V\u00fdvoju a v\u00fdrobe pr\u00edstupov\u00fdch syst\u00e9mov sa venujeme u\u017e viac ako 30 rokov. Na\u0161e prim\u00e1rne zameranie je na prevenciu kriminality, spolupr\u00e1cu s pol\u00edciou a zvy\u0161ovanie bezpe\u010dnosti v bytov\u00fdch domoch. Popritom sme v\u0161ak neopomenuli ani kontajnerov\u00e9 stojisk\u00e1, ktor\u00e9 s\u00fa ich neoddelite\u013enou s\u00fa\u010das\u0165ou. Pre n\u00e1s je d\u00f4le\u017eit\u00e9 kon\u0161truk\u010dn\u00e9 rie\u0161enie cel\u00e9ho stojiska alebo boxu na odpadov\u00e9 n\u00e1doby, spr\u00e1vny v\u00fdber a in\u0161tal\u00e1cia jednotliv\u00fdch technick\u00fdch komponentov, ich spo\u013eahliv\u00e1 funk\u010dnos\u0165 aj v \u0165a\u017ek\u00fdch poveternostn\u00fdch podmienkach a samozrejme v\u00fdznamn\u00fd je pre n\u00e1s estetick\u00fd dojem a vplyv stojiska na mestsk\u00fa architekt\u00faru a kult\u00faru b\u00fdvania.<\/p>\n\n\n\n<h3 class=\"wp-block-heading\"><strong>APS a odvoz odpadu<\/strong><\/h3>\n\n\n\n<h5 class=\"wp-block-heading has-background\" style=\"background-color:#f1f1f1\"><strong>Vyv\u00edjame vlastn\u00e9 rie\u0161enia, ktor\u00e9 v \u010do najv\u00e4\u010d\u0161ej miere zoh\u013ead\u0148uj\u00fa \u0161pecifik\u00e1 a zvyklosti slovensk\u00fdch miest a obc\u00ed, na\u0161ich mestsk\u00fdch s\u00eddlisk a reziden\u010dn\u00fdch oblast\u00ed. Db\u00e1me na spo\u013eahliv\u00fa funk\u010dnos\u0165, efekt\u00edvnos\u0165 a odolnos\u0165 syst\u00e9mov.<\/strong><\/h5>\n\n\n\n<p>Prv\u00e9 kontajnerov\u00e9 stojisko sme uzamkli u\u017e v roku 2005 v bratislavskom Ru\u017einove. Bola to ve\u013ek\u00e1 udalos\u0165 a na t\u00fa dobu vskutku nev\u00eddan\u00e1 vec, ve\u010f elektronick\u00e9 uzamykanie &#8222;smetiakov&#8220; bolo v tej dobe luxus, dnes je to nevyhnutnos\u0165. Po tomto &#8222;k\u013e\u00fa\u010dovom&#8220; \u00faspechu a \u010fal\u0161\u00edch in\u0161tal\u00e1ci\u00e1ch sme spracovali prv\u00fd koncept pre odvoz odpadu z uzamknut\u00fdch stoj\u00edsk a v roku 2006 sme za\u010dali ofici\u00e1lnu spolupr\u00e1cu s mestskou spolo\u010dnos\u0165ou Odvoz a likvid\u00e1cia odpadu a.s. zameran\u00fa najm\u00e4 na mana\u017eovanie spr\u00edstup\u0148ovania pre pracovn\u00edkov odvozu odpadu.<\/p>\n\n\n\n<p>Technologick\u00fd v\u00fdvoj a mohutn\u00fd n\u00e1rast po\u010dtu uzamknut\u00fdch stoj\u00edsk viedol k prirodzen\u00e9mu ukon\u010deniu p\u00f4vodn\u00e9ho konceptu, nako\u013eko mno\u017estvo r\u00f4znych syst\u00e9mov pou\u017e\u00edvan\u00fdch na stojisk\u00e1ch ve\u013emi komplikoval odvoz odpadu a doch\u00e1dzalo k \u010dast\u00fdm a finan\u010dne n\u00e1ro\u010dn\u00fdm \u010diastkov\u00fdm rie\u0161eniam. Nov\u00e9 bezpe\u010dn\u00e9 a inteligentn\u00e9 technol\u00f3gie n\u00e1m dali do r\u00fak n\u00e1stroje pre vytvorenie \u00faplne nov\u00e9ho konceptu odvozu odpadu zalo\u017een\u00e9ho na APS &#8211; auton\u00f3mnom pr\u00edstupovom syst\u00e9me v\u00fdlu\u010dne pre pracovn\u00edkov odvozu odpadu. Koncept je to ve\u013emi jednoduch\u00fd, obyvatelia si m\u00f4\u017eu ponecha\u0165 svoj p\u00f4vodn\u00fd syst\u00e9m in\u0161talovan\u00fd na stojisku  a APS je plne kompatibiln\u00fd a nie je potrebn\u00e9 robi\u0165 \u017eiadne zlo\u017eit\u00e9 z\u00e1sahy \u010di \u00fapravy a to bez oh\u013eadu na to, ak\u00fa technol\u00f3giu vyu\u017e\u00edvaj\u00fa obyvatelia (dotykov\u00fa, bezdotykov\u00fa n\u00edzko \u010di vysokofrekven\u010dn\u00fa), nez\u00e1le\u017e\u00ed ani na tom, \u010di je syst\u00e9m nap\u00e1jan\u00fd zo siete \u010di z bat\u00e9rie, a ani na tom, \u010di sa pr\u00edstupov\u00fdm syst\u00e9mom otv\u00e1raj\u00fa dvere, br\u00e1na alebo rampa. Pilotne sa koncept za\u010dal realizova\u0165 v roku 2018 a v s\u00fa\u010dasnosti je APS vyu\u017e\u00edvan\u00e9 v stovk\u00e1ch kontajnerov\u00fdch stoj\u00edsk v Bratislave.<\/p>\n\n\n\n<h3 class=\"wp-block-heading\">Umenie, kontajnerov\u00e9 stojisk\u00e1 a z\u00e1ujem mesta<\/h3>\n\n\n\n<p>K na\u0161im \u00faspechom patr\u00ed vybudovanie nieko\u013ek\u00fdch vzorov\u00fdch <a href=\"http:\/\/www.bezpecnebyvanie.sk\/category\/projekt\/umenie-a-mesto\/\" target=\"_blank\" rel=\"noreferrer noopener\">viac\u00fa\u010delov\u00fdch kontajnerov\u00fdch stoj\u00edsk<\/a>, za ktor\u00e9 sme z\u00edskali<strong> \u010cestn\u00e9 uznanie v r\u00e1mci Ceny odpadov\u00e9ho hospod\u00e1rstva Zlat\u00fd mravec 2016 <\/strong>a ktor\u00fdch dizajn, technick\u00e9 vyhotovenie a praktick\u00e9 sk\u00fasenosti sa stali predlohou pri spracovan\u00ed Manu\u00e1lu pre stavbu a rekon\u0161trukciu kontajnerov\u00e9ho stojiska vo verejnom priestore Hlavn\u00e9ho mesta Slovenskej republiky (HM SR)  Bratislava. Hlavn\u00e9 mesto Bratislava si n\u00e1s prizvalo aj ako odborn\u00e9ho poradcu do rozhodovacej komisie s\u00fa\u0165a\u017ee \u201cOrigin\u00e1lne kontajnerov\u00e9 stojisko\u201d, ktor\u00e9 organizovala spolo\u010dnos\u0165 OLO a.s. s Magistr\u00e1tom HM SR Bratislava.<\/p>\n\n\n\n<h3 class=\"wp-block-heading\">Modern\u00e9 rie\u0161enia uzamykania<\/h3>\n\n\n\n<p>Posun od mechanick\u00e9ho k elektronick\u00e9mu uzamykaniu je naozaj ve\u013ek\u00fd. Pilotn\u00e9 projekty viac\u00fa\u010delov\u00fdch stoj\u00edsk boli pre n\u00e1s vysokou \u0161kolou a nau\u010dili sme sa pozera\u0165 na problematiku nielen z teoretickej roviny technick\u00e9ho v\u00fdvoja, ale sko\u010dili sme rovn\u00fdmi nohami do realiz\u00e1cie od projektovania, z\u00edskania stavebn\u00e9ho povolenia, v\u00fdstavby, in\u0161tal\u00e1cie a\u017e po akt\u00edvne zapojenie sa do komunitn\u00e9ho \u017eivota obyvate\u013eov. V\u017edy sa dr\u017e\u00edme hesla, \u017ee<strong> prostredie m\u00e1 vychov\u00e1va\u0165 a tomu sme prisp\u00f4sobili aj dizajn a sprievodn\u00e9 aktivity pri uveden\u00ed uzamknut\u00fdch stoj\u00edsk do prev\u00e1dzky<\/strong>. Syst\u00e9my, ktor\u00e9 sme vyvinuli s\u00fa nielen bezpe\u010dn\u00e9, ale z\u00e1rove\u0148 pon\u00fakaj\u00fa absol\u00fatne unik\u00e1tne rie\u0161enia pre bat\u00e9riov\u00e9 nap\u00e1janie, ktor\u00e9 je ve\u013emi \u010dast\u00fdm rie\u0161en\u00edm pr\u00e1ve na kontajnerov\u00fdch stojisk\u00e1ch, \u010di u\u017e s\u00fa to polopodzemn\u00e9 kontajnery, kontajnerov\u00e9 stojisk\u00e1, cyklopr\u00edstre\u0161ky a v s\u00fa\u010dasnosti aj lesn\u00e9 z\u00e1vory ako aj in\u00e9 vonkaj\u0161ie stavby bez priameho pripojenia na elektrorozvodn\u00fa sie\u0165. Na trh nieko\u013eko zauj\u00edmav\u00fdch produktov, \u010di u\u017e je to opera\u010dn\u00e1 jednotka SIM-ON s mo\u017enos\u0165ou spr\u00e1vy syst\u00e9mu cez GSM alebo nov\u00e1 jednotka iKURA, ktor\u00e1 prin\u00e1\u0161a IoT rie\u0161enie pre kontrolu stavu pr\u00edstupov\u00fdch syst\u00e9mov cez NB-IoT siete a spr\u00e1vou cez RYS cloud  SSO &#8211; Spr\u00e1va smart objektov.<\/p>\n\n\n\n<p class=\"has-background\" style=\"background-color:#f1f1f1\">Pre jednoduch\u0161ie obozn\u00e1menie sa s na\u0161imi rie\u0161eniami m\u00e1me pre v\u00e1s nieko\u013eko zauj\u00edmav\u00fdch materi\u00e1lov, ktor\u00e9 v\u00e1m daj\u00fa praktick\u00e9 rady ako postupova\u0165 pri uzamykan\u00ed stojiska, ak\u00e9 je najvhodnej\u0161ie technick\u00e9 rie\u0161enie pre dan\u00e9 prostredie a ak\u00fd bude predpoklad na pr\u00edstupov\u00fd syst\u00e9m. <\/p>\n\n\n\n<p><strong>V pr\u00edpade z\u00e1ujmu o konzult\u00e1ciu alebo vypracovanie cenovej ponuky n\u00e1s kontaktujte.<\/strong><\/p>\n\n\n\n<p><\/p>\n\n\n\n<h3 class=\"wp-block-heading\">K\u013e\u00fa\u010dov\u00e9 momenty na\u0161ej cesty uzamykania kontajnerov\u00fdch sto<strong>j<\/strong>\u00edsk a inteligentnej spr\u00e1vy pr\u00edstupov\u00fdch a informa\u010dn\u00fdch syst\u00e9mov<\/h3>\n\n\n\n<ul class=\"wp-block-list\">\n<li>2024 &#8211; realiz\u00e1cia projektu uzamknutia polopodzemn\u00fdch kontajnerov v meste SENEC s vyu\u017eit\u00edm cloudov\u00fdch slu\u017eieb SSO<\/li>\n\n\n\n<li>2024 &#8211; uzamykanie kontajnerov\u00fdch stoj\u00edsk v mest\u00e1ch Ko\u0161ice, Svidn\u00edk, Levo\u010da s vyu\u017eit\u00edm cloudov\u00fdch slu\u017eieb SSO<\/li>\n\n\n\n<li>2024 &#8211; prv\u00e9 lesn\u00e9 elektronick\u00e9 z\u00e1vory s riadiacou  jednotkou iKURA, s monitorovan\u00edm fotopascou a  pripojen\u00edm do cloudu SSO v NP Slovensk\u00fd raj<\/li>\n\n\n\n<li>2023 &#8211; projekt obnovenia kontroly vstupu a bezpe\u010dnosti bytov\u00e9ho domu na ul. \u010cesk\u00e1 \/ Budy\u0161\u00ednska v spr\u00e1ve magistr\u00e1tu mesta Bratislava, in\u0161tal\u00e1cia pr\u00edstupov\u00e9ho syst\u00e9mu, kamier, elektronickej n\u00e1stenky a \u0161peci\u00e1lneho v\u00fddajn\u00e9ho N-BOXu na elektronick\u00e9 \u010dipy<\/li>\n\n\n\n<li>2023 &#8211; implement\u00e1cia fotopasce do cloudovej slu\u017eby SSO<\/li>\n\n\n\n<li>2023 &#8211; in\u0161tal\u00e1cia sol\u00e1rneho pr\u00edstupov\u00e9ho syst\u00e9mu s riadiacou jednotkou iKURA a pripojen\u00edm do cloudu SSO na 123 kontajnerov\u00fdch stojisk\u00e1ch vo Vysok\u00fdch Tatr\u00e1ch<\/li>\n\n\n\n<li>2023 &#8211; zaradenie riadiacej jednotky iKURA do syst\u00e9mu APS<\/li>\n\n\n\n<li>2022 &#8211; uvedenie na trh novej n\u00edzko-energetickej riadiacej jednotky iKURA pre bat\u00e9riov\u00e9 uzamykanie kontajnerov\u00fdch stoj\u00edsk, boxov, poklopov a z\u00e1vor<\/li>\n\n\n\n<li>2022 &#8211; uzamknutie kontajnerov\u00fdch stoj\u00edsk v Ko\u0161iciach<\/li>\n\n\n\n<li>2021 &#8211; prv\u00e9 polopodzemn\u00e9 kontajnery s IoT rie\u0161en\u00edm prihl\u00e1sen\u00e9 do RYS CLOUDu<\/li>\n\n\n\n<li>2021 &#8211; sprev\u00e1dzkovanie cloudov\u00fdch slu\u017eieb RYS CLOUD<\/li>\n\n\n\n<li>2020 &#8211; in\u0161tal\u00e1cia prv\u00fdch elektronick\u00fdch n\u00e1steniek ELENA v bratislavskom Pentagone<\/li>\n\n\n\n<li><a href=\"https:\/\/ryscloud.sk\/index.php\/iso\/\" data-type=\"page\" data-id=\"196\">2020 &#8211; IS:O, on-line informa\u010dn\u00fd syst\u00e9m v kontajnerovom stojisku pre nahlasovanie stavu ako neporiadok, preplnen\u00e9 kontajnery apod.<\/a><\/li>\n\n\n\n<li><a href=\"https:\/\/ryscloud.sk\/index.php\/elena\/\" data-type=\"page\" data-id=\"35\">2020 &#8211; ELENA, do ponuky sme zaradili nov\u00fd produkt pre kvalitnej\u0161iu spr\u00e1vu bytov\u00fdch domov<\/a><\/li>\n\n\n\n<li><a rel=\"noreferrer noopener\" href=\"http:\/\/www.bezpecnebyvanie.sk\/metske-prasiaky-nasli-nove-vyuzitie\/\" target=\"_blank\">2019 &#8211; uzamknut\u00e9 polopodzemn\u00e9 kontajnery na Mileti\u010dovej ulici a nov\u00e9 vyu\u017eitie mestsk\u00fdch pra\u0161iakov<\/a><\/li>\n\n\n\n<li><a rel=\"noreferrer noopener\" href=\"http:\/\/www.bezpecnebyvanie.sk\/uzamknute-polopodzemne-kontajnery-na-stavbarskej-ul\/\" target=\"_blank\">2019 &#8211; prv\u00e9 elektronicky uzamknut\u00e9 polopodzemn\u00e9 kontajnery na Slovensku <strong>v bratislavskom Pentagone<\/strong><\/a><\/li>\n\n\n\n<li>2019 &#8211; spolupr\u00e1ca s \u00datvarom hlavn\u00e9ho architekta HM SR Bratislava na spracovan\u00ed<strong> Manu\u00e1lu pre stavbu a rekon\u0161trukciu kontajnerov\u00e9ho stojiska vo verejnom priestore<\/strong> HMSR Bratislava <\/li>\n\n\n\n<li>2019 &#8211; vstup pracovn\u00edkov odvozu odpadu cez rampu do are\u00e1lu \u0161k\u00f4lky KVIETOK v r\u00e1mci projektu <em>Bezpe\u010dn\u00e1 \u0161k\u00f4lka<\/em><\/li>\n\n\n\n<li><a href=\"https:\/\/ryscloud.sk\/index.php\/aps\/\" data-type=\"page\" data-id=\"37\">2018 &#8211; nov\u00fd koncept APS pre pracovn\u00edkov odvozu odpadu<\/a><\/li>\n\n\n\n<li>2017 &#8211; \u00fa\u010das\u0165 v rozhodovacej komisii s\u00fa\u0165a\u017ee &#8222;<em>Origin\u00e1lne kontajnerov\u00e9 stojisko<\/em>&#8220; organizovanej spolo\u010dnos\u0165ou OLO a.s a Magistr\u00e1tom HM SR Bratislava<\/li>\n\n\n\n<li><a rel=\"noreferrer noopener\" href=\"http:\/\/www.bezpecnebyvanie.sk\/repro\/\" target=\"_blank\">2017 &#8211; viac\u00fa\u010delov\u00e9 kontajnerov\u00e9 stojisko &#8222;<em>REPRO<\/em>&#8220; <\/a> <\/li>\n\n\n\n<li><a rel=\"noreferrer noopener\" href=\"http:\/\/www.bezpecnebyvanie.sk\/ziskali-sme-cestne-uznanie\/\" target=\"_blank\">2016 &#8211; \u010destn\u00e9 uznanie v r\u00e1mci Ceny odpadov\u00e9ho hospod\u00e1rstva Zlat\u00fd mravec 2016 za projekt &nbsp;\u201c<em>Viac\u00fa\u010delov\u00e9 kontajnerov\u00e9 stojisko \u2013 Umeleck\u00e9 dielo uprostred s\u00eddliska<\/em>\u201d<\/a><\/li>\n\n\n\n<li><a rel=\"noreferrer noopener\" href=\"http:\/\/www.bezpecnebyvanie.sk\/supiny\/\" target=\"_blank\" data-type=\"URL\" data-id=\"http:\/\/www.bezpecnebyvanie.sk\/supiny\/\">2016 &#8211; viac\u00fa\u010delov\u00e9 kontajnerov\u00e9 stojisko &#8222;\u0160UPINY&#8220; s rozoberate\u013enou kon\u0161trukciou, Martin\u010dekova 18 -24 BA<\/a><\/li>\n\n\n\n<li><a rel=\"noreferrer noopener\" href=\"http:\/\/www.bezpecnebyvanie.sk\/puzzle\/\" target=\"_blank\">2015 &#8211; viac\u00fa\u010delov\u00e9 kontajnerov\u00e9 stojisko &#8222;PUZZLE&#8220; s rozoberate\u013enou kon\u0161trukciou, Martin\u010dekova 10-16 BA<\/a><\/li>\n\n\n\n<li><a rel=\"noreferrer noopener\" href=\"http:\/\/www.bezpecnebyvanie.sk\/category\/projekt\/olejteka-zber-oleja\/\" target=\"_blank\">2014 &#8211; projekt OLEJT\u00c9KA, zber kuchynsk\u00e9ho oleja z bytov\u00fdch domov ako s\u00fa\u010das\u0165 viac\u00fa\u010delov\u00fdch stoj\u00edsk<\/a><\/li>\n\n\n\n<li><a rel=\"noreferrer noopener\" href=\"http:\/\/www.bezpecnebyvanie.sk\/viacucelove-kontajnerove-stojisko\/\" target=\"_blank\">2014 &#8211; prv\u00e9 viac\u00fa\u010delov\u00e9 kontajnerov\u00e9 stojisko &#8222;KVETIN\u00c1\u010c&#8220; so zelenou strechou na Martin\u010dekovej 3 a 5 BA<\/a><\/li>\n\n\n\n<li>2006 &#8211; ofici\u00e1lna spolupr\u00e1ca s OLO a.s. Bratislava, zabezpe\u010denie raj\u00f3nnych DEK k\u013e\u00fa\u010dov <\/li>\n\n\n\n<li>2005 &#8211; uzamknut\u00e9 prv\u00e9 kontajnerov\u00e9 stojisko na Martin\u010dekovej ulici, Bratislava<\/li>\n<\/ul>\n","protected":false},"excerpt":{"rendered":"<p>Sme jednotka v uzamykan\u00ed kontajnerov\u00fdch stoj\u00edsk Slovensku nen\u00e1jdete in\u00fa firmu, ktor\u00e1 by sa tak dlho a tak intenz\u00edvne zaoberala elektronick\u00fdm uzamykan\u00edm &hellip;<\/p>\n","protected":false},"author":2,"featured_media":0,"parent":0,"menu_order":0,"comment_status":"closed","ping_status":"closed","template":"","meta":{"_exactmetrics_skip_tracking":false,"_exactmetrics_sitenote_active":false,"_exactmetrics_sitenote_note":"","_exactmetrics_sitenote_category":0,"footnotes":""},"class_list":["post-2598","page","type-page","status-publish","hentry"],"_links":{"self":[{"href":"https:\/\/ryscloud.sk\/index.php\/wp-json\/wp\/v2\/pages\/2598","targetHints":{"allow":["GET"]}}],"collection":[{"href":"https:\/\/ryscloud.sk\/index.php\/wp-json\/wp\/v2\/pages"}],"about":[{"href":"https:\/\/ryscloud.sk\/index.php\/wp-json\/wp\/v2\/types\/page"}],"author":[{"embeddable":true,"href":"https:\/\/ryscloud.sk\/index.php\/wp-json\/wp\/v2\/users\/2"}],"replies":[{"embeddable":true,"href":"https:\/\/ryscloud.sk\/index.php\/wp-json\/wp\/v2\/comments?post=2598"}],"version-history":[{"count":4,"href":"https:\/\/ryscloud.sk\/index.php\/wp-json\/wp\/v2\/pages\/2598\/revisions"}],"predecessor-version":[{"id":2602,"href":"https:\/\/ryscloud.sk\/index.php\/wp-json\/wp\/v2\/pages\/2598\/revisions\/2602"}],"wp:attachment":[{"href":"https:\/\/ryscloud.sk\/index.php\/wp-json\/wp\/v2\/media?parent=2598"}],"curies":[{"name":"wp","href":"https:\/\/api.w.org\/{rel}","templated":true}]}}