{"id":2689,"date":"2024-11-19T09:02:23","date_gmt":"2024-11-19T08:02:23","guid":{"rendered":"https:\/\/ryscloud.sk\/?page_id=2689"},"modified":"2024-12-12T13:31:04","modified_gmt":"2024-12-12T12:31:04","slug":"riesenia-inteligentnej-spravy","status":"publish","type":"page","link":"https:\/\/ryscloud.sk\/index.php\/riesenia-inteligentnej-spravy\/","title":{"rendered":"Rie\u0161enia inteligentnej spr\u00e1vy"},"content":{"rendered":"\n<p class=\"has-text-align-center has-large-font-size\" style=\"letter-spacing:3px;text-transform:uppercase\">Inteligentn\u00e9 pr\u00edstupov\u00e9 syst\u00e9my RYS<\/p>\n\n\n\n<p class=\"has-text-align-center has-accent-1-color has-text-color has-link-color has-normal-font-size wp-elements-705dc7f5889cac5a108ba3ececbad4ac\" style=\"letter-spacing:3px\">Unik\u00e1tne rie\u0161enia kontroly pr\u00edstupu so spr\u00e1vou na dia\u013eku cez cloudov\u00fa slu\u017ebu <a href=\"#sso-top\"><strong>SSO<\/strong> <strong>&#8211; Spr\u00e1va smart objektov<\/strong><\/a>.<\/p>\n\n\n\n<div style=\"height:30px\" aria-hidden=\"true\" class=\"wp-block-spacer\"><\/div>\n\n\n\n<div class=\"wp-block-columns is-layout-flex wp-container-core-columns-is-layout-9d6595d7 wp-block-columns-is-layout-flex\">\n<div class=\"wp-block-column is-layout-flow wp-block-column-is-layout-flow\">\n<p class=\"has-text-align-center\" style=\"letter-spacing:3px\"><i class=\"icon fa fa-check-square-o\" aria-hidden=\"true\"> <\/i> Kontajnerov\u00e9 stojisk\u00e1<\/p>\n\n\n<div class=\"wp-block-image\">\n<figure class=\"aligncenter size-full is-resized\"><a href=\"https:\/\/ryscloud.sk\/index.php\/kontajnerove-stojiska\/\"><img loading=\"lazy\" decoding=\"async\" width=\"696\" height=\"400\" src=\"https:\/\/ryscloud.sk\/wp-content\/uploads\/2024\/10\/kontajnerove-stojisko-2jpg.jpg\" alt=\"\" class=\"wp-image-2739\" style=\"width:200px\" srcset=\"https:\/\/ryscloud.sk\/wp-content\/uploads\/2024\/10\/kontajnerove-stojisko-2jpg.jpg 696w, https:\/\/ryscloud.sk\/wp-content\/uploads\/2024\/10\/kontajnerove-stojisko-2jpg-300x172.jpg 300w, https:\/\/ryscloud.sk\/wp-content\/uploads\/2024\/10\/kontajnerove-stojisko-2jpg-261x150.jpg 261w\" sizes=\"auto, (max-width: 696px) 100vw, 696px\" \/><\/a><\/figure>\n<\/div>\n\n\n<div style=\"height:10px\" aria-hidden=\"true\" class=\"wp-block-spacer\"><\/div>\n\n\n\n<p class=\"has-text-align-center\" style=\"font-size:12px;letter-spacing:3px\">Uzamykanie pre <strong>posuvn\u00e9 aj kr\u00eddlov\u00e9 br\u00e1ny na kontajnerov\u00fdch stoj\u00edsk<\/strong>,  boxoch na odpadov\u00e9 n\u00e1doby, cyklopr\u00edstre\u0161koch.<\/p>\n\n\n\n<div style=\"height:10px\" aria-hidden=\"true\" class=\"wp-block-spacer\"><\/div>\n\n\n\n<div class=\"wp-block-buttons is-horizontal is-content-justification-center is-nowrap is-layout-flex wp-container-core-buttons-is-layout-fc65f29c wp-block-buttons-is-layout-flex\">\n<div class=\"wp-block-button has-custom-width wp-block-button__width-50 has-custom-font-size is-style-fill has-small-font-size\" style=\"letter-spacing:3px;text-transform:uppercase\"><a class=\"wp-block-button__link has-background wp-element-button\" href=\"https:\/\/ryscloud.sk\/index.php\/category\/kontajnerove-stojiska\/\" style=\"border-radius:0px;background-color:#b5b5b5f7\">referencie<\/a><\/div>\n<\/div>\n<\/div>\n\n\n\n<div class=\"wp-block-column is-layout-flow wp-block-column-is-layout-flow\" style=\"flex-basis:30px\"><\/div>\n\n\n\n<div class=\"wp-block-column is-layout-flow wp-block-column-is-layout-flow\">\n<p class=\"has-text-align-center\" style=\"letter-spacing:3px\"><i class=\"icon fa fa-check-square-o\" aria-hidden=\"true\"> <\/i> Kontajnery<\/p>\n\n\n<div class=\"wp-block-image\">\n<figure class=\"aligncenter size-full is-resized\"><a href=\"https:\/\/ryscloud.sk\/index.php\/kontajnery\/\"><img loading=\"lazy\" decoding=\"async\" width=\"700\" height=\"400\" src=\"https:\/\/ryscloud.sk\/wp-content\/uploads\/2023\/04\/kontajner-ppk-1-2.jpg\" alt=\"\" class=\"wp-image-1535\" style=\"width:200px\" srcset=\"https:\/\/ryscloud.sk\/wp-content\/uploads\/2023\/04\/kontajner-ppk-1-2.jpg 700w, https:\/\/ryscloud.sk\/wp-content\/uploads\/2023\/04\/kontajner-ppk-1-2-300x171.jpg 300w, https:\/\/ryscloud.sk\/wp-content\/uploads\/2023\/04\/kontajner-ppk-1-2-452x258.jpg 452w\" sizes=\"auto, (max-width: 700px) 100vw, 700px\" \/><\/a><\/figure>\n<\/div>\n\n\n<div style=\"height:10px\" aria-hidden=\"true\" class=\"wp-block-spacer\"><\/div>\n\n\n\n<p class=\"has-text-align-center\" style=\"font-size:12px;letter-spacing:3px\">Uzamknutie plastov\u00fdch a kovov\u00fdch <strong>poklopov<\/strong> na polopodzemn\u00fdch a nadzemn\u00fdch kontajneroch.<\/p>\n\n\n\n<div style=\"height:10px\" aria-hidden=\"true\" class=\"wp-block-spacer\"><\/div>\n\n\n\n<div class=\"wp-block-buttons is-horizontal is-content-justification-center is-nowrap is-layout-flex wp-container-core-buttons-is-layout-fc65f29c wp-block-buttons-is-layout-flex\">\n<div class=\"wp-block-button has-custom-width wp-block-button__width-50 has-custom-font-size has-small-font-size\" style=\"letter-spacing:3px;text-transform:uppercase\"><a class=\"wp-block-button__link has-background wp-element-button\" href=\"https:\/\/ryscloud.sk\/index.php\/category\/kontajnerove-stojiska\/kontajnery\/\" style=\"border-radius:0px;background-color:#b5b5b5f7\">referencie<\/a><\/div>\n<\/div>\n<\/div>\n\n\n\n<div class=\"wp-block-column is-layout-flow wp-block-column-is-layout-flow\" style=\"flex-basis:30px\"><\/div>\n\n\n\n<div class=\"wp-block-column has-sitebg-background-color has-background is-layout-flow wp-block-column-is-layout-flow\">\n<p class=\"has-text-align-center\" style=\"letter-spacing:3px\"><i class=\"icon fa fa-check-square-o\" aria-hidden=\"true\"> <\/i> Lesn\u00e9 z\u00e1vory<\/p>\n\n\n<div class=\"wp-block-image\">\n<figure class=\"aligncenter size-full is-resized\"><a href=\"https:\/\/ryscloud.sk\/index.php\/elektronicke-zavory\/\"><img loading=\"lazy\" decoding=\"async\" width=\"700\" height=\"400\" src=\"https:\/\/ryscloud.sk\/wp-content\/uploads\/2024\/10\/lesna-zavora.jpg\" alt=\"\" class=\"wp-image-2727\" style=\"width:200px\" srcset=\"https:\/\/ryscloud.sk\/wp-content\/uploads\/2024\/10\/lesna-zavora.jpg 700w, https:\/\/ryscloud.sk\/wp-content\/uploads\/2024\/10\/lesna-zavora-300x171.jpg 300w, https:\/\/ryscloud.sk\/wp-content\/uploads\/2024\/10\/lesna-zavora-263x150.jpg 263w\" sizes=\"auto, (max-width: 700px) 100vw, 700px\" \/><\/a><\/figure>\n<\/div>\n\n\n<div style=\"height:10px\" aria-hidden=\"true\" class=\"wp-block-spacer\"><\/div>\n\n\n\n<p class=\"has-text-align-center\" style=\"font-size:12px;letter-spacing:3px\">Elektronick\u00e9 uzamykanie <strong>lesnej z\u00e1vory<\/strong> a in\u00fdch lesn\u00fdch stavieb bez pr\u00edvodu elektriny.<\/p>\n\n\n\n<div style=\"height:10px\" aria-hidden=\"true\" class=\"wp-block-spacer\"><\/div>\n\n\n\n<div class=\"wp-block-buttons is-horizontal is-content-justification-center is-nowrap is-layout-flex wp-container-core-buttons-is-layout-fc65f29c wp-block-buttons-is-layout-flex\">\n<div class=\"wp-block-button has-custom-width wp-block-button__width-50 has-custom-font-size has-small-font-size\" style=\"letter-spacing:3px;text-transform:uppercase\"><a class=\"wp-block-button__link has-background wp-element-button\" href=\"https:\/\/ryscloud.sk\/index.php\/category\/elektronicka-zavora\/\" style=\"border-radius:0px;background-color:#b5b5b5f7\">referencie<\/a><\/div>\n<\/div>\n<\/div>\n<\/div>\n\n\n\n<div style=\"height:30px\" aria-hidden=\"true\" class=\"wp-block-spacer\"><\/div>\n\n\n\n<div class=\"wp-block-columns is-layout-flex wp-container-core-columns-is-layout-9d6595d7 wp-block-columns-is-layout-flex\">\n<div class=\"wp-block-column is-layout-flow wp-block-column-is-layout-flow\">\n<p class=\"has-text-align-center\" style=\"letter-spacing:3px\"><i class=\"icon fa fa-check-square-o\" aria-hidden=\"true\"> <\/i>  Komplexnos\u0165 syst\u00e9mu<\/p>\n\n\n<div class=\"wp-block-image\">\n<figure class=\"aligncenter size-full is-resized\"><a href=\"https:\/\/ryscloud.sk\/index.php\/zariadenia\/\"><img loading=\"lazy\" decoding=\"async\" width=\"700\" height=\"400\" src=\"https:\/\/ryscloud.sk\/wp-content\/uploads\/2024\/11\/fotopasc-2.jpg\" alt=\"\" class=\"wp-image-2804\" style=\"width:200px\" srcset=\"https:\/\/ryscloud.sk\/wp-content\/uploads\/2024\/11\/fotopasc-2.jpg 700w, https:\/\/ryscloud.sk\/wp-content\/uploads\/2024\/11\/fotopasc-2-300x171.jpg 300w, https:\/\/ryscloud.sk\/wp-content\/uploads\/2024\/11\/fotopasc-2-263x150.jpg 263w\" sizes=\"auto, (max-width: 700px) 100vw, 700px\" \/><\/a><\/figure>\n<\/div>\n\n\n<div style=\"height:10px\" aria-hidden=\"true\" class=\"wp-block-spacer\"><\/div>\n\n\n\n<p class=\"has-text-align-center\" style=\"font-size:12px;letter-spacing:3px\"><strong>Fotopasca<\/strong> v cloude, <strong>SWAP<\/strong>, \u010d\u00edta\u010dka <strong>QR <\/strong>k\u00f3dov, monitor spotreby DMS, sn\u00edma\u010d naplnenosti.<\/p>\n\n\n\n<div style=\"height:10px\" aria-hidden=\"true\" class=\"wp-block-spacer\"><\/div>\n\n\n\n<div class=\"wp-block-buttons is-horizontal is-content-justification-center is-nowrap is-layout-flex wp-container-core-buttons-is-layout-fc65f29c wp-block-buttons-is-layout-flex\">\n<div class=\"wp-block-button has-custom-width wp-block-button__width-50 has-custom-font-size is-style-fill has-small-font-size\" style=\"letter-spacing:3px;text-transform:uppercase\"><a class=\"wp-block-button__link has-background wp-element-button\" href=\"https:\/\/ryscloud.sk\/index.php\/category\/technicke-riesenia\/fotopasca\/\" style=\"border-radius:0px;background-color:#b5b5b5f7\">referencie<\/a><\/div>\n<\/div>\n<\/div>\n\n\n\n<div class=\"wp-block-column is-layout-flow wp-block-column-is-layout-flow\" style=\"flex-basis:30px\"><\/div>\n\n\n\n<div class=\"wp-block-column is-layout-flow wp-block-column-is-layout-flow\">\n<p class=\"has-text-align-center\" style=\"letter-spacing:3px\"><i class=\"icon fa fa-check-square-o\" aria-hidden=\"true\"> <\/i> Individu\u00e1lne rie\u0161enia<\/p>\n\n\n<div class=\"wp-block-image\">\n<figure class=\"aligncenter size-full is-resized\"><img loading=\"lazy\" decoding=\"async\" width=\"700\" height=\"400\" src=\"https:\/\/ryscloud.sk\/wp-content\/uploads\/2024\/11\/self_storage-rysbox-4_700x400.jpg\" alt=\"\" class=\"wp-image-2802\" style=\"width:200px\" srcset=\"https:\/\/ryscloud.sk\/wp-content\/uploads\/2024\/11\/self_storage-rysbox-4_700x400.jpg 700w, https:\/\/ryscloud.sk\/wp-content\/uploads\/2024\/11\/self_storage-rysbox-4_700x400-300x171.jpg 300w, https:\/\/ryscloud.sk\/wp-content\/uploads\/2024\/11\/self_storage-rysbox-4_700x400-263x150.jpg 263w\" sizes=\"auto, (max-width: 700px) 100vw, 700px\" \/><\/figure>\n<\/div>\n\n\n<div style=\"height:10px\" aria-hidden=\"true\" class=\"wp-block-spacer\"><\/div>\n\n\n\n<p class=\"has-text-align-center\" style=\"font-size:12px;letter-spacing:3px\"><strong>RYSBOX<\/strong>, <strong>nBO<\/strong>X, uzamykanie <strong>self storage skladov<\/strong>, pivni\u010dn\u00fdch kopiek, ihr\u00edsk, kontrola <strong>medic\u00ednskych pr\u00edstrojov<\/strong> a \u010fal\u0161ie.<\/p>\n\n\n\n<div style=\"height:10px\" aria-hidden=\"true\" class=\"wp-block-spacer\"><\/div>\n\n\n\n<div class=\"wp-block-buttons is-horizontal is-content-justification-center is-nowrap is-layout-flex wp-container-core-buttons-is-layout-fc65f29c wp-block-buttons-is-layout-flex\">\n<div class=\"wp-block-button has-custom-width wp-block-button__width-50 has-custom-font-size has-small-font-size\" style=\"letter-spacing:3px;text-transform:uppercase\"><a class=\"wp-block-button__link has-background wp-element-button\" href=\"https:\/\/ryscloud.sk\/index.php\/pripravujeme\/\" style=\"border-radius:0px;background-color:#b5b5b5f7\">referencie<\/a><\/div>\n<\/div>\n<\/div>\n\n\n\n<div class=\"wp-block-column is-layout-flow wp-block-column-is-layout-flow\" style=\"flex-basis:30px\"><\/div>\n\n\n\n<div class=\"wp-block-column has-sitebg-background-color has-background is-layout-flow wp-block-column-is-layout-flow\" id=\"sso-top\">\n<p class=\"has-text-align-center\" style=\"letter-spacing:3px;text-transform:uppercase\"><i class=\"icon fa fa-check-square-o\" aria-hidden=\"true\"> <\/i> sso<\/p>\n\n\n<div class=\"wp-block-image\">\n<figure class=\"aligncenter size-full is-resized\"><a href=\"https:\/\/ryscloud.sk\/index.php\/sso\/\"><img loading=\"lazy\" decoding=\"async\" width=\"700\" height=\"400\" src=\"https:\/\/ryscloud.sk\/wp-content\/uploads\/2024\/11\/Untitled-2.jpg\" alt=\"\" class=\"wp-image-2801\" style=\"width:200px\" srcset=\"https:\/\/ryscloud.sk\/wp-content\/uploads\/2024\/11\/Untitled-2.jpg 700w, https:\/\/ryscloud.sk\/wp-content\/uploads\/2024\/11\/Untitled-2-300x171.jpg 300w, https:\/\/ryscloud.sk\/wp-content\/uploads\/2024\/11\/Untitled-2-263x150.jpg 263w\" sizes=\"auto, (max-width: 700px) 100vw, 700px\" \/><\/a><\/figure>\n<\/div>\n\n\n<div style=\"height:10px\" aria-hidden=\"true\" class=\"wp-block-spacer\"><\/div>\n\n\n\n<p class=\"has-text-align-center\" style=\"font-size:12px;letter-spacing:3px\"><strong>Spr\u00e1va smart objektov <\/strong>&#8211; komplexn\u00e1 spr\u00e1va zariaden\u00ed a administr\u00e1cia \u010dipov cez cloud<\/p>\n\n\n\n<div style=\"height:10px\" aria-hidden=\"true\" class=\"wp-block-spacer\"><\/div>\n\n\n\n<div class=\"wp-block-buttons is-horizontal is-content-justification-center is-nowrap is-layout-flex wp-container-core-buttons-is-layout-fc65f29c wp-block-buttons-is-layout-flex\">\n<div class=\"wp-block-button has-custom-width wp-block-button__width-50 has-custom-font-size has-small-font-size\" style=\"letter-spacing:3px;text-transform:uppercase\"><a class=\"wp-block-button__link has-background wp-element-button\" href=\"https:\/\/ryscloud.sk\/index.php\/category\/top-page\/sso\/\" style=\"border-radius:0px;background-color:#b5b5b5f7\">referencie<\/a><\/div>\n<\/div>\n<\/div>\n<\/div>\n\n\n\n<div style=\"height:30px\" aria-hidden=\"true\" class=\"wp-block-spacer\"><\/div>\n\n\n\n<div class=\"wp-block-columns is-layout-flex wp-container-core-columns-is-layout-9d6595d7 wp-block-columns-is-layout-flex\">\n<div class=\"wp-block-column is-layout-flow wp-block-column-is-layout-flow\">\n<p class=\"has-text-align-center\" style=\"letter-spacing:3px\"><i class=\"icon fa fa-check-square-o\" aria-hidden=\"true\"> <\/i> ELENA<\/p>\n\n\n<div class=\"wp-block-image\">\n<figure class=\"aligncenter size-full is-resized\"><a href=\"https:\/\/ryscloud.sk\/index.php\/elena\/\"><img loading=\"lazy\" decoding=\"async\" width=\"700\" height=\"400\" src=\"https:\/\/ryscloud.sk\/wp-content\/uploads\/2024\/11\/elena-3.jpg\" alt=\"\" class=\"wp-image-2791\" style=\"width:200px\" srcset=\"https:\/\/ryscloud.sk\/wp-content\/uploads\/2024\/11\/elena-3.jpg 700w, https:\/\/ryscloud.sk\/wp-content\/uploads\/2024\/11\/elena-3-300x171.jpg 300w, https:\/\/ryscloud.sk\/wp-content\/uploads\/2024\/11\/elena-3-263x150.jpg 263w\" sizes=\"auto, (max-width: 700px) 100vw, 700px\" \/><\/a><\/figure>\n<\/div>\n\n\n<div style=\"height:10px\" aria-hidden=\"true\" class=\"wp-block-spacer\"><\/div>\n\n\n\n<p class=\"has-text-align-center\" style=\"font-size:12px;letter-spacing:3px\"><strong>Elektrick\u00e1 n\u00e1stenka<\/strong> pre r\u00fdchle a okam\u017eit\u00e9 zverejnenie upozornen\u00ed a oznamov na dia\u013eku.<\/p>\n\n\n\n<div class=\"wp-block-buttons is-horizontal is-content-justification-center is-nowrap is-layout-flex wp-container-core-buttons-is-layout-fc65f29c wp-block-buttons-is-layout-flex\">\n<div class=\"wp-block-button has-custom-width wp-block-button__width-50 has-custom-font-size is-style-fill has-small-font-size\" style=\"letter-spacing:3px;text-transform:uppercase\"><a class=\"wp-block-button__link has-background wp-element-button\" href=\"https:\/\/ryscloud.sk\/index.php\/category\/technicke-riesenia\/elena\/\" style=\"border-radius:0px;background-color:#b5b5b5f7\">referencie<\/a><\/div>\n<\/div>\n<\/div>\n\n\n\n<div class=\"wp-block-column has-sitebg-background-color has-background is-layout-flow wp-block-column-is-layout-flow\">\n<p class=\"has-text-align-center\" style=\"letter-spacing:3px\"><i class=\"icon fa fa-check-square-o\" aria-hidden=\"true\"> <\/i> APS<\/p>\n\n\n<div class=\"wp-block-image\">\n<figure class=\"aligncenter size-full is-resized\"><a href=\"https:\/\/ryscloud.sk\/index.php\/aps\/\"><img loading=\"lazy\" decoding=\"async\" width=\"700\" height=\"400\" src=\"https:\/\/ryscloud.sk\/wp-content\/uploads\/2024\/11\/aps-1-700x400px.jpg\" alt=\"\" class=\"wp-image-2796\" style=\"width:200px\" srcset=\"https:\/\/ryscloud.sk\/wp-content\/uploads\/2024\/11\/aps-1-700x400px.jpg 700w, https:\/\/ryscloud.sk\/wp-content\/uploads\/2024\/11\/aps-1-700x400px-300x171.jpg 300w, https:\/\/ryscloud.sk\/wp-content\/uploads\/2024\/11\/aps-1-700x400px-263x150.jpg 263w\" sizes=\"auto, (max-width: 700px) 100vw, 700px\" \/><\/a><\/figure>\n<\/div>\n\n\n<div style=\"height:10px\" aria-hidden=\"true\" class=\"wp-block-spacer\"><\/div>\n\n\n\n<p class=\"has-text-align-center\" style=\"font-size:12px;letter-spacing:3px\">Auton\u00f3mny <strong>pr\u00edstup pracovn\u00edkov odvozu odpadu<\/strong> &#8211; jednotn\u00fd syst\u00e9m na v\u0161etk\u00fdch stojisk\u00e1ch,management uzamknut\u00fdch stoj\u00edsk.<\/p>\n\n\n\n<div class=\"wp-block-buttons is-horizontal is-content-justification-center is-nowrap is-layout-flex wp-container-core-buttons-is-layout-fc65f29c wp-block-buttons-is-layout-flex\">\n<div class=\"wp-block-button has-custom-width wp-block-button__width-50 has-custom-font-size has-small-font-size\" style=\"letter-spacing:3px;text-transform:uppercase\"><a class=\"wp-block-button__link has-background wp-element-button\" href=\"https:\/\/ryscloud.sk\/index.php\/category\/aps\/\" style=\"border-radius:0px;background-color:#b5b5b5f7\">referencie<\/a><\/div>\n<\/div>\n<\/div>\n\n\n\n<div class=\"wp-block-column has-sitebg-background-color has-background is-layout-flow wp-block-column-is-layout-flow\">\n<p class=\"has-text-align-center\" style=\"letter-spacing:3px\"><i class=\"icon fa fa-check-square-o\" aria-hidden=\"true\"> <\/i> Mest\u00e1 a obce<\/p>\n\n\n<div class=\"wp-block-image\">\n<figure class=\"aligncenter size-full is-resized\"><a href=\"https:\/\/ryscloud.sk\/index.php\/mesta-a-obce\/\"><img loading=\"lazy\" decoding=\"async\" width=\"700\" height=\"400\" src=\"https:\/\/ryscloud.sk\/wp-content\/uploads\/2024\/11\/cloud-api_700x400px.jpg\" alt=\"\" class=\"wp-image-3402\" style=\"width:200px\" srcset=\"https:\/\/ryscloud.sk\/wp-content\/uploads\/2024\/11\/cloud-api_700x400px.jpg 700w, https:\/\/ryscloud.sk\/wp-content\/uploads\/2024\/11\/cloud-api_700x400px-300x171.jpg 300w, https:\/\/ryscloud.sk\/wp-content\/uploads\/2024\/11\/cloud-api_700x400px-263x150.jpg 263w\" sizes=\"auto, (max-width: 700px) 100vw, 700px\" \/><\/a><\/figure>\n<\/div>\n\n\n<div style=\"height:10px\" aria-hidden=\"true\" class=\"wp-block-spacer\"><\/div>\n\n\n\n<p class=\"has-text-align-center\" style=\"font-size:12px;letter-spacing:3px\"><strong>Integr\u00e1cia d\u00e1t z SSO do mestsk\u00fdch syst\u00e9mov<\/strong>, do syst\u00e9moch zvozov\u00fdch spolo\u010dnost\u00ed a in\u00fdch organiz\u00e1cii (API).<\/p>\n\n\n\n<div class=\"wp-block-buttons is-horizontal is-content-justification-center is-nowrap is-layout-flex wp-container-core-buttons-is-layout-fc65f29c wp-block-buttons-is-layout-flex\">\n<div class=\"wp-block-button has-custom-width wp-block-button__width-50 has-custom-font-size has-small-font-size\" style=\"letter-spacing:3px;text-transform:uppercase\"><a class=\"wp-block-button__link has-background wp-element-button\" href=\"https:\/\/ryscloud.sk\/index.php\/category\/pre-mesta-a-obce\/\" style=\"border-radius:0px;background-color:#b5b5b5f7\">referencie<\/a><\/div>\n<\/div>\n<\/div>\n<\/div>\n\n\n\n<div style=\"height:30px\" aria-hidden=\"true\" class=\"wp-block-spacer\"><\/div>\n\n\n\n<div class=\"wp-block-boldblocks-icon-separator\" role=\"separator\"><div class=\"wp-block-boldblocks-icon-separator__inner icon-center is-align-center\" style=\"--bb--width--sm:var(--bb--width--lg);--bb--width--md:var(--bb--width--lg);--bb--width--lg:25%;--bb-border:1px solid var(--wp--preset--color--accent-1, #e2671f);--bb--icon-width:1em;--bb--icon-spacing:.5em;--bb--icon-fill-color:var(--wp--preset--color--accent-1, #e2671f)\"><svg xmlns=\"http:\/\/www.w3.org\/2000\/svg\" viewBox=\"0 0 20 20\" class=\"bb-icon bb-icon--arrow-down-alt2\">\n  <path d=\"m5 6 5 5 5-5 2 1-7 7-7-7z\"><\/path>\n<\/svg><\/div><\/div>\n\n\n\n<div style=\"height:30px\" aria-hidden=\"true\" class=\"wp-block-spacer\"><\/div>\n\n\n\n<p class=\"has-text-align-center\" style=\"font-size:20px\">Na\u0161e cloudov\u00e9 slu\u017eby u\u013eah\u010dia pr\u00e1cu&nbsp;<strong>spr\u00e1vcom bytov\u00fdch domov<\/strong>, z\u00e1stupcom vlastn\u00edkov,&nbsp;<strong>mest\u00e1m a obciam<\/strong>,&nbsp;<strong>zvozov\u00fdm spolo\u010dnostiam<\/strong>&nbsp;ako aj prev\u00e1dzkovate\u013eom r\u00f4znych objektov, do ktor\u00fdch je potrebn\u00e9&nbsp;<strong>spravova\u0165 pr\u00edstup na dia\u013eku<\/strong>.<\/p>\n\n\n\n<p class=\"has-text-align-center\" style=\"font-size:14px;letter-spacing:3px\">Na\u0161e rie\u0161enia sa opieraj\u00fa o viac ako tridsa\u0165ro\u010dn\u00e9 sk\u00fasenosti s v\u00fdvojom a v\u00fdrobou pr\u00edstupov\u00fdch syst\u00e9mov, ktor\u00e9 na Slovensku vyu\u017e\u00edvaj\u00fa st\u00e1tis\u00edce obyvate\u013eov&nbsp;bytov\u00fdch domov&nbsp;a v posledn\u00fdch rokoch sa intenz\u00edvne venujeme aj <strong>elektronick\u00e9mu&nbsp;uzamykaniu kontajnerov\u00fdch stoj\u00edsk<\/strong>, cyklopr\u00edstre\u0161kov,  polopodzemn\u00fdch kontajnerov, lesn\u00fdch z\u00e1vor a stavieb bez pr\u00edvodu elektrickej energie .<\/p>\n\n\n\n<div style=\"height:30px\" aria-hidden=\"true\" class=\"wp-block-spacer\"><\/div>\n\n\n\n<div class=\"wp-block-boldblocks-icon-separator\" role=\"separator\"><div class=\"wp-block-boldblocks-icon-separator__inner icon-center is-align-center\" style=\"--bb--width--sm:var(--bb--width--lg);--bb--width--md:var(--bb--width--lg);--bb--width--lg:25%;--bb-border:1px solid var(--wp--preset--color--accent-1, #e2671f);--bb--icon-width:1em;--bb--icon-spacing:.5em;--bb--icon-fill-color:var(--wp--preset--color--accent-1, #e2671f)\"><svg xmlns=\"http:\/\/www.w3.org\/2000\/svg\" viewBox=\"0 0 20 20\" class=\"bb-icon bb-icon--arrow-down-alt2\">\n  <path d=\"m5 6 5 5 5-5 2 1-7 7-7-7z\"><\/path>\n<\/svg><\/div><\/div>\n\n\n\n<div style=\"height:30px\" aria-hidden=\"true\" class=\"wp-block-spacer\"><\/div>\n\n\n\n<p class=\"has-text-align-center has-accent-1-color has-text-color has-link-color wp-elements-daba6dae3b6dd1a3e4005902b7c67a1f\" style=\"font-size:20px\">Najnov\u0161ie spr\u00e1vy<\/p>\n\n\n\n[recent_post_carousel design=&#8220;design-1&#8243; show_author=&#8220;false&#8220; show_read_more=&#8220;false&#8220; content_words_limit=&#8220;15&#8243; dots=&#8220;false&#8220; limit=&#8220;8&#8243; autoplay_interval=&#8220;4000&#8243;]\n","protected":false},"excerpt":{"rendered":"<p>Inteligentn\u00e9 pr\u00edstupov\u00e9 syst\u00e9my RYS Unik\u00e1tne rie\u0161enia kontroly pr\u00edstupu so spr\u00e1vou na dia\u013eku cez cloudov\u00fa slu\u017ebu SSO &#8211; Spr\u00e1va smart objektov. Kontajnerov\u00e9 &hellip;<\/p>\n","protected":false},"author":2,"featured_media":0,"parent":0,"menu_order":0,"comment_status":"closed","ping_status":"closed","template":"","meta":{"_exactmetrics_skip_tracking":false,"_exactmetrics_sitenote_active":false,"_exactmetrics_sitenote_note":"","_exactmetrics_sitenote_category":0,"footnotes":""},"class_list":["post-2689","page","type-page","status-publish","hentry"],"_links":{"self":[{"href":"https:\/\/ryscloud.sk\/index.php\/wp-json\/wp\/v2\/pages\/2689","targetHints":{"allow":["GET"]}}],"collection":[{"href":"https:\/\/ryscloud.sk\/index.php\/wp-json\/wp\/v2\/pages"}],"about":[{"href":"https:\/\/ryscloud.sk\/index.php\/wp-json\/wp\/v2\/types\/page"}],"author":[{"embeddable":true,"href":"https:\/\/ryscloud.sk\/index.php\/wp-json\/wp\/v2\/users\/2"}],"replies":[{"embeddable":true,"href":"https:\/\/ryscloud.sk\/index.php\/wp-json\/wp\/v2\/comments?post=2689"}],"version-history":[{"count":142,"href":"https:\/\/ryscloud.sk\/index.php\/wp-json\/wp\/v2\/pages\/2689\/revisions"}],"predecessor-version":[{"id":3814,"href":"https:\/\/ryscloud.sk\/index.php\/wp-json\/wp\/v2\/pages\/2689\/revisions\/3814"}],"wp:attachment":[{"href":"https:\/\/ryscloud.sk\/index.php\/wp-json\/wp\/v2\/media?parent=2689"}],"curies":[{"name":"wp","href":"https:\/\/api.w.org\/{rel}","templated":true}]}}