{"id":2972,"date":"2024-11-15T13:34:50","date_gmt":"2024-11-15T12:34:50","guid":{"rendered":"https:\/\/ryscloud.sk\/?page_id=2972"},"modified":"2024-11-15T14:09:20","modified_gmt":"2024-11-15T13:09:20","slug":"kontajnery","status":"publish","type":"page","link":"https:\/\/ryscloud.sk\/index.php\/kontajnery\/","title":{"rendered":"Kontajnery"},"content":{"rendered":"\n<h2 class=\"wp-block-heading has-text-align-center\" style=\"text-transform:uppercase\">bat\u00e9riov\u00fd pr\u00edstupov\u00fd syst\u00e9m pre kontajnery<\/h2>\n\n\n\n<p class=\"has-text-align-center\">Aj polopodzemn\u00e9 kontajnery alebo kontajnery umiestnen\u00e9 v krytoch, skriniach a boxoch musia ma\u0165 kontrolu pr\u00edstupu len pre opr\u00e1vnen\u00e9 osoby. Zvy\u0161uje sa \u010distota v okol\u00ed kontajnerov a <strong>smeti do nich vyhadzuj\u00fa len t\u00ed, ktor\u00ed re\u00e1lne platia za odvoz odpadu<\/strong>. Inteligentn\u00fd bat\u00e9riov\u00fd syst\u00e9m iKURA SET pon\u00faka u\u017e\u00edvate\u013esky ve\u013emi <strong>jednoduch\u00fa obsluhu bez aktiva\u010dn\u00e9ho tla\u010didla<\/strong>, sta\u010d\u00ed prilo\u017ei\u0165 \u010dip na vyzna\u010den\u00e9 miesto a veko sa odblokuje.<\/p>\n\n\n\n<div class=\"wp-block-boldblocks-icon-separator\" role=\"separator\"><div class=\"wp-block-boldblocks-icon-separator__inner icon-center is-align-center\" style=\"--bb--width--sm:var(--bb--width--lg);--bb--width--md:var(--bb--width--lg);--bb--width--lg:25%;--bb-border:1px solid var(--wp--preset--color--accent-1, #e2671f);--bb--icon-width:1em;--bb--icon-spacing:.5em;--bb--icon-fill-color:var(--wp--preset--color--accent-1, #e2671f)\"><svg xmlns=\"http:\/\/www.w3.org\/2000\/svg\" viewBox=\"0 0 20 20\" class=\"bb-icon bb-icon--arrow-down-alt2\">\n  <path d=\"m5 6 5 5 5-5 2 1-7 7-7-7z\"><\/path>\n<\/svg><\/div><\/div>\n\n\n\n<div style=\"height:25px\" aria-hidden=\"true\" class=\"wp-block-spacer\"><\/div>\n\n\n\n<div class=\"wp-block-columns is-layout-flex wp-container-core-columns-is-layout-9d6595d7 wp-block-columns-is-layout-flex\">\n<div class=\"wp-block-column has-sitebg-background-color has-background is-layout-flow wp-block-column-is-layout-flow\">\n<div class=\"wp-block-columns is-layout-flex wp-container-core-columns-is-layout-9d6595d7 wp-block-columns-is-layout-flex\">\n<div class=\"wp-block-column is-layout-flow wp-block-column-is-layout-flow\">\n<p class=\"has-drop-cap has-accent-1-color has-text-color\" style=\"font-size:8px\">1<\/p>\n<\/div>\n\n\n\n<div class=\"wp-block-column is-layout-flow wp-block-column-is-layout-flow\" style=\"flex-basis:300px\">\n<p class=\"has-large-font-size\">JEDNODUCH\u00c1 A R\u00ddCHLA IN\u0160TAL\u00c1CIA<\/p>\n<\/div>\n<\/div>\n<\/div>\n\n\n\n<div class=\"wp-block-column is-layout-flow wp-block-column-is-layout-flow\">\n<div class=\"wp-block-columns is-layout-flex wp-container-core-columns-is-layout-9d6595d7 wp-block-columns-is-layout-flex\">\n<div class=\"wp-block-column is-layout-flow wp-block-column-is-layout-flow\">\n<p class=\"has-drop-cap has-accent-1-color has-text-color\" style=\"font-size:8px\">2<\/p>\n<\/div>\n\n\n\n<div class=\"wp-block-column is-layout-flow wp-block-column-is-layout-flow\" style=\"flex-basis:300px\">\n<p class=\"has-large-font-size\" style=\"text-transform:uppercase\">n\u00edzka spotreba, dob\u00edjate\u013en\u00e9 bat\u00e9rie (po 15.000 ovoreniach)<\/p>\n<\/div>\n<\/div>\n<\/div>\n\n\n\n<div class=\"wp-block-column is-layout-flow wp-block-column-is-layout-flow\">\n<div class=\"wp-block-columns is-layout-flex wp-container-core-columns-is-layout-9d6595d7 wp-block-columns-is-layout-flex\">\n<div class=\"wp-block-column is-layout-flow wp-block-column-is-layout-flow\">\n<p class=\"has-drop-cap has-accent-1-color has-text-color\" style=\"font-size:8px\">3<\/p>\n<\/div>\n\n\n\n<div class=\"wp-block-column is-layout-flow wp-block-column-is-layout-flow\" style=\"flex-basis:300px\">\n<p class=\"has-large-font-size\" style=\"text-transform:uppercase\">kontrola stavu bat\u00e9rie na dia\u013eku, sms, email, cloud<\/p>\n<\/div>\n<\/div>\n<\/div>\n<\/div>\n\n\n\n<div class=\"wp-block-columns is-layout-flex wp-container-core-columns-is-layout-9d6595d7 wp-block-columns-is-layout-flex\">\n<div class=\"wp-block-column has-sitebg-background-color has-background is-layout-flow wp-block-column-is-layout-flow\">\n<div class=\"wp-block-columns is-layout-flex wp-container-core-columns-is-layout-9d6595d7 wp-block-columns-is-layout-flex\">\n<div class=\"wp-block-column is-layout-flow wp-block-column-is-layout-flow\">\n<p class=\"has-drop-cap has-accent-1-color has-text-color\" style=\"font-size:8px\">4<\/p>\n<\/div>\n\n\n\n<div class=\"wp-block-column is-layout-flow wp-block-column-is-layout-flow\" style=\"flex-basis:300px\">\n<p class=\"has-large-font-size\" style=\"text-transform:uppercase\">bez aktiva\u010dn\u00e9ho tla\u010didla<\/p>\n<\/div>\n<\/div>\n<\/div>\n\n\n\n<div class=\"wp-block-column is-layout-flow wp-block-column-is-layout-flow\">\n<div class=\"wp-block-columns is-layout-flex wp-container-core-columns-is-layout-9d6595d7 wp-block-columns-is-layout-flex\">\n<div class=\"wp-block-column is-layout-flow wp-block-column-is-layout-flow\">\n<p class=\"has-drop-cap has-accent-1-color has-text-color\" style=\"font-size:8px\">5<\/p>\n<\/div>\n\n\n\n<div class=\"wp-block-column is-layout-flow wp-block-column-is-layout-flow\" style=\"flex-basis:300px\">\n<p class=\"has-large-font-size\" style=\"text-transform:uppercase\">nekop\u00edrovate\u013en\u00e9 \u010dipy DESFIRE &#8211; vysok\u00e1 d\u00e1tov\u00e1 bezpe\u010dnos\u0165<\/p>\n<\/div>\n<\/div>\n<\/div>\n\n\n\n<div class=\"wp-block-column is-layout-flow wp-block-column-is-layout-flow\">\n<div class=\"wp-block-columns is-layout-flex wp-container-core-columns-is-layout-9d6595d7 wp-block-columns-is-layout-flex\">\n<div class=\"wp-block-column is-layout-flow wp-block-column-is-layout-flow\">\n<p class=\"has-drop-cap has-accent-1-color has-text-color\" style=\"font-size:8px\">6<\/p>\n<\/div>\n\n\n\n<div class=\"wp-block-column is-layout-flow wp-block-column-is-layout-flow\" style=\"flex-basis:300px\">\n<p class=\"has-large-font-size\" style=\"text-transform:uppercase\">spr\u00e1va pr\u00edstupov cez cloud<\/p>\n<\/div>\n<\/div>\n<\/div>\n<\/div>\n\n\n\t\t<div id=\"serious-slider-45-rnd9815\" class=\"cryout-serious-slider seriousslider serious-slider-45-rnd9815 cryout-serious-slider-45 seriousslider-overlay0 seriousslider-square seriousslider-shadow-none seriousslider-responsive-legacy seriousslider-hidetitles-0 seriousslider-fade seriousslider-sizing0 seriousslider-aligncenter seriousslider-caption-animation-slide seriousslider-textstyle-bgcolor\" data-ride=\"seriousslider\">\n\t\t\t<div class=\"seriousslider-inner\" role=\"listbox\">\n\n\t\t\t\n\t\t\t<div class=\"item slide-1 active\" role=\"option\">\n\t\t\t\t\t\t\t\t<a  >\n\t\t\t\t\t<img decoding=\"async\" class=\"item-image\" src=\"https:\/\/ryscloud.sk\/wp-content\/uploads\/2023\/04\/kontajner-ppk-1-2.jpg\" alt=\"Polopodzemn\u00e9 kontajnery\" >\n\t\t\t\t<\/a>\n\t\t\t\t\t\t\t\t\t\t\t\t<div class=\"seriousslider-caption\">\n\t\t\t\t\t<div class=\"seriousslider-caption-inside\">\n\t\t\t\t\t\t<div class=\"seriousslider-caption-title\"><span>Polopodzemn\u00e9 kontajnery<\/span><\/div>\t\t\t\t\t\t\t\t\t\t\t\t<div class=\"seriousslider-caption-buttons\">\n\t\t\t\t\t\t\t\t\t\t\t\t\t\t\t\t\t\t\t\t\t\t\t\t\t\t\t\t\t\t\t\t\t\t\t\t\t\t\t\t\t\t\t<\/div>\n\t\t\t\t\t<\/div><!--seriousslider-caption-inside-->\n\t\t\t\t<\/div><!--seriousslider-caption-->\n\t\t\t\t\t\t\t\t<div class=\"seriousslider-hloader\"><\/div>\n\t\t\t\t<figure class=\"seriousslider-cloader\">\n\t\t\t\t\t<svg width=\"200\" height=\"200\">\n\t\t\t\t\t\t<circle cx=\"95\" cy=\"95\" r=\"20\" transform=\"rotate(-90, 95, 95)\"\/>\n\t\t\t\t\t<\/svg>\n\t\t\t  <\/figure>\n\t\t\t<\/div>\n\n\t\t\t\n\t\t\t<div class=\"item slide-2 \" role=\"option\">\n\t\t\t\t\t\t\t\t<a  >\n\t\t\t\t\t<img decoding=\"async\" class=\"item-image\" src=\"https:\/\/ryscloud.sk\/wp-content\/uploads\/2024\/11\/nz-1_700x400px.jpg\" alt=\"Bet\u00f3nov\u00e9 skrine na kontajnery\" >\n\t\t\t\t<\/a>\n\t\t\t\t\t\t\t\t\t\t\t\t<div class=\"seriousslider-caption\">\n\t\t\t\t\t<div class=\"seriousslider-caption-inside\">\n\t\t\t\t\t\t<div class=\"seriousslider-caption-title\"><span>Bet\u00f3nov\u00e9 skrine na kontajnery<\/span><\/div>\t\t\t\t\t\t\t\t\t\t\t\t<div class=\"seriousslider-caption-buttons\">\n\t\t\t\t\t\t\t\t\t\t\t\t\t\t\t\t\t\t\t\t\t\t\t\t\t\t\t\t\t\t\t\t\t\t\t\t\t\t\t\t\t\t\t<\/div>\n\t\t\t\t\t<\/div><!--seriousslider-caption-inside-->\n\t\t\t\t<\/div><!--seriousslider-caption-->\n\t\t\t\t\t\t\t\t<div class=\"seriousslider-hloader\"><\/div>\n\t\t\t\t<figure class=\"seriousslider-cloader\">\n\t\t\t\t\t<svg width=\"200\" height=\"200\">\n\t\t\t\t\t\t<circle cx=\"95\" cy=\"95\" r=\"20\" transform=\"rotate(-90, 95, 95)\"\/>\n\t\t\t\t\t<\/svg>\n\t\t\t  <\/figure>\n\t\t\t<\/div>\n\n\t\t\t\t\t\t<\/div>\n\n\t\t\t<div class=\"seriousslider-indicators\">\n\t\t\t\t<ol class=\"seriousslider-indicators-inside\">\n\t\t\t\t\t\t\t\t\t\t<li data-target=\"#serious-slider-45\" data-slide-to=\"0\" class=\"active\"><\/li>\n\t\t\t\t\t\t\t\t\t\t<li data-target=\"#serious-slider-45\" data-slide-to=\"1\" ><\/li>\n\t\t\t\t\t\t\t\t\t<\/ol>\n\t\t\t<\/div>\n\n\t\t\t<button class=\"left seriousslider-control\" data-target=\"#serious-slider-45-rnd9815\" role=\"button\" data-slide=\"prev\">\n\t\t\t  <span class=\"sicon-prev control-arrow\" aria-hidden=\"true\"><\/span>\n\t\t\t  <span class=\"sr-only\">Previous Slide<\/span>\n\t\t\t<\/button>\n\t\t\t<button class=\"right seriousslider-control\" data-target=\"#serious-slider-45-rnd9815\" role=\"button\" data-slide=\"next\">\n\t\t\t  <span class=\"sicon-next control-arrow\" aria-hidden=\"true\"><\/span>\n\t\t\t  <span class=\"sr-only\">Next Slide<\/span>\n\t\t\t<\/button>\n\t\t<\/div>\n\t\t\n\n\n\n<div style=\"height:25px\" aria-hidden=\"true\" class=\"wp-block-spacer\"><\/div>\n\n\n\n<p class=\"has-text-align-center has-large-font-size\"><strong>Spo\u013eahliv\u00fd a efekt\u00edvny syst\u00e9m pre uzamknutie r\u00f4znych typov kontajnerovov\u00fdch poklopov kovov\u00fdch alebo plastov\u00fdch.<\/strong><\/p>\n\n\n\n<div style=\"height:20px\" aria-hidden=\"true\" class=\"wp-block-spacer\"><\/div>\n\n\n\n<div style=\"height:20px\" aria-hidden=\"true\" class=\"wp-block-spacer\"><\/div>\n\n\n\n<div class=\"wp-block-columns are-vertically-aligned-top has-accent-1-color has-text-color has-link-color wp-elements-0f783c93ef4e01347ad0be53afef89e1 is-layout-flex wp-container-core-columns-is-layout-9d6595d7 wp-block-columns-is-layout-flex\" style=\"font-size:0px;letter-spacing:3px\">\n<div class=\"wp-block-column is-vertically-aligned-top is-layout-flow wp-block-column-is-layout-flow\" style=\"font-size:22px\">\n<p class=\"has-text-align-center has-normal-font-size\"><i class=\"icon fa fa-check-square-o\" aria-hidden=\"true\"><\/i>   polopodzemn\u00e9 kontajnery<\/p>\n<\/div>\n\n\n\n<div class=\"wp-block-column is-vertically-aligned-top is-layout-flow wp-block-column-is-layout-flow\">\n<p class=\"has-text-align-center has-normal-font-size\"><i class=\"icon fa fa-check-square-o\" aria-hidden=\"true\"> <\/i>   bet\u00f3nov\u00e9 kryty kontajnerov<\/p>\n<\/div>\n\n\n\n<div class=\"wp-block-column is-vertically-aligned-top is-layout-flow wp-block-column-is-layout-flow\" style=\"font-size:22px\">\n<p class=\"has-text-align-center has-normal-font-size\"><i class=\"icon fa fa-check-square-o\" aria-hidden=\"true\"> <\/i>  r\u00f4zne typy poklopov<\/p>\n<\/div>\n<\/div>\n\n\n\n<div style=\"height:46px\" aria-hidden=\"true\" class=\"wp-block-spacer\"><\/div>\n\n\n\n<div class=\"wp-block-boldblocks-icon-separator\" role=\"separator\"><div class=\"wp-block-boldblocks-icon-separator__inner icon-center is-align-center\" style=\"--bb--width--sm:var(--bb--width--lg);--bb--width--md:var(--bb--width--lg);--bb--width--lg:25%;--bb-border:1px solid var(--wp--preset--color--accent-1, #e2671f);--bb--icon-width:1em;--bb--icon-spacing:.5em;--bb--icon-fill-color:var(--wp--preset--color--accent-1, #e2671f)\"><svg xmlns=\"http:\/\/www.w3.org\/2000\/svg\" viewBox=\"0 0 20 20\" class=\"bb-icon bb-icon--arrow-down-alt2\">\n  <path d=\"m5 6 5 5 5-5 2 1-7 7-7-7z\"><\/path>\n<\/svg><\/div><\/div>\n\n\n\n<div style=\"height:46px\" aria-hidden=\"true\" class=\"wp-block-spacer\"><\/div>\n\n\n\n<p class=\"has-text-align-center has-accent-1-color has-text-color has-large-font-size\" style=\"text-transform:uppercase\">rie\u0161eniE<\/p>\n\n\n\n<div class=\"wp-block-columns alignwide is-layout-flex wp-container-core-columns-is-layout-9d6595d7 wp-block-columns-is-layout-flex\">\n<div class=\"wp-block-column is-layout-flow wp-block-column-is-layout-flow\" style=\"flex-basis:250px\"><\/div>\n\n\n\n<div class=\"wp-block-column is-layout-flow wp-block-column-is-layout-flow\">\n<div class=\"wp-block-columns is-layout-flex wp-container-core-columns-is-layout-9d6595d7 wp-block-columns-is-layout-flex\">\n<div class=\"wp-block-column is-layout-flow wp-block-column-is-layout-flow\">\n<div class=\"wp-block-buttons is-horizontal is-content-justification-center is-nowrap is-layout-flex wp-container-core-buttons-is-layout-fc65f29c wp-block-buttons-is-layout-flex\">\n<div class=\"wp-block-button has-custom-width wp-block-button__width-100 has-custom-font-size has-normal-font-size\" style=\"letter-spacing:3px;text-transform:uppercase\"><a class=\"wp-block-button__link has-accent-1-background-color has-background wp-element-button\" href=\"https:\/\/ryscloud.sk\/index.php\/ikura-set\/\" style=\"border-radius:0px\">(a) kompaktn\u00e1 bat\u00e9riov\u00e1 sada<\/a><\/div>\n<\/div>\n\n\n\n<div style=\"height:40px\" aria-hidden=\"true\" class=\"wp-block-spacer\"><\/div>\n\n\n\n<p class=\"has-text-align-center has-large-font-size\" style=\"text-transform:none\">iKURA SET + z\u00e1mok<\/p>\n\n\n\n<p><strong>Kompaktn\u00e1 sada <\/strong>s jednotkou iKURA, <strong>integrovanou \u010d\u00edta\u010dkou<\/strong> a dob\u00edjate\u013en\u00fdmi bat\u00e9riami bat\u00e9riami a s elektromotorick\u00fdm z\u00e1mok KR-S70N. Syst\u00e9m funguje<strong> bez aktiva\u010dn\u00e9ho tla\u010didla,<\/strong> sta\u010d\u00ed prilo\u017ei\u0165 \u010dip k \u010d\u00edta\u010dke a z\u00e1mok sa odblokuje. Sada takmer nevy\u017eaduje \u00fadr\u017ebu, v\u010faka kompaktnosti je jeho in\u0161tal\u00e1cia jednoduch\u00e1 a r\u00fdchla. <strong>Bat\u00e9rie m\u00f4\u017eete opakovane dob\u00edja\u0165<\/strong> (v\u00fddr\u017e cca 15.000 otvoren\u00ed).<\/p>\n\n\n<div class=\"wp-block-image\">\n<figure class=\"aligncenter size-full is-resized\"><a href=\"https:\/\/ryscloud.sk\/index.php\/ikura-set\/\"><img loading=\"lazy\" decoding=\"async\" width=\"360\" height=\"270\" src=\"https:\/\/ryscloud.sk\/wp-content\/uploads\/2024\/11\/0042024001.jpg\" alt=\"\" class=\"wp-image-2865\" style=\"width:294px;height:auto\" srcset=\"https:\/\/ryscloud.sk\/wp-content\/uploads\/2024\/11\/0042024001.jpg 360w, https:\/\/ryscloud.sk\/wp-content\/uploads\/2024\/11\/0042024001-300x225.jpg 300w, https:\/\/ryscloud.sk\/wp-content\/uploads\/2024\/11\/0042024001-200x150.jpg 200w\" sizes=\"auto, (max-width: 360px) 100vw, 360px\" \/><\/a><\/figure>\n<\/div>\n\n\n<p>iKURA SET umo\u017e\u0148uje vytv\u00e1ranie u\u017e\u00edvate\u013esk\u00fdch skup\u00edn s r\u00f4znymi pr\u00edstupov\u00fdmi pr\u00e1vami a \u010dasov\u00fdch rozvrhom, s individu\u00e1lnym pred\u013a\u017een\u00edm \u010dasu otvorenia maj\u00fa star\u0161\u00ed a zdravotne znev\u00fdhodnen\u00ed obyvatelia dostatok \u010dasu na manipul\u00e1ciu s poklopom a preto vyhadzuj\u00fa smeti bez stresu. Spr\u00e1va u\u017e\u00edvate\u013esk\u00fdch \u010dipov je <strong>ve\u013emi jednoduch\u00e1 cez vzdialen\u00fa spr\u00e1vu SSO<\/strong> (cloudov\u00fd port\u00e1l<em> Spr\u00e1va smart objektov<\/em>), cez mobiln\u00fa aplik\u00e1ciu alebo cez PC. <\/p>\n\n\n\n<p>KURA sada dok\u00e1\u017ee <strong>ovl\u00e1da\u0165 viacer\u00e9 poklopy<\/strong>, \u010do je v\u00fdhodou napr pri kontajneroch a krytoch s dvojit\u00fdm vekom.<strong> <\/strong> Kompaktn\u00e1 sada s integrovanou \u010d\u00edta\u010dkou a dob\u00edjate\u013en\u00fdmi bat\u00e9riami je vhodn\u00e1 na ak\u00fdko\u013evek typ poklopu.<\/p>\n\n\n\n<div class=\"wp-block-buttons is-horizontal is-content-justification-center is-nowrap is-layout-flex wp-container-core-buttons-is-layout-fc65f29c wp-block-buttons-is-layout-flex\">\n<div class=\"wp-block-button has-custom-width wp-block-button__width-50 has-custom-font-size is-style-fill has-small-font-size\" style=\"letter-spacing:3px;text-transform:uppercase\"><a class=\"wp-block-button__link has-background wp-element-button\" href=\"https:\/\/ryscloud.sk\/index.php\/ikura-set\/\" style=\"border-radius:0px;background-color:#b5b5b5f7\">detail iKURA sady<\/a><\/div>\n<\/div>\n<\/div>\n<\/div>\n<\/div>\n\n\n\n<div class=\"wp-block-column is-layout-flow wp-block-column-is-layout-flow\" style=\"flex-basis:250px\"><\/div>\n<\/div>\n\n\n\n<div class=\"wp-block-boldblocks-icon-separator\" role=\"separator\"><div class=\"wp-block-boldblocks-icon-separator__inner icon-center is-align-center\" style=\"--bb--width--sm:var(--bb--width--lg);--bb--width--md:var(--bb--width--lg);--bb--width--lg:25%;--bb-border:1px solid var(--wp--preset--color--accent-1, #e2671f);--bb--icon-width:1em;--bb--icon-spacing:.5em;--bb--icon-fill-color:var(--wp--preset--color--accent-1, #e2671f)\"><svg xmlns=\"http:\/\/www.w3.org\/2000\/svg\" viewBox=\"0 0 20 20\" class=\"bb-icon bb-icon--arrow-down-alt2\">\n  <path d=\"m5 6 5 5 5-5 2 1-7 7-7-7z\"><\/path>\n<\/svg><\/div><\/div>\n\n\n\n<div style=\"height:29px\" aria-hidden=\"true\" class=\"wp-block-spacer\"><\/div>\n\n\n\n<p class=\"has-text-align-center has-large-font-size\">Realizovan\u00e9 in\u0161tal\u00e1cie na tieto typy poklopov:<\/p>\n\n\n\n<div style=\"height:23px\" aria-hidden=\"true\" class=\"wp-block-spacer\"><\/div>\n\n\n\n<div class=\"wp-block-columns are-vertically-aligned-top is-layout-flex wp-container-core-columns-is-layout-9d6595d7 wp-block-columns-is-layout-flex\" style=\"font-size:0px;letter-spacing:3px\">\n<div class=\"wp-block-column is-vertically-aligned-top is-layout-flow wp-block-column-is-layout-flow\" style=\"font-size:22px\">\n<p class=\"has-text-align-center has-normal-font-size\">  <i class=\"icon fa fa-check-square-o\" aria-hidden=\"true\"> <\/i>  Molok Classic 1,2<\/p>\n\n\n<div class=\"wp-block-image\">\n<figure class=\"aligncenter size-full is-resized\"><img loading=\"lazy\" decoding=\"async\" width=\"300\" height=\"294\" src=\"https:\/\/ryscloud.sk\/wp-content\/uploads\/2024\/11\/molok-classic-5m-1_w300px.jpg\" alt=\"\" class=\"wp-image-3003\" style=\"width:155px\" srcset=\"https:\/\/ryscloud.sk\/wp-content\/uploads\/2024\/11\/molok-classic-5m-1_w300px.jpg 300w, https:\/\/ryscloud.sk\/wp-content\/uploads\/2024\/11\/molok-classic-5m-1_w300px-153x150.jpg 153w\" sizes=\"auto, (max-width: 300px) 100vw, 300px\" \/><\/figure>\n<\/div><\/div>\n\n\n\n<div class=\"wp-block-column is-vertically-aligned-top is-layout-flow wp-block-column-is-layout-flow\">\n<p class=\"has-text-align-center has-normal-font-size\"><i class=\"icon fa fa-check-square-o\" aria-hidden=\"true\"> <\/i>   Molok Domino 1,2<\/p>\n\n\n<div class=\"wp-block-image\">\n<figure class=\"aligncenter size-full is-resized\"><img loading=\"lazy\" decoding=\"async\" width=\"300\" height=\"234\" src=\"https:\/\/ryscloud.sk\/wp-content\/uploads\/2024\/11\/molok-domino-5m-1_w300px.jpg\" alt=\"\" class=\"wp-image-3004\" style=\"width:200px\" srcset=\"https:\/\/ryscloud.sk\/wp-content\/uploads\/2024\/11\/molok-domino-5m-1_w300px.jpg 300w, https:\/\/ryscloud.sk\/wp-content\/uploads\/2024\/11\/molok-domino-5m-1_w300px-192x150.jpg 192w\" sizes=\"auto, (max-width: 300px) 100vw, 300px\" \/><\/figure>\n<\/div><\/div>\n\n\n\n<div class=\"wp-block-column is-vertically-aligned-top is-layout-flow wp-block-column-is-layout-flow\" style=\"font-size:22px\">\n<p class=\"has-text-align-center has-normal-font-size\"><i class=\"icon fa fa-check-square-o\" aria-hidden=\"true\"> <\/i>  SemiQ Elkoplast<\/p>\n\n\n<div class=\"wp-block-image\">\n<figure class=\"aligncenter size-full is-resized\"><img loading=\"lazy\" decoding=\"async\" width=\"300\" height=\"309\" src=\"https:\/\/ryscloud.sk\/wp-content\/uploads\/2024\/11\/semig-1_w300px.jpg\" alt=\"\" class=\"wp-image-3000\" style=\"width:155px\" srcset=\"https:\/\/ryscloud.sk\/wp-content\/uploads\/2024\/11\/semig-1_w300px.jpg 300w, https:\/\/ryscloud.sk\/wp-content\/uploads\/2024\/11\/semig-1_w300px-291x300.jpg 291w, https:\/\/ryscloud.sk\/wp-content\/uploads\/2024\/11\/semig-1_w300px-146x150.jpg 146w\" sizes=\"auto, (max-width: 300px) 100vw, 300px\" \/><\/figure>\n<\/div><\/div>\n\n\n\n<div class=\"wp-block-column is-layout-flow wp-block-column-is-layout-flow\">\n<p class=\"has-text-align-center has-normal-font-size\"><i class=\"icon fa fa-check-square-o\" aria-hidden=\"true\"> <\/i>  Paul Wolff<\/p>\n\n\n<div class=\"wp-block-image\">\n<figure class=\"aligncenter size-full is-resized\"><img loading=\"lazy\" decoding=\"async\" width=\"300\" height=\"284\" src=\"https:\/\/ryscloud.sk\/wp-content\/uploads\/2024\/11\/paulwolff-tmavy-1_w300px.jpg\" alt=\"\" class=\"wp-image-2999\" style=\"width:170px\" srcset=\"https:\/\/ryscloud.sk\/wp-content\/uploads\/2024\/11\/paulwolff-tmavy-1_w300px.jpg 300w, https:\/\/ryscloud.sk\/wp-content\/uploads\/2024\/11\/paulwolff-tmavy-1_w300px-158x150.jpg 158w\" sizes=\"auto, (max-width: 300px) 100vw, 300px\" \/><\/figure>\n<\/div><\/div>\n<\/div>\n\n\n\n<div style=\"height:23px\" aria-hidden=\"true\" class=\"wp-block-spacer\"><\/div>\n\n\n\n<p class=\"has-text-align-center has-accent-1-color has-text-color has-link-color wp-elements-4c7fc7ac434f4b1a68d1e57c3b825db0\">M\u00e1te in\u00fd kontajner? Povedzte n\u00e1m ak\u00fd a my V\u00e1m povieme ako ho uzamkn\u00fa\u0165!<\/p>\n","protected":false},"excerpt":{"rendered":"<p>bat\u00e9riov\u00fd pr\u00edstupov\u00fd syst\u00e9m pre kontajnery Aj polopodzemn\u00e9 kontajnery alebo kontajnery umiestnen\u00e9 v krytoch, skriniach a boxoch musia ma\u0165 kontrolu pr\u00edstupu len &hellip;<\/p>\n","protected":false},"author":2,"featured_media":0,"parent":0,"menu_order":0,"comment_status":"closed","ping_status":"closed","template":"","meta":{"_exactmetrics_skip_tracking":false,"_exactmetrics_sitenote_active":false,"_exactmetrics_sitenote_note":"","_exactmetrics_sitenote_category":0,"footnotes":""},"class_list":["post-2972","page","type-page","status-publish","hentry"],"_links":{"self":[{"href":"https:\/\/ryscloud.sk\/index.php\/wp-json\/wp\/v2\/pages\/2972","targetHints":{"allow":["GET"]}}],"collection":[{"href":"https:\/\/ryscloud.sk\/index.php\/wp-json\/wp\/v2\/pages"}],"about":[{"href":"https:\/\/ryscloud.sk\/index.php\/wp-json\/wp\/v2\/types\/page"}],"author":[{"embeddable":true,"href":"https:\/\/ryscloud.sk\/index.php\/wp-json\/wp\/v2\/users\/2"}],"replies":[{"embeddable":true,"href":"https:\/\/ryscloud.sk\/index.php\/wp-json\/wp\/v2\/comments?post=2972"}],"version-history":[{"count":46,"href":"https:\/\/ryscloud.sk\/index.php\/wp-json\/wp\/v2\/pages\/2972\/revisions"}],"predecessor-version":[{"id":3328,"href":"https:\/\/ryscloud.sk\/index.php\/wp-json\/wp\/v2\/pages\/2972\/revisions\/3328"}],"wp:attachment":[{"href":"https:\/\/ryscloud.sk\/index.php\/wp-json\/wp\/v2\/media?parent=2972"}],"curies":[{"name":"wp","href":"https:\/\/api.w.org\/{rel}","templated":true}]}}