{"id":3286,"date":"2024-11-17T20:25:45","date_gmt":"2024-11-17T19:25:45","guid":{"rendered":"https:\/\/ryscloud.sk\/?page_id=3286"},"modified":"2024-11-17T20:57:31","modified_gmt":"2024-11-17T19:57:31","slug":"elektronicke-zavory","status":"publish","type":"page","link":"https:\/\/ryscloud.sk\/index.php\/elektronicke-zavory\/","title":{"rendered":"Elektronick\u00e9 z\u00e1vory"},"content":{"rendered":"\n<h2 class=\"wp-block-heading has-text-align-center\" style=\"text-transform:uppercase\">elektronick\u00e9 zamykanie lesn\u00fdch z\u00e1vor <\/h2>\n\n\n\n<p class=\"has-text-align-center\">Regulovanie vstupu do chr\u00e1nen\u00fdch oblast\u00ed ako s\u00fa n\u00e1rodn\u00e9 parky a chr\u00e1nen\u00e9 krajinn\u00e9 oblasti je d\u00f4le\u017eitou s\u00fa\u010das\u0165ou ochrany pr\u00edrody.<\/p>\n\n\n\n<div class=\"wp-block-boldblocks-icon-separator\" role=\"separator\"><div class=\"wp-block-boldblocks-icon-separator__inner icon-center is-align-center\" style=\"--bb--width--sm:var(--bb--width--lg);--bb--width--md:var(--bb--width--lg);--bb--width--lg:25%;--bb-border:1px solid var(--wp--preset--color--accent-1, #e2671f);--bb--icon-width:1em;--bb--icon-spacing:.5em;--bb--icon-fill-color:var(--wp--preset--color--accent-1, #e2671f)\"><svg xmlns=\"http:\/\/www.w3.org\/2000\/svg\" viewBox=\"0 0 20 20\" class=\"bb-icon bb-icon--arrow-down-alt2\">\n  <path d=\"m5 6 5 5 5-5 2 1-7 7-7-7z\"><\/path>\n<\/svg><\/div><\/div>\n\n\n\n<div style=\"height:25px\" aria-hidden=\"true\" class=\"wp-block-spacer\"><\/div>\n\n\n\n<div class=\"wp-block-columns is-layout-flex wp-container-core-columns-is-layout-9d6595d7 wp-block-columns-is-layout-flex\">\n<div class=\"wp-block-column has-sitebg-background-color has-background is-layout-flow wp-block-column-is-layout-flow\">\n<div class=\"wp-block-columns is-layout-flex wp-container-core-columns-is-layout-9d6595d7 wp-block-columns-is-layout-flex\">\n<div class=\"wp-block-column is-layout-flow wp-block-column-is-layout-flow\">\n<p class=\"has-drop-cap has-accent-1-color has-text-color\" style=\"font-size:8px\">1<\/p>\n<\/div>\n\n\n\n<div class=\"wp-block-column is-layout-flow wp-block-column-is-layout-flow\" style=\"flex-basis:300px\">\n<p class=\"has-large-font-size\" style=\"text-transform:uppercase\">unik\u00e1tne kon\u0161truk\u010dn\u00e9 rie\u0161enie<\/p>\n<\/div>\n<\/div>\n<\/div>\n\n\n\n<div class=\"wp-block-column is-layout-flow wp-block-column-is-layout-flow\">\n<div class=\"wp-block-columns is-layout-flex wp-container-core-columns-is-layout-9d6595d7 wp-block-columns-is-layout-flex\">\n<div class=\"wp-block-column is-layout-flow wp-block-column-is-layout-flow\">\n<p class=\"has-drop-cap has-accent-1-color has-text-color\" style=\"font-size:8px\">2<\/p>\n<\/div>\n\n\n\n<div class=\"wp-block-column is-layout-flow wp-block-column-is-layout-flow\" style=\"flex-basis:300px\">\n<p class=\"has-large-font-size\" style=\"text-transform:uppercase\">MODERN\u00e1 TECHNOL\u00d3GIA SO SPR\u00e1VOU V SSO<\/p>\n<\/div>\n<\/div>\n<\/div>\n\n\n\n<div class=\"wp-block-column is-layout-flow wp-block-column-is-layout-flow\">\n<div class=\"wp-block-columns is-layout-flex wp-container-core-columns-is-layout-9d6595d7 wp-block-columns-is-layout-flex\">\n<div class=\"wp-block-column is-layout-flow wp-block-column-is-layout-flow\">\n<p class=\"has-drop-cap has-accent-1-color has-text-color\" style=\"font-size:8px\">3<\/p>\n<\/div>\n\n\n\n<div class=\"wp-block-column is-layout-flow wp-block-column-is-layout-flow\" style=\"flex-basis:300px\">\n<p class=\"has-large-font-size\" style=\"text-transform:uppercase\">NAP\u00e1JANIE BAT\u00e9RIOU S KONTROLOU STAVU NA DIA\u013eKU<\/p>\n<\/div>\n<\/div>\n<\/div>\n<\/div>\n\n\n\n<div class=\"wp-block-columns is-layout-flex wp-container-core-columns-is-layout-9d6595d7 wp-block-columns-is-layout-flex\">\n<div class=\"wp-block-column has-sitebg-background-color has-background is-layout-flow wp-block-column-is-layout-flow\">\n<div class=\"wp-block-columns is-layout-flex wp-container-core-columns-is-layout-9d6595d7 wp-block-columns-is-layout-flex\">\n<div class=\"wp-block-column is-layout-flow wp-block-column-is-layout-flow\">\n<p class=\"has-drop-cap has-accent-1-color has-text-color\" style=\"font-size:8px\">4<\/p>\n<\/div>\n\n\n\n<div class=\"wp-block-column is-layout-flow wp-block-column-is-layout-flow\" style=\"flex-basis:300px\">\n<p class=\"has-large-font-size\" style=\"text-transform:uppercase\">ROBUSTN\u00c1, ODOLN\u00e1, VYROBEN\u00e1 Z NEREZU<\/p>\n<\/div>\n<\/div>\n<\/div>\n\n\n\n<div class=\"wp-block-column is-layout-flow wp-block-column-is-layout-flow\">\n<div class=\"wp-block-columns is-layout-flex wp-container-core-columns-is-layout-9d6595d7 wp-block-columns-is-layout-flex\">\n<div class=\"wp-block-column is-layout-flow wp-block-column-is-layout-flow\">\n<p class=\"has-drop-cap has-accent-1-color has-text-color\" style=\"font-size:8px\">5<\/p>\n<\/div>\n\n\n\n<div class=\"wp-block-column is-layout-flow wp-block-column-is-layout-flow\" style=\"flex-basis:300px\">\n<p class=\"has-large-font-size\" style=\"text-transform:uppercase\">nekop\u00edrovate\u013en\u00e9 \u010dipy DESFIRE &#8211; vysok\u00e1 d\u00e1tov\u00e1 bezpe\u010dnos\u0165<\/p>\n<\/div>\n<\/div>\n<\/div>\n\n\n\n<div class=\"wp-block-column is-layout-flow wp-block-column-is-layout-flow\">\n<div class=\"wp-block-columns is-layout-flex wp-container-core-columns-is-layout-9d6595d7 wp-block-columns-is-layout-flex\">\n<div class=\"wp-block-column is-layout-flow wp-block-column-is-layout-flow\">\n<p class=\"has-drop-cap has-accent-1-color has-text-color\" style=\"font-size:8px\">6<\/p>\n<\/div>\n\n\n\n<div class=\"wp-block-column is-layout-flow wp-block-column-is-layout-flow\" style=\"flex-basis:300px\">\n<p class=\"has-large-font-size\" style=\"text-transform:uppercase\">n\u00fadzov\u00e9 odblokovanie na dia\u013eku<\/p>\n<\/div>\n<\/div>\n<\/div>\n<\/div>\n\n\n\t\t<div id=\"serious-slider-49-rnd2167\" class=\"cryout-serious-slider seriousslider serious-slider-49-rnd2167 serious-slider-49 seriousslider-overlay0 seriousslider-square seriousslider-shadow-none seriousslider-responsive-legacy seriousslider-hidetitles-0 seriousslider-fade seriousslider-sizing0 seriousslider-aligncenter seriousslider-caption-animation-slide seriousslider-textstyle-bgcolor\" data-ride=\"seriousslider\">\n\t\t\t<div class=\"seriousslider-inner\" role=\"listbox\">\n\n\t\t\t\n\t\t\t<div class=\"item slide-1 active\" role=\"option\">\n\t\t\t\t\t\t\t\t<a  >\n\t\t\t\t\t<img decoding=\"async\" class=\"item-image\" src=\"https:\/\/ryscloud.sk\/wp-content\/uploads\/2024\/10\/slov-raj-klastorisko-1.jpg\" alt=\"Elektronick\u00e1 z\u00e1vora\" >\n\t\t\t\t<\/a>\n\t\t\t\t\t\t\t\t\t\t\t\t<div class=\"seriousslider-caption\">\n\t\t\t\t\t<div class=\"seriousslider-caption-inside\">\n\t\t\t\t\t\t<div class=\"seriousslider-caption-title\"><span>Elektronick\u00e1 z\u00e1vora<\/span><\/div>\t\t\t\t\t\t\t\t\t\t\t\t<div class=\"seriousslider-caption-buttons\">\n\t\t\t\t\t\t\t\t\t\t\t\t\t\t\t\t\t\t\t\t\t\t\t\t\t\t\t\t\t\t\t\t\t\t\t\t\t\t\t\t\t\t\t<\/div>\n\t\t\t\t\t<\/div><!--seriousslider-caption-inside-->\n\t\t\t\t<\/div><!--seriousslider-caption-->\n\t\t\t\t\t\t\t\t<div class=\"seriousslider-hloader\"><\/div>\n\t\t\t\t<figure class=\"seriousslider-cloader\">\n\t\t\t\t\t<svg width=\"200\" height=\"200\">\n\t\t\t\t\t\t<circle cx=\"95\" cy=\"95\" r=\"20\" transform=\"rotate(-90, 95, 95)\"\/>\n\t\t\t\t\t<\/svg>\n\t\t\t  <\/figure>\n\t\t\t<\/div>\n\n\t\t\t\n\t\t\t<div class=\"item slide-2 \" role=\"option\">\n\t\t\t\t\t\t\t\t<a  >\n\t\t\t\t\t<img decoding=\"async\" class=\"item-image\" src=\"https:\/\/ryscloud.sk\/wp-content\/uploads\/2024\/10\/slov-raj-konferencia_rampa.jpg\" alt=\"St\u013apik s elektronikou\" >\n\t\t\t\t<\/a>\n\t\t\t\t\t\t\t\t\t\t\t\t<div class=\"seriousslider-caption\">\n\t\t\t\t\t<div class=\"seriousslider-caption-inside\">\n\t\t\t\t\t\t<div class=\"seriousslider-caption-title\"><span>St\u013apik s elektronikou<\/span><\/div>\t\t\t\t\t\t\t\t\t\t\t\t<div class=\"seriousslider-caption-buttons\">\n\t\t\t\t\t\t\t\t\t\t\t\t\t\t\t\t\t\t\t\t\t\t\t\t\t\t\t\t\t\t\t\t\t\t\t\t\t\t\t\t\t\t\t<\/div>\n\t\t\t\t\t<\/div><!--seriousslider-caption-inside-->\n\t\t\t\t<\/div><!--seriousslider-caption-->\n\t\t\t\t\t\t\t\t<div class=\"seriousslider-hloader\"><\/div>\n\t\t\t\t<figure class=\"seriousslider-cloader\">\n\t\t\t\t\t<svg width=\"200\" height=\"200\">\n\t\t\t\t\t\t<circle cx=\"95\" cy=\"95\" r=\"20\" transform=\"rotate(-90, 95, 95)\"\/>\n\t\t\t\t\t<\/svg>\n\t\t\t  <\/figure>\n\t\t\t<\/div>\n\n\t\t\t\n\t\t\t<div class=\"item slide-3 \" role=\"option\">\n\t\t\t\t\t\t\t\t<a  >\n\t\t\t\t\t<img decoding=\"async\" class=\"item-image\" src=\"https:\/\/ryscloud.sk\/wp-content\/uploads\/2024\/10\/slov-raj-fotopasca-1.jpg\" alt=\"Fotopasca pri lesnej z\u00e1vore\" >\n\t\t\t\t<\/a>\n\t\t\t\t\t\t\t\t\t\t\t\t<div class=\"seriousslider-caption\">\n\t\t\t\t\t<div class=\"seriousslider-caption-inside\">\n\t\t\t\t\t\t<div class=\"seriousslider-caption-title\"><span>Fotopasca pri lesnej z\u00e1vore<\/span><\/div>\t\t\t\t\t\t\t\t\t\t\t\t<div class=\"seriousslider-caption-buttons\">\n\t\t\t\t\t\t\t\t\t\t\t\t\t\t\t\t\t\t\t\t\t\t\t\t\t\t\t\t\t\t\t\t\t\t\t\t\t\t\t\t\t\t\t<\/div>\n\t\t\t\t\t<\/div><!--seriousslider-caption-inside-->\n\t\t\t\t<\/div><!--seriousslider-caption-->\n\t\t\t\t\t\t\t\t<div class=\"seriousslider-hloader\"><\/div>\n\t\t\t\t<figure class=\"seriousslider-cloader\">\n\t\t\t\t\t<svg width=\"200\" height=\"200\">\n\t\t\t\t\t\t<circle cx=\"95\" cy=\"95\" r=\"20\" transform=\"rotate(-90, 95, 95)\"\/>\n\t\t\t\t\t<\/svg>\n\t\t\t  <\/figure>\n\t\t\t<\/div>\n\n\t\t\t\t\t\t<\/div>\n\n\t\t\t<div class=\"seriousslider-indicators\">\n\t\t\t\t<ol class=\"seriousslider-indicators-inside\">\n\t\t\t\t\t\t\t\t\t\t<li data-target=\"#serious-slider-49\" data-slide-to=\"0\" class=\"active\"><\/li>\n\t\t\t\t\t\t\t\t\t\t<li data-target=\"#serious-slider-49\" data-slide-to=\"1\" ><\/li>\n\t\t\t\t\t\t\t\t\t\t<li data-target=\"#serious-slider-49\" data-slide-to=\"2\" ><\/li>\n\t\t\t\t\t\t\t\t\t<\/ol>\n\t\t\t<\/div>\n\n\t\t\t<button class=\"left seriousslider-control\" data-target=\"#serious-slider-49-rnd2167\" role=\"button\" data-slide=\"prev\">\n\t\t\t  <span class=\"sicon-prev control-arrow\" aria-hidden=\"true\"><\/span>\n\t\t\t  <span class=\"sr-only\">Previous Slide<\/span>\n\t\t\t<\/button>\n\t\t\t<button class=\"right seriousslider-control\" data-target=\"#serious-slider-49-rnd2167\" role=\"button\" data-slide=\"next\">\n\t\t\t  <span class=\"sicon-next control-arrow\" aria-hidden=\"true\"><\/span>\n\t\t\t  <span class=\"sr-only\">Next Slide<\/span>\n\t\t\t<\/button>\n\t\t<\/div>\n\t\t\n\n\n\n<div style=\"height:30px\" aria-hidden=\"true\" class=\"wp-block-spacer\"><\/div>\n\n\n\n<p class=\"has-text-align-center has-large-font-size\"><strong>Do detailov prepracovan\u00e1 kon\u0161trukcia, ktor\u00e1 v sebe sp\u00e1ja mechanick\u00fa odolnos\u0165 a inteligentn\u00e9 rie\u0161enie elektronick\u00e9ho uzamknutia vyu\u017e\u00edvaj\u00fac modern\u00e9 technol\u00f3gie a najnov\u0161ie trendy v n\u00edzkooberov\u00fdch pr\u00edstupov\u00fdch syst\u00e9moch nap\u00e1jan\u00fdch bat\u00e9riou .  <\/strong><\/p>\n\n\n\n<div style=\"height:20px\" aria-hidden=\"true\" class=\"wp-block-spacer\"><\/div>\n\n\n\n<div class=\"wp-block-columns are-vertically-aligned-top has-accent-1-color has-text-color has-link-color wp-elements-7118d6e391d8b7cb28270fb2a0b9a608 is-layout-flex wp-container-core-columns-is-layout-9d6595d7 wp-block-columns-is-layout-flex\" style=\"font-size:0px;letter-spacing:3px\">\n<div class=\"wp-block-column is-vertically-aligned-top is-layout-flow wp-block-column-is-layout-flow\" style=\"font-size:22px\">\n<p class=\"has-text-align-center has-normal-font-size\"><i class=\"icon fa fa-check-square-o\" aria-hidden=\"true\"><\/i> lesn\u00e9 z\u00e1vory<\/p>\n<\/div>\n\n\n\n<div class=\"wp-block-column is-vertically-aligned-top is-layout-flow wp-block-column-is-layout-flow\">\n<p class=\"has-text-align-center has-normal-font-size\"><i class=\"icon fa fa-check-square-o\" aria-hidden=\"true\"><\/i> lesn\u00e9 stavby bez elektriny<\/p>\n<\/div>\n\n\n\n<div class=\"wp-block-column is-vertically-aligned-top is-layout-flow wp-block-column-is-layout-flow\" style=\"font-size:22px\">\n<p class=\"has-text-align-center has-normal-font-size\"><i class=\"icon fa fa-check-square-o\" aria-hidden=\"true\"><\/i> posedy<\/p>\n<\/div>\n<\/div>\n\n\n\n<div style=\"height:46px\" aria-hidden=\"true\" class=\"wp-block-spacer\"><\/div>\n\n\n\n<div class=\"wp-block-boldblocks-icon-separator\" role=\"separator\"><div class=\"wp-block-boldblocks-icon-separator__inner icon-center is-align-center\" style=\"--bb--width--sm:var(--bb--width--lg);--bb--width--md:var(--bb--width--lg);--bb--width--lg:25%;--bb-border:1px solid var(--wp--preset--color--accent-1, #e2671f);--bb--icon-width:1em;--bb--icon-spacing:.5em;--bb--icon-fill-color:var(--wp--preset--color--accent-1, #e2671f)\"><svg xmlns=\"http:\/\/www.w3.org\/2000\/svg\" viewBox=\"0 0 20 20\" class=\"bb-icon bb-icon--arrow-down-alt2\">\n  <path d=\"m5 6 5 5 5-5 2 1-7 7-7-7z\"><\/path>\n<\/svg><\/div><\/div>\n\n\n\n<p class=\"has-text-align-center has-accent-1-color has-text-color has-large-font-size\" style=\"text-transform:uppercase\">rie\u0161enie<\/p>\n\n\n\n<div class=\"wp-block-columns alignwide is-layout-flex wp-container-core-columns-is-layout-9d6595d7 wp-block-columns-is-layout-flex\">\n<div class=\"wp-block-column is-layout-flow wp-block-column-is-layout-flow\">\n<div class=\"wp-block-columns is-layout-flex wp-container-core-columns-is-layout-9d6595d7 wp-block-columns-is-layout-flex\">\n<div class=\"wp-block-column is-layout-flow wp-block-column-is-layout-flow\">\n<div class=\"wp-block-buttons is-horizontal is-content-justification-center is-nowrap is-layout-flex wp-container-core-buttons-is-layout-fc65f29c wp-block-buttons-is-layout-flex\">\n<div class=\"wp-block-button has-custom-width wp-block-button__width-100 has-custom-font-size has-normal-font-size\" style=\"letter-spacing:3px;text-transform:uppercase\"><a class=\"wp-block-button__link has-accent-1-background-color has-background wp-element-button\" href=\"https:\/\/ryscloud.sk\/index.php\/ikura-set\/\" style=\"border-radius:0px\">elektronick\u00e9 uzamykanie<\/a><\/div>\n<\/div>\n\n\n\n<div style=\"height:40px\" aria-hidden=\"true\" class=\"wp-block-spacer\"><\/div>\n\n\n\n<p class=\"has-text-align-center has-large-font-size\" style=\"text-transform:none\">iKURA SET + z\u00e1mok<\/p>\n\n\n\n<p><strong>Kompaktn\u00e1 sada <\/strong>s jednotkou iKURA, <strong>integrovanou \u010d\u00edta\u010dkou<\/strong> a dob\u00edjate\u013en\u00fdmi bat\u00e9riami bat\u00e9riami a s elektromotorick\u00fdm z\u00e1mok KR-S70N upraven\u00e1 pre osadenie do kon\u0161trukcie st\u013apika z\u00e1vory . Syst\u00e9m funguje<strong> bez aktiva\u010dn\u00e9ho tla\u010didla,<\/strong> sta\u010d\u00ed prilo\u017ei\u0165 \u010dip k \u010d\u00edta\u010dke a z\u00e1mok sa odblokuje. Sada takmer nevy\u017eaduje \u00fadr\u017ebu, <strong>bat\u00e9rie m\u00f4\u017eete opakovane dob\u00edja\u0165<\/strong> (v\u00fddr\u017e cca 15.000 otvoren\u00ed).<\/p>\n\n\n<div class=\"wp-block-image\">\n<figure class=\"aligncenter size-full is-resized\"><a href=\"https:\/\/ryscloud.sk\/index.php\/ikura-set\/\"><img loading=\"lazy\" decoding=\"async\" width=\"360\" height=\"270\" src=\"https:\/\/ryscloud.sk\/wp-content\/uploads\/2024\/11\/0042024001.jpg\" alt=\"\" class=\"wp-image-2865\" style=\"width:294px;height:auto\" srcset=\"https:\/\/ryscloud.sk\/wp-content\/uploads\/2024\/11\/0042024001.jpg 360w, https:\/\/ryscloud.sk\/wp-content\/uploads\/2024\/11\/0042024001-300x225.jpg 300w, https:\/\/ryscloud.sk\/wp-content\/uploads\/2024\/11\/0042024001-200x150.jpg 200w\" sizes=\"auto, (max-width: 360px) 100vw, 360px\" \/><\/a><\/figure>\n<\/div>\n\n\n<p>iKURA sada je doplnen\u00e1 o tla\u010didlo, ktor\u00fdm je mo\u017en\u00e9 vy\u017eiada\u0165<strong> otvorenie na dia\u013eku <\/strong>v pr\u00edpade n\u00fadze, alebo ak osoba vstupuj\u00faca do chr\u00e1nen\u00e9ho priestoru nevlastn\u00ed identifika\u010dn\u00fd \u010dip.  Tam kde to podmienky dovo\u013euj\u00fa, m\u00f4\u017ee by\u0165 syst\u00e9m doplnen\u00fd o sol\u00e1rny panel, \u010do predl\u017euje v\u00fddr\u017e bat\u00e9ri\u00ed. Pou\u017eit\u00fd elektromotorick\u00fd z\u00e1mok podporuje n\u00edzodberov\u00fa prev\u00e1dzku a je vyroben\u00fd z nehrdzavej\u00facej ocele s mechanickou odolnos\u0165ou a vhodn\u00fd do vonkaj\u0161ieho prostredia.<\/p>\n\n\n\n<div class=\"wp-block-buttons is-horizontal is-content-justification-center is-nowrap is-layout-flex wp-container-core-buttons-is-layout-fc65f29c wp-block-buttons-is-layout-flex\">\n<div class=\"wp-block-button has-custom-width wp-block-button__width-50 has-custom-font-size is-style-fill has-small-font-size\" style=\"letter-spacing:3px;text-transform:uppercase\"><a class=\"wp-block-button__link has-background wp-element-button\" href=\"https:\/\/ryscloud.sk\/index.php\/ikura-set\/\" style=\"border-radius:0px;background-color:#b5b5b5f7\">detail iKURA sady<\/a><\/div>\n<\/div>\n<\/div>\n<\/div>\n<\/div>\n\n\n\n<div class=\"wp-block-column is-layout-flow wp-block-column-is-layout-flow\" style=\"flex-basis:100px\">\n<p class=\"has-text-align-center has-accent-1-color has-text-color has-link-color wp-elements-cbaed68ef66bbb727d01d997d31600bb\" style=\"font-size:50px\"><strong>+<\/strong><\/p>\n<\/div>\n\n\n\n<div class=\"wp-block-column is-layout-flow wp-block-column-is-layout-flow\">\n<div class=\"wp-block-columns is-layout-flex wp-container-core-columns-is-layout-9d6595d7 wp-block-columns-is-layout-flex\">\n<div class=\"wp-block-column is-layout-flow wp-block-column-is-layout-flow\">\n<div class=\"wp-block-buttons is-horizontal is-content-justification-center is-nowrap is-layout-flex wp-container-core-buttons-is-layout-fc65f29c wp-block-buttons-is-layout-flex\">\n<div class=\"wp-block-button has-custom-width wp-block-button__width-100 has-custom-font-size has-normal-font-size\" style=\"letter-spacing:3px;text-transform:uppercase\"><a class=\"wp-block-button__link has-accent-1-background-color has-background wp-element-button\" href=\"https:\/\/ryscloud.sk\/index.php\/ikura\/\" style=\"border-radius:0px\">mechanick\u00e1 kon\u0161trukcia<\/a><\/div>\n<\/div>\n\n\n\n<div style=\"height:40px\" aria-hidden=\"true\" class=\"wp-block-spacer\"><\/div>\n\n\n\n<p class=\"has-text-align-center has-large-font-size\" style=\"text-transform:none\">Z\u00e1vora<\/p>\n\n\n\n<p><strong>Nerezov\u00e1 z\u00e1vora so \u0161peci\u00e1lnym mechanizmom<\/strong> je ur\u010den\u00e1 pre miesta, kde nie je mo\u017en\u00fd pr\u00edvod elektrickej energie a vy\u017eaduje autoriz\u00e1cia vstupu.  <strong>Mechanizmus z\u00e1vory je elektronicky uzamknut\u00fd<\/strong>, odblokuje sa pou\u017eit\u00edm autorizovan\u00e9ho \u010dipu je mechanizmus odblokovan\u00fd a z\u00e1vora m\u00f4\u017ee by\u0165 mechanicky otvoren\u00e1. Sta\u010d\u00ed ak je v mieste osadenia z\u00e1vory sign\u00e1l 4G a z\u00e1vora m\u00f4\u017ee by\u0165 spravovan\u00e1 na dia\u013eku.<\/p>\n\n\n\n<ul class=\"wp-block-list\">\n<li>pevn\u00e1 <strong>robustn\u00e1 kon\u0161trukcia<\/strong> z nerezu<\/li>\n\n\n\n<li>odolnos\u0165 vo\u010di poveternostn\u00fdm vplyvom a vandalom<\/li>\n\n\n\n<li>reflexn\u00e9 prvky<\/li>\n\n\n\n<li>\u0161peci\u00e1lny mechanizmus odblokovania<\/li>\n\n\n\n<li>elektronick\u00e9 uzamknutie mechanizmu iKURA setom<\/li>\n\n\n\n<li><strong>elektronika chr\u00e1nen\u00e1 pred neodbornou<\/strong> <strong>alebo zlomyse\u013enou manipul\u00e1ciou<\/strong><\/li>\n\n\n\n<li>otvorenie so zvukovou signaliz\u00e1ciou<\/li>\n\n\n\n<li>jednoduch\u00e1 manipul\u00e1cia pri otv\u00e1ran\u00ed z\u00e1vory<\/li>\n\n\n\n<li><strong>z\u00e1znam udalost\u00ed<\/strong> o pou\u017eit\u00fdch \u010dipoch<\/li>\n\n\n\n<li><strong>kontrola stavu z\u00e1vory<\/strong> &#8211; otvoren\u00e1, zatvoren\u00e1, dlho otvoren\u00e1<\/li>\n\n\n\n<li>otvorenie na dia\u013eku v pr\u00edpadoch n\u00fadze<\/li>\n\n\n\n<li>odblokovanie z\u00e1vory pre vo\u013en\u00fd vstup na presne ur\u010den\u00fd \u010dasov\u00fd interval<\/li>\n\n\n\n<li><strong>odpor\u00fa\u010dame doplni\u0165 o FOTOPASCU<\/strong><\/li>\n<\/ul>\n<\/div>\n<\/div>\n\n\n\n<div class=\"wp-block-buttons is-horizontal is-content-justification-center is-nowrap is-layout-flex wp-container-core-buttons-is-layout-fc65f29c wp-block-buttons-is-layout-flex\">\n<div class=\"wp-block-button has-custom-width wp-block-button__width-50 has-custom-font-size is-style-fill has-small-font-size\" style=\"letter-spacing:3px;text-transform:uppercase\"><a class=\"wp-block-button__link has-background wp-element-button\" href=\"https:\/\/ryscloud.sk\/index.php\/category\/elektronicka-zavora\/\" style=\"border-radius:0px;background-color:#b5b5b5f7\">referencie<\/a><\/div>\n<\/div>\n<\/div>\n<\/div>\n\n\n\n<div class=\"wp-block-boldblocks-icon-separator\" role=\"separator\"><div class=\"wp-block-boldblocks-icon-separator__inner icon-center is-align-center\" style=\"--bb--width--sm:var(--bb--width--lg);--bb--width--md:var(--bb--width--lg);--bb--width--lg:25%;--bb-border:1px solid var(--wp--preset--color--accent-1, #e2671f);--bb--icon-width:1em;--bb--icon-spacing:.5em;--bb--icon-fill-color:var(--wp--preset--color--accent-1, #e2671f)\"><svg xmlns=\"http:\/\/www.w3.org\/2000\/svg\" viewBox=\"0 0 20 20\" class=\"bb-icon bb-icon--arrow-down-alt2\">\n  <path d=\"m5 6 5 5 5-5 2 1-7 7-7-7z\"><\/path>\n<\/svg><\/div><\/div>\n\n\n\n<div style=\"height:20px\" aria-hidden=\"true\" class=\"wp-block-spacer\"><\/div>\n\n\n\n<p class=\"has-text-align-center has-normal-font-size\">In\u0161tal\u00e1cia a <strong>nastavenie prev\u00e1dzkov\u00e9ho re\u017eimu  pr\u00edstupov\u00e9ho syst\u00e9my s \u00faspornou opera\u010dnou jednotkou iKURA je ve\u013emi jednoduch\u00e9 cez vzdialen\u00fa spr\u00e1vu SSO<\/strong> (cloudov\u00fd port\u00e1l<em> Spr\u00e1va smart objektov<\/em>), cez mobiln\u00fa aplik\u00e1ciu alebo cez PC. Opera\u010dn\u00e1 jednotka spolupracuje s bezkontaktnou <strong>\u010d\u00edta\u010dkou a \u010dipmi, ktor\u00e9 vyu\u017e\u00edvaj\u00fa bezpe\u010dn\u00fa technol\u00f3giu DESFire <\/strong>EV1, EV2, EV3 s ochranou pred vytv\u00e1ran\u00edm neautorizovan\u00fdch k\u00f3pi\u00ed a klonov. <\/p>\n\n\n\n<p class=\"has-text-align-center has-normal-font-size\">Syst\u00e9m umo\u017e\u0148uje r\u00f4zne nastavenia opr\u00e1vnen\u00ed pre viacer\u00e9 skupiny pou\u017e\u00edvate\u013eov ako s\u00fa napr. pracovn\u00edci lesnej spr\u00e1vy, majitelia pozemkov a pod. s mo\u017enos\u0165ou obmedzi\u0165 vstup na konkr\u00e9tny \u010das.<\/p>\n\n\n\n<div style=\"height:38px\" aria-hidden=\"true\" class=\"wp-block-spacer\"><\/div>\n\n\n\n<div class=\"wp-block-buttons is-horizontal is-content-justification-center is-nowrap is-layout-flex wp-container-core-buttons-is-layout-fc65f29c wp-block-buttons-is-layout-flex\">\n<div class=\"wp-block-button has-custom-width wp-block-button__width-50 has-custom-font-size is-style-fill has-normal-font-size\" style=\"letter-spacing:3px;text-transform:uppercase\"><a class=\"wp-block-button__link has-accent-1-background-color has-background wp-element-button\" href=\"https:\/\/ryscloud.sk\/index.php\/sso\/\" style=\"border-radius:0px\">spravujte z\u00e1voru cez SSO<\/a><\/div>\n<\/div>\n\n\n\n<p><\/p>\n","protected":false},"excerpt":{"rendered":"<p>elektronick\u00e9 zamykanie lesn\u00fdch z\u00e1vor Regulovanie vstupu do chr\u00e1nen\u00fdch oblast\u00ed ako s\u00fa n\u00e1rodn\u00e9 parky a chr\u00e1nen\u00e9 krajinn\u00e9 oblasti je d\u00f4le\u017eitou s\u00fa\u010das\u0165ou ochrany &hellip;<\/p>\n","protected":false},"author":2,"featured_media":0,"parent":0,"menu_order":0,"comment_status":"closed","ping_status":"closed","template":"","meta":{"_exactmetrics_skip_tracking":false,"_exactmetrics_sitenote_active":false,"_exactmetrics_sitenote_note":"","_exactmetrics_sitenote_category":0,"footnotes":""},"class_list":["post-3286","page","type-page","status-publish","hentry"],"_links":{"self":[{"href":"https:\/\/ryscloud.sk\/index.php\/wp-json\/wp\/v2\/pages\/3286","targetHints":{"allow":["GET"]}}],"collection":[{"href":"https:\/\/ryscloud.sk\/index.php\/wp-json\/wp\/v2\/pages"}],"about":[{"href":"https:\/\/ryscloud.sk\/index.php\/wp-json\/wp\/v2\/types\/page"}],"author":[{"embeddable":true,"href":"https:\/\/ryscloud.sk\/index.php\/wp-json\/wp\/v2\/users\/2"}],"replies":[{"embeddable":true,"href":"https:\/\/ryscloud.sk\/index.php\/wp-json\/wp\/v2\/comments?post=3286"}],"version-history":[{"count":15,"href":"https:\/\/ryscloud.sk\/index.php\/wp-json\/wp\/v2\/pages\/3286\/revisions"}],"predecessor-version":[{"id":3438,"href":"https:\/\/ryscloud.sk\/index.php\/wp-json\/wp\/v2\/pages\/3286\/revisions\/3438"}],"wp:attachment":[{"href":"https:\/\/ryscloud.sk\/index.php\/wp-json\/wp\/v2\/media?parent=3286"}],"curies":[{"name":"wp","href":"https:\/\/api.w.org\/{rel}","templated":true}]}}