{"id":3300,"date":"2024-11-15T13:49:21","date_gmt":"2024-11-15T12:49:21","guid":{"rendered":"https:\/\/ryscloud.sk\/?page_id=3300"},"modified":"2024-11-15T13:49:21","modified_gmt":"2024-11-15T12:49:21","slug":"pripravujeme","status":"publish","type":"page","link":"https:\/\/ryscloud.sk\/index.php\/pripravujeme\/","title":{"rendered":"Pripravujeme"},"content":{"rendered":"\n<p class=\"has-text-align-center has-large-font-size\">Na obsahu pracujeme a u\u017e \u010doskoro v\u00e1m prinesieme \u010fal\u0161ie inform\u00e1cie on na\u0161ich rie\u0161eniach.<\/p>\n\n\n\n<p><\/p>\n","protected":false},"excerpt":{"rendered":"<p>Na obsahu pracujeme a u\u017e \u010doskoro v\u00e1m prinesieme \u010fal\u0161ie inform\u00e1cie on na\u0161ich rie\u0161eniach.<\/p>\n","protected":false},"author":2,"featured_media":0,"parent":0,"menu_order":0,"comment_status":"closed","ping_status":"closed","template":"","meta":{"_exactmetrics_skip_tracking":false,"_exactmetrics_sitenote_active":false,"_exactmetrics_sitenote_note":"","_exactmetrics_sitenote_category":0,"footnotes":""},"class_list":["post-3300","page","type-page","status-publish","hentry"],"_links":{"self":[{"href":"https:\/\/ryscloud.sk\/index.php\/wp-json\/wp\/v2\/pages\/3300","targetHints":{"allow":["GET"]}}],"collection":[{"href":"https:\/\/ryscloud.sk\/index.php\/wp-json\/wp\/v2\/pages"}],"about":[{"href":"https:\/\/ryscloud.sk\/index.php\/wp-json\/wp\/v2\/types\/page"}],"author":[{"embeddable":true,"href":"https:\/\/ryscloud.sk\/index.php\/wp-json\/wp\/v2\/users\/2"}],"replies":[{"embeddable":true,"href":"https:\/\/ryscloud.sk\/index.php\/wp-json\/wp\/v2\/comments?post=3300"}],"version-history":[{"count":3,"href":"https:\/\/ryscloud.sk\/index.php\/wp-json\/wp\/v2\/pages\/3300\/revisions"}],"predecessor-version":[{"id":3306,"href":"https:\/\/ryscloud.sk\/index.php\/wp-json\/wp\/v2\/pages\/3300\/revisions\/3306"}],"wp:attachment":[{"href":"https:\/\/ryscloud.sk\/index.php\/wp-json\/wp\/v2\/media?parent=3300"}],"curies":[{"name":"wp","href":"https:\/\/api.w.org\/{rel}","templated":true}]}}