{"id":3348,"date":"2024-11-16T22:37:03","date_gmt":"2024-11-16T21:37:03","guid":{"rendered":"https:\/\/ryscloud.sk\/?page_id=3348"},"modified":"2025-03-20T15:53:58","modified_gmt":"2025-03-20T14:53:58","slug":"zariadenia","status":"publish","type":"page","link":"https:\/\/ryscloud.sk\/index.php\/zariadenia\/","title":{"rendered":"Zariadenia"},"content":{"rendered":"\n<p class=\"has-text-align-center has-large-font-size\" style=\"letter-spacing:3px;text-transform:uppercase\"> iKURA a \u010fal\u0161ie zariadenia pre inteligentn\u00fa vzdialen\u00fa spr\u00e1vu objektov<\/p>\n\n\n\n<p class=\"has-text-align-center has-accent-1-color has-text-color has-link-color wp-elements-d695912d0121ba8040c4151928af3380\" style=\"letter-spacing:3px\">Pr\u00edstupov\u00fd syst\u00e9m iKURA pon\u00faka mo\u017enosti kontroly a spr\u00e1vy uzamknut\u00e9ho objektu na dia\u013eku cez <a href=\"https:\/\/ryscloud.sk\/index.php\/sso\/\" data-type=\"page\" data-id=\"1734\">SSO<\/a>.<\/p>\n\n\n\n<div style=\"height:30px\" aria-hidden=\"true\" class=\"wp-block-spacer\"><\/div>\n\n\n\n<div class=\"wp-block-columns is-layout-flex wp-container-core-columns-is-layout-9d6595d7 wp-block-columns-is-layout-flex\" style=\"font-size:0px;letter-spacing:3px\">\n<div class=\"wp-block-column is-vertically-aligned-top is-layout-flow wp-block-column-is-layout-flow\" style=\"font-size:22px\">\n<p class=\"has-text-align-center has-normal-font-size\"><i class=\"icon fa fa-check-square-o\" aria-hidden=\"true\"> <\/i> iKURA SET<\/p>\n\n\n<div class=\"wp-block-image\">\n<figure class=\"aligncenter size-full is-resized\"><a href=\"https:\/\/ryscloud.sk\/index.php\/ikura-set\/\"><img loading=\"lazy\" decoding=\"async\" width=\"360\" height=\"270\" src=\"https:\/\/ryscloud.sk\/wp-content\/uploads\/2024\/11\/0042024001.jpg\" alt=\"\" class=\"wp-image-2865\" style=\"width:150px\" srcset=\"https:\/\/ryscloud.sk\/wp-content\/uploads\/2024\/11\/0042024001.jpg 360w, https:\/\/ryscloud.sk\/wp-content\/uploads\/2024\/11\/0042024001-300x225.jpg 300w, https:\/\/ryscloud.sk\/wp-content\/uploads\/2024\/11\/0042024001-200x150.jpg 200w\" sizes=\"auto, (max-width: 360px) 100vw, 360px\" \/><\/a><\/figure>\n<\/div>\n\n\n<div style=\"height:10px\" aria-hidden=\"true\" class=\"wp-block-spacer\"><\/div>\n\n\n\n<p class=\"has-text-align-center\" style=\"font-size:12px\"><strong>N\u00edzkooberov\u00e1 sada<\/strong>,  nap\u00e1jan\u00e1 dob\u00edjate\u013en\u00fdmi bat\u00e9riami,  \u00fasporn\u00e9 vhodn\u00e1 pre rie\u0161enia, kde nie je mo\u017en\u00fd in\u00fd typ nap\u00e1jania.<\/p>\n\n\n\n<div style=\"height:50px\" aria-hidden=\"true\" class=\"wp-block-spacer\"><\/div>\n<\/div>\n\n\n\n<div class=\"wp-block-column is-layout-flow wp-block-column-is-layout-flow\" style=\"flex-basis:80px\"><\/div>\n\n\n\n<div class=\"wp-block-column is-vertically-aligned-top is-layout-flow wp-block-column-is-layout-flow\">\n<p class=\"has-text-align-center has-normal-font-size\"><i class=\"icon fa fa-check-square-o\" aria-hidden=\"true\"> <\/i> iKURA<\/p>\n\n\n<div class=\"wp-block-image\">\n<figure class=\"aligncenter size-full is-resized\"><a href=\"https:\/\/ryscloud.sk\/index.php\/ikura\/\"><img loading=\"lazy\" decoding=\"async\" width=\"327\" height=\"320\" src=\"https:\/\/ryscloud.sk\/wp-content\/uploads\/2023\/05\/ikura_v05_2.jpg\" alt=\"\" class=\"wp-image-2266\" style=\"width:150px\" srcset=\"https:\/\/ryscloud.sk\/wp-content\/uploads\/2023\/05\/ikura_v05_2.jpg 327w, https:\/\/ryscloud.sk\/wp-content\/uploads\/2023\/05\/ikura_v05_2-300x294.jpg 300w, https:\/\/ryscloud.sk\/wp-content\/uploads\/2023\/05\/ikura_v05_2-102x100.jpg 102w\" sizes=\"auto, (max-width: 327px) 100vw, 327px\" \/><\/a><\/figure>\n<\/div>\n\n\n<div style=\"height:10px\" aria-hidden=\"true\" class=\"wp-block-spacer\"><\/div>\n\n\n\n<p class=\"has-text-align-center\" style=\"font-size:12px\"><strong>Opera\u010dn\u00e1 jednotka<\/strong>, vhodn\u00e1 pre v\u0161etky typy nap\u00e1jania &#8211; bat\u00e9ria, sol\u00e1r, no\u010dn\u00fd pr\u00fad, k\u00e1bel.<\/p>\n\n\n\n<div style=\"height:50px\" aria-hidden=\"true\" class=\"wp-block-spacer\"><\/div>\n<\/div>\n\n\n\n<div class=\"wp-block-column is-layout-flow wp-block-column-is-layout-flow\" style=\"flex-basis:80px\"><\/div>\n\n\n\n<div class=\"wp-block-column is-vertically-aligned-top is-layout-flow wp-block-column-is-layout-flow\" style=\"font-size:22px\">\n<p class=\"has-text-align-center has-normal-font-size\"><i class=\"icon fa fa-check-square-o\" aria-hidden=\"true\"> <\/i> Elektrick\u00e9 z\u00e1mky<\/p>\n\n\n<div class=\"wp-block-image\">\n<figure class=\"aligncenter size-full is-resized\"><a href=\"https:\/\/ryscloud.sk\/index.php\/elektricke-zamky\/\"><img loading=\"lazy\" decoding=\"async\" width=\"300\" height=\"279\" src=\"https:\/\/ryscloud.sk\/wp-content\/uploads\/2024\/11\/ez-kr70n-1.jpg\" alt=\"\" class=\"wp-image-3037\" style=\"width:151px;height:auto\" srcset=\"https:\/\/ryscloud.sk\/wp-content\/uploads\/2024\/11\/ez-kr70n-1.jpg 300w, https:\/\/ryscloud.sk\/wp-content\/uploads\/2024\/11\/ez-kr70n-1-161x150.jpg 161w\" sizes=\"auto, (max-width: 300px) 100vw, 300px\" \/><\/a><\/figure>\n<\/div>\n\n\n<div style=\"height:10px\" aria-hidden=\"true\" class=\"wp-block-spacer\"><\/div>\n\n\n\n<p class=\"has-text-align-center\" style=\"font-size:12px\">Z\u00e1mky vhodn\u00e9 do vonkaj\u0161ieho prostredia <strong>pre kr\u00eddlov\u00e9 a posuvn\u00e9 br\u00e1ny<\/strong>, dvierka boxov, z\u00e1vory.<\/p>\n\n\n\n<div style=\"height:50px\" aria-hidden=\"true\" class=\"wp-block-spacer\"><\/div>\n<\/div>\n<\/div>\n\n\n\n<div style=\"height:32px\" aria-hidden=\"true\" class=\"wp-block-spacer\"><\/div>\n\n\n\n<div class=\"wp-block-columns is-layout-flex wp-container-core-columns-is-layout-9d6595d7 wp-block-columns-is-layout-flex\" style=\"font-size:0px;letter-spacing:3px\">\n<div class=\"wp-block-column is-vertically-aligned-top is-layout-flow wp-block-column-is-layout-flow\" style=\"font-size:22px\">\n<p class=\"has-text-align-center has-normal-font-size\"><i class=\"icon fa fa-check-square-o\" aria-hidden=\"true\"> <\/i> \u010c\u00edta\u010dky a \u010dipy<\/p>\n\n\n<div class=\"wp-block-image\">\n<figure class=\"aligncenter size-full is-resized\"><a href=\"https:\/\/ryscloud.sk\/index.php\/citacky-a-cipy\/\"><img loading=\"lazy\" decoding=\"async\" width=\"320\" height=\"327\" src=\"https:\/\/ryscloud.sk\/wp-content\/uploads\/2023\/04\/ikura_citacka-cipy.jpg\" alt=\"\" class=\"wp-image-1660\" style=\"width:auto;height:150px\" srcset=\"https:\/\/ryscloud.sk\/wp-content\/uploads\/2023\/04\/ikura_citacka-cipy.jpg 320w, https:\/\/ryscloud.sk\/wp-content\/uploads\/2023\/04\/ikura_citacka-cipy-294x300.jpg 294w\" sizes=\"auto, (max-width: 320px) 100vw, 320px\" \/><\/a><\/figure>\n<\/div>\n\n\n<div style=\"height:10px\" aria-hidden=\"true\" class=\"wp-block-spacer\"><\/div>\n\n\n\n<p class=\"has-text-align-center\" style=\"font-size:12px\">Konfigurovate\u013en\u00e9 DESFire EV1, EV2, <strong>EV3<\/strong> \u010d\u00edta\u010dky a \u010dipy <strong>s ochranou proti kop\u00edrovaniu<\/strong>.<\/p>\n\n\n\n<div style=\"height:50px\" aria-hidden=\"true\" class=\"wp-block-spacer\"><\/div>\n<\/div>\n\n\n\n<div class=\"wp-block-column is-layout-flow wp-block-column-is-layout-flow\" style=\"flex-basis:80px\"><\/div>\n\n\n\n<div class=\"wp-block-column is-layout-flow wp-block-column-is-layout-flow\">\n<p class=\"has-text-align-center has-normal-font-size\"><i class=\"icon fa fa-check-square-o\" aria-hidden=\"true\"> <\/i> FOTOPASCA<\/p>\n\n\n<div class=\"wp-block-image\">\n<figure class=\"aligncenter size-full is-resized\"><a href=\"https:\/\/ryscloud.sk\/index.php\/fotopasca\/\"><img loading=\"lazy\" decoding=\"async\" width=\"300\" height=\"702\" src=\"https:\/\/ryscloud.sk\/wp-content\/uploads\/2024\/11\/fotopasca_w300px.jpg\" alt=\"\" class=\"wp-image-3172\" style=\"width:auto;height:150px\" srcset=\"https:\/\/ryscloud.sk\/wp-content\/uploads\/2024\/11\/fotopasca_w300px.jpg 300w, https:\/\/ryscloud.sk\/wp-content\/uploads\/2024\/11\/fotopasca_w300px-128x300.jpg 128w, https:\/\/ryscloud.sk\/wp-content\/uploads\/2024\/11\/fotopasca_w300px-64x150.jpg 64w\" sizes=\"auto, (max-width: 300px) 100vw, 300px\" \/><\/a><\/figure>\n<\/div>\n\n\n<div style=\"height:10px\" aria-hidden=\"true\" class=\"wp-block-spacer\"><\/div>\n\n\n\n<p class=\"has-text-align-center\" style=\"font-size:12px\">Monitorujte uzamknut\u00fd objekt na dia\u013eku cez cloudov\u00fa slu\u017ebu SSO.<\/p>\n\n\n\n<div style=\"height:50px\" aria-hidden=\"true\" class=\"wp-block-spacer\"><\/div>\n<\/div>\n\n\n\n<div class=\"wp-block-column is-layout-flow wp-block-column-is-layout-flow\" style=\"flex-basis:80px\"><\/div>\n\n\n\n<div class=\"wp-block-column is-layout-flow wp-block-column-is-layout-flow\">\n<p class=\"has-text-align-center has-normal-font-size\"><i class=\"icon fa fa-check-square-o\" aria-hidden=\"true\"> <\/i> SWAP<\/p>\n\n\n<div class=\"wp-block-image\">\n<figure class=\"aligncenter size-full is-resized\"><a href=\"https:\/\/ryscloud.sk\/index.php\/swap\/\"><img loading=\"lazy\" decoding=\"async\" width=\"300\" height=\"514\" src=\"https:\/\/ryscloud.sk\/wp-content\/uploads\/2024\/11\/swap_w300px.jpg\" alt=\"\" class=\"wp-image-3182\" style=\"width:auto;height:150px\" srcset=\"https:\/\/ryscloud.sk\/wp-content\/uploads\/2024\/11\/swap_w300px.jpg 300w, https:\/\/ryscloud.sk\/wp-content\/uploads\/2024\/11\/swap_w300px-175x300.jpg 175w, https:\/\/ryscloud.sk\/wp-content\/uploads\/2024\/11\/swap_w300px-88x150.jpg 88w\" sizes=\"auto, (max-width: 300px) 100vw, 300px\" \/><\/a><\/figure>\n<\/div>\n\n\n<div style=\"height:10px\" aria-hidden=\"true\" class=\"wp-block-spacer\"><\/div>\n\n\n\n<p class=\"has-text-align-center\" style=\"font-size:12px\"><strong>Multifunk\u010dn\u00e9 zariadenie<\/strong> pre pr\u00edstupov\u00e9 syst\u00e9my,zjednodu\u0161uje mnoh\u00e9 zlo\u017eit\u00e9 procesy pri prev\u00e1dzke.<\/p>\n\n\n\n<div style=\"height:50px\" aria-hidden=\"true\" class=\"wp-block-spacer\"><\/div>\n<\/div>\n<\/div>\n\n\n\n<div style=\"height:30px\" aria-hidden=\"true\" class=\"wp-block-spacer\"><\/div>\n\n\n\n<div class=\"wp-block-columns is-layout-flex wp-container-core-columns-is-layout-9d6595d7 wp-block-columns-is-layout-flex\" style=\"font-size:0px;letter-spacing:3px\">\n<div class=\"wp-block-column is-layout-flow wp-block-column-is-layout-flow\">\n<p class=\"has-text-align-center has-normal-font-size\"><i class=\"icon fa fa-check-square-o\" aria-hidden=\"true\"> <\/i>Pr\u00eddavn\u00e9 zariadenia<\/p>\n\n\n<div class=\"wp-block-image\">\n<figure class=\"aligncenter size-full is-resized\"><img loading=\"lazy\" decoding=\"async\" width=\"96\" height=\"300\" src=\"https:\/\/ryscloud.sk\/wp-content\/uploads\/2024\/11\/pin-citacka_h300px.jpg\" alt=\"\" class=\"wp-image-3215\" style=\"width:auto;height:150px\" srcset=\"https:\/\/ryscloud.sk\/wp-content\/uploads\/2024\/11\/pin-citacka_h300px.jpg 96w, https:\/\/ryscloud.sk\/wp-content\/uploads\/2024\/11\/pin-citacka_h300px-48x150.jpg 48w\" sizes=\"auto, (max-width: 96px) 100vw, 96px\" \/><\/figure>\n<\/div>\n\n\n<div style=\"height:10px\" aria-hidden=\"true\" class=\"wp-block-spacer\"><\/div>\n\n\n\n<p class=\"has-text-align-center\" style=\"font-size:12px\">Dopl\u0148te do syst\u00e9mu <strong>QR <\/strong>alebo<strong> PIN \u010d\u00edta\u010dku<\/strong>, zap\u00ednanie LED osvetlenia, <strong>modul v\u00e1\u017eenia<\/strong>, zvukov\u00fd alarm a in\u00e9.<\/p>\n\n\n\n<div style=\"height:50px\" aria-hidden=\"true\" class=\"wp-block-spacer\"><\/div>\n<\/div>\n\n\n\n<div class=\"wp-block-column is-layout-flow wp-block-column-is-layout-flow\" style=\"flex-basis:80px\"><\/div>\n\n\n\n<div class=\"wp-block-column is-vertically-aligned-top is-layout-flow wp-block-column-is-layout-flow\" style=\"font-size:22px\">\n<p class=\"has-text-align-center has-normal-font-size\"><i class=\"icon fa fa-check-square-o\" aria-hidden=\"true\"> <\/i> DMS<\/p>\n\n\n<div class=\"wp-block-image\">\n<figure class=\"aligncenter size-full is-resized\"><a href=\"https:\/\/ryscloud.sk\/index.php\/dms\/\"><img loading=\"lazy\" decoding=\"async\" width=\"300\" height=\"203\" src=\"https:\/\/ryscloud.sk\/wp-content\/uploads\/2024\/11\/dms_w300px-1.jpg\" alt=\"\" class=\"wp-image-3230\" style=\"width:auto;height:140px\" srcset=\"https:\/\/ryscloud.sk\/wp-content\/uploads\/2024\/11\/dms_w300px-1.jpg 300w, https:\/\/ryscloud.sk\/wp-content\/uploads\/2024\/11\/dms_w300px-1-222x150.jpg 222w\" sizes=\"auto, (max-width: 300px) 100vw, 300px\" \/><\/a><\/figure>\n<\/div>\n\n\n<div style=\"height:10px\" aria-hidden=\"true\" class=\"wp-block-spacer\"><\/div>\n\n\n\n<p class=\"has-text-align-center\" style=\"font-size:12px\"><strong>Dia\u013ekov\u00fd monitor spotreby s elektromerom<\/strong>, vhodn\u00e9 pre nap\u00e1janie na no\u010dn\u00fd pr\u00fad alebo k\u00e1blom.<\/p>\n\n\n\n<div style=\"height:50px\" aria-hidden=\"true\" class=\"wp-block-spacer\"><\/div>\n<\/div>\n\n\n\n<div class=\"wp-block-column is-layout-flow wp-block-column-is-layout-flow\" style=\"flex-basis:80px\"><\/div>\n\n\n\n<div class=\"wp-block-column is-vertically-aligned-top is-layout-flow wp-block-column-is-layout-flow\">\n<p class=\"has-text-align-center has-normal-font-size\"><i class=\"icon fa fa-check-square-o\" aria-hidden=\"true\"> <\/i> Senzor naplnenosti <\/p>\n\n\n\n<div style=\"height:15px\" aria-hidden=\"true\" class=\"wp-block-spacer\"><\/div>\n\n\n<div class=\"wp-block-image\">\n<figure class=\"aligncenter size-full is-resized\"><img loading=\"lazy\" decoding=\"async\" width=\"300\" height=\"143\" src=\"https:\/\/ryscloud.sk\/wp-content\/uploads\/2024\/11\/senzor_w300px.jpg\" alt=\"\" class=\"wp-image-3173\" style=\"width:150px\"\/><\/figure>\n<\/div>\n\n\n<div style=\"height:10px\" aria-hidden=\"true\" class=\"wp-block-spacer\"><\/div>\n\n\n\n<p class=\"has-text-align-center\" style=\"font-size:12px\"><strong>Bez\u00fadr\u017ebov\u00fd kompaktn\u00fd sn\u00edma\u010d<\/strong> naplnenosti odpadovej n\u00e1doby s pl\u00e1novan\u00edm tr\u00e1s zvozu.<\/p>\n\n\n\n<div style=\"height:50px\" aria-hidden=\"true\" class=\"wp-block-spacer\"><\/div>\n<\/div>\n<\/div>\n\n\n\n<div style=\"height:32px\" aria-hidden=\"true\" class=\"wp-block-spacer\"><\/div>\n\n\n\n<div class=\"wp-block-columns is-layout-flex wp-container-core-columns-is-layout-9d6595d7 wp-block-columns-is-layout-flex\" style=\"font-size:0px;letter-spacing:3px\">\n<div class=\"wp-block-column is-vertically-aligned-top is-layout-flow wp-block-column-is-layout-flow\">\n<p class=\"has-text-align-center has-normal-font-size\"><i class=\"icon fa fa-check-square-o\" aria-hidden=\"true\"> <\/i> VRECOMAT<\/p>\n\n\n<div class=\"wp-block-image\">\n<figure class=\"aligncenter size-full is-resized\"><a href=\"https:\/\/ryscloud.sk\/index.php\/vrecomat\/\"><img loading=\"lazy\" decoding=\"async\" width=\"276\" height=\"591\" src=\"https:\/\/ryscloud.sk\/wp-content\/uploads\/2025\/03\/vrecomat_1.jpg\" alt=\"\" class=\"wp-image-4083\" style=\"width:auto;height:150px\" srcset=\"https:\/\/ryscloud.sk\/wp-content\/uploads\/2025\/03\/vrecomat_1.jpg 276w, https:\/\/ryscloud.sk\/wp-content\/uploads\/2025\/03\/vrecomat_1-140x300.jpg 140w, https:\/\/ryscloud.sk\/wp-content\/uploads\/2025\/03\/vrecomat_1-70x150.jpg 70w\" sizes=\"auto, (max-width: 276px) 100vw, 276px\" \/><\/a><\/figure>\n<\/div>\n\n\n<div style=\"height:10px\" aria-hidden=\"true\" class=\"wp-block-spacer\"><\/div>\n\n\n\n<p class=\"has-text-align-center\" style=\"font-size:12px\">Samoobslu\u017en\u00fd <strong>v\u00fddajn\u00fd box na n\u00e1hradn\u00e9 vrecia na odpad s dostupnos\u0165ou 24\/7, otv\u00e1ranie<\/strong> cez RFID \u010dip alebo QR k\u00f3d.<\/p>\n\n\n\n<div style=\"height:50px\" aria-hidden=\"true\" class=\"wp-block-spacer\"><\/div>\n<\/div>\n\n\n\n<div class=\"wp-block-column is-vertically-aligned-top is-layout-flow wp-block-column-is-layout-flow\" style=\"font-size:22px\">\n<p class=\"has-text-align-center has-normal-font-size\"><i class=\"icon fa fa-check-square-o\" aria-hidden=\"true\"> <\/i> ELENA<\/p>\n\n\n<div class=\"wp-block-image\">\n<figure class=\"aligncenter size-full is-resized\"><a href=\"https:\/\/ryscloud.sk\/index.php\/elena\/\"><img loading=\"lazy\" decoding=\"async\" width=\"533\" height=\"325\" src=\"https:\/\/ryscloud.sk\/wp-content\/uploads\/2023\/04\/elena-1-1.jpg\" alt=\"\" class=\"wp-image-1826\" style=\"width:150px;height:auto\" srcset=\"https:\/\/ryscloud.sk\/wp-content\/uploads\/2023\/04\/elena-1-1.jpg 533w, https:\/\/ryscloud.sk\/wp-content\/uploads\/2023\/04\/elena-1-1-300x183.jpg 300w, https:\/\/ryscloud.sk\/wp-content\/uploads\/2023\/04\/elena-1-1-452x276.jpg 452w\" sizes=\"auto, (max-width: 533px) 100vw, 533px\" \/><\/a><\/figure>\n<\/div>\n\n\n<div style=\"height:10px\" aria-hidden=\"true\" class=\"wp-block-spacer\"><\/div>\n\n\n\n<p class=\"has-text-align-center\" style=\"font-size:12px\"><strong>Elektronick\u00e1 n\u00e1stenka pre zverej\u0148ovanie oznamov na dia\u013eku<\/strong>, vhodn\u00e1 pre bytov\u00e9 domy, \u0161kolsk\u00e9 zariadenia \u010di administrat\u00edvne budovy.<\/p>\n\n\n\n<div style=\"height:50px\" aria-hidden=\"true\" class=\"wp-block-spacer\"><\/div>\n<\/div>\n\n\n\n<div class=\"wp-block-column is-layout-flow wp-block-column-is-layout-flow\" style=\"flex-basis:80px\"><\/div>\n\n\n\n<div class=\"wp-block-column is-vertically-aligned-top is-layout-flow wp-block-column-is-layout-flow\">\n<p class=\"has-text-align-center\" style=\"font-size:12px\"><i class=\"icon fa fa-check-square-o\" aria-hidden=\"true\"> <\/i> Elektronick\u00e9 BOXY<\/p>\n\n\n<div class=\"wp-block-image\">\n<figure class=\"aligncenter size-full is-resized\"><img loading=\"lazy\" decoding=\"async\" width=\"700\" height=\"517\" src=\"https:\/\/ryscloud.sk\/wp-content\/uploads\/2024\/11\/ebox-1.jpg\" alt=\"\" class=\"wp-image-3469\" style=\"width:150px\" srcset=\"https:\/\/ryscloud.sk\/wp-content\/uploads\/2024\/11\/ebox-1.jpg 700w, https:\/\/ryscloud.sk\/wp-content\/uploads\/2024\/11\/ebox-1-300x222.jpg 300w, https:\/\/ryscloud.sk\/wp-content\/uploads\/2024\/11\/ebox-1-203x150.jpg 203w\" sizes=\"auto, (max-width: 700px) 100vw, 700px\" \/><\/figure>\n<\/div>\n\n\n<div style=\"height:10px\" aria-hidden=\"true\" class=\"wp-block-spacer\"><\/div>\n\n\n\n<p class=\"has-text-align-center\" style=\"font-size:12px\"><strong>RYSBOX<\/strong> pre v\u00fddaj tovaru, <strong>nBOX<\/strong> &#8211; schr\u00e1nka pre v\u00fddaj \u010dipov napr. v bytov\u00fdch domoch, prenaj\u00edman\u00fdch objektoch, <strong>Storage lock<\/strong> &#8211; uzamykanie k\u00f3ji v samoobslu\u017en\u00fdch skladoch.<\/p>\n\n\n\n<div style=\"height:50px\" aria-hidden=\"true\" class=\"wp-block-spacer\"><\/div>\n<\/div>\n\n\n\n<div class=\"wp-block-column is-layout-flow wp-block-column-is-layout-flow\" style=\"flex-basis:80px\"><\/div>\n<\/div>\n","protected":false},"excerpt":{"rendered":"<p>iKURA a \u010fal\u0161ie zariadenia pre inteligentn\u00fa vzdialen\u00fa spr\u00e1vu objektov Pr\u00edstupov\u00fd syst\u00e9m iKURA pon\u00faka mo\u017enosti kontroly a spr\u00e1vy uzamknut\u00e9ho objektu na dia\u013eku &hellip;<\/p>\n","protected":false},"author":2,"featured_media":0,"parent":0,"menu_order":0,"comment_status":"closed","ping_status":"closed","template":"","meta":{"_exactmetrics_skip_tracking":false,"_exactmetrics_sitenote_active":false,"_exactmetrics_sitenote_note":"","_exactmetrics_sitenote_category":0,"footnotes":""},"class_list":["post-3348","page","type-page","status-publish","hentry"],"_links":{"self":[{"href":"https:\/\/ryscloud.sk\/index.php\/wp-json\/wp\/v2\/pages\/3348","targetHints":{"allow":["GET"]}}],"collection":[{"href":"https:\/\/ryscloud.sk\/index.php\/wp-json\/wp\/v2\/pages"}],"about":[{"href":"https:\/\/ryscloud.sk\/index.php\/wp-json\/wp\/v2\/types\/page"}],"author":[{"embeddable":true,"href":"https:\/\/ryscloud.sk\/index.php\/wp-json\/wp\/v2\/users\/2"}],"replies":[{"embeddable":true,"href":"https:\/\/ryscloud.sk\/index.php\/wp-json\/wp\/v2\/comments?post=3348"}],"version-history":[{"count":48,"href":"https:\/\/ryscloud.sk\/index.php\/wp-json\/wp\/v2\/pages\/3348\/revisions"}],"predecessor-version":[{"id":4128,"href":"https:\/\/ryscloud.sk\/index.php\/wp-json\/wp\/v2\/pages\/3348\/revisions\/4128"}],"wp:attachment":[{"href":"https:\/\/ryscloud.sk\/index.php\/wp-json\/wp\/v2\/media?parent=3348"}],"curies":[{"name":"wp","href":"https:\/\/api.w.org\/{rel}","templated":true}]}}