{"id":35,"date":"2021-02-05T13:12:59","date_gmt":"2021-02-05T12:12:59","guid":{"rendered":"https:\/\/ryscloud.sk\/?page_id=35"},"modified":"2023-05-01T20:48:49","modified_gmt":"2023-05-01T18:48:49","slug":"elena","status":"publish","type":"page","link":"https:\/\/ryscloud.sk\/index.php\/elena\/","title":{"rendered":"ELENA"},"content":{"rendered":"\n<h2 class=\"wp-block-heading has-text-align-center\" style=\"text-transform:uppercase\">Elektronick\u00e1 n\u00e1stenka<\/h2>\n\n\n\n<p class=\"has-text-align-center\">ELENA je elegantn\u00e9 rie\u0161enie<strong> pre okam\u017eit\u00e9 zverejnenie upozornen\u00ed a oznamov na dia\u013eku<\/strong>. Oznamy o bl\u00ed\u017eiacom sa term\u00edne odpo\u010dtu energi\u00ed, pl\u00e1novanej odst\u00e1vky vody alebo realiz\u00e1cii stavebn\u00fdch pr\u00e1c v dome m\u00f4\u017eete zverejni\u0165 bez toho, aby ste museli fyzicky dan\u00fd dom nav\u0161t\u00edvi\u0165. Pre spr\u00e1vcov ako aj z\u00e1stupcov vlastn\u00edkov je to dokonal\u00fd pomocn\u00edk, ktor\u00fd u\u0161etr\u00ed mno\u017estvo \u010dasu a teda aj financi\u00ed.<\/p>\n\n\n\n<div style=\"height:20px\" aria-hidden=\"true\" class=\"wp-block-spacer\"><\/div>\n\n\n\t\t<div id=\"serious-slider-28-rnd4503\" class=\"cryout-serious-slider seriousslider serious-slider-28-rnd4503 serious-slider-28 seriousslider-overlay0 seriousslider-square seriousslider-shadow-none seriousslider-responsive-legacy seriousslider-hidetitles-1 seriousslider-fade seriousslider-sizing0 seriousslider-aligncenter seriousslider-caption-animation-slide seriousslider-textstyle-bgcolor\" data-ride=\"seriousslider\">\n\t\t\t<div class=\"seriousslider-inner\" role=\"listbox\">\n\n\t\t\t\n\t\t\t<div class=\"item slide-1 active\" role=\"option\">\n\t\t\t\t\t\t\t\t<a  >\n\t\t\t\t\t<img decoding=\"async\" class=\"item-image\" src=\"https:\/\/ryscloud.sk\/wp-content\/uploads\/2023\/05\/elena-screen-1.jpg\" alt=\"ELENA\" >\n\t\t\t\t<\/a>\n\t\t\t\t\t\t\t\t\t\t\t\t<div class=\"seriousslider-caption\">\n\t\t\t\t\t<div class=\"seriousslider-caption-inside\">\n\t\t\t\t\t\t\t\t\t\t\t\t\t\t\t\t\t\t<div class=\"seriousslider-caption-buttons\">\n\t\t\t\t\t\t\t\t\t\t\t\t\t\t\t\t\t\t\t\t\t\t\t\t\t\t\t\t\t\t\t\t\t\t\t\t\t\t\t\t\t\t\t<\/div>\n\t\t\t\t\t<\/div><!--seriousslider-caption-inside-->\n\t\t\t\t<\/div><!--seriousslider-caption-->\n\t\t\t\t\t\t\t\t<div class=\"seriousslider-hloader\"><\/div>\n\t\t\t\t<figure class=\"seriousslider-cloader\">\n\t\t\t\t\t<svg width=\"200\" height=\"200\">\n\t\t\t\t\t\t<circle cx=\"95\" cy=\"95\" r=\"20\" transform=\"rotate(-90, 95, 95)\"\/>\n\t\t\t\t\t<\/svg>\n\t\t\t  <\/figure>\n\t\t\t<\/div>\n\n\t\t\t\n\t\t\t<div class=\"item slide-2 \" role=\"option\">\n\t\t\t\t\t\t\t\t<a  >\n\t\t\t\t\t<img decoding=\"async\" class=\"item-image\" src=\"https:\/\/ryscloud.sk\/wp-content\/uploads\/2023\/05\/elena-screen-2.jpg\" alt=\"ELENA oznam 1\" >\n\t\t\t\t<\/a>\n\t\t\t\t\t\t\t\t\t\t\t\t<div class=\"seriousslider-caption\">\n\t\t\t\t\t<div class=\"seriousslider-caption-inside\">\n\t\t\t\t\t\t\t\t\t\t\t\t\t\t\t\t\t\t<div class=\"seriousslider-caption-buttons\">\n\t\t\t\t\t\t\t\t\t\t\t\t\t\t\t\t\t\t\t\t\t\t\t\t\t\t\t\t\t\t\t\t\t\t\t\t\t\t\t\t\t\t\t<\/div>\n\t\t\t\t\t<\/div><!--seriousslider-caption-inside-->\n\t\t\t\t<\/div><!--seriousslider-caption-->\n\t\t\t\t\t\t\t\t<div class=\"seriousslider-hloader\"><\/div>\n\t\t\t\t<figure class=\"seriousslider-cloader\">\n\t\t\t\t\t<svg width=\"200\" height=\"200\">\n\t\t\t\t\t\t<circle cx=\"95\" cy=\"95\" r=\"20\" transform=\"rotate(-90, 95, 95)\"\/>\n\t\t\t\t\t<\/svg>\n\t\t\t  <\/figure>\n\t\t\t<\/div>\n\n\t\t\t\n\t\t\t<div class=\"item slide-3 \" role=\"option\">\n\t\t\t\t\t\t\t\t<a  href=\"https:\/\/ryscloud.sk\/index.php\/iso\/\" >\n\t\t\t\t\t<img decoding=\"async\" class=\"item-image\" src=\"https:\/\/ryscloud.sk\/wp-content\/uploads\/2023\/05\/elena-iso-1.jpg\" alt=\"ELENA oznam 3\" >\n\t\t\t\t<\/a>\n\t\t\t\t\t\t\t\t\t\t\t\t<div class=\"seriousslider-caption\">\n\t\t\t\t\t<div class=\"seriousslider-caption-inside\">\n\t\t\t\t\t\t\t\t\t\t\t\t\t\t\t\t\t\t<div class=\"seriousslider-caption-buttons\">\n\t\t\t\t\t\t\t\t\t\t\t\t\t\t\t\t\t\t\t\t\t\t\t\t\t\t\t\t\t\t\t\t\t\t\t\t\t\t\t\t\t\t\t<\/div>\n\t\t\t\t\t<\/div><!--seriousslider-caption-inside-->\n\t\t\t\t<\/div><!--seriousslider-caption-->\n\t\t\t\t\t\t\t\t<div class=\"seriousslider-hloader\"><\/div>\n\t\t\t\t<figure class=\"seriousslider-cloader\">\n\t\t\t\t\t<svg width=\"200\" height=\"200\">\n\t\t\t\t\t\t<circle cx=\"95\" cy=\"95\" r=\"20\" transform=\"rotate(-90, 95, 95)\"\/>\n\t\t\t\t\t<\/svg>\n\t\t\t  <\/figure>\n\t\t\t<\/div>\n\n\t\t\t\t\t\t<\/div>\n\n\t\t\t<div class=\"seriousslider-indicators\">\n\t\t\t\t<ol class=\"seriousslider-indicators-inside\">\n\t\t\t\t\t\t\t\t\t\t<li data-target=\"#serious-slider-28\" data-slide-to=\"0\" class=\"active\"><\/li>\n\t\t\t\t\t\t\t\t\t\t<li data-target=\"#serious-slider-28\" data-slide-to=\"1\" ><\/li>\n\t\t\t\t\t\t\t\t\t\t<li data-target=\"#serious-slider-28\" data-slide-to=\"2\" ><\/li>\n\t\t\t\t\t\t\t\t\t<\/ol>\n\t\t\t<\/div>\n\n\t\t\t<button class=\"left seriousslider-control\" data-target=\"#serious-slider-28-rnd4503\" role=\"button\" data-slide=\"prev\">\n\t\t\t  <span class=\"sicon-prev control-arrow\" aria-hidden=\"true\"><\/span>\n\t\t\t  <span class=\"sr-only\">Previous Slide<\/span>\n\t\t\t<\/button>\n\t\t\t<button class=\"right seriousslider-control\" data-target=\"#serious-slider-28-rnd4503\" role=\"button\" data-slide=\"next\">\n\t\t\t  <span class=\"sicon-next control-arrow\" aria-hidden=\"true\"><\/span>\n\t\t\t  <span class=\"sr-only\">Next Slide<\/span>\n\t\t\t<\/button>\n\t\t<\/div>\n\t\t\n\n\n\n<div style=\"height:20px\" aria-hidden=\"true\" class=\"wp-block-spacer\"><\/div>\n\n\n\n<div class=\"wp-block-boldblocks-icon-separator\" role=\"separator\"><div class=\"wp-block-boldblocks-icon-separator__inner icon-center is-align-center\" style=\"--bb--width--sm:var(--bb--width--lg);--bb--width--md:var(--bb--width--lg);--bb--width--lg:25%;--bb-border:1px solid var(--wp--preset--color--accent-1, #e2671f);--bb--icon-width:1em;--bb--icon-spacing:.5em;--bb--icon-fill-color:var(--wp--preset--color--accent-1, #e2671f)\"><svg xmlns=\"http:\/\/www.w3.org\/2000\/svg\" viewBox=\"0 0 20 20\" class=\"bb-icon bb-icon--arrow-down-alt2\">\n  <path d=\"m5 6 5 5 5-5 2 1-7 7-7-7z\"><\/path>\n<\/svg><\/div><\/div>\n\n\n\n<div style=\"height:20px\" aria-hidden=\"true\" class=\"wp-block-spacer\"><\/div>\n\n\n\n<div class=\"wp-block-columns is-layout-flex wp-container-core-columns-is-layout-9d6595d7 wp-block-columns-is-layout-flex\">\n<div class=\"wp-block-column has-sitebg-background-color has-background is-layout-flow wp-block-column-is-layout-flow\">\n<div class=\"wp-block-columns is-layout-flex wp-container-core-columns-is-layout-9d6595d7 wp-block-columns-is-layout-flex\">\n<div class=\"wp-block-column is-layout-flow wp-block-column-is-layout-flow\">\n<p class=\"has-drop-cap has-accent-1-color has-text-color\" style=\"font-size:8px\">1<\/p>\n<\/div>\n\n\n\n<div class=\"wp-block-column is-layout-flow wp-block-column-is-layout-flow\" style=\"flex-basis:300px\">\n<p class=\"has-large-font-size\" style=\"text-transform:uppercase\">pomocn\u00edk pre spr\u00e1vcov bytov\u00fdch domov<\/p>\n<\/div>\n<\/div>\n<\/div>\n\n\n\n<div class=\"wp-block-column is-layout-flow wp-block-column-is-layout-flow\">\n<div class=\"wp-block-columns is-layout-flex wp-container-core-columns-is-layout-9d6595d7 wp-block-columns-is-layout-flex\">\n<div class=\"wp-block-column is-layout-flow wp-block-column-is-layout-flow\">\n<p class=\"has-drop-cap has-accent-1-color has-text-color\" style=\"font-size:8px\">2<\/p>\n<\/div>\n\n\n\n<div class=\"wp-block-column is-layout-flow wp-block-column-is-layout-flow\" style=\"flex-basis:300px\">\n<p class=\"has-large-font-size\" style=\"text-transform:uppercase\">jednoduch\u00e9 u\u017e\u00edvate\u013esk\u00e9 rozhranie <\/p>\n<\/div>\n<\/div>\n<\/div>\n\n\n\n<div class=\"wp-block-column is-layout-flow wp-block-column-is-layout-flow\">\n<div class=\"wp-block-columns is-layout-flex wp-container-core-columns-is-layout-9d6595d7 wp-block-columns-is-layout-flex\">\n<div class=\"wp-block-column is-layout-flow wp-block-column-is-layout-flow\">\n<p class=\"has-drop-cap has-accent-1-color has-text-color\" style=\"font-size:8px\">3<\/p>\n<\/div>\n\n\n\n<div class=\"wp-block-column is-layout-flow wp-block-column-is-layout-flow\" style=\"flex-basis:300px\">\n<p class=\"has-large-font-size\" style=\"text-transform:uppercase\">online zverej\u0148ovanie oznamov <\/p>\n<\/div>\n<\/div>\n<\/div>\n<\/div>\n\n\n\n<div class=\"wp-block-columns is-layout-flex wp-container-core-columns-is-layout-9d6595d7 wp-block-columns-is-layout-flex\">\n<div class=\"wp-block-column has-sitebg-background-color has-background is-layout-flow wp-block-column-is-layout-flow\">\n<div class=\"wp-block-columns is-layout-flex wp-container-core-columns-is-layout-9d6595d7 wp-block-columns-is-layout-flex\">\n<div class=\"wp-block-column is-layout-flow wp-block-column-is-layout-flow\">\n<p class=\"has-drop-cap has-accent-1-color has-text-color\" style=\"font-size:8px\">4<\/p>\n<\/div>\n\n\n\n<div class=\"wp-block-column is-layout-flow wp-block-column-is-layout-flow\" style=\"flex-basis:300px\">\n<p class=\"has-large-font-size\" style=\"text-transform:uppercase\">oznamy s nastavite\u013enou exspir\u00e1ciou<\/p>\n<\/div>\n<\/div>\n<\/div>\n\n\n\n<div class=\"wp-block-column is-layout-flow wp-block-column-is-layout-flow\">\n<div class=\"wp-block-columns is-layout-flex wp-container-core-columns-is-layout-9d6595d7 wp-block-columns-is-layout-flex\">\n<div class=\"wp-block-column is-layout-flow wp-block-column-is-layout-flow\">\n<p class=\"has-drop-cap has-accent-1-color has-text-color\" style=\"font-size:8px\">5<\/p>\n<\/div>\n\n\n\n<div class=\"wp-block-column is-layout-flow wp-block-column-is-layout-flow\" style=\"flex-basis:300px\">\n<p class=\"has-large-font-size\" style=\"text-transform:uppercase\">aktu\u00e1lny \u010das, d\u00e1tum, teplota, meninov\u00fd kalend\u00e1r<\/p>\n<\/div>\n<\/div>\n<\/div>\n\n\n\n<div class=\"wp-block-column is-layout-flow wp-block-column-is-layout-flow\">\n<div class=\"wp-block-columns is-layout-flex wp-container-core-columns-is-layout-9d6595d7 wp-block-columns-is-layout-flex\">\n<div class=\"wp-block-column is-layout-flow wp-block-column-is-layout-flow\">\n<p class=\"has-drop-cap has-accent-1-color has-text-color\" style=\"font-size:8px\">6<\/p>\n<\/div>\n\n\n\n<div class=\"wp-block-column is-layout-flow wp-block-column-is-layout-flow\" style=\"flex-basis:300px\">\n<p class=\"has-large-font-size\" style=\"text-transform:uppercase\">mo\u017enos\u0165 vykona\u0165 invent\u00faru identif\u00e1torov<\/p>\n<\/div>\n<\/div>\n<\/div>\n<\/div>\n\n\n\n<p class=\"has-text-align-center has-large-font-size\"><strong>ELENA je cloudov\u00e9 rie\u0161enie pre spr\u00e1vu elektronick\u00fdch informa\u010dn\u00fdch obrazoviek, ktor\u00e9 sl\u00fa\u017eia ako modern\u00e9 elektronick\u00e9 n\u00e1stenky. <\/strong><\/p>\n\n\n\n<div style=\"height:20px\" aria-hidden=\"true\" class=\"wp-block-spacer\"><\/div>\n\n\n\t\t<div id=\"serious-slider-35-rnd1105\" class=\"cryout-serious-slider seriousslider serious-slider-35-rnd1105 serious-slider-35 seriousslider-overlay0 seriousslider-square seriousslider-shadow-none seriousslider-responsive-legacy seriousslider-hidetitles-1 seriousslider-fade seriousslider-sizing0 seriousslider-aligncenter seriousslider-caption-animation-slide seriousslider-textstyle-bgcolor\" data-ride=\"seriousslider\">\n\t\t\t<div class=\"seriousslider-inner\" role=\"listbox\">\n\n\t\t\t\n\t\t\t<div class=\"item slide-1 active\" role=\"option\">\n\t\t\t\t\t\t\t\t<a  >\n\t\t\t\t\t<img decoding=\"async\" class=\"item-image\" src=\"https:\/\/ryscloud.sk\/wp-content\/uploads\/2023\/05\/elena-cloud-1.jpg\" alt=\"Elena oznam\" >\n\t\t\t\t<\/a>\n\t\t\t\t\t\t\t\t\t\t\t\t<div class=\"seriousslider-caption\">\n\t\t\t\t\t<div class=\"seriousslider-caption-inside\">\n\t\t\t\t\t\t\t\t\t\t\t\t\t\t\t\t\t\t<div class=\"seriousslider-caption-buttons\">\n\t\t\t\t\t\t\t\t\t\t\t\t\t\t\t\t\t\t\t\t\t\t\t\t\t\t\t\t\t\t\t\t\t\t\t\t\t\t\t\t\t\t\t<\/div>\n\t\t\t\t\t<\/div><!--seriousslider-caption-inside-->\n\t\t\t\t<\/div><!--seriousslider-caption-->\n\t\t\t\t\t\t\t\t<div class=\"seriousslider-hloader\"><\/div>\n\t\t\t\t<figure class=\"seriousslider-cloader\">\n\t\t\t\t\t<svg width=\"200\" height=\"200\">\n\t\t\t\t\t\t<circle cx=\"95\" cy=\"95\" r=\"20\" transform=\"rotate(-90, 95, 95)\"\/>\n\t\t\t\t\t<\/svg>\n\t\t\t  <\/figure>\n\t\t\t<\/div>\n\n\t\t\t\n\t\t\t<div class=\"item slide-2 \" role=\"option\">\n\t\t\t\t\t\t\t\t<a  >\n\t\t\t\t\t<img decoding=\"async\" class=\"item-image\" src=\"https:\/\/ryscloud.sk\/wp-content\/uploads\/2023\/05\/elena-cloud-3.jpg\" alt=\"Elena subory\" >\n\t\t\t\t<\/a>\n\t\t\t\t\t\t\t\t\t\t\t\t<div class=\"seriousslider-caption\">\n\t\t\t\t\t<div class=\"seriousslider-caption-inside\">\n\t\t\t\t\t\t\t\t\t\t\t\t\t\t\t\t\t\t<div class=\"seriousslider-caption-buttons\">\n\t\t\t\t\t\t\t\t\t\t\t\t\t\t\t\t\t\t\t\t\t\t\t\t\t\t\t\t\t\t\t\t\t\t\t\t\t\t\t\t\t\t\t<\/div>\n\t\t\t\t\t<\/div><!--seriousslider-caption-inside-->\n\t\t\t\t<\/div><!--seriousslider-caption-->\n\t\t\t\t\t\t\t\t<div class=\"seriousslider-hloader\"><\/div>\n\t\t\t\t<figure class=\"seriousslider-cloader\">\n\t\t\t\t\t<svg width=\"200\" height=\"200\">\n\t\t\t\t\t\t<circle cx=\"95\" cy=\"95\" r=\"20\" transform=\"rotate(-90, 95, 95)\"\/>\n\t\t\t\t\t<\/svg>\n\t\t\t  <\/figure>\n\t\t\t<\/div>\n\n\t\t\t\t\t\t<\/div>\n\n\t\t\t<div class=\"seriousslider-indicators\">\n\t\t\t\t<ol class=\"seriousslider-indicators-inside\">\n\t\t\t\t\t\t\t\t\t\t<li data-target=\"#serious-slider-35\" data-slide-to=\"0\" class=\"active\"><\/li>\n\t\t\t\t\t\t\t\t\t\t<li data-target=\"#serious-slider-35\" data-slide-to=\"1\" ><\/li>\n\t\t\t\t\t\t\t\t\t<\/ol>\n\t\t\t<\/div>\n\n\t\t\t<button class=\"left seriousslider-control\" data-target=\"#serious-slider-35-rnd1105\" role=\"button\" data-slide=\"prev\">\n\t\t\t  <span class=\"sicon-prev control-arrow\" aria-hidden=\"true\"><\/span>\n\t\t\t  <span class=\"sr-only\">Previous Slide<\/span>\n\t\t\t<\/button>\n\t\t\t<button class=\"right seriousslider-control\" data-target=\"#serious-slider-35-rnd1105\" role=\"button\" data-slide=\"next\">\n\t\t\t  <span class=\"sicon-next control-arrow\" aria-hidden=\"true\"><\/span>\n\t\t\t  <span class=\"sr-only\">Next Slide<\/span>\n\t\t\t<\/button>\n\t\t<\/div>\n\t\t\n\n\n\n<div style=\"height:30px\" aria-hidden=\"true\" class=\"wp-block-spacer\"><\/div>\n\n\n\n<p class=\"has-text-align-center\">Obrazovka je in\u0161talovan\u00e1 v bytovom dome alebo v inom administrat\u00edvnom \/ priemyselnom objekte a spravovan\u00e1 je na dia\u013eku cez port\u00e1l RYS CLOUD, kde si spr\u00e1vca administruje obsah zobrazovan\u00fd pre konkr\u00e9tnu n\u00e1stenku. Nastavite\u013en\u00e9 oznamy m\u00f4\u017eu by vo forme jednoduch\u00e9ho<strong> textu, fotky alebo videa<\/strong>. <\/p>\n\n\n\n<p class=\"has-text-align-center has-accent-1-color has-text-color has-large-font-size\">Ka\u017ed\u00fd oznam m\u00f4\u017ee ma\u0165 nastaven\u00fa exspir\u00e1ciu, frekvenciu a d\u013a\u017eku zobrazovania. V u\u017e\u00edvate\u013eskom konte budete ma\u0165 preh\u013ead o nahrat\u00fdch s\u00faboroch a vykonan\u00fdch zmen\u00e1ch.<\/p>\n\n\n\n<div class=\"wp-block-boldblocks-icon-separator\" role=\"separator\"><div class=\"wp-block-boldblocks-icon-separator__inner icon-center is-align-center\" style=\"--bb--width--sm:var(--bb--width--lg);--bb--width--md:var(--bb--width--lg);--bb--width--lg:25%;--bb-border:1px solid var(--wp--preset--color--accent-1, #e2671f);--bb--icon-width:1em;--bb--icon-spacing:.5em;--bb--icon-fill-color:var(--wp--preset--color--accent-1, #e2671f)\"><svg xmlns=\"http:\/\/www.w3.org\/2000\/svg\" viewBox=\"0 0 20 20\" class=\"bb-icon bb-icon--arrow-down-alt2\">\n  <path d=\"m5 6 5 5 5-5 2 1-7 7-7-7z\"><\/path>\n<\/svg><\/div><\/div>\n\n\n\n<div style=\"height:20px\" aria-hidden=\"true\" class=\"wp-block-spacer\"><\/div>\n\n\n\n<h2 class=\"wp-block-heading has-text-align-center\" style=\"text-transform:uppercase\">IS:O<\/h2>\n\n\n\n<p class=\"has-text-align-center has-accent-1-color has-text-color has-large-font-size\">Zapojte obyvate\u013eov do spr\u00e1vy domu zauj\u00edmavou formou <\/p>\n\n\n\n<p class=\"has-text-align-center\">V r\u00e1mci elektronickej n\u00e1stenky je mo\u017en\u00e9 vyu\u017e\u00edva\u0165 funkciu IS:O (informa\u010dn\u00fd syst\u00e9m Ostrovid), ktor\u00fd pon\u00faka priamu <strong>interakciu s u\u017e\u00edvate\u013emi.<\/strong> Ovl\u00e1dac\u00ed panel&nbsp;<strong>umo\u017e\u0148uje obyvate\u013eom priamo na mieste a okam\u017eite nahl\u00e1si\u0165 udalos\u0165, ako napr. stav v cyklopr\u00edstre\u0161ku, kontajnerovom stojisku, neporiadok,  preplnen\u00fd kontajner a pod.<\/strong>&nbsp;Po nahl\u00e1sen\u00ed je spr\u00e1va odoslan\u00e1 kompetentnej osobe \u2013 <strong>spr\u00e1vcovi emailom<\/strong>, vytvor\u00ed sa d\u00e1tov\u00fd <strong>z\u00e1znam v SSO <\/strong>a z\u00e1rove\u0148 posiela <strong>oznam na elektronick\u00fa n\u00e1stenku ELENA<\/strong> . Spr\u00e1vca m\u00f4\u017ee n\u00e1sledne oznam administrova\u0165.<\/p>\n\n\n\n<p class=\"has-text-align-center\">Ovl\u00e1dac\u00ed panel IS:O nie je \u0161tandardnou s\u00fa\u010das\u0165ou elektronickej n\u00e1stenky. Ovl\u00e1dac\u00ed panel IS:O si m\u00f4\u017eete zak\u00fapi\u0165 aj dodato\u010dne k elektronickej n\u00e1stenke.<\/p>\n\n\n\n<p class=\"has-text-align-center\" style=\"letter-spacing:2px\"><a href=\"https:\/\/ryscloud.sk\/index.php\/iso\/\">Viac o IS:O<\/a><\/p>\n\n\n\n<div style=\"height:20px\" aria-hidden=\"true\" class=\"wp-block-spacer\"><\/div>\n\n\n\n<div class=\"wp-block-boldblocks-icon-separator\" role=\"separator\"><div class=\"wp-block-boldblocks-icon-separator__inner icon-center is-align-center\" style=\"--bb--width--sm:var(--bb--width--lg);--bb--width--md:var(--bb--width--lg);--bb--width--lg:25%;--bb-border:1px solid var(--wp--preset--color--accent-1, #e2671f);--bb--icon-width:1em;--bb--icon-spacing:.5em;--bb--icon-fill-color:var(--wp--preset--color--accent-1, #e2671f)\"><svg xmlns=\"http:\/\/www.w3.org\/2000\/svg\" viewBox=\"0 0 20 20\" class=\"bb-icon bb-icon--arrow-down-alt2\">\n  <path d=\"m5 6 5 5 5-5 2 1-7 7-7-7z\"><\/path>\n<\/svg><\/div><\/div>\n\n\n\n<div style=\"height:20px\" aria-hidden=\"true\" class=\"wp-block-spacer\"><\/div>\n\n\n\n<h2 class=\"wp-block-heading has-text-align-center\" style=\"text-transform:uppercase\">Invent\u00fara identifik\u00e1torov<\/h2>\n\n\n\n<p class=\"has-text-align-center has-accent-1-color has-text-color has-large-font-size\">Viete ko\u013eko identifik\u00e1torov sa skuto\u010dne v bytovom dome pou\u017e\u00edva a ko\u013eko je straten\u00fdch?<\/p>\n\n\n\n<p class=\"has-text-align-center\">Elektronick\u00e1 n\u00e1stenka ELENA spolupracuje aj&nbsp;<strong>s bezdr\u00f4tov\u00fdm invent\u00farnym boxom<\/strong>, ktor\u00fd umo\u017e\u0148uje overenie ID \u010d\u00edsla identifik\u00e1tora na dia\u013eku. Aby sa predch\u00e1dzalo osobn\u00fdm kontaktom pri kontrole \u010dipov, ktor\u00e9 s\u00fa \u010dasovo a organiza\u010dne n\u00e1ro\u010dn\u00e9, je vhodn\u00e9 pou\u017ei\u0165 invent\u00farny box.<\/p>\n\n\n\n<p class=\"has-text-align-center has-large-font-size\"><strong>Invent\u00farny box umo\u017en\u00ed&nbsp;vykon\u00e1va\u0165 invent\u00faru 24 hod\u00edn aj po\u010das nieko\u013ek\u00fdch dn\u00ed bez potreby pr\u00edtomnosti spr\u00e1vcu<\/strong>. <\/p>\n\n\n\n<p class=\"has-text-align-center\">Invent\u00farny box nie je \u0161tandardnou s\u00fa\u010das\u0165ou elektronickej n\u00e1stenky. Po zak\u00fapen\u00ed elektronickej n\u00e1stenky si m\u00f4\u017eete invent\u00farny box prenaja\u0165 na dobu potrebn\u00fa k vykonaniu invent\u00fary v danom objekte.<\/p>\n\n\n\n<p class=\"has-text-align-center\" style=\"letter-spacing:2px\"><a href=\"https:\/\/ryscloud.sk\/index.php\/inventura\/\" data-type=\"page\" data-id=\"596\">Viac o Invent\u00fare u\u017e\u00edvate\u013esk\u00fdch \u010dipov<\/a><\/p>\n\n\n\n<div style=\"height:20px\" aria-hidden=\"true\" class=\"wp-block-spacer\"><\/div>\n\n\n\n<div class=\"wp-block-boldblocks-icon-separator\" role=\"separator\"><div class=\"wp-block-boldblocks-icon-separator__inner icon-center is-align-center\" style=\"--bb--width--sm:var(--bb--width--lg);--bb--width--md:var(--bb--width--lg);--bb--width--lg:25%;--bb-border:1px solid var(--wp--preset--color--accent-1, #e2671f);--bb--icon-width:1em;--bb--icon-spacing:.5em;--bb--icon-fill-color:var(--wp--preset--color--accent-1, #e2671f)\"><svg xmlns=\"http:\/\/www.w3.org\/2000\/svg\" viewBox=\"0 0 20 20\" class=\"bb-icon bb-icon--arrow-down-alt2\">\n  <path d=\"m5 6 5 5 5-5 2 1-7 7-7-7z\"><\/path>\n<\/svg><\/div><\/div>\n\n\n\n<div style=\"height:20px\" aria-hidden=\"true\" class=\"wp-block-spacer\"><\/div>\n\n\n\n<h2 class=\"wp-block-heading has-text-align-center\" style=\"text-transform:uppercase\">Kde je mo\u017en\u00e9 ELENU vyu\u017ei\u0165?<\/h2>\n\n\n\n<p class=\"has-text-align-center has-accent-1-color has-text-color has-large-font-size\">Zverej\u0148ujte inform\u00e1cie jednoducho, r\u00fdchlo a z\u00e1rove\u0148 trochu inak, zauj\u00edmavej\u0161\u00edm a modernej\u0161\u00edm sp\u00f4sobom, ktor\u00fd otv\u00e1ra dvere kreativite&#8230;<\/p>\n\n\n\n<div class=\"wp-block-columns is-layout-flex wp-container-core-columns-is-layout-9d6595d7 wp-block-columns-is-layout-flex\">\n<div class=\"wp-block-column has-sitebg-background-color has-background is-layout-flow wp-block-column-is-layout-flow\">\n<div class=\"wp-block-columns is-layout-flex wp-container-core-columns-is-layout-9d6595d7 wp-block-columns-is-layout-flex\">\n<div class=\"wp-block-column is-layout-flow wp-block-column-is-layout-flow\">\n<p class=\"has-drop-cap has-accent-1-color has-text-color\" style=\"font-size:8px\">1<\/p>\n<\/div>\n\n\n\n<div class=\"wp-block-column is-layout-flow wp-block-column-is-layout-flow\" style=\"flex-basis:300px\">\n<p class=\"has-large-font-size\" style=\"text-transform:uppercase\">bytov\u00e9 domy<\/p>\n<\/div>\n<\/div>\n<\/div>\n\n\n\n<div class=\"wp-block-column is-layout-flow wp-block-column-is-layout-flow\">\n<div class=\"wp-block-columns is-layout-flex wp-container-core-columns-is-layout-9d6595d7 wp-block-columns-is-layout-flex\">\n<div class=\"wp-block-column is-layout-flow wp-block-column-is-layout-flow\">\n<p class=\"has-drop-cap has-accent-1-color has-text-color\" style=\"font-size:8px\">2<\/p>\n<\/div>\n\n\n\n<div class=\"wp-block-column is-layout-flow wp-block-column-is-layout-flow\" style=\"flex-basis:300px\">\n<p class=\"has-large-font-size\" style=\"text-transform:uppercase\">administrat\u00edvne a priemyseln\u00e9 objekty <\/p>\n<\/div>\n<\/div>\n<\/div>\n\n\n\n<div class=\"wp-block-column is-layout-flow wp-block-column-is-layout-flow\">\n<div class=\"wp-block-columns is-layout-flex wp-container-core-columns-is-layout-9d6595d7 wp-block-columns-is-layout-flex\">\n<div class=\"wp-block-column is-layout-flow wp-block-column-is-layout-flow\">\n<p class=\"has-drop-cap has-accent-1-color has-text-color\" style=\"font-size:8px\">3<\/p>\n<\/div>\n\n\n\n<div class=\"wp-block-column is-layout-flow wp-block-column-is-layout-flow\" style=\"flex-basis:300px\">\n<p class=\"has-large-font-size\" style=\"text-transform:uppercase\">\u0161koly, \u0161k\u00f4lky, dru\u017einy<\/p>\n<\/div>\n<\/div>\n<\/div>\n<\/div>\n\n\n\n<p class=\"has-text-align-center\">Informovanos\u0165 obyvate\u013eov je z\u00e1kladn\u00fdm predpokladom k zvy\u0161ovaniu \u00farovne bezpe\u010dnosti a komfortu b\u00fdvania. Preto je d\u00f4le\u017eit\u00e9, aby sa potrebn\u00e9 inform\u00e1cie k obyvate\u013eom skuto\u010dne dostali a nezostali nepov\u0161imnut\u00e9 na dver\u00e1ch alebo n\u00e1stenke. <strong> ELENA prispieva k vytv\u00e1raniu lep\u0161ej a s\u00fadr\u017enej\u0161ej komunity<\/strong>, kde \u013eudia vedia, \u010do sa okolo nich deje a zvy\u0161uje to ich z\u00e1ujem o dianie v bytovom dome.  ELENA m\u00f4\u017ee by\u0165 pou\u017eit\u00e1 aj v administrat\u00edvnych budov\u00e1ch, priemyseln\u00fdch objektoch ale i v \u0161kol\u00e1ch, dru\u017ein\u00e1ch \u010di in\u00fdch priestoroch, kde je potrebn\u00e9 zverej\u0148ova\u0165 aktu\u00e1lnych inform\u00e1cie a upozornenia.<\/p>\n\n\n\n<div style=\"height:20px\" aria-hidden=\"true\" class=\"wp-block-spacer\"><\/div>\n\n\n<div class=\"su-button-center\"><a href=\"https:\/\/www.rysit.sk\/html_sk\/elena.php\" class=\"su-button su-button-style-default\" style=\"color:#FFFFFF;background-color:#e88004;border-color:#ba6704;border-radius:34px\" target=\"_blank\" rel=\"noopener noreferrer\"><span style=\"color:#FFFFFF;padding:6px 18px;font-size:14px;line-height:21px;border-color:#efa750;border-radius:34px;text-shadow:none\"><i class=\"sui sui-cart-plus\" style=\"font-size:14px;color:#FFFFFF\"><\/i> K\u00fapi\u0165 ELENU<\/span><\/a><\/div>\n","protected":false},"excerpt":{"rendered":"<p>Elektronick\u00e1 n\u00e1stenka ELENA je elegantn\u00e9 rie\u0161enie pre okam\u017eit\u00e9 zverejnenie upozornen\u00ed a oznamov na dia\u013eku. Oznamy o bl\u00ed\u017eiacom sa term\u00edne odpo\u010dtu energi\u00ed, &hellip;<\/p>\n","protected":false},"author":2,"featured_media":1003,"parent":0,"menu_order":0,"comment_status":"closed","ping_status":"closed","template":"","meta":{"_exactmetrics_skip_tracking":false,"_exactmetrics_sitenote_active":false,"_exactmetrics_sitenote_note":"","_exactmetrics_sitenote_category":0,"footnotes":""},"class_list":["post-35","page","type-page","status-publish","has-post-thumbnail","hentry"],"_links":{"self":[{"href":"https:\/\/ryscloud.sk\/index.php\/wp-json\/wp\/v2\/pages\/35","targetHints":{"allow":["GET"]}}],"collection":[{"href":"https:\/\/ryscloud.sk\/index.php\/wp-json\/wp\/v2\/pages"}],"about":[{"href":"https:\/\/ryscloud.sk\/index.php\/wp-json\/wp\/v2\/types\/page"}],"author":[{"embeddable":true,"href":"https:\/\/ryscloud.sk\/index.php\/wp-json\/wp\/v2\/users\/2"}],"replies":[{"embeddable":true,"href":"https:\/\/ryscloud.sk\/index.php\/wp-json\/wp\/v2\/comments?post=35"}],"version-history":[{"count":108,"href":"https:\/\/ryscloud.sk\/index.php\/wp-json\/wp\/v2\/pages\/35\/revisions"}],"predecessor-version":[{"id":2157,"href":"https:\/\/ryscloud.sk\/index.php\/wp-json\/wp\/v2\/pages\/35\/revisions\/2157"}],"wp:featuredmedia":[{"embeddable":true,"href":"https:\/\/ryscloud.sk\/index.php\/wp-json\/wp\/v2\/media\/1003"}],"wp:attachment":[{"href":"https:\/\/ryscloud.sk\/index.php\/wp-json\/wp\/v2\/media?parent=35"}],"curies":[{"name":"wp","href":"https:\/\/api.w.org\/{rel}","templated":true}]}}