{"id":3534,"date":"2024-11-25T11:05:16","date_gmt":"2024-11-25T10:05:16","guid":{"rendered":"https:\/\/ryscloud.sk\/?page_id=3534"},"modified":"2024-11-25T15:41:15","modified_gmt":"2024-11-25T14:41:15","slug":"swap","status":"publish","type":"page","link":"https:\/\/ryscloud.sk\/index.php\/swap\/","title":{"rendered":"SWAP"},"content":{"rendered":"\n<h2 class=\"wp-block-heading has-text-align-center\" style=\"text-transform:uppercase\">SWaP &#8211; multifunk\u010dn\u00e9 zariadenie<\/h2>\n\n\n\n<p class=\"has-text-align-center\">SWaP u\u013eah\u010duje in\u0161tal\u00e1ciu pr\u00edstupov\u00e9ho syst\u00e9mu a pon\u00faka \u0161irok\u00fa \u0161k\u00e1lu mo\u017enost\u00ed ako syst\u00e9m roz\u0161\u00edri\u0165 a efekt\u00edvnej\u0161ie vyu\u017e\u00edva\u0165. SWaP napr. pom\u00e1ha pri in\u0161tal\u00e1ci\u00ed pr\u00edstupov\u00e9ho syst\u00e9mu na kontajnerovom stojisku, ktor\u00e9 je zdie\u013ean\u00e9 viacer\u00fdmi domami a ka\u017ed\u00fd dom pou\u017e\u00edva in\u00fd pr\u00edstupov\u00fd syst\u00e9m, skvalit\u0148uje d\u00e1tov\u00fd prenos a umo\u017e\u0148uje ho pren\u00e1\u0161a\u0165 aj na v\u00e4\u010d\u0161ie vzdialenosti a dok\u00e1\u017ee zabezpe\u010di\u0165 d\u00e1tov\u00fd z\u00e1znam pou\u017eitia ak\u00e9hoko\u013evek tla\u010didla zapojen\u00e9ho v syst\u00e9me.<\/p>\n\n\n\n<div class=\"wp-block-boldblocks-icon-separator\" role=\"separator\"><div class=\"wp-block-boldblocks-icon-separator__inner icon-center is-align-center\" style=\"--bb--width--sm:var(--bb--width--lg);--bb--width--md:var(--bb--width--lg);--bb--width--lg:25%;--bb-border:1px solid var(--wp--preset--color--accent-1, #e2671f);--bb--icon-width:1em;--bb--icon-spacing:.5em;--bb--icon-fill-color:var(--wp--preset--color--accent-1, #e2671f)\"><svg xmlns=\"http:\/\/www.w3.org\/2000\/svg\" viewBox=\"0 0 20 20\" class=\"bb-icon bb-icon--arrow-down-alt2\">\n  <path d=\"m5 6 5 5 5-5 2 1-7 7-7-7z\"><\/path>\n<\/svg><\/div><\/div>\n\n\n\n<div style=\"height:30px\" aria-hidden=\"true\" class=\"wp-block-spacer\"><\/div>\n\n\n\n<div class=\"wp-block-columns is-layout-flex wp-container-core-columns-is-layout-9d6595d7 wp-block-columns-is-layout-flex\">\n<div class=\"wp-block-column is-layout-flow wp-block-column-is-layout-flow\">\n<div class=\"wp-block-columns is-layout-flex wp-container-core-columns-is-layout-9d6595d7 wp-block-columns-is-layout-flex\">\n<div class=\"wp-block-column is-layout-flow wp-block-column-is-layout-flow\" style=\"flex-basis:33.33%\">\n<p class=\"has-drop-cap has-accent-1-color has-text-color\" style=\"font-size:8px\">1<\/p>\n<\/div>\n\n\n\n<div class=\"wp-block-column is-layout-flow wp-block-column-is-layout-flow\" style=\"flex-basis:300%\">\n<p class=\"has-large-font-size\" style=\"text-transform:uppercase\">\u0161ikovn\u00e9 Rie\u0161enie pre zdie\u013ean\u00e9 kontanerov\u00e9 stojisk\u00e1<\/p>\n<\/div>\n<\/div>\n<\/div>\n\n\n\n<div class=\"wp-block-column is-layout-flow wp-block-column-is-layout-flow\">\n<div class=\"wp-block-columns is-layout-flex wp-container-core-columns-is-layout-9d6595d7 wp-block-columns-is-layout-flex\">\n<div class=\"wp-block-column is-layout-flow wp-block-column-is-layout-flow\" style=\"flex-basis:33.33%\">\n<p class=\"has-drop-cap has-accent-1-color has-text-color\" style=\"font-size:8px\">2<\/p>\n<\/div>\n\n\n\n<div class=\"wp-block-column is-layout-flow wp-block-column-is-layout-flow\" style=\"flex-basis:300%\">\n<p class=\"has-large-font-size\" style=\"text-transform:uppercase\">datov\u00fd z\u00e1znam pri pou\u017eit\u00ed tla\u010didla<\/p>\n<\/div>\n<\/div>\n<\/div>\n\n\n\n<div class=\"wp-block-column is-layout-flow wp-block-column-is-layout-flow\">\n<div class=\"wp-block-columns is-layout-flex wp-container-core-columns-is-layout-9d6595d7 wp-block-columns-is-layout-flex\">\n<div class=\"wp-block-column is-layout-flow wp-block-column-is-layout-flow\" style=\"flex-basis:33.33%\">\n<p class=\"has-drop-cap has-accent-1-color has-text-color\" style=\"font-size:8px\">3<\/p>\n<\/div>\n\n\n\n<div class=\"wp-block-column is-layout-flow wp-block-column-is-layout-flow\" style=\"flex-basis:300%\">\n<p class=\"has-large-font-size\" style=\"text-transform:uppercase\">kvalitn\u00fd d\u00e1tov\u00fd prenos aj na v\u00e4\u010d\u0161ie vzdialenosti<\/p>\n<\/div>\n<\/div>\n<\/div>\n<\/div>\n\n\n\n<p class=\"has-text-align-center has-large-font-size\"><strong>SWaP \u0161etr\u00ed \u010das aj peniaze pri komplikovanej\u0161\u00edch in\u0161tal\u00e1ci\u00e1ch, kde je potrebn\u00e9 rie\u0161i\u0165 kompatibilitu r\u00f4znych syst\u00e9mov na jednom kontajnerovom stojisku alebo inom objekte.<\/strong><\/p>\n\n\n<div class=\"wp-block-image\">\n<figure class=\"aligncenter size-medium\"><img loading=\"lazy\" decoding=\"async\" width=\"175\" height=\"300\" src=\"https:\/\/ryscloud.sk\/wp-content\/uploads\/2024\/11\/swap_w300px-175x300.jpg\" alt=\"\" class=\"wp-image-3182\" srcset=\"https:\/\/ryscloud.sk\/wp-content\/uploads\/2024\/11\/swap_w300px-175x300.jpg 175w, https:\/\/ryscloud.sk\/wp-content\/uploads\/2024\/11\/swap_w300px-88x150.jpg 88w, https:\/\/ryscloud.sk\/wp-content\/uploads\/2024\/11\/swap_w300px.jpg 300w\" sizes=\"auto, (max-width: 175px) 100vw, 175px\" \/><\/figure>\n<\/div>\n\n\n<div style=\"height:25px\" aria-hidden=\"true\" class=\"wp-block-spacer\"><\/div>\n\n\n\n<p class=\"has-text-align-center\">In\u0161tal\u00e1cia zariadenia je ve\u013emi jednoduch\u00e1, perfektne spolupracuje s iKURA jednotkami, ale m\u00f4\u017ee by\u0165 doplnen\u00fd aj do pr\u00edstupov\u00fdch syst\u00e9mov s opera\u010dn\u00fdmi jednotkami UNI SIE\u0164 a RAK. N\u00e1zov SWaP v sebe skr\u00fdva tri hlavn\u00e9 funkcie zariadenia a to je (1) <strong>S<\/strong>p\u00ednac\u00ed modul s \u010dipom, (2) <strong>W<\/strong>iegand opakova\u010d <strong>a<\/strong> (3) <strong>P<\/strong>revodn\u00edk form\u00e1tov Wiegand k\u00f3dov. Funkciu, ktor\u00fa m\u00e1 SWaP v syst\u00e9me plni\u0165, je potrebn\u00e9 vybra\u0165 a nastavi\u0165 (SWaP nem\u00f4\u017ee vykon\u00e1va\u0165 viacer\u00e9 funkcie z\u00e1rove\u0148).<\/p>\n\n\n\n<div style=\"height:25px\" aria-hidden=\"true\" class=\"wp-block-spacer\"><\/div>\n\n\n\n<div class=\"wp-block-boldblocks-icon-separator\" role=\"separator\"><div class=\"wp-block-boldblocks-icon-separator__inner icon-center is-align-center\" style=\"--bb--width--sm:var(--bb--width--lg);--bb--width--md:var(--bb--width--lg);--bb--width--lg:25%;--bb-border:1px solid var(--wp--preset--color--accent-1, #e2671f);--bb--icon-width:1em;--bb--icon-spacing:.5em;--bb--icon-fill-color:var(--wp--preset--color--accent-1, #e2671f)\"><svg xmlns=\"http:\/\/www.w3.org\/2000\/svg\" viewBox=\"0 0 20 20\" class=\"bb-icon bb-icon--arrow-down-alt2\">\n  <path d=\"m5 6 5 5 5-5 2 1-7 7-7-7z\"><\/path>\n<\/svg><\/div><\/div>\n\n\n\n<div style=\"height:35px\" aria-hidden=\"true\" class=\"wp-block-spacer\"><\/div>\n\n\n\n<p class=\"has-text-align-center has-large-font-size\" style=\"letter-spacing:3px;text-transform:uppercase\"><strong>ako pou\u017e\u00edva\u0165 SWaP<\/strong><\/p>\n\n\n\n<div style=\"height:35px\" aria-hidden=\"true\" class=\"wp-block-spacer\"><\/div>\n\n\n\n<div class=\"wp-block-columns is-layout-flex wp-container-core-columns-is-layout-9d6595d7 wp-block-columns-is-layout-flex\">\n<div class=\"wp-block-column is-layout-flow wp-block-column-is-layout-flow\">\n<p class=\"has-accent-1-color has-text-color has-link-color has-large-font-size wp-elements-ac2e541f8982ea22d464d5a474651bd5\">SM\u010cIP &#8211; sp\u00ednac\u00ed modul s \u010dipom<\/p>\n\n\n\n<ul class=\"wp-block-list\">\n<li><strong>emuluje pou\u017eitie \u010dipu RFID alebo iButton (DEK) \u010dipu<\/strong><\/li>\n\n\n\n<li>obsahuje unik\u00e1tny k\u00f3d, preto jeho pou\u017eitie je v syst\u00e9me zaznamenan\u00e9 rovnako ako prilo\u017eenie \u010dipu<\/li>\n\n\n\n<li>pou\u017e\u00edva sa<strong> s tla\u010didlom<\/strong> (alebo in\u00fdm sp\u00ednac\u00edm prvkom), pri\u010dom ka\u017ed\u00e9 zatla\u010denie tla\u010didla je v syst\u00e9me zaznamenan\u00e9, t.j. vytvor\u00ed sa d\u00e1tov\u00fd z\u00e1znam o pou\u017eit\u00ed tla\u010didla, napr. na odblokovanie z\u00e1mku:\n<ul class=\"wp-block-list\">\n<li>v\u00fdstupn\u00e9 tla\u010didlo <\/li>\n\n\n\n<li>odblokovacie tla\u010didlo <\/li>\n\n\n\n<li>IS:O tla\u010didl\u00e1 &#8211; nahlasovanie neporiadku<\/li>\n\n\n\n<li>tla\u010didlo bytov\u00e9ho telef\u00f3nu, elektrick\u00e9ho vr\u00e1tnika<\/li>\n\n\n\n<li>in\u00e9 obslu\u017en\u00e9 tla\u010didlo<\/li>\n<\/ul>\n<\/li>\n<\/ul>\n\n\n\n<div style=\"height:25px\" aria-hidden=\"true\" class=\"wp-block-spacer\"><\/div>\n<\/div>\n\n\n\n<div class=\"wp-block-column is-layout-flow wp-block-column-is-layout-flow\" style=\"flex-basis:50px\"><\/div>\n\n\n\n<div class=\"wp-block-column is-layout-flow wp-block-column-is-layout-flow\">\n<p class=\"has-accent-1-color has-text-color has-link-color has-large-font-size wp-elements-a10f049810246865bc9d34acd902ee82\">Wiegand opakova\u010d &#8211; predl\u017eenie d\u00e1tovej trasy<\/p>\n\n\n\n<ul class=\"wp-block-list\">\n<li><strong>predl\u017euje d\u00e1tov\u00fa trasu medzi opera\u010dnou jednotkou a \u010d\u00edta\u010dkou<\/strong> a zvy\u0161uje kvalitu prenosu d\u00e1t, t.j. ak potrebujete umiestni\u0165 napr. iKURA na vzdialenos\u0165 viac ako 15 m od bezkontaktnej \u010d\u00edta\u010dky, tak pou\u017eit\u00edm SWaP m\u00f4\u017eete trasu pred\u013a\u017ei\u0165 o \u010fal\u0161\u00edch 15 metrov.<\/li>\n\n\n\n<li>v syst\u00e9me m\u00f4\u017eete pou\u017ei\u0165 aj nieko\u013eko jednotiek SWaP a pred\u013a\u017ei\u0165 trasu pod\u013ea potreby.<\/li>\n\n\n\n<li><strong>SWaP pom\u00e1ha zabezpe\u010di\u0165 kvalitn\u00fd prenos d\u00e1t <\/strong>aj na miesta, kde m\u00f4\u017ee doch\u00e1dza\u0165 k elektromagnetick\u00e9mu ru\u0161eniu, ktor\u00e9 ovplyv\u0148uje kvalitu a spo\u013eahlivos\u0165 \u010d\u00edtania a prenos identifika\u010dn\u00e9ho k\u00f3du \u010dipu<\/li>\n<\/ul>\n\n\n\n<div style=\"height:24px\" aria-hidden=\"true\" class=\"wp-block-spacer\"><\/div>\n<\/div>\n\n\n\n<div class=\"wp-block-column is-layout-flow wp-block-column-is-layout-flow\" style=\"flex-basis:50px\"><\/div>\n\n\n\n<div class=\"wp-block-column is-layout-flow wp-block-column-is-layout-flow\">\n<p class=\"has-accent-1-color has-text-color has-link-color has-large-font-size wp-elements-7f1c72d5c68345f2d2cc61af47c42fd8\">Prevodn\u00edk form\u00e1tov Wiegand k\u00f3dov<\/p>\n\n\n\n<ul class=\"wp-block-list\">\n<li>SWaP je ve\u013ek\u00e1<strong> pomoc pre zdie\u013ean\u00e9 kontajnerov\u00e9 stojisk\u00e1<\/strong> viacer\u00fdmi bytov\u00fdmi domami s r\u00f4znymi syst\u00e9mami<\/li>\n\n\n\n<li>(1) <strong>umo\u017e\u0148uje prevod form\u00e1tov Wiegand k\u00f3dov.<\/strong> Ka\u017ed\u00fd pr\u00edstupov\u00fd syst\u00e9m m\u00e1 nastaven\u00fd form\u00e1t (napr. 58bit, 34 bit v akom je identifika\u010dn\u00fd k\u00f3d \u010dipu posielan\u00fd z \u010d\u00edta\u010dku do opera\u010dnej jednotky. SWaP umo\u017e\u0148uje aj bez zmeny konfigur\u00e1cie \u010d\u00edta\u010dky upravi\u0165 tvar vysielan\u00e9ho form\u00e1tu tak, aby bol zrozumite\u013en\u00fd pre dan\u00fa opera\u010dn\u00fa jednotku<\/li>\n\n\n\n<li>(2) pomocou SWaP je mo\u017en\u00e9 z jednej \u010d\u00edta\u010dky <strong>posla\u0165 identifika\u010dn\u00e9 \u010d\u00edslo \u010dipu v dvoch tvaroch do dvoch r\u00f4znych syst\u00e9mov<\/strong> (napr. jednej m\u00f4\u017ee by\u0165 34 bit a druh\u00fd 58 bit)<\/li>\n\n\n\n<li>(3) pri prenose do opera\u010dnej jednotky <strong>SWaP ot\u00e1\u010da poradie bajtov identifika\u010dn\u00e9ho \u010d\u00edsla<\/strong> \u010dipu, \u010do je ve\u013ekou v\u00fdhodou ak si chcete ponecha\u0165 na stojisku p\u00f4vodn\u00fa \u010d\u00edta\u010dku a pripoji\u0165 do syst\u00e9mu iKURA, ale poradie \u010d\u00edtanie bajtov nie je zhodn\u00e9<\/li>\n<\/ul>\n<\/div>\n<\/div>\n\n\n\n<div style=\"height:25px\" aria-hidden=\"true\" class=\"wp-block-spacer\"><\/div>\n\n\n\n<div class=\"wp-block-boldblocks-icon-separator\" role=\"separator\"><div class=\"wp-block-boldblocks-icon-separator__inner icon-center is-align-center\" style=\"--bb--width--sm:var(--bb--width--lg);--bb--width--md:var(--bb--width--lg);--bb--width--lg:25%;--bb-border:1px solid var(--wp--preset--color--accent-1, #e2671f);--bb--icon-width:1em;--bb--icon-spacing:.5em;--bb--icon-fill-color:var(--wp--preset--color--accent-1, #e2671f)\"><svg xmlns=\"http:\/\/www.w3.org\/2000\/svg\" viewBox=\"0 0 20 20\" class=\"bb-icon bb-icon--arrow-down-alt2\">\n  <path d=\"m5 6 5 5 5-5 2 1-7 7-7-7z\"><\/path>\n<\/svg><\/div><\/div>\n\n\n\n<div style=\"height:35px\" aria-hidden=\"true\" class=\"wp-block-spacer\"><\/div>\n\n\n\n<h4 class=\"wp-block-heading has-text-align-center\">SWaP DEK<\/h4>\n\n\n\n<p>Okrem z\u00e1kladnej verzie zariadenia pop\u00edsanej vy\u0161\u0161ie je dostupn\u00e1 aj verzia <strong>SWaP DEK<\/strong> &#8211; variant vhodn\u00fd pre star\u0161\u00ed pr\u00edstupov\u00fd syst\u00e9m DEK (RAK DEK, Modul DEK, DEK SIE\u0164) s technol\u00f3giou iButton. SWaP DEK men\u00ed iButton k\u00f3d na Wiegand k\u00f3d a t\u00fdm umo\u017en\u00ed vymeni\u0165 p\u00f4vodn\u00fa opera\u010dn\u00fa jednotku DEK za modern\u00fa jednotku<a href=\"https:\/\/ryscloud.sk\/index.php\/ikura\/\" data-type=\"page\" data-id=\"1606\"> iKURA<\/a>, pri\u010dom nie je potrebn\u00e1 v\u00fdmena DEK k\u013e\u00fa\u010dov (iButton) \u010dipov a  teda aj dotykov\u00e1 plocha je ponechan\u00e1 ako \u010d\u00edtacie zariadenie.<\/p>\n\n\n\n<p class=\"has-text-align-center\" style=\"letter-spacing:3px;text-transform:uppercase\"><strong>Kedy je vhodn\u00e9 pou\u017ei\u0165 SWaP DEK<\/strong><\/p>\n\n\n\n<div class=\"wp-block-columns is-layout-flex wp-container-core-columns-is-layout-9d6595d7 wp-block-columns-is-layout-flex\">\n<div class=\"wp-block-column is-layout-flow wp-block-column-is-layout-flow\">\n<ul class=\"wp-block-list\">\n<li><strong>pre star\u0161ie kontajnerov\u00e9 stojisk\u00e1 alebo vstupn\u00e9 br\u00e1ny s DEK pr\u00edstupov\u00fdm syst\u00e9m, kde je pl\u00e1novan\u00e1 jeho v\u00fdmena za bezpe\u010dnej\u0161\u00ed syst\u00e9m s DESFire \u010dipmi<\/strong> a spr\u00e1vou  cez cloudov\u00fa slu\u017ebu <strong><a href=\"http:\/\/sso\">SSO<\/a><\/strong> (odpor\u00fa\u010dan\u00e9). Pou\u017e\u00edvatelia sa m\u00f4\u017eu v prechodnom obdob\u00ed pou\u017e\u00edva\u0165 obe technol\u00f3gie DEK aj DESFire, a  ke\u010f bud\u00fa ma\u0165 v\u0161etci pou\u017e\u00edvatelia nov\u00e9 DEFire \u010dipy, dotykov\u00e1 plocha sa demontuje a zostane len bezkontaktn\u00e1 \u010d\u00edta\u010dka. <\/li>\n<\/ul>\n\n\n\n<div style=\"height:25px\" aria-hidden=\"true\" class=\"wp-block-spacer\"><\/div>\n<\/div>\n\n\n\n<div class=\"wp-block-column is-layout-flow wp-block-column-is-layout-flow\" style=\"flex-basis:100px\"><\/div>\n\n\n\n<div class=\"wp-block-column is-layout-flow wp-block-column-is-layout-flow\">\n<ul class=\"wp-block-list\">\n<li><strong>pre zdie\u013ean\u00e9 stojisk\u00e1, ktor\u00e9 vyu\u017e\u00edvaj\u00fa dva bytov\u00e9 domy, jeden pou\u017e\u00edva star\u0161\u00ed syst\u00e9m DEK a druh\u00fd bezkontaktn\u00fd syst\u00e9m<\/strong>. Na kontajnerovom stojisku bude jedna opera\u010dn\u00e1 jednotka iKURA a dve \u010d\u00edtacie zariadenia &#8211; dotykov\u00e1 plocha a bezkontaktn\u00e1 \u010d\u00edta\u010dka.<\/li>\n<\/ul>\n\n\n\n<div style=\"height:24px\" aria-hidden=\"true\" class=\"wp-block-spacer\"><\/div>\n<\/div>\n<\/div>\n\n\n\n<div class=\"wp-block-boldblocks-icon-separator\" role=\"separator\"><div class=\"wp-block-boldblocks-icon-separator__inner icon-center is-align-center\" style=\"--bb--width--sm:var(--bb--width--lg);--bb--width--md:var(--bb--width--lg);--bb--width--lg:25%;--bb-border:1px solid var(--wp--preset--color--accent-1, #e2671f);--bb--icon-width:1em;--bb--icon-spacing:.5em;--bb--icon-fill-color:var(--wp--preset--color--accent-1, #e2671f)\"><svg xmlns=\"http:\/\/www.w3.org\/2000\/svg\" viewBox=\"0 0 20 20\" class=\"bb-icon bb-icon--arrow-down-alt2\">\n  <path d=\"m5 6 5 5 5-5 2 1-7 7-7-7z\"><\/path>\n<\/svg><\/div><\/div>\n\n\n\n<div style=\"height:35px\" aria-hidden=\"true\" class=\"wp-block-spacer\"><\/div>\n\n\n\n<p class=\"has-text-align-center\">V pr\u00edpade z\u00e1ujmu, v\u00e1m predstav\u00edme pr\u00edklady dobrej praxe vyu\u017eitia multifunk\u010dn\u00e9ho zariadenia SWaP .<\/p>\n","protected":false},"excerpt":{"rendered":"<p>SWaP &#8211; multifunk\u010dn\u00e9 zariadenie SWaP u\u013eah\u010duje in\u0161tal\u00e1ciu pr\u00edstupov\u00e9ho syst\u00e9mu a pon\u00faka \u0161irok\u00fa \u0161k\u00e1lu mo\u017enost\u00ed ako syst\u00e9m roz\u0161\u00edri\u0165 a efekt\u00edvnej\u0161ie vyu\u017e\u00edva\u0165. SWaP &hellip;<\/p>\n","protected":false},"author":2,"featured_media":0,"parent":0,"menu_order":0,"comment_status":"closed","ping_status":"closed","template":"","meta":{"_exactmetrics_skip_tracking":false,"_exactmetrics_sitenote_active":false,"_exactmetrics_sitenote_note":"","_exactmetrics_sitenote_category":0,"footnotes":""},"class_list":["post-3534","page","type-page","status-publish","hentry"],"_links":{"self":[{"href":"https:\/\/ryscloud.sk\/index.php\/wp-json\/wp\/v2\/pages\/3534","targetHints":{"allow":["GET"]}}],"collection":[{"href":"https:\/\/ryscloud.sk\/index.php\/wp-json\/wp\/v2\/pages"}],"about":[{"href":"https:\/\/ryscloud.sk\/index.php\/wp-json\/wp\/v2\/types\/page"}],"author":[{"embeddable":true,"href":"https:\/\/ryscloud.sk\/index.php\/wp-json\/wp\/v2\/users\/2"}],"replies":[{"embeddable":true,"href":"https:\/\/ryscloud.sk\/index.php\/wp-json\/wp\/v2\/comments?post=3534"}],"version-history":[{"count":38,"href":"https:\/\/ryscloud.sk\/index.php\/wp-json\/wp\/v2\/pages\/3534\/revisions"}],"predecessor-version":[{"id":3599,"href":"https:\/\/ryscloud.sk\/index.php\/wp-json\/wp\/v2\/pages\/3534\/revisions\/3599"}],"wp:attachment":[{"href":"https:\/\/ryscloud.sk\/index.php\/wp-json\/wp\/v2\/media?parent=3534"}],"curies":[{"name":"wp","href":"https:\/\/api.w.org\/{rel}","templated":true}]}}