{"id":3570,"date":"2024-12-02T14:56:36","date_gmt":"2024-12-02T13:56:36","guid":{"rendered":"https:\/\/ryscloud.sk\/?page_id=3570"},"modified":"2024-12-02T14:57:07","modified_gmt":"2024-12-02T13:57:07","slug":"elektricke-zamky","status":"publish","type":"page","link":"https:\/\/ryscloud.sk\/index.php\/elektricke-zamky\/","title":{"rendered":"Elektrick\u00e9 z\u00e1mky"},"content":{"rendered":"\n<h2 class=\"wp-block-heading has-text-align-center\" style=\"text-transform:uppercase\">Elektrick\u00e9 z\u00e1mky <\/h2>\n\n\n\n<p class=\"has-text-align-center has-accent-1-color has-text-color has-link-color wp-elements-65137d10f447c7927e2f0f71301d7d22\" style=\"font-size:20px;letter-spacing:3px\">V\u00fdber spr\u00e1vneho z\u00e1mku a jeho profesion\u00e1lna in\u0161tal\u00e1cia s\u00fa d\u00f4le\u017eit\u00e9 podmienky pre spo\u013eahliv\u00fa funk\u010dnos\u0165 pr\u00edstupov\u00e9ho syst\u00e9mu.<\/p>\n\n\n\n<p class=\"has-text-align-center\">Pri in\u0161tal\u00e1cii pr\u00edstupov\u00e9ho syst\u00e9mu na kontajnerovom stojisku, kontajnerovom poklope alebo inej stavbe je ve\u013emi d\u00f4le\u017eit\u00e9 vybra\u0165 spr\u00e1vny z\u00e1mok a k nemu zdroj nap\u00e1jania. Elektrick\u00fd z\u00e1mok a zdroj nap\u00e1jania sa odpor\u00fa\u010daj\u00fa pod\u013ea konkr\u00e9tneho zadania. D\u00f4le\u017eit\u00fd je typ br\u00e1ny \u2013 kr\u00eddlov\u00e1, posuvn\u00e1, poklop alebo veko; materi\u00e1l, z ktor\u00e9ho s\u00fa vyroben\u00e9 (plast, kov\u2026); miesto in\u0161tal\u00e1cie a frekvencia otv\u00e1rania a sp\u00f4sob jeho nap\u00e1jania <\/p>\n\n\n\n<p class=\"has-text-align-center\"><\/p>\n\n\n\n<div class=\"wp-block-boldblocks-icon-separator\" role=\"separator\"><div class=\"wp-block-boldblocks-icon-separator__inner icon-center is-align-center\" style=\"--bb--width--sm:var(--bb--width--lg);--bb--width--md:var(--bb--width--lg);--bb--width--lg:25%;--bb-border:1px solid var(--wp--preset--color--accent-1, #e2671f);--bb--icon-width:1em;--bb--icon-spacing:.5em;--bb--icon-fill-color:var(--wp--preset--color--accent-1, #e2671f)\"><svg xmlns=\"http:\/\/www.w3.org\/2000\/svg\" viewBox=\"0 0 20 20\" class=\"bb-icon bb-icon--arrow-down-alt2\">\n  <path d=\"m5 6 5 5 5-5 2 1-7 7-7-7z\"><\/path>\n<\/svg><\/div><\/div>\n\n\n\n<div style=\"height:30px\" aria-hidden=\"true\" class=\"wp-block-spacer\"><\/div>\n\n\n\n<div class=\"wp-block-columns is-layout-flex wp-container-core-columns-is-layout-9d6595d7 wp-block-columns-is-layout-flex\">\n<div class=\"wp-block-column is-layout-flow wp-block-column-is-layout-flow\">\n<div class=\"wp-block-columns is-layout-flex wp-container-core-columns-is-layout-9d6595d7 wp-block-columns-is-layout-flex\">\n<div class=\"wp-block-column is-layout-flow wp-block-column-is-layout-flow\" style=\"flex-basis:33.33%\">\n<p class=\"has-drop-cap has-accent-1-color has-text-color\" style=\"font-size:8px\">1<\/p>\n<\/div>\n\n\n\n<div class=\"wp-block-column is-layout-flow wp-block-column-is-layout-flow\" style=\"flex-basis:300%\">\n<p class=\"has-large-font-size\" style=\"text-transform:uppercase\">pre posuvn\u00e9 a kr\u00eddlov\u00e9 br\u00e1ny a poklopy<\/p>\n<\/div>\n<\/div>\n<\/div>\n\n\n\n<div class=\"wp-block-column is-layout-flow wp-block-column-is-layout-flow\">\n<div class=\"wp-block-columns is-layout-flex wp-container-core-columns-is-layout-9d6595d7 wp-block-columns-is-layout-flex\">\n<div class=\"wp-block-column is-layout-flow wp-block-column-is-layout-flow\" style=\"flex-basis:33.33%\">\n<p class=\"has-drop-cap has-accent-1-color has-text-color\" style=\"font-size:8px\">2<\/p>\n<\/div>\n\n\n\n<div class=\"wp-block-column is-layout-flow wp-block-column-is-layout-flow\" style=\"flex-basis:300%\">\n<p class=\"has-large-font-size\" style=\"text-transform:uppercase\">do interi\u00e9ru aj exteri\u00e9ru<\/p>\n<\/div>\n<\/div>\n<\/div>\n\n\n\n<div class=\"wp-block-column is-layout-flow wp-block-column-is-layout-flow\">\n<div class=\"wp-block-columns is-layout-flex wp-container-core-columns-is-layout-9d6595d7 wp-block-columns-is-layout-flex\">\n<div class=\"wp-block-column is-layout-flow wp-block-column-is-layout-flow\" style=\"flex-basis:33.33%\">\n<p class=\"has-drop-cap has-accent-1-color has-text-color\" style=\"font-size:8px\">3<\/p>\n<\/div>\n\n\n\n<div class=\"wp-block-column is-layout-flow wp-block-column-is-layout-flow\" style=\"flex-basis:300%\">\n<p class=\"has-large-font-size\" style=\"text-transform:uppercase\">pevn\u00e1 kon\u0161trukcia<\/p>\n<\/div>\n<\/div>\n<\/div>\n<\/div>\n\n\n\n<div class=\"wp-block-columns is-layout-flex wp-container-core-columns-is-layout-9d6595d7 wp-block-columns-is-layout-flex\">\n<div class=\"wp-block-column is-layout-flow wp-block-column-is-layout-flow\">\n<div class=\"wp-block-columns is-layout-flex wp-container-core-columns-is-layout-9d6595d7 wp-block-columns-is-layout-flex\">\n<div class=\"wp-block-column is-layout-flow wp-block-column-is-layout-flow\" style=\"flex-basis:33.33%\">\n<p class=\"has-drop-cap has-accent-1-color has-text-color\" style=\"font-size:8px\">4<\/p>\n<\/div>\n\n\n\n<div class=\"wp-block-column is-layout-flow wp-block-column-is-layout-flow\" style=\"flex-basis:300%\">\n<p class=\"has-large-font-size\" style=\"text-transform:uppercase\">vhodn\u00e9 pre n\u00edzkoenergetick\u00e9 rie\u0161enia s OpJ iKURA<\/p>\n<\/div>\n<\/div>\n<\/div>\n\n\n\n<div class=\"wp-block-column is-layout-flow wp-block-column-is-layout-flow\">\n<div class=\"wp-block-columns is-layout-flex wp-container-core-columns-is-layout-9d6595d7 wp-block-columns-is-layout-flex\">\n<div class=\"wp-block-column is-layout-flow wp-block-column-is-layout-flow\" style=\"flex-basis:33.33%\">\n<p class=\"has-drop-cap has-accent-1-color has-text-color\" style=\"font-size:8px\">5<\/p>\n<\/div>\n\n\n\n<div class=\"wp-block-column is-layout-flow wp-block-column-is-layout-flow\" style=\"flex-basis:300%\">\n<p class=\"has-large-font-size\" style=\"text-transform:uppercase\">kontrola stavu dver\u00ed\/ poklopu<\/p>\n<\/div>\n<\/div>\n<\/div>\n\n\n\n<div class=\"wp-block-column is-layout-flow wp-block-column-is-layout-flow\">\n<div class=\"wp-block-columns is-layout-flex wp-container-core-columns-is-layout-9d6595d7 wp-block-columns-is-layout-flex\">\n<div class=\"wp-block-column is-layout-flow wp-block-column-is-layout-flow\" style=\"flex-basis:33.33%\">\n<p class=\"has-drop-cap has-accent-1-color has-text-color\" style=\"font-size:8px\">6<\/p>\n<\/div>\n\n\n\n<div class=\"wp-block-column is-layout-flow wp-block-column-is-layout-flow\" style=\"flex-basis:300%\">\n<p class=\"has-large-font-size\" style=\"text-transform:uppercase\">okam\u017eit\u00e9 sms alebo email upozornenia o stave dver\u00ed z SSO<\/p>\n<\/div>\n<\/div>\n<\/div>\n<\/div>\n\n\n\n<div style=\"height:30px\" aria-hidden=\"true\" class=\"wp-block-spacer\"><\/div>\n\n\n\n<div class=\"wp-block-boldblocks-icon-separator\" role=\"separator\"><div class=\"wp-block-boldblocks-icon-separator__inner icon-center is-align-center\" style=\"--bb--width--sm:var(--bb--width--lg);--bb--width--md:var(--bb--width--lg);--bb--width--lg:25%;--bb-border:1px solid var(--wp--preset--color--accent-1, #e2671f);--bb--icon-width:1em;--bb--icon-spacing:.5em;--bb--icon-fill-color:var(--wp--preset--color--accent-1, #e2671f)\"><svg xmlns=\"http:\/\/www.w3.org\/2000\/svg\" viewBox=\"0 0 20 20\" class=\"bb-icon bb-icon--arrow-down-alt2\">\n  <path d=\"m5 6 5 5 5-5 2 1-7 7-7-7z\"><\/path>\n<\/svg><\/div><\/div>\n\n\n\n<div style=\"height:30px\" aria-hidden=\"true\" class=\"wp-block-spacer\"><\/div>\n\n\n\n<p class=\"has-text-align-center has-accent-1-color has-text-color has-large-font-size\" style=\"letter-spacing:3px\">Elektrick\u00e9 z\u00e1mky vhodn\u00e9 pre kontajnerov\u00e9 stojisk\u00e1 a poklopy<\/p>\n\n\n\n<div class=\"wp-block-columns is-layout-flex wp-container-core-columns-is-layout-9d6595d7 wp-block-columns-is-layout-flex\">\n<div class=\"wp-block-column is-layout-flow wp-block-column-is-layout-flow\">\n<p style=\"font-size:20px;letter-spacing:3px;text-transform:uppercase\">Elektomotorick\u00fd z\u00e1mok <strong>KR-S70N<\/strong><\/p>\n\n\n\n<p><strong>Elektomotorick\u00fd z\u00e1mok s mikrosp\u00edna\u010dom<\/strong> (kontrolou zatvorenia) vyroben\u00fd z nehrdzavej\u00facej ocele je vhodn\u00fd pre mont\u00e1\u017e do polopodzemn\u00fdch kontajnerov pre uzamykanie <strong>poklopov<\/strong>, pre <strong>posuvn\u00e9 aj kr\u00eddlov\u00e9 br\u00e1ny a skrinky<\/strong>.<\/p>\n\n\n<div class=\"wp-block-image\">\n<figure class=\"aligncenter size-full is-resized\"><img loading=\"lazy\" decoding=\"async\" width=\"351\" height=\"314\" src=\"https:\/\/ryscloud.sk\/wp-content\/uploads\/2024\/11\/kr-s70n-2.jpg\" alt=\"\" class=\"wp-image-3036\" style=\"width:213px\" srcset=\"https:\/\/ryscloud.sk\/wp-content\/uploads\/2024\/11\/kr-s70n-2.jpg 351w, https:\/\/ryscloud.sk\/wp-content\/uploads\/2024\/11\/kr-s70n-2-300x268.jpg 300w, https:\/\/ryscloud.sk\/wp-content\/uploads\/2024\/11\/kr-s70n-2-168x150.jpg 168w\" sizes=\"auto, (max-width: 351px) 100vw, 351px\" \/><\/figure>\n<\/div>\n\n\n<p>Z\u00e1mok je vhodn\u00fd aj <strong>pre n\u00edzkoodberov\u00e9 rie\u0161enia<\/strong>, kde je cel\u00fd syst\u00e9m nap\u00e1jan\u00fd len z bat\u00e9ri\u00ed. Je ur\u010den\u00fd pre vonkaj\u0161ieho prostredia, odoln\u00fd vo\u010di vlhkosti s kryt\u00edm IP 65. Mo\u017en\u00e9 doplni\u0165 o konzoly pod\u013ea typu br\u00e1ny\/dvier.<\/p>\n\n\n\n<p style=\"font-size:14px\"><i class=\"icon fa fa-check-square-o\" aria-hidden=\"true\"> <\/i> posuvn\u00e9 a kr\u00eddlov\u00e9 br\u00e1ny a dvere<\/p>\n\n\n\n<p style=\"font-size:14px\"><i class=\"icon fa fa-check-square-o\" aria-hidden=\"true\"> <\/i> povrchov\u00e1, z\u00e1pustn\u00e1 mont\u00e1\u017e<\/p>\n\n\n\n<p style=\"font-size:14px\"><i class=\"icon fa fa-check-square-o\" aria-hidden=\"true\"> <\/i> poklopy kovov\u00e9 a plastov\u00e9<\/p>\n\n\n\n<p style=\"font-size:14px\"><i class=\"icon fa fa-check-square-o\" aria-hidden=\"true\"> <\/i> exteri\u00e9r \/ interi\u00e9r<\/p>\n\n\n\n<p style=\"font-size:14px\"><i class=\"icon fa fa-check-square-o\" aria-hidden=\"true\"> <\/i> bat\u00e9ria, sol\u00e1r, no\u010dn\u00fd pr\u00fad  <\/p>\n\n\n\n<p style=\"font-size:14px\"><i class=\"icon fa fa-check-square-o\" aria-hidden=\"true\"> <\/i> k\u00e1bel (sie\u0165ov\u00fd zdroj)<\/p>\n<\/div>\n\n\n\n<div class=\"wp-block-column is-layout-flow wp-block-column-is-layout-flow\" style=\"flex-basis:50px\"><\/div>\n\n\n\n<div class=\"wp-block-column is-layout-flow wp-block-column-is-layout-flow\">\n<p style=\"font-size:20px;letter-spacing:3px;text-transform:uppercase\">Elektrick\u00fd z\u00e1mok <strong>V09<\/strong> pre posuvn\u00e9 br\u00e1ny<\/p>\n\n\n\n<p>Impulzn\u00fd elektrick\u00fd z\u00e1mok V09 s patentovanou v\u00fdsuvnou rota\u010dnou z\u00e1padkou pre mont\u00e1\u017e na <strong>posuvn\u00e9 br\u00e1ny<\/strong> s pevn\u00fdm dorazom v exteri\u00e9ry, robustn\u00fd, vandaluzvdorn\u00fd a vodeodoln\u00fd.<\/p>\n\n\n<div class=\"wp-block-image\">\n<figure class=\"aligncenter size-full is-resized\"><img loading=\"lazy\" decoding=\"async\" width=\"430\" height=\"464\" src=\"https:\/\/ryscloud.sk\/wp-content\/uploads\/2024\/12\/v09ovladac.jpg\" alt=\"\" class=\"wp-image-3622\" style=\"width:213px;height:auto\" srcset=\"https:\/\/ryscloud.sk\/wp-content\/uploads\/2024\/12\/v09ovladac.jpg 430w, https:\/\/ryscloud.sk\/wp-content\/uploads\/2024\/12\/v09ovladac-278x300.jpg 278w, https:\/\/ryscloud.sk\/wp-content\/uploads\/2024\/12\/v09ovladac-139x150.jpg 139w\" sizes=\"auto, (max-width: 430px) 100vw, 430px\" \/><\/figure>\n<\/div>\n\n\n<p class=\"has-normal-font-size\">Z\u00e1mok je ur\u010den\u00fd pre vonkaj\u0161ie prostredie a m\u00f4\u017ee by\u0165 in\u0161talovan\u00fd aj v n\u00edzkoenergetick\u00fdch rie\u0161eniach nap\u00e1jan\u00fdch na bat\u00e9riu, sol\u00e1r alebo no\u010dn\u00fd pr\u00fad ale <strong>len spolu s ovl\u00e1da\u010dom V09<\/strong>. <\/p>\n\n\n\n<p class=\"has-text-color has-link-color wp-elements-5ac3f0b0a89d5cc20aa557cae3dcb9aa\" style=\"color:#ff0000;font-size:14px\">Ak vyu\u017e\u00edvate v syst\u00e9me zdroj 12 V DC (bat\u00e9ria, sol\u00e1r, sie\u0165ov\u00fd nap\u00e1ja\u010d), je potrebn\u00e9 v zapojen\u00ed pred z\u00e1mok zaradi\u0165 transil BZW 06-26 a<strong> ovl\u00e1dac\u00ed modul V09<\/strong> .<\/p>\n\n\n\n<p style=\"font-size:14px\"><i class=\"icon fa fa-check-square-o\" aria-hidden=\"true\"> <\/i> posuvn\u00e9 br\u00e1ny a dvere<\/p>\n\n\n\n<p style=\"font-size:14px\"><i class=\"icon fa fa-check-square-o\" aria-hidden=\"true\"> <\/i> povrchov\u00e1 mont\u00e1\u017e<\/p>\n\n\n\n<p style=\"font-size:14px\"><i class=\"icon fa fa-check-square-o\" aria-hidden=\"true\"> <\/i> exteri\u00e9r \/ interi\u00e9r<\/p>\n\n\n\n<p style=\"font-size:14px\"><i class=\"icon fa fa-check-square-o\" aria-hidden=\"true\"> <\/i> bat\u00e9ria, sol\u00e1r, no\u010dn\u00fd pr\u00fad &#8211; <em>len s ovl\u00e1da\u010dom V09 <\/em>!<\/p>\n\n\n\n<p style=\"font-size:14px\"><i class=\"icon fa fa-check-square-o\" aria-hidden=\"true\"> <\/i> k\u00e1bel (sie\u0165ov\u00fd zdroj <strong>12 VDC<\/strong>) <em>&#8211; len s ovl\u00e1da\u010dom V09!)<\/em><\/p>\n<\/div>\n\n\n\n<div class=\"wp-block-column is-layout-flow wp-block-column-is-layout-flow\" style=\"flex-basis:50px\"><\/div>\n\n\n\n<div class=\"wp-block-column is-layout-flow wp-block-column-is-layout-flow\">\n<p style=\"font-size:20px;letter-spacing:3px;text-transform:uppercase\">Elektrick\u00fd z\u00e1mok <strong>V06<\/strong> pre kr\u00eddlov\u00e9 br\u00e1ny<\/p>\n\n\n\n<p>V06 je dostupn\u00fd v horizont\u00e1lnom a vertik\u00e1lnom vyhotoven\u00ed. V06 je ur\u010den\u00fd pre povrchov\u00fa mont\u00e1\u017e na <strong>kr\u00eddlov\u00e9 br\u00e1ny <\/strong>s pevn\u00fdm dorazom.  Z\u00e1mok m\u00e1 pevn\u00fa kon\u0161trukciu, dvojit\u00fa cievku a mechanizmus s rota\u010dn\u00fdm jaz\u00fd\u010dkom.<\/p>\n\n\n<div class=\"wp-block-image\">\n<figure class=\"aligncenter size-full is-resized\"><img loading=\"lazy\" decoding=\"async\" width=\"430\" height=\"479\" src=\"https:\/\/ryscloud.sk\/wp-content\/uploads\/2024\/12\/v06ovladac-2.jpg\" alt=\"\" class=\"wp-image-3624\" style=\"width:213px\" srcset=\"https:\/\/ryscloud.sk\/wp-content\/uploads\/2024\/12\/v06ovladac-2.jpg 430w, https:\/\/ryscloud.sk\/wp-content\/uploads\/2024\/12\/v06ovladac-2-269x300.jpg 269w, https:\/\/ryscloud.sk\/wp-content\/uploads\/2024\/12\/v06ovladac-2-135x150.jpg 135w\" sizes=\"auto, (max-width: 430px) 100vw, 430px\" \/><\/figure>\n<\/div>\n\n\n<p>Z\u00e1mok  je ur\u010den\u00fd aj pre vonkaj\u0161ie prostredie a m\u00f4\u017ee by\u0165 in\u0161talovan\u00fd aj v n\u00edzkoenergetick\u00fdch rie\u0161eniach nap\u00e1jan\u00fdch na bat\u00e9riu, sol\u00e1r alebo no\u010dn\u00fd pr\u00fad ale <strong>len spolu s ovl\u00e1da\u010dom V06<\/strong>. <\/p>\n\n\n\n<p class=\"has-text-color has-link-color wp-elements-950f216c788e15c4e096370b42869cc3\" style=\"color:#ff0000;font-size:14px\">V06 m\u00e1 dvojit\u00fa solenoidov\u00fa cievku, ktorej vlastnosti vy\u017eaduj\u00fa pri zapojen\u00ed na 12 V DC ve\u013emi siln\u00fd zdroj min. 5A. Pre efekt\u00edvne a bezpe\u010dn\u00e9 zapojenie V06 a jeho spo\u013eahliv\u00e9 odblokovanie odpor\u00fa\u010dame do syst\u00e9mu zapoji\u0165 aj <strong>ovl\u00e1dac\u00ed modul V06<\/strong>.<\/p>\n\n\n\n<p style=\"font-size:14px\"><i class=\"icon fa fa-check-square-o\" aria-hidden=\"true\"> <\/i> kr\u00eddlov\u00e9 br\u00e1ny a dvere<\/p>\n\n\n\n<p style=\"font-size:14px\"><i class=\"icon fa fa-check-square-o\" aria-hidden=\"true\"> <\/i> povrchov\u00e1 mont\u00e1\u017e<\/p>\n\n\n\n<p style=\"font-size:14px\"><i class=\"icon fa fa-check-square-o\" aria-hidden=\"true\"> <\/i> exteri\u00e9r \/ interi\u00e9r<\/p>\n\n\n\n<p style=\"font-size:14px\"><i class=\"icon fa fa-check-square-o\" aria-hidden=\"true\"> <\/i> bat\u00e9ria, sol\u00e1r, no\u010dn\u00fd pr\u00fad &#8211; <em>len s ovl\u00e1da\u010dom V06 <\/em>!<\/p>\n\n\n\n<p style=\"font-size:14px\"><i class=\"icon fa fa-check-square-o\" aria-hidden=\"true\"> <\/i> k\u00e1bel (sie\u0165ov\u00fd zdroj) &#8211; len s ovl\u00e1da\u010dom V06<\/p>\n<\/div>\n<\/div>\n\n\n\n<div class=\"wp-block-boldblocks-icon-separator\" role=\"separator\"><div class=\"wp-block-boldblocks-icon-separator__inner icon-center is-align-center\" style=\"--bb--width--sm:var(--bb--width--lg);--bb--width--md:var(--bb--width--lg);--bb--width--lg:25%;--bb-border:1px solid var(--wp--preset--color--accent-1, #e2671f);--bb--icon-width:1em;--bb--icon-spacing:.5em;--bb--icon-fill-color:var(--wp--preset--color--accent-1, #e2671f)\"><svg xmlns=\"http:\/\/www.w3.org\/2000\/svg\" viewBox=\"0 0 20 20\" class=\"bb-icon bb-icon--arrow-down-alt2\">\n  <path d=\"m5 6 5 5 5-5 2 1-7 7-7-7z\"><\/path>\n<\/svg><\/div><\/div>\n\n\n\n<div style=\"height:30px\" aria-hidden=\"true\" class=\"wp-block-spacer\"><\/div>\n\n\n\n<div class=\"wp-block-columns is-layout-flex wp-container-core-columns-is-layout-9d6595d7 wp-block-columns-is-layout-flex\">\n<div class=\"wp-block-column is-layout-flow wp-block-column-is-layout-flow\">\n<p style=\"font-size:20px;letter-spacing:3px;text-transform:uppercase\">Elektromagnetick\u00fd z\u00e1mok ME280SW1 (ME510)<\/p>\n\n\n\n<p>\u00dazky vodotesn\u00fd elektromagnetick\u00fd z\u00e1mok<strong> so signaliz\u00e1ciou ur\u010den\u00fd pre vonkaj\u0161ieho prostredia, odoln\u00fd vo\u010di vlhkosti s kryt\u00edm IP 65<\/strong>. Vhodn\u00fd pre povrchov\u00fa mont\u00e1\u017e na br\u00e1ny a dvere s pevn\u00fdm dorazom.<\/p>\n\n\n\n<figure class=\"wp-block-image size-full\"><img loading=\"lazy\" decoding=\"async\" width=\"355\" height=\"117\" src=\"https:\/\/ryscloud.sk\/wp-content\/uploads\/2024\/12\/me510.jpg\" alt=\"\" class=\"wp-image-3628\" srcset=\"https:\/\/ryscloud.sk\/wp-content\/uploads\/2024\/12\/me510.jpg 355w, https:\/\/ryscloud.sk\/wp-content\/uploads\/2024\/12\/me510-300x99.jpg 300w\" sizes=\"auto, (max-width: 355px) 100vw, 355px\" \/><\/figure>\n\n\n\n<p>Z\u00e1mok je vybaven\u00fd kontaktmi pre v\u00fdstup signaliz\u00e1cie na kontrolu stavu br\u00e1ny\/poklopu.<\/p>\n\n\n\n<p>V\u00fdrobok sa sklad\u00e1 z elektromagnetu, ktor\u00fd sa in\u0161taluje na pevnom r\u00e1me a z n\u00e1razovej platni\u010dky namontovanej na pohyblivej \u010dasti dver\u00ed alebo br\u00e1ny.<\/p>\n\n\n\n<p style=\"font-size:14px\">Elektromagnetick\u00fd z\u00e1mok je prim\u00e1rne <strong>ur\u010den\u00fd pre pripojenie na sie\u0165ov\u00fd zdroj nap\u00e1jania<\/strong>, nako\u013eko pre uzamknutie br\u00e1ny mus\u00ed by\u0165 k nemu priv\u00e1dzan\u00fd pr\u00fad.  M\u00f4\u017ee by\u0165 nap\u00e1jan\u00fd aj sol\u00e1rnym syst\u00e9mom alebo pripojen\u00fd no\u010dn\u00fd pr\u00fad, ale v t\u00fdchto pr\u00edpadoch vy\u017eaduje vy\u017eaduje &#8222;siln\u00fa&#8220; bat\u00e9riu.<\/p>\n\n\n\n<p class=\"has-text-color has-link-color wp-elements-d66dd85c5283907cc78c76588acbbd49\" style=\"color:#ff0000\">Nie je vhodn\u00fd pre n\u00edzkoenergetick\u00e9 rie\u0161enia. <\/p>\n\n\n\n<p style=\"font-size:14px\"><i class=\"icon fa fa-check-square-o\" aria-hidden=\"true\"> <\/i> posuvn\u00e9 a kr\u00eddlov\u00e9 br\u00e1ny a dvere<\/p>\n\n\n\n<p style=\"font-size:14px\"><i class=\"icon fa fa-check-square-o\" aria-hidden=\"true\"> <\/i> povrchov\u00e1 mont\u00e1\u017e<\/p>\n\n\n\n<p style=\"font-size:14px\"><i class=\"icon fa fa-check-square-o\" aria-hidden=\"true\"> <\/i> exteri\u00e9r<\/p>\n\n\n\n<p style=\"font-size:14px\"><i class=\"icon fa fa-check-square-o\" aria-hidden=\"true\"> <\/i> k\u00e1bel (sie\u0165ov\u00fd zdroj)<\/p>\n<\/div>\n\n\n\n<div class=\"wp-block-column is-layout-flow wp-block-column-is-layout-flow\" style=\"flex-basis:50px\"><\/div>\n\n\n\n<div class=\"wp-block-column is-layout-flow wp-block-column-is-layout-flow\">\n<p class=\"has-accent-1-color has-text-color has-link-color has-large-font-size wp-elements-c2756416ef4e49986feaa864c4bbf7a9\">Ako vybra\u0165 spr\u00e1vny z\u00e1mok<\/p>\n\n\n\n<ul class=\"wp-block-list\">\n<li>informujte sa o v\u0161etk\u00fdch technick\u00fdch a funk\u010dn\u00fdch vlastnostiach z\u00e1mku a overte si jeho <strong>vhodnos\u0165 zapojenia do n\u00edzkoodberov\u00fdch syst\u00e9mov<\/strong><\/li>\n\n\n\n<li>informujte sa, \u010di je z\u00e1mok skuto\u010dne <strong>ur\u010den\u00fd do vonkaj\u0161ieho prostredia<\/strong><\/li>\n\n\n\n<li>majte na zreteli aj <strong>ve\u013ekos\u0165 a umiestnenie z\u00e1mku<\/strong> na br\u00e1ne\/poklope, \u010do ovplyv\u0148uje  pr\u00e1ce na \u00faprave br\u00e1ny\/poklopu a teda aj celkov\u00fa cenu mont\u00e1\u017ee<\/li>\n\n\n\n<li><strong>uprednostnite kvalitu<\/strong> nie n\u00edzku cenu, preto\u017ee si kupujete zariadenie, ktor\u00e9 bude dennodenne pou\u017e\u00edvan\u00e9 a vystaven\u00e9 nie len poveternostn\u00fdm vplyvom ale aj mechanickej z\u00e1\u0165a\u017ei pri zatv\u00e1ran\u00ed br\u00e1ny\/poklopu, neopom\u00ednajte ani mo\u017en\u00e9 fyzick\u00e9 \u00fatoky a vandalizmu pri pokusoch o prekonanie tejto z\u00e1brany. \u010cast\u00e9 v\u00fdmeny alebo opravy nevhodne zvolen\u00e9ho z\u00e1mku m\u00f4\u017eu v\u00fdrazne nav\u00fd\u0161i\u0165 cenu syst\u00e9mu.<\/li>\n<\/ul>\n\n\n\n<div style=\"height:24px\" aria-hidden=\"true\" class=\"wp-block-spacer\"><\/div>\n\n\n\n<ul class=\"wp-block-list\"><\/ul>\n<\/div>\n\n\n\n<div class=\"wp-block-column is-layout-flow wp-block-column-is-layout-flow\" style=\"flex-basis:50px\"><\/div>\n\n\n\n<div class=\"wp-block-column is-layout-flow wp-block-column-is-layout-flow\">\n<p class=\"has-accent-1-color has-text-color has-link-color has-large-font-size wp-elements-b4cb086e83057327b108bce3013aa2cd\">\u010co je kontrola stavu dver\u00ed<\/p>\n\n\n\n<p>Z\u00e1mok s mikrosp\u00edna\u010dom alebo so signaliz\u00e1ciou umo\u017e\u0148uje kontrolova\u0165 spr\u00e1vne zatvorenie a zabezpe\u010denie dver\u00ed\/poklopu. Syst\u00e9m <strong>vyhodnot\u00ed nezatvoren\u00e9 alebo n\u00e1silne otvoren\u00e9 dvere\/poklop<\/strong> (pod\u013ea nastavenia syst\u00e9mu) a zopne signaliz\u00e1ciu a vytvor\u00ed d\u00e1tov\u00fd z\u00e1znam:<\/p>\n\n\n\n<ul class=\"wp-block-list\">\n<li style=\"font-size:14px\">v syst\u00e9me sa nastavuje povolen\u00e1 d\u013a\u017eka otvorenia dver\u00ed, napr. 2 min\u00faty. Ak otvorenie prekro\u010d\u00ed t\u00fato \u010dasov\u00fa d\u013a\u017eku, syst\u00e9m bude signalizova\u0165 <strong>nezatvoren\u00e9 dvere<\/strong>.<\/li>\n\n\n\n<li style=\"font-size:14px\">ak s\u00fa dvere otvoren\u00e9 n\u00e1silne bez pou\u017eitia \u010dipu, syst\u00e9m to vyhodnot\u00ed ako <strong>n\u00e1silne otvoren\u00e9 dvere<\/strong>.<\/li>\n<\/ul>\n\n\n\n<p>Ako signaliz\u00e1ciu je mo\u017en\u00e9 pou\u017ei\u0165 <strong>sveteln\u00e9 alebo zvukov\u00e9 zariadenie<\/strong>, napr. maj\u00e1k, sir\u00e9nku alebo alebo prepojenie priamo na alarmov\u00fa \u00fastred\u0148u.<\/p>\n\n\n\n<p>Udalos\u0165 o stave dver\u00ed je zaznamenan\u00e1 <strong>pri offline <\/strong>(do pam\u00e4te <a href=\"https:\/\/ryscloud.sk\/index.php\/kontajnerove-stojiska\/\" data-type=\"page\" data-id=\"2820\">iKURA<\/a>)<strong> aj online prev\u00e1dzke syst\u00e9mu <\/strong>(do iKURA + SSO). Navy\u0161e pri online spr\u00e1ve cez cloudov\u00fa slu\u017ebu <a href=\"https:\/\/ryscloud.sk\/index.php\/sso\/\" data-type=\"page\" data-id=\"1734\">SSO<\/a> je mo\u017en\u00e9 nastavi\u0165 <strong>okam\u017eit\u00e9 sms alebo emailov\u00e9 upozornenia <\/strong>na tieto udalosti.<\/p>\n\n\n<div class=\"wp-block-image\">\n<figure class=\"aligncenter size-full is-resized\"><a href=\"https:\/\/ryscloud.sk\/index.php\/ikura-set\/\"><img loading=\"lazy\" decoding=\"async\" width=\"591\" height=\"479\" src=\"https:\/\/ryscloud.sk\/wp-content\/uploads\/2024\/11\/iKura_logo-2_2023.png\" alt=\"\" class=\"wp-image-3253\" style=\"width:50px\" srcset=\"https:\/\/ryscloud.sk\/wp-content\/uploads\/2024\/11\/iKura_logo-2_2023.png 591w, https:\/\/ryscloud.sk\/wp-content\/uploads\/2024\/11\/iKura_logo-2_2023-300x243.png 300w, https:\/\/ryscloud.sk\/wp-content\/uploads\/2024\/11\/iKura_logo-2_2023-185x150.png 185w\" sizes=\"auto, (max-width: 591px) 100vw, 591px\" \/><\/a><\/figure>\n<\/div><\/div>\n<\/div>\n\n\n\n<div class=\"wp-block-columns is-layout-flex wp-container-core-columns-is-layout-9d6595d7 wp-block-columns-is-layout-flex\">\n<div class=\"wp-block-column is-vertically-aligned-top is-layout-flow wp-block-column-is-layout-flow\" style=\"flex-basis:100%\"><\/div>\n<\/div>\n","protected":false},"excerpt":{"rendered":"<p>Elektrick\u00e9 z\u00e1mky V\u00fdber spr\u00e1vneho z\u00e1mku a jeho profesion\u00e1lna in\u0161tal\u00e1cia s\u00fa d\u00f4le\u017eit\u00e9 podmienky pre spo\u013eahliv\u00fa funk\u010dnos\u0165 pr\u00edstupov\u00e9ho syst\u00e9mu. Pri in\u0161tal\u00e1cii pr\u00edstupov\u00e9ho syst\u00e9mu &hellip;<\/p>\n","protected":false},"author":2,"featured_media":0,"parent":0,"menu_order":0,"comment_status":"closed","ping_status":"closed","template":"","meta":{"_exactmetrics_skip_tracking":false,"_exactmetrics_sitenote_active":false,"_exactmetrics_sitenote_note":"","_exactmetrics_sitenote_category":0,"footnotes":""},"class_list":["post-3570","page","type-page","status-publish","hentry"],"_links":{"self":[{"href":"https:\/\/ryscloud.sk\/index.php\/wp-json\/wp\/v2\/pages\/3570","targetHints":{"allow":["GET"]}}],"collection":[{"href":"https:\/\/ryscloud.sk\/index.php\/wp-json\/wp\/v2\/pages"}],"about":[{"href":"https:\/\/ryscloud.sk\/index.php\/wp-json\/wp\/v2\/types\/page"}],"author":[{"embeddable":true,"href":"https:\/\/ryscloud.sk\/index.php\/wp-json\/wp\/v2\/users\/2"}],"replies":[{"embeddable":true,"href":"https:\/\/ryscloud.sk\/index.php\/wp-json\/wp\/v2\/comments?post=3570"}],"version-history":[{"count":44,"href":"https:\/\/ryscloud.sk\/index.php\/wp-json\/wp\/v2\/pages\/3570\/revisions"}],"predecessor-version":[{"id":3646,"href":"https:\/\/ryscloud.sk\/index.php\/wp-json\/wp\/v2\/pages\/3570\/revisions\/3646"}],"wp:attachment":[{"href":"https:\/\/ryscloud.sk\/index.php\/wp-json\/wp\/v2\/media?parent=3570"}],"curies":[{"name":"wp","href":"https:\/\/api.w.org\/{rel}","templated":true}]}}