{"id":3651,"date":"2024-12-05T16:22:13","date_gmt":"2024-12-05T15:22:13","guid":{"rendered":"https:\/\/ryscloud.sk\/?page_id=3651"},"modified":"2025-04-02T08:27:48","modified_gmt":"2025-04-02T06:27:48","slug":"citacky-a-cipy","status":"publish","type":"page","link":"https:\/\/ryscloud.sk\/index.php\/citacky-a-cipy\/","title":{"rendered":"\u010c\u00edta\u010dky a \u010dipy"},"content":{"rendered":"\n<h2 class=\"wp-block-heading has-text-align-center\" style=\"text-transform:uppercase\">\u010c\u00edta\u010dky a \u010dipy<\/h2>\n\n\n\n<p class=\"has-text-align-center has-accent-1-color has-text-color has-link-color wp-elements-ea5a38182cca99d99f6cdf1b2fb4cd25\" style=\"font-size:20px;letter-spacing:3px\">U\u017e\u00edvate\u013esk\u00e9 RFID \u010dipy a RFID \u010d\u00edta\u010dka v na\u0161ich syst\u00e9moch sp\u013a\u0148aj\u00fa vysok\u00fd \u0161tandard bezpe\u010dnosti, zabezpe\u010duj\u00fa jednozna\u010dn\u00fa identitu a opr\u00e1vnenos\u0165 u\u017e\u00edvate\u013ea<\/p>\n\n\n\n<p class=\"has-text-align-center\">V mestskom prostred\u00ed so zdie\u013ean\u00fdmi kontajnerov\u00fdmi stojiskami a kontajnermi je ve\u013emi d\u00f4le\u017eit\u00e9 vybra\u0165 si spr\u00e1vny sp\u00f4sob uzamykania stoj\u00edsk a kontajnerov, ktor\u00fd pon\u00fakne jedine\u010dnos\u0165 bezkontaktn\u00e9ho \u010dipu bez mo\u017enosti vytv\u00e1rania jeho k\u00f3pie a t\u00fdm sa pripravi\u0165 na bud\u00facu moderniz\u00e1ciu a prechod na syst\u00e9m<strong> PAYT<\/strong>  (Pay as You Throw &#8211; Pla\u0165 za to \u010do vyhod\u00ed\u0161), ktor\u00e9ho hlavnou \u00falohou je zv\u00fd\u0161i\u0165 podiel trieden\u00e9ho odpadu a minimalizova\u0165 n\u00e1klady na likvid\u00e1ciu zmesov\u00e9ho odpadu.<\/p>\n\n\n\n<div style=\"height:30px\" aria-hidden=\"true\" class=\"wp-block-spacer\"><\/div>\n\n\n\n<div class=\"wp-block-boldblocks-icon-separator\" role=\"separator\"><div class=\"wp-block-boldblocks-icon-separator__inner icon-center is-align-center\" style=\"--bb--width--sm:var(--bb--width--lg);--bb--width--md:var(--bb--width--lg);--bb--width--lg:25%;--bb-border:1px solid var(--wp--preset--color--accent-1, #e2671f);--bb--icon-width:1em;--bb--icon-spacing:.5em;--bb--icon-fill-color:var(--wp--preset--color--accent-1, #e2671f)\"><svg xmlns=\"http:\/\/www.w3.org\/2000\/svg\" viewBox=\"0 0 20 20\" class=\"bb-icon bb-icon--arrow-down-alt2\">\n  <path d=\"m5 6 5 5 5-5 2 1-7 7-7-7z\"><\/path>\n<\/svg><\/div><\/div>\n\n\n\n<div style=\"height:30px\" aria-hidden=\"true\" class=\"wp-block-spacer\"><\/div>\n\n\n\n<div class=\"wp-block-columns is-layout-flex wp-container-core-columns-is-layout-9d6595d7 wp-block-columns-is-layout-flex\">\n<div class=\"wp-block-column is-layout-flow wp-block-column-is-layout-flow\">\n<div class=\"wp-block-columns is-layout-flex wp-container-core-columns-is-layout-9d6595d7 wp-block-columns-is-layout-flex\">\n<div class=\"wp-block-column is-layout-flow wp-block-column-is-layout-flow\" style=\"flex-basis:33.33%\">\n<p class=\"has-drop-cap has-accent-1-color has-text-color\" style=\"font-size:8px\">1<\/p>\n<\/div>\n\n\n\n<div class=\"wp-block-column is-layout-flow wp-block-column-is-layout-flow\" style=\"flex-basis:300%\">\n<p class=\"has-large-font-size\" style=\"text-transform:uppercase\">\u010c\u00edta\u010dky a \u010dipy DESFire EV1, EV2, EV3,  AES \u0161ifrovanie<\/p>\n<\/div>\n<\/div>\n<\/div>\n\n\n\n<div class=\"wp-block-column is-layout-flow wp-block-column-is-layout-flow\">\n<div class=\"wp-block-columns is-layout-flex wp-container-core-columns-is-layout-9d6595d7 wp-block-columns-is-layout-flex\">\n<div class=\"wp-block-column is-layout-flow wp-block-column-is-layout-flow\" style=\"flex-basis:33.33%\">\n<p class=\"has-drop-cap has-accent-1-color has-text-color\" style=\"font-size:8px\">2<\/p>\n<\/div>\n\n\n\n<div class=\"wp-block-column is-layout-flow wp-block-column-is-layout-flow\" style=\"flex-basis:300%\">\n<p class=\"has-large-font-size\" style=\"text-transform:uppercase\">vysok\u00fd \u0161tandard d\u00e1tovej bezpe\u010dnosti &#8211; nekop\u00edrovate\u013en\u00e9 \u010dipy<\/p>\n<\/div>\n<\/div>\n<\/div>\n\n\n\n<div class=\"wp-block-column is-layout-flow wp-block-column-is-layout-flow\">\n<div class=\"wp-block-columns is-layout-flex wp-container-core-columns-is-layout-9d6595d7 wp-block-columns-is-layout-flex\">\n<div class=\"wp-block-column is-layout-flow wp-block-column-is-layout-flow\" style=\"flex-basis:33.33%\">\n<p class=\"has-drop-cap has-accent-1-color has-text-color\" style=\"font-size:8px\">3<\/p>\n<\/div>\n\n\n\n<div class=\"wp-block-column is-layout-flow wp-block-column-is-layout-flow\" style=\"flex-basis:300%\">\n<p class=\"has-large-font-size\" style=\"text-transform:uppercase\">Mo\u017enos\u0165 vyu\u017ei\u0165 \u010cIP pre PAYT syst\u00e9m alebo ako mestsk\u00fa kartu<\/p>\n<\/div>\n<\/div>\n<\/div>\n<\/div>\n\n\n\n<div class=\"wp-block-columns is-layout-flex wp-container-core-columns-is-layout-9d6595d7 wp-block-columns-is-layout-flex\">\n<div class=\"wp-block-column is-layout-flow wp-block-column-is-layout-flow\">\n<div class=\"wp-block-columns is-layout-flex wp-container-core-columns-is-layout-9d6595d7 wp-block-columns-is-layout-flex\">\n<div class=\"wp-block-column is-layout-flow wp-block-column-is-layout-flow\" style=\"flex-basis:33.33%\">\n<p class=\"has-drop-cap has-accent-1-color has-text-color\" style=\"font-size:8px\">4<\/p>\n<\/div>\n\n\n\n<div class=\"wp-block-column is-layout-flow wp-block-column-is-layout-flow\" style=\"flex-basis:300%\">\n<p class=\"has-large-font-size\" style=\"text-transform:uppercase\">ozna\u010denie \u010dipov poradov\u00fdm \u010d\u00edslom, logom<\/p>\n<\/div>\n<\/div>\n<\/div>\n\n\n\n<div class=\"wp-block-column is-layout-flow wp-block-column-is-layout-flow\">\n<div class=\"wp-block-columns is-layout-flex wp-container-core-columns-is-layout-9d6595d7 wp-block-columns-is-layout-flex\">\n<div class=\"wp-block-column is-layout-flow wp-block-column-is-layout-flow\" style=\"flex-basis:33.33%\">\n<p class=\"has-drop-cap has-accent-1-color has-text-color\" style=\"font-size:8px\">5<\/p>\n<\/div>\n\n\n\n<div class=\"wp-block-column is-layout-flow wp-block-column-is-layout-flow\" style=\"flex-basis:300%\">\n<p class=\"has-large-font-size\" style=\"text-transform:uppercase\">vstavate\u013en\u00e9 n\u00edzkoenergetick\u00e9 \u010d\u00edta\u010dky<\/p>\n<\/div>\n<\/div>\n<\/div>\n\n\n\n<div class=\"wp-block-column is-layout-flow wp-block-column-is-layout-flow\">\n<div class=\"wp-block-columns is-layout-flex wp-container-core-columns-is-layout-9d6595d7 wp-block-columns-is-layout-flex\">\n<div class=\"wp-block-column is-layout-flow wp-block-column-is-layout-flow\" style=\"flex-basis:33.33%\">\n<p class=\"has-drop-cap has-accent-1-color has-text-color\" style=\"font-size:8px\">6<\/p>\n<\/div>\n\n\n\n<div class=\"wp-block-column is-layout-flow wp-block-column-is-layout-flow\" style=\"flex-basis:300%\">\n<p class=\"has-large-font-size\" style=\"text-transform:uppercase\">povrchov\u00e9 \u010d\u00edta\u010dky s vysokou odolnos\u0165ou Ip a IK <\/p>\n<\/div>\n<\/div>\n<\/div>\n<\/div>\n\n\n\n<div class=\"wp-block-boldblocks-icon-separator\" role=\"separator\"><div class=\"wp-block-boldblocks-icon-separator__inner icon-center is-align-center\" style=\"--bb--width--sm:var(--bb--width--lg);--bb--width--md:var(--bb--width--lg);--bb--width--lg:25%;--bb-border:1px solid var(--wp--preset--color--accent-1, #e2671f);--bb--icon-width:1em;--bb--icon-spacing:.5em;--bb--icon-fill-color:var(--wp--preset--color--accent-1, #e2671f)\"><svg xmlns=\"http:\/\/www.w3.org\/2000\/svg\" viewBox=\"0 0 20 20\" class=\"bb-icon bb-icon--arrow-down-alt2\">\n  <path d=\"m5 6 5 5 5-5 2 1-7 7-7-7z\"><\/path>\n<\/svg><\/div><\/div>\n\n\n\n<div style=\"height:30px\" aria-hidden=\"true\" class=\"wp-block-spacer\"><\/div>\n\n\n\n<p class=\"has-text-align-center\">V na\u0161ich syst\u00e9moch vyu\u017e\u00edvame <strong>bezkontaktn\u00e9 \u010d\u00edta\u010dky a \u010dipy DESFire s dvojstup\u0148ovou ochranou overenia identity u\u017e\u00edvate\u013esk\u00e9ho \u010dipu a \u0161ifrovan\u00edm AES<\/strong>. Jednoducho povedan\u00e9, na\u0161e \u010dipy s\u00fa ochr\u00e1nen\u00e9 podobne ako va\u0161e bankov\u00e9 karty. Preto DESFire \u010dipy m\u00f4\u017eu by\u0165 okrem vstupu do bytov\u00e9ho domu a kontajnerov\u00e9ho stojiska pou\u017eit\u00e9 aj na \u00fa\u010dely in\u00fdch mestsk\u00fdch slu\u017eieb alebo vstupu do mestsk\u00fdch objektov, kde je nevyhnutn\u00e1 presn\u00e1 identifik\u00e1cia obyvate\u013ea, kapacita pam\u00e4te \u010dipu m\u00f4\u017ee by\u0165 vyu\u017eit\u00e1 aj na zapisovanie \u00fadajov podobne ako mestsk\u00e1 karta.<\/p>\n\n\n\n<div style=\"height:30px\" aria-hidden=\"true\" class=\"wp-block-spacer\"><\/div>\n\n\n\n<div style=\"height:30px\" aria-hidden=\"true\" class=\"wp-block-spacer\"><\/div>\n\n\n\n<p class=\"has-text-align-center has-accent-1-color has-text-color has-large-font-size\" style=\"letter-spacing:3px\">Bezkontaktn\u00e9 \u010d\u00edta\u010dky a \u010dipy DESFire<\/p>\n\n\n\n<div class=\"wp-block-columns is-layout-flex wp-container-core-columns-is-layout-9d6595d7 wp-block-columns-is-layout-flex\">\n<div class=\"wp-block-column is-layout-flow wp-block-column-is-layout-flow\">\n<p style=\"font-size:20px;letter-spacing:3px;text-transform:uppercase\">Bezkontaktn\u00e9 \u010d\u00edta\u010dky<\/p>\n\n\n\n<p>DESFire bezkontaktn\u00e9 \u010d\u00edta\u010dky dod\u00e1vame nakonfigurovan\u00e9, \u010do zabezpe\u010duje vysok\u00fa d\u00e1tov\u00fa bezp\u010denos\u0165.  Konfigur\u00e1ciu je mo\u017en\u00e9 meni\u0165 aj po nain\u0161talovan\u00ed \u010d\u00edta\u010dky.<\/p>\n\n\n\n<p>(1) <strong>Vstavate\u013en\u00e9 n\u00edzkoenergetick\u00e9 \u010d\u00edta\u010dky <\/strong><\/p>\n\n\n\n<ul class=\"wp-block-list\">\n<li style=\"font-size:14px\">integrovan\u00e9 do iKURA SETu<\/li>\n\n\n\n<li style=\"font-size:14px\">nevy\u017eaduj\u00fa aktiva\u010dn\u00e9 tla\u010didlo<\/li>\n<\/ul>\n\n\n\n<p>(2) <strong>\u010c\u00edta\u010dky 8CD 2.0 povrchov\u00e1 mont\u00e1\u017e<\/strong><\/p>\n\n\n\n<ul class=\"wp-block-list\">\n<li style=\"font-size:14px\">vhodn\u00e9 pre pr\u00edstupov\u00fd syst\u00e9m s opera\u010dnou jednotkou iKURA.<\/li>\n\n\n\n<li style=\"font-size:14px\">odolnos\u0165 vo\u010di poveternostn\u00fdm vplyvom IP67<\/li>\n\n\n\n<li style=\"font-size:14px\">mechanick\u00e1 odolnos\u0165 IK9<\/li>\n\n\n\n<li style=\"font-size:14px\">vyroben\u00e9 so samozh\u00e1\u0161av\u00e9ho plastu, \u010do zvy\u0161uje ich vandaluvzdornos\u0165<\/li>\n<\/ul>\n\n\n<div class=\"wp-block-image\">\n<figure class=\"aligncenter size-full is-resized\"><img loading=\"lazy\" decoding=\"async\" width=\"98\" height=\"305\" src=\"https:\/\/ryscloud.sk\/wp-content\/uploads\/2024\/12\/citacka-8cd.jpg\" alt=\"\" class=\"wp-image-3656\" style=\"width:58px;height:auto\" srcset=\"https:\/\/ryscloud.sk\/wp-content\/uploads\/2024\/12\/citacka-8cd.jpg 98w, https:\/\/ryscloud.sk\/wp-content\/uploads\/2024\/12\/citacka-8cd-96x300.jpg 96w, https:\/\/ryscloud.sk\/wp-content\/uploads\/2024\/12\/citacka-8cd-48x150.jpg 48w\" sizes=\"auto, (max-width: 98px) 100vw, 98px\" \/><\/figure>\n<\/div><\/div>\n\n\n\n<div class=\"wp-block-column is-layout-flow wp-block-column-is-layout-flow\" style=\"flex-basis:50px\"><\/div>\n\n\n\n<div class=\"wp-block-column is-layout-flow wp-block-column-is-layout-flow\">\n<p style=\"font-size:20px;letter-spacing:3px;text-transform:uppercase\">Bezkontaktn\u00e9 \u010dipy<\/p>\n\n\n\n<p>DESFire \u010dipy dod\u00e1vame nakonfigurovan\u00e9 pre \u0161ifrovan\u00fa komunik\u00e1ciu s \u010d\u00edta\u010dkou v pr\u00edstupovom syst\u00e9me. Beetle pr\u00edvesok, ktor\u00fd pon\u00faka origin\u00e1lny vzh\u013ead a vynikaj\u00facu funk\u010dnos\u0165. Tvar pr\u00edvesku je prisp\u00f4soben\u00fd jednoduch\u00e9mu upevneniu na k\u013e\u00fa\u010denku. Je vyroben\u00fd z odoln\u00e9ho materi\u00e1lu ABS, aby sp\u013a\u0148al n\u00e1roky \u010dast\u00e9ho alebo menej \u0161etrn\u00e9ho pou\u017e\u00edvania.<\/p>\n\n\n<div class=\"wp-block-image\">\n<figure class=\"aligncenter size-full is-resized\"><img loading=\"lazy\" decoding=\"async\" width=\"159\" height=\"258\" src=\"https:\/\/ryscloud.sk\/wp-content\/uploads\/2024\/11\/ikura_cipy.jpg\" alt=\"\" class=\"wp-image-3035\" style=\"width:119px;height:auto\" srcset=\"https:\/\/ryscloud.sk\/wp-content\/uploads\/2024\/11\/ikura_cipy.jpg 159w, https:\/\/ryscloud.sk\/wp-content\/uploads\/2024\/11\/ikura_cipy-92x150.jpg 92w\" sizes=\"auto, (max-width: 159px) 100vw, 159px\" \/><\/figure>\n<\/div>\n\n\n<div style=\"height:20px\" aria-hidden=\"true\" class=\"wp-block-spacer\"><\/div>\n\n\n\n<p class=\"has-text-align-center has-accent-1-color has-text-color has-link-color wp-elements-a651bc3c2ca5ab8e51e6ad4a4e60064b\" style=\"font-size:20px;letter-spacing:3px\">\u010cIP sa st\u00e1va <strong>nekop\u00edrovate\u013en\u00fdm<\/strong> a\u017e po spr\u00e1vnom nakonfigurovan\u00ed bezpe\u010dnostn\u00fdch prvkov!<\/p>\n<\/div>\n\n\n\n<div class=\"wp-block-column is-layout-flow wp-block-column-is-layout-flow\" style=\"flex-basis:50px\"><\/div>\n\n\n\n<div class=\"wp-block-column is-layout-flow wp-block-column-is-layout-flow\">\n<p style=\"font-size:20px;letter-spacing:3px;text-transform:uppercase\">Ozna\u010denie \u010dipov<\/p>\n\n\n\n<p>Trval\u00e9 ozna\u010denie \u010dipov napr. poradov\u00fdm \u010d\u00edslom je najjednoduch\u0161\u00ed sp\u00f4sob ako si spreh\u013eadni\u0165 ich spr\u00e1vu. V r\u00e1mci jedn\u00e9ho bytu (rodiny) sa oby\u010dajne pou\u017e\u00edvaj\u00fa viacer\u00e9 \u010dipy a v pr\u00edpade straty jedn\u00e9ho je oby\u010dajne organiza\u010dne zlo\u017e\u009eit\u00e9 zisti\u0165\u009d, ktor\u00fd to bol.<\/p>\n\n\n\n<p>Pokia\u013e s\u00fa ale \u010dipy ozna\u010den\u00e9 \u010d\u00edslami, sta\u010d\u00ed zisti\u009d\u0165 \u010d\u00edsla, ktor\u00e9 sa v rodine st\u00e1le pou\u017e\u009e\u00edvaj\u00fa a pr\u00edvesok s ch\u00fdbaj\u00facim poradov\u00fdm \u010d\u00edslom vymaza\u0165\u009d z datab\u00e1zy.<\/p>\n\n\n<div class=\"wp-block-image\">\n<figure class=\"aligncenter size-full is-resized\"><img loading=\"lazy\" decoding=\"async\" width=\"450\" height=\"309\" src=\"https:\/\/ryscloud.sk\/wp-content\/uploads\/2024\/12\/cipy-cisla.jpg\" alt=\"\" class=\"wp-image-3696\" style=\"object-fit:cover;width:216px;height:auto\" srcset=\"https:\/\/ryscloud.sk\/wp-content\/uploads\/2024\/12\/cipy-cisla.jpg 450w, https:\/\/ryscloud.sk\/wp-content\/uploads\/2024\/12\/cipy-cisla-300x206.jpg 300w, https:\/\/ryscloud.sk\/wp-content\/uploads\/2024\/12\/cipy-cisla-218x150.jpg 218w\" sizes=\"auto, (max-width: 450px) 100vw, 450px\" \/><\/figure>\n<\/div><\/div>\n<\/div>\n\n\n\n<div class=\"wp-block-boldblocks-icon-separator\" role=\"separator\"><div class=\"wp-block-boldblocks-icon-separator__inner icon-center is-align-center\" style=\"--bb--width--sm:var(--bb--width--lg);--bb--width--md:var(--bb--width--lg);--bb--width--lg:25%;--bb-border:1px solid var(--wp--preset--color--accent-1, #e2671f);--bb--icon-width:1em;--bb--icon-spacing:.5em;--bb--icon-fill-color:var(--wp--preset--color--accent-1, #e2671f)\"><svg xmlns=\"http:\/\/www.w3.org\/2000\/svg\" viewBox=\"0 0 20 20\" class=\"bb-icon bb-icon--arrow-down-alt2\">\n  <path d=\"m5 6 5 5 5-5 2 1-7 7-7-7z\"><\/path>\n<\/svg><\/div><\/div>\n\n\n\n<div style=\"height:30px\" aria-hidden=\"true\" class=\"wp-block-spacer\"><\/div>\n\n\n\n<h6 class=\"wp-block-heading has-text-align-center\" id=\"block-03bc789e-e9f9-44d2-84e8-fd18838382f6\" style=\"letter-spacing:3px;text-transform:uppercase\">Ako si vybra\u0165 spr\u00e1vny typ \u010dipu  &#8211;  125 kHz alebo 13,56 MHz?<\/h6>\n\n\n\n<p class=\"has-text-align-center\" id=\"block-37caf0db-652e-46cd-9651-3b84383794f7\">Z poh\u013eadu pou\u017e\u00edvate\u013ea je medzi r\u00f4znymi typmi identifik\u00e1torov (pr\u00edvesky, karty)  minim\u00e1lny rozdiel. Pou\u017e\u00edvate\u013e prilo\u017e\u00ed \u010dip k \u010d\u00edta\u010dke a jeho vstup je bu\u010f povolen\u00fd alebo zamietnut\u00fd. \u010co sa deje za pomyselnou sc\u00e9nou jednoduch\u00e9ho pre\u010d\u00edtania \u010dipu je v\u0161ak ve\u013emi d\u00f4le\u017eit\u00e9. Je \u010dip pre\u010d\u00edtan\u00fd len v jednoduchej forme alebo prebieha aj tzv. autentifik\u00e1cia bezpe\u010dnostn\u00fdch prvkov? Okrem frekvencie pou\u017e\u00edvanej pri prenose d\u00e1ta, existuj\u00fa k\u013e\u00fa\u010dov\u00e9 rozdiely v bezpe\u010dnosti.<\/p>\n\n\n\n<div style=\"height:30px\" aria-hidden=\"true\" class=\"wp-block-spacer\"><\/div>\n\n\n\n<div class=\"wp-block-columns is-layout-flex wp-container-core-columns-is-layout-9d6595d7 wp-block-columns-is-layout-flex\">\n<div class=\"wp-block-column is-layout-flow wp-block-column-is-layout-flow\">\n<p style=\"font-size:20px;letter-spacing:3px\">Mifare <strong>DESFire<\/strong> 13,56 MHz<\/p>\n\n\n\n<div class=\"wp-block-buttons alignwide is-content-justification-center is-layout-flex wp-container-core-buttons-is-layout-14c487f4 wp-block-buttons-is-layout-flex\">\n<div class=\"wp-block-button has-custom-width wp-block-button__width-75 has-custom-font-size is-style-fill\" style=\"font-size:12px;letter-spacing:3px;text-transform:uppercase\"><a class=\"wp-block-button__link has-sitebg-color has-text-color has-background has-link-color has-text-align-center wp-element-button\" style=\"border-radius:57px;background-color:#e32020\">odpor\u00fa\u010dan\u00e9<\/a><\/div>\n<\/div>\n\n\n\n<div style=\"height:20px\" aria-hidden=\"true\" class=\"wp-block-spacer\"><\/div>\n\n\n\n<p>Mifare <strong>DESFire <\/strong>s hardv\u00e9rovou kryptografiou DES, 2K3DES, 3K3DES alebo AES <strong> je moment\u00e1lne najbezpe\u010dnej\u0161ie rie\u0161enie<\/strong> pre pr\u00edstupov\u00fd syst\u00e9m s mno\u017estvom konfigurovate\u013en\u00fdch hardv\u00e9rov\u00fdch aj softv\u00e9rov\u00fdch bezpe\u010dnostn\u00fdch prvkov. <strong>Po nakonfigurovan\u00ed je \u010dip nekop\u00edrovate\u013en\u00fd<\/strong>.<\/p>\n\n\n\n<p style=\"font-size:14px;letter-spacing:3px;text-transform:uppercase\"><i class=\"icon fa fa-check-square-o\" aria-hidden=\"true\"> <\/i> Identifik\u00e1cia<\/p>\n\n\n\n<p class=\"has-accent-1-color has-text-color has-link-color wp-elements-ee3c9998d941c4982b2c38a4f8a11994\" style=\"font-size:14px;letter-spacing:3px;text-transform:uppercase\"><i class=\"icon fa fa-check-square-o\" aria-hidden=\"true\"> <\/i> autentifik\u00e1cia<\/p>\n\n\n\n<p style=\"font-size:14px;letter-spacing:3px;text-transform:uppercase\"><i class=\"icon fa fa-check-square-o\" aria-hidden=\"true\"> <\/i> autoriz\u00e1cia<\/p>\n\n\n\n<p style=\"font-size:12px\"><i class=\"icon fa fa-star\" aria-hidden=\"true\"> <\/i> <i class=\"icon fa fa-star\" aria-hidden=\"true\"> <\/i> <i class=\"icon fa fa-star\" aria-hidden=\"true\"> <\/i>   Vysok\u00e1 d\u00e1tov\u00e1 bezpe\u010dnos\u0165<\/p>\n<\/div>\n\n\n\n<div class=\"wp-block-column is-layout-flow wp-block-column-is-layout-flow\" style=\"flex-basis:50px\"><\/div>\n\n\n\n<div class=\"wp-block-column is-layout-flow wp-block-column-is-layout-flow\">\n<p style=\"font-size:20px;letter-spacing:3px\">Mifare Classic 13,56 MHz<\/p>\n\n\n\n<p>Mifare Classic \u0161tandardne <strong>vyu\u017e\u00edva jednoduch\u00fd princ\u00edp komunik\u00e1cie bez autentifika\u010dn\u00fdch prvkov<\/strong>. Po skop\u00edrovan\u00ed UID \u010d\u00edsla pr\u00edvesku je mo\u017en\u00e9 vytvori\u0165 klon alebo k\u00f3piu a ten pou\u017e\u00edva\u0165 v pr\u00edstupovom syst\u00e9me rovnako ako origin\u00e1l.<\/p>\n\n\n\n<p style=\"font-size:14px;letter-spacing:3px;text-transform:uppercase\"><i class=\"icon fa fa-check-square-o\" aria-hidden=\"true\"> <\/i> Identifik\u00e1cia<\/p>\n\n\n\n<p style=\"font-size:14px;letter-spacing:3px;text-transform:uppercase\"><i class=\"icon fa fa-check-square-o\" aria-hidden=\"true\"> <\/i> autoriz\u00e1cia<\/p>\n\n\n\n<p class=\"has-accent-2-color has-text-color has-link-color wp-elements-4e17b3fe0e66b014b7e29b36dea3f4ef\" style=\"font-size:14px\"><em>\u010eal\u0161ie produkty typu Mifare s\u00fa napr. Mifare Plus, Mifare Ultralight, ktor\u00e9 maj\u00fa oproti Mifare Classic vylep\u0161en\u00fd v\u00fdkon a autentifika\u010dn\u00e9 bezpe\u010dnostn\u00e9 prvky, ktor\u00e9 v\u0161ak nedosahuj\u00fa \u00farove\u0148 DESFire (kryptografia a s\u00faborov\u00fd syst\u00e9m) a s\u00fa \u010dasto prekon\u00e1van\u00e9.<\/em> Viac o Mifare technol\u00f3gii n\u00e1jdete na <a href=\"https:\/\/www.mifare.net\/\">https:\/\/www.mifare.net\/<\/a><\/p>\n\n\n\n<p class=\"has-accent-2-color has-text-color has-link-color wp-elements-347ddb5b6a96ea0c52adbd3d6ce3d25f\" style=\"font-size:12px\"><i class=\"icon fa fa-star\" aria-hidden=\"true\"> <\/i> <i class=\"icon fa fa-star-half\" aria-hidden=\"true\"> <\/i> Dobr\u00e1 a\u017e n\u00edzka d\u00e1tov\u00e1 bezpe\u010dnos\u0165<\/p>\n<\/div>\n\n\n\n<div class=\"wp-block-column is-layout-flow wp-block-column-is-layout-flow\" style=\"flex-basis:50px\"><\/div>\n\n\n\n<div class=\"wp-block-column is-layout-flow wp-block-column-is-layout-flow\">\n<p style=\"font-size:20px;letter-spacing:3px\">125kHz <\/p>\n\n\n\n<p>V\u00fdrazn\u00fdm <strong>nedostatkom tejto technol\u00f3gie je jednoduch\u00e9 kop\u00edrovanie UID \u010d\u00edsel <\/strong>a vytv\u00e1ranie k\u00f3pi\u00ed \/ klonov \u010dipov. 125 kHz \u010dipy s\u00fa s\u00edce cenovo v\u00fdhodn\u00e9, no neposkytuj\u00fa \u017eiadnu d\u00e1tov\u00fa bezpe\u010dnos\u0165 a s\u00fa nevhodn\u00e9 pre pr\u00edstupov\u00e9 syst\u00e9my vy\u017eaduj\u00face jednozna\u010dn\u00fa identifik\u00e1ciu u\u017e\u00edvate\u013ea.  <\/p>\n\n\n\n<p style=\"font-size:14px;letter-spacing:3px;text-transform:uppercase\"><i class=\"icon fa fa-check-square-o\" aria-hidden=\"true\"> <\/i> Identifik\u00e1cia<\/p>\n\n\n\n<p style=\"font-size:14px;letter-spacing:3px;text-transform:uppercase\"><i class=\"icon fa fa-check-square-o\" aria-hidden=\"true\"> <\/i> autoriz\u00e1cia<\/p>\n\n\n\n<p style=\"font-size:12px\"><i class=\"icon fa fa-star-half\" aria-hidden=\"true\"><\/i>  N\u00edzka d\u00e1tov\u00e1 bezpe\u010dnos\u0165.<\/p>\n<\/div>\n<\/div>\n\n\n\n<div style=\"height:30px\" aria-hidden=\"true\" class=\"wp-block-spacer\"><\/div>\n\n\n\n<p class=\"has-text-align-center\" style=\"letter-spacing:3px;text-transform:uppercase\">Sp\u00f4sob overenia identity \u010dipu<\/p>\n\n\n\n<p class=\"has-text-align-center\">(1) <strong>Identifik\u00e1ciou<\/strong> sa rozumie prilo\u017eenie \u010dipu k \u010d\u00edta\u010dke a pre\u010d\u00edtanie jeho identifika\u010dn\u00e9ho UID \u010d\u00edsla. (2) <strong>Autentifik\u00e1cia <\/strong>je obojstrann\u00e1 \u0161ifrovan\u00e1 komunik\u00e1cia medzi \u010d\u00edta\u010dkou a  \u010dipom, pri ktorej prebieha overenie  autentifika\u010dn\u00e9ho k\u013e\u00fa\u010da. (3) <strong>Autoriz\u00e1ciu<\/strong> vykon\u00e1va opera\u010dn\u00e1  jednotka. Ak je autentifik\u00e1cia \u00faspe\u0161n\u00e1, UID \u010d\u00edslo je odoslan\u00e9 do opera\u010dnej jednotky, kde sa over\u00ed, \u010di je UID ulo\u017een\u00e9 v pr\u00edslu\u0161nej datab\u00e1ze a jeho opr\u00e1vnenia. Ak sa v datab\u00e1ze nach\u00e1dza a m\u00e1 opr\u00e1vnenie, opera\u010dn\u00e1 jednotka autorizuje otvorenie z\u00e1mku.<\/p>\n\n\n\n<div style=\"height:30px\" aria-hidden=\"true\" class=\"wp-block-spacer\"><\/div>\n\n\n\n<p class=\"has-text-align-center has-accent-1-color has-text-color has-link-color wp-elements-4bdfe495cb9512de065b014c08fff642\" style=\"font-size:20px;letter-spacing:3px\">Mifare<strong> DESFire <\/strong> je v s\u00fa\u010dasnosti najbezpe\u010dnej\u0161ou technol\u00f3giou pre pr\u00edstupov\u00fd syst\u00e9m s mno\u017estvom hardv\u00e9rov\u00fdch aj softv\u00e9rov\u00fdch bezpe\u010dnostn\u00fdch prvkov, obsahuje opera\u010dn\u00fd syst\u00e9m, ktor\u00fd pon\u00faka jednoduch\u00fa \u0161trukt\u00faru adres\u00e1rov a s\u00faborov. Na \u0161ifrovanie d\u00e1t sa vyu\u017e\u00edva 128-bit AES kryptovac\u00ed syst\u00e9m se bezpe\u010dnostn\u00fdmi prvky pre autentifik\u00e1ciu. <\/p>\n\n\n\n<div style=\"height:30px\" aria-hidden=\"true\" class=\"wp-block-spacer\"><\/div>\n\n\n\n<p class=\"has-text-align-center\"><strong>Ak m\u00e1te pochybnosti, \u010di je v\u00e1\u0161 \u010dip kop\u00edrovate\u013en\u00fd, radi v\u00e1m poskytneme konzult\u00e1ciu a pr\u00edpadne prever\u00edme jeho bezpe\u010dnos\u0165.<\/strong><\/p>\n\n\n\n<p><\/p>\n","protected":false},"excerpt":{"rendered":"<p>\u010c\u00edta\u010dky a \u010dipy U\u017e\u00edvate\u013esk\u00e9 RFID \u010dipy a RFID \u010d\u00edta\u010dka v na\u0161ich syst\u00e9moch sp\u013a\u0148aj\u00fa vysok\u00fd \u0161tandard bezpe\u010dnosti, zabezpe\u010duj\u00fa jednozna\u010dn\u00fa identitu a opr\u00e1vnenos\u0165 &hellip;<\/p>\n","protected":false},"author":2,"featured_media":0,"parent":0,"menu_order":0,"comment_status":"closed","ping_status":"closed","template":"","meta":{"_exactmetrics_skip_tracking":false,"_exactmetrics_sitenote_active":false,"_exactmetrics_sitenote_note":"","_exactmetrics_sitenote_category":0,"footnotes":""},"class_list":["post-3651","page","type-page","status-publish","hentry"],"_links":{"self":[{"href":"https:\/\/ryscloud.sk\/index.php\/wp-json\/wp\/v2\/pages\/3651","targetHints":{"allow":["GET"]}}],"collection":[{"href":"https:\/\/ryscloud.sk\/index.php\/wp-json\/wp\/v2\/pages"}],"about":[{"href":"https:\/\/ryscloud.sk\/index.php\/wp-json\/wp\/v2\/types\/page"}],"author":[{"embeddable":true,"href":"https:\/\/ryscloud.sk\/index.php\/wp-json\/wp\/v2\/users\/2"}],"replies":[{"embeddable":true,"href":"https:\/\/ryscloud.sk\/index.php\/wp-json\/wp\/v2\/comments?post=3651"}],"version-history":[{"count":76,"href":"https:\/\/ryscloud.sk\/index.php\/wp-json\/wp\/v2\/pages\/3651\/revisions"}],"predecessor-version":[{"id":4140,"href":"https:\/\/ryscloud.sk\/index.php\/wp-json\/wp\/v2\/pages\/3651\/revisions\/4140"}],"wp:attachment":[{"href":"https:\/\/ryscloud.sk\/index.php\/wp-json\/wp\/v2\/media?parent=3651"}],"curies":[{"name":"wp","href":"https:\/\/api.w.org\/{rel}","templated":true}]}}