{"id":4063,"date":"2025-03-18T16:29:10","date_gmt":"2025-03-18T15:29:10","guid":{"rendered":"https:\/\/ryscloud.sk\/?page_id=4063"},"modified":"2026-02-25T16:33:46","modified_gmt":"2026-02-25T15:33:46","slug":"vrecomat","status":"publish","type":"page","link":"https:\/\/ryscloud.sk\/index.php\/vrecomat\/","title":{"rendered":"VRECOMAT"},"content":{"rendered":"\n<h2 class=\"wp-block-heading has-text-align-center\" style=\"text-transform:uppercase\">VR<strong>ECO<\/strong>MAT <\/h2>\n\n\n\n<p class=\"has-text-align-center has-accent-1-color has-text-color has-link-color wp-elements-ba606aced222301df287e9bb6a749e07\" style=\"font-size:20px;letter-spacing:3px;text-transform:uppercase\">inteligentn\u00fd samoobslu\u017en\u00fd stojan<br>pre v\u00fddaj vriec na odpad<\/p>\n\n\n\n<p class=\"has-text-align-center\">VRECOMAT je inteligentn\u00fd samoobslu\u017en\u00fd stojan prim\u00e1rne ur\u010den\u00fd pre v\u00fddaj n\u00e1hradn\u00fdch vriec na odpad, napr. vrecia na plasty, bioodpad a pod, ktor\u00e9 sa \u0161tandardne doru\u010duj\u00fa ob\u010danom. Vrecomat \u0161etr\u00ed n\u00e1klady na organizovan\u00fd v\u00fddaj n\u00e1hradn\u00fdch vriec v mest\u00e1ch a obciach, ktor\u00e9 m\u00f4\u017eu by\u0165 n\u00e1ro\u010dn\u00e9 na financie ale aj \u013eudsk\u00e9 zdroje. <\/p>\n\n\n\n<p class=\"has-text-align-center\" style=\"letter-spacing:3px;text-transform:uppercase\">Ke\u010f chcete VRECO MA\u0164 pou\u017eite VRECOMAT!  <i class=\"icon fa fa-smile-o\" aria-hidden=\"true\"> <\/i><\/p>\n\n\n\n<div style=\"height:19px\" aria-hidden=\"true\" class=\"wp-block-spacer\"><\/div>\n\n\n\n<div class=\"wp-block-boldblocks-icon-separator\" role=\"separator\"><div class=\"wp-block-boldblocks-icon-separator__inner icon-center is-align-center\" style=\"--bb--width--sm:var(--bb--width--lg);--bb--width--md:var(--bb--width--lg);--bb--width--lg:25%;--bb-border:1px solid var(--wp--preset--color--accent-1, #e2671f);--bb--icon-width:1em;--bb--icon-spacing:.5em;--bb--icon-fill-color:var(--wp--preset--color--accent-1, #e2671f)\"><svg xmlns=\"http:\/\/www.w3.org\/2000\/svg\" viewBox=\"0 0 20 20\" class=\"bb-icon bb-icon--arrow-down-alt2\">\n  <path d=\"m5 6 5 5 5-5 2 1-7 7-7-7z\"><\/path>\n<\/svg><\/div><\/div>\n\n\n\n<div style=\"height:30px\" aria-hidden=\"true\" class=\"wp-block-spacer\"><\/div>\n\n\n\n<div class=\"wp-block-columns is-layout-flex wp-container-core-columns-is-layout-9d6595d7 wp-block-columns-is-layout-flex\">\n<div class=\"wp-block-column is-layout-flow wp-block-column-is-layout-flow\">\n<div class=\"wp-block-columns is-layout-flex wp-container-core-columns-is-layout-9d6595d7 wp-block-columns-is-layout-flex\">\n<div class=\"wp-block-column is-layout-flow wp-block-column-is-layout-flow\" style=\"flex-basis:33.33%\">\n<p class=\"has-drop-cap has-accent-1-color has-text-color\" style=\"font-size:8px\">1<\/p>\n<\/div>\n\n\n\n<div class=\"wp-block-column is-layout-flow wp-block-column-is-layout-flow\" style=\"flex-basis:300%\">\n<p class=\"has-large-font-size\" style=\"text-transform:uppercase\">Samoobslu\u017en\u00fd, inteligentn\u00fd  stojan   s dostupnos\u0165ou 24\/7 <\/p>\n<\/div>\n<\/div>\n<\/div>\n\n\n\n<div class=\"wp-block-column is-layout-flow wp-block-column-is-layout-flow\">\n<div class=\"wp-block-columns is-layout-flex wp-container-core-columns-is-layout-9d6595d7 wp-block-columns-is-layout-flex\">\n<div class=\"wp-block-column is-layout-flow wp-block-column-is-layout-flow\" style=\"flex-basis:33.33%\">\n<p class=\"has-drop-cap has-accent-1-color has-text-color\" style=\"font-size:8px\">2<\/p>\n<\/div>\n\n\n\n<div class=\"wp-block-column is-layout-flow wp-block-column-is-layout-flow\" style=\"flex-basis:300%\">\n<p class=\"has-large-font-size\" style=\"text-transform:uppercase\">n\u00edzkoenergetick\u00e1 prev\u00e1dzka na bat\u00e9rie, sol\u00e1r<\/p>\n<\/div>\n<\/div>\n<\/div>\n\n\n\n<div class=\"wp-block-column is-layout-flow wp-block-column-is-layout-flow\">\n<div class=\"wp-block-columns is-layout-flex wp-container-core-columns-is-layout-9d6595d7 wp-block-columns-is-layout-flex\">\n<div class=\"wp-block-column is-layout-flow wp-block-column-is-layout-flow\" style=\"flex-basis:33.33%\">\n<p class=\"has-drop-cap has-accent-1-color has-text-color\" style=\"font-size:8px\">3<\/p>\n<\/div>\n\n\n\n<div class=\"wp-block-column is-layout-flow wp-block-column-is-layout-flow\" style=\"flex-basis:300%\">\n<p class=\"has-large-font-size\" style=\"text-transform:uppercase\">automatick\u00e1 evidencia odobran\u00fdch roliek \/ kusov<\/p>\n<\/div>\n<\/div>\n<\/div>\n<\/div>\n\n\n<div class=\"wp-block-image\">\n<figure class=\"aligncenter size-full\"><img loading=\"lazy\" decoding=\"async\" width=\"276\" height=\"591\" src=\"https:\/\/ryscloud.sk\/wp-content\/uploads\/2025\/03\/vrecomat_1.jpg\" alt=\"\" class=\"wp-image-4083\" srcset=\"https:\/\/ryscloud.sk\/wp-content\/uploads\/2025\/03\/vrecomat_1.jpg 276w, https:\/\/ryscloud.sk\/wp-content\/uploads\/2025\/03\/vrecomat_1-140x300.jpg 140w, https:\/\/ryscloud.sk\/wp-content\/uploads\/2025\/03\/vrecomat_1-70x150.jpg 70w\" sizes=\"auto, (max-width: 276px) 100vw, 276px\" \/><\/figure>\n<\/div>\n\n\n<div style=\"height:20px\" aria-hidden=\"true\" class=\"wp-block-spacer\"><\/div>\n\n\n\n<p class=\"has-text-align-center\">Vrecomat je dostupn\u00fd 24\/7 a m\u00f4\u017ee by\u0165 umiestnen\u00fd kdeko\u013evek v obci a to aj na miesto bez pr\u00edvodu elektrickej energie. Umo\u017e\u0148uje adresn\u00fa identifik\u00e1ciu u\u017e\u00edvate\u013ea &#8211; ob\u010dana RFID \u010dipom alebo QR k\u00f3dom, nastavenie limitu pre odber na ob\u010dana a automaticky eviduje po\u010det odobran\u00fdch roliek\/kusov. Z\u00e1soby v jednotliv\u00fdch boxoch s\u00fa presne monitorovan\u00e9 a syst\u00e9m dok\u00e1\u017ee zachyti\u0165 aj pokusy o neopr\u00e1vnen\u00fa manipul\u00e1ciu s obsahom stojanu.<\/p>\n\n\n\n<div style=\"height:20px\" aria-hidden=\"true\" class=\"wp-block-spacer\"><\/div>\n\n\n\n<div class=\"wp-block-boldblocks-icon-separator\" role=\"separator\"><div class=\"wp-block-boldblocks-icon-separator__inner icon-center is-align-center\" style=\"--bb--width--sm:var(--bb--width--lg);--bb--width--md:var(--bb--width--lg);--bb--width--lg:25%;--bb-border:1px solid var(--wp--preset--color--accent-1, #e2671f);--bb--icon-width:1em;--bb--icon-spacing:.5em;--bb--icon-fill-color:var(--wp--preset--color--accent-1, #e2671f)\"><svg xmlns=\"http:\/\/www.w3.org\/2000\/svg\" viewBox=\"0 0 20 20\" class=\"bb-icon bb-icon--arrow-down-alt2\">\n  <path d=\"m5 6 5 5 5-5 2 1-7 7-7-7z\"><\/path>\n<\/svg><\/div><\/div>\n\n\n\n<div style=\"height:20px\" aria-hidden=\"true\" class=\"wp-block-spacer\"><\/div>\n\n\n\n<div class=\"wp-block-columns is-layout-flex wp-container-core-columns-is-layout-9d6595d7 wp-block-columns-is-layout-flex\">\n<div class=\"wp-block-column is-layout-flow wp-block-column-is-layout-flow\">\n<p class=\"has-accent-1-color has-text-color has-link-color has-large-font-size wp-elements-b3045bf9f6414dba39f8f277a14e39e0\">Vlastnosti a v\u00fdhody<\/p>\n\n\n\n<ul class=\"wp-block-list\">\n<li>samoobslu\u017en\u00fd stojan s nez\u00e1visl\u00fdm nap\u00e1jan\u00edm<\/li>\n\n\n\n<li><strong>dostupnos\u0165 24\/7<\/strong><\/li>\n\n\n\n<li>\u0161etr\u00ed n\u00e1klady na organizovan\u00fd v\u00fddaj n\u00e1hradn\u00fdch vriec v mest\u00e1ch a obciach<\/li>\n\n\n\n<li><strong>adresn\u00e1 identifik\u00e1cia u\u017e\u00edvate\u013ea<\/strong> \/ ob\u010dana RFID \u010dipom alebo QR k\u00f3dom<\/li>\n\n\n\n<li>mo\u017enos\u0165 individu\u00e1lnych nastaven\u00ed pre osoby so znev\u00fdhodnen\u00edm (napr. pred\u013a\u017eenie aktiv\u00e1cie otvorenia boxu pre star\u0161ie alebo telesne znev\u00fdhodnen\u00e9 osoby a pod.)<\/li>\n\n\n\n<li>monitorovanie a signaliz\u00e1cia nezatvoren\u00fdch a n\u00e1silne otvoren\u00fdch dvierok<\/li>\n\n\n\n<li><strong>nastavenie limitov <\/strong>\/ po\u010dtu kusov pre u\u017e\u00edvate\u013ea na zvolen\u00e9 obdobie<\/li>\n\n\n\n<li><strong>automatick\u00e1 evidencia po\u010dtu odobran\u00fdch roliek\/kusov<\/strong><\/li>\n\n\n\n<li>presn\u00e9 monitorovanie z\u00e1sob<\/li>\n\n\n\n<li>v\u00fddaj viacer\u00fdch nez\u00e1visl\u00fdch druhov tovaru (napr. r\u00f4zne druhy vriec, mestsk\u00e9 noviny apod.)<\/li>\n\n\n\n<li>spr\u00e1va na dia\u013eku cez cloud \/ NB-IoT pripojenie<\/li>\n\n\n\n<li>jednoduch\u00e9 overenie dostupnosti a opr\u00e1vnenia na odber vriec pre u\u017e\u00edvate\u013ea cez mobiln\u00fa aplik\u00e1ciu<\/li>\n\n\n\n<li>mo\u017enos\u0165 vygenerovania QR k\u00f3du priamo cez mobiln\u00fa aplik\u00e1ciu pre konkr\u00e9tny stojan<\/li>\n<\/ul>\n\n\n\n<div style=\"height:25px\" aria-hidden=\"true\" class=\"wp-block-spacer\"><\/div>\n<\/div>\n\n\n\n<div class=\"wp-block-column is-layout-flow wp-block-column-is-layout-flow\" style=\"flex-basis:50px\"><\/div>\n\n\n\n<div class=\"wp-block-column is-layout-flow wp-block-column-is-layout-flow\">\n<p class=\"has-accent-1-color has-text-color has-link-color has-large-font-size wp-elements-4fc23f579952efe9aaa31110edfb0cfb\">Technick\u00e9 parametre<\/p>\n\n\n\n<ul class=\"wp-block-list\">\n<li>odoln\u00e1 kovov\u00e1 kon\u0161trukcia vhodn\u00e1 do vonkaj\u0161ieho prostredia<\/li>\n\n\n\n<li>nap\u00e1janie: pevn\u00e1 elektrick\u00e1 sie\u0165, bat\u00e9ria alebo bat\u00e9ria so sol\u00e1rnym dob\u00edjan\u00edm<\/li>\n\n\n\n<li><strong>n\u00edzkoenergetick\u00e1 prev\u00e1dzka<\/strong> pri nap\u00e1jan\u00ed bat\u00e9riou alebo sol\u00e1rom, aktiv\u00e1cia syst\u00e9mu cez tla\u010didlo<\/li>\n\n\n\n<li>riadiaca jednotka<strong><a href=\"https:\/\/ryscloud.sk\/index.php\/ikura-set\/\" data-type=\"page\" data-id=\"3024\"> iKURA<\/a><\/strong><\/li>\n\n\n\n<li><strong>prepojenie do cloudu <\/strong>pomocou siete NB-IOT<\/li>\n\n\n\n<li><strong>\u010d\u00edta\u010dka RFID a QR <\/strong>pre autoriz\u00e1ciu u\u017e\u00edvate\u013ea<\/li>\n\n\n\n<li>ka\u017ed\u00fd box uzamknut\u00fd elektromotorick\u00fdm z\u00e1mkom s kontrolou stavu dvierok<\/li>\n\n\n\n<li>zvukov\u00e1 signaliz\u00e1cia<\/li>\n\n\n\n<li><strong>LED osvetlenie stojanu<\/strong><\/li>\n\n\n\n<li>z\u00e1kladn\u00e9 vyhotovenie 2&#215;5 &#8211; 10 boxov<\/li>\n\n\n\n<li><strong>kontrola obsahu sn\u00edma\u010dmi<\/strong><\/li>\n\n\n\n<li><strong>automatick\u00e1 kalibr\u00e1cia po doplnen\u00ed tovaru<\/strong><\/li>\n\n\n\n<li>identifik\u00e1cia pokusov o neopr\u00e1vnen\u00fa manipul\u00e1ciu s obsahom stojanu<\/li>\n\n\n\n<li>administr\u00e1cia cez web rozhranie, mobiln\u00fa aplik\u00e1ciu, API na vy\u017eiadanie<\/li>\n<\/ul>\n\n\n<div class=\"wp-block-image\">\n<figure class=\"aligncenter size-full is-resized\"><a href=\"https:\/\/ryscloud.sk\/index.php\/sso\/\"><img loading=\"lazy\" decoding=\"async\" width=\"512\" height=\"512\" src=\"https:\/\/ryscloud.sk\/wp-content\/uploads\/2021\/10\/cropped-rys_cloud-logo-square7.png\" alt=\"\" class=\"wp-image-466\" style=\"width:50px\" srcset=\"https:\/\/ryscloud.sk\/wp-content\/uploads\/2021\/10\/cropped-rys_cloud-logo-square7.png 512w, https:\/\/ryscloud.sk\/wp-content\/uploads\/2021\/10\/cropped-rys_cloud-logo-square7-300x300.png 300w, https:\/\/ryscloud.sk\/wp-content\/uploads\/2021\/10\/cropped-rys_cloud-logo-square7-150x150.png 150w, https:\/\/ryscloud.sk\/wp-content\/uploads\/2021\/10\/cropped-rys_cloud-logo-square7-270x270.png 270w, https:\/\/ryscloud.sk\/wp-content\/uploads\/2021\/10\/cropped-rys_cloud-logo-square7-192x192.png 192w, https:\/\/ryscloud.sk\/wp-content\/uploads\/2021\/10\/cropped-rys_cloud-logo-square7-180x180.png 180w, https:\/\/ryscloud.sk\/wp-content\/uploads\/2021\/10\/cropped-rys_cloud-logo-square7-32x32.png 32w\" sizes=\"auto, (max-width: 512px) 100vw, 512px\" \/><\/a><\/figure>\n<\/div>\n\n\n<div style=\"height:24px\" aria-hidden=\"true\" class=\"wp-block-spacer\"><\/div>\n<\/div>\n\n\n\n<div class=\"wp-block-column is-layout-flow wp-block-column-is-layout-flow\" style=\"flex-basis:50px\"><\/div>\n\n\n\n<div class=\"wp-block-column is-layout-flow wp-block-column-is-layout-flow\">\n<p class=\"has-accent-1-color has-text-color has-link-color has-large-font-size wp-elements-33b2e2d1104e3675a3b00ccc63ef9260\">Mo\u017en\u00e9 modifik\u00e1cie<\/p>\n\n\n\n<ul class=\"wp-block-list\">\n<li>autoriz\u00e1cia u\u017e\u00edvate\u013ea pomocou PIN alebo Bluetooth<\/li>\n\n\n\n<li>mo\u017enos\u0165 doplni\u0165 o displej, kl\u00e1vesnicu alebo tla\u010didlami vo\u013eby tovaru<\/li>\n\n\n\n<li>po\u010det boxov max. 24, pri\u010dom po\u010det druhov tovaru (samostatne kontrolovan\u00fdch boxov) m\u00f4\u017ee by\u0165 prisp\u00f4soben\u00fd po\u017eiadavk\u00e1m prev\u00e1dzkovate\u013ea (mesta, obce a pod.)<\/li>\n<\/ul>\n\n\n\n<div style=\"height:22px\" aria-hidden=\"true\" class=\"wp-block-spacer\"><\/div>\n\n\n<div class=\"wp-block-image\">\n<figure class=\"aligncenter size-full\"><a href=\"https:\/\/ryscloud.sk\/index.php\/prvy-vrecomat-uspesne-spusteny-v-senci\/\" target=\"_blank\" rel=\" noreferrer noopener\"><img loading=\"lazy\" decoding=\"async\" width=\"700\" height=\"620\" src=\"https:\/\/ryscloud.sk\/wp-content\/uploads\/2026\/02\/vrecomat-senec_2.jpg\" alt=\"Vrecomat s displejom\" class=\"wp-image-4216\" style=\"object-fit:cover\" srcset=\"https:\/\/ryscloud.sk\/wp-content\/uploads\/2026\/02\/vrecomat-senec_2.jpg 700w, https:\/\/ryscloud.sk\/wp-content\/uploads\/2026\/02\/vrecomat-senec_2-300x266.jpg 300w, https:\/\/ryscloud.sk\/wp-content\/uploads\/2026\/02\/vrecomat-senec_2-169x150.jpg 169w\" sizes=\"auto, (max-width: 700px) 100vw, 700px\" \/><\/a><figcaption class=\"wp-element-caption\">Vrecomat s informa\u010dn\u00fdm panelom<\/figcaption><\/figure>\n<\/div>\n\n\n<div style=\"height:20px\" aria-hidden=\"true\" class=\"wp-block-spacer\"><\/div>\n\n\n\n<p class=\"has-text-align-center has-small-font-size\">objem \u00falo\u017en\u00e9ho boxu je 65 litrov,<br>t.j. do boxu je mo\u017en\u00e9 ulo\u017ei\u0165<br>napr. 25 roliek vriec na plast<br>(1 rolka \/ 20 vriec)<\/p>\n<\/div>\n<\/div>\n\n\n\n<div class=\"wp-block-columns is-layout-flex wp-container-core-columns-is-layout-9d6595d7 wp-block-columns-is-layout-flex\">\n<div class=\"wp-block-column is-layout-flow wp-block-column-is-layout-flow\" style=\"flex-basis:150px\"><\/div>\n\n\n\n<div class=\"wp-block-column is-layout-flow wp-block-column-is-layout-flow\">\n<div class=\"wp-block-columns is-layout-flex wp-container-core-columns-is-layout-9d6595d7 wp-block-columns-is-layout-flex\">\n<div class=\"wp-block-column is-layout-flow wp-block-column-is-layout-flow\" style=\"flex-basis:300%\">\n<p class=\"has-accent-1-color has-text-color has-link-color has-normal-font-size wp-elements-a0ef6062ae7ee14d4be7cb1a0ef57349\" style=\"letter-spacing:3px;text-transform:uppercase\"><i class=\"icon fa fa-check-square-o\" aria-hidden=\"true\"> <\/i> <i class=\"icon fas fa-square-check\" aria-hidden=\"true\"> <\/i> mest\u00e1 a obce<\/p>\n<\/div>\n<\/div>\n<\/div>\n\n\n\n<div class=\"wp-block-column is-layout-flow wp-block-column-is-layout-flow\">\n<div class=\"wp-block-columns is-layout-flex wp-container-core-columns-is-layout-9d6595d7 wp-block-columns-is-layout-flex\">\n<div class=\"wp-block-column is-layout-flow wp-block-column-is-layout-flow\" style=\"flex-basis:33.33%\"><\/div>\n\n\n\n<div class=\"wp-block-column is-layout-flow wp-block-column-is-layout-flow\" style=\"flex-basis:300%\">\n<p class=\"has-accent-1-color has-text-color has-link-color has-normal-font-size wp-elements-50b0d0b84cc222a0a1397d7669abd1cc\" style=\"letter-spacing:3px;text-transform:uppercase\"><i class=\"icon fa fa-check-square-o\" aria-hidden=\"true\"><\/i><i class=\"icon fas fa-square-check\" aria-hidden=\"true\"> <\/i> zbern\u00e9 dvory<\/p>\n<\/div>\n<\/div>\n<\/div>\n\n\n\n<div class=\"wp-block-column is-layout-flow wp-block-column-is-layout-flow\" style=\"flex-basis:150px\"><\/div>\n<\/div>\n\n\n\n<p class=\"has-text-align-center has-large-font-size\"><strong>Ako funguje Vrecomat<\/strong><\/p>\n\n\n\n<p style=\"letter-spacing:3px\"><strong>Obsluha Vrecomatu je ve\u013emi jednoduch\u00e1:<\/strong><\/p>\n\n\n\n<ul class=\"wp-block-list\">\n<li>Stla\u010den\u00edm aktiva\u010dn\u00e9ho tla\u010didla sa zapne elektronick\u00e1 \u010das\u0165 stojanu, t.j. aktivuj\u00fa sa \u010d\u00edta\u010dky a rozsvieti sa svetlo.<\/li>\n\n\n\n<li>U\u017e\u00edvate\u013e prilo\u017e\u00ed elektronick\u00fd \u010dip alebo QR k\u00f3d (napr. aj priamo z mobilnej aplik\u00e1cie alebo fyzicky vytla\u010den\u00fd).<\/li>\n\n\n\n<li>V pr\u00edpade r\u00f4znych tovarov ulo\u017een\u00fdch v boxoch je mo\u017en\u00e9 po prilo\u017een\u00ed \u010dipu zvoli\u0165 typ tovaru stla\u010den\u00edm tla\u010didla vo\u013eby, otvor\u00ed sa box so zvolen\u00fdm typom tovaru (napr. vrece na plast, vrece na bioodpad apod.)<\/li>\n\n\n\n<li>Po otvoren\u00ed dvierok boxu u\u017e\u00edvate\u013e odoberie povolen\u00fd po\u010det roliek a zatvor\u00ed dvierka.<\/li>\n\n\n\n<li>Odobran\u00fd tovar je v syst\u00e9me automaticky zaevidovan\u00fd k \u00fa\u010dtu u\u017e\u00edvate\u013ea.<\/li>\n<\/ul>\n\n\n\n<div style=\"height:20px\" aria-hidden=\"true\" class=\"wp-block-spacer\"><\/div>\n\n\n\n<figure class=\"wp-block-embed aligncenter is-type-video is-provider-youtube wp-block-embed-youtube wp-embed-aspect-16-9 wp-has-aspect-ratio\"><div class=\"wp-block-embed__wrapper\">\n<iframe loading=\"lazy\" title=\"VRECOMAT - otv\u00e1ranie RFID \u010dipom\" width=\"1199\" height=\"674\" src=\"https:\/\/www.youtube.com\/embed\/QAXtMJg2Dik?feature=oembed\" frameborder=\"0\" allow=\"accelerometer; autoplay; clipboard-write; encrypted-media; gyroscope; picture-in-picture; web-share\" referrerpolicy=\"strict-origin-when-cross-origin\" allowfullscreen><\/iframe>\n<\/div><figcaption class=\"wp-element-caption\"><em>VRECOMAT &#8211; otv\u00e1ranie pomocou RFID \u010dipu.<\/em><\/figcaption><\/figure>\n\n\n\n<div style=\"height:20px\" aria-hidden=\"true\" class=\"wp-block-spacer\"><\/div>\n\n\n\n<figure class=\"wp-block-embed is-type-video is-provider-youtube wp-block-embed-youtube wp-embed-aspect-16-9 wp-has-aspect-ratio\"><div class=\"wp-block-embed__wrapper\">\n<iframe loading=\"lazy\" title=\"VRECOMAT - otv\u00e1ranie QR k\u00f3dom\" width=\"1199\" height=\"674\" src=\"https:\/\/www.youtube.com\/embed\/eY7yx7zA4QY?feature=oembed\" frameborder=\"0\" allow=\"accelerometer; autoplay; clipboard-write; encrypted-media; gyroscope; picture-in-picture; web-share\" referrerpolicy=\"strict-origin-when-cross-origin\" allowfullscreen><\/iframe>\n<\/div><figcaption class=\"wp-element-caption\"><em>VRECOMAT &#8211; otv\u00e1ranie pomocou QR k\u00f3du<\/em><\/figcaption><\/figure>\n\n\n\n<p class=\"has-text-align-center has-accent-1-color has-text-color has-link-color has-large-font-size wp-elements-27dea5c17851a3e289f3592bf1e35d9e\">Jednoduch\u00e9 a ekologick\u00e9 rie\u0161enie pre mest\u00e1 a obce na doru\u010dovanie n\u00e1hradn\u00fdch vriec ob\u010danom, vhodn\u00e9 rie\u0161enie aj pre zbern\u00e9 dvory.<\/p>\n\n\n\n<div style=\"height:30px\" aria-hidden=\"true\" class=\"wp-block-spacer\"><\/div>\n\n\n<div class=\"wp-block-image\">\n<figure class=\"aligncenter size-medium\"><img loading=\"lazy\" decoding=\"async\" width=\"251\" height=\"300\" src=\"https:\/\/ryscloud.sk\/wp-content\/uploads\/2025\/03\/vrecomat-front_2-251x300.jpg\" alt=\"\" class=\"wp-image-4086\" srcset=\"https:\/\/ryscloud.sk\/wp-content\/uploads\/2025\/03\/vrecomat-front_2-251x300.jpg 251w, https:\/\/ryscloud.sk\/wp-content\/uploads\/2025\/03\/vrecomat-front_2-126x150.jpg 126w, https:\/\/ryscloud.sk\/wp-content\/uploads\/2025\/03\/vrecomat-front_2.jpg 495w\" sizes=\"auto, (max-width: 251px) 100vw, 251px\" \/><\/figure>\n<\/div>\n\n\n<div style=\"height:30px\" aria-hidden=\"true\" class=\"wp-block-spacer\"><\/div>\n\n\n\n<p class=\"has-text-align-center has-normal-font-size\"> V pr\u00edpade z\u00e1ujmu n\u00e1s kontaktujte a radi v\u00e1m predvedieme funkcie a mo\u017enosti Vrecomatu. <\/p>\n","protected":false},"excerpt":{"rendered":"<p>VRECOMAT inteligentn\u00fd samoobslu\u017en\u00fd stojanpre v\u00fddaj vriec na odpad VRECOMAT je inteligentn\u00fd samoobslu\u017en\u00fd stojan prim\u00e1rne ur\u010den\u00fd pre v\u00fddaj n\u00e1hradn\u00fdch vriec na odpad, &hellip;<\/p>\n","protected":false},"author":2,"featured_media":0,"parent":0,"menu_order":0,"comment_status":"closed","ping_status":"closed","template":"","meta":{"_exactmetrics_skip_tracking":false,"_exactmetrics_sitenote_active":false,"_exactmetrics_sitenote_note":"","_exactmetrics_sitenote_category":0,"footnotes":""},"class_list":["post-4063","page","type-page","status-publish","hentry"],"_links":{"self":[{"href":"https:\/\/ryscloud.sk\/index.php\/wp-json\/wp\/v2\/pages\/4063","targetHints":{"allow":["GET"]}}],"collection":[{"href":"https:\/\/ryscloud.sk\/index.php\/wp-json\/wp\/v2\/pages"}],"about":[{"href":"https:\/\/ryscloud.sk\/index.php\/wp-json\/wp\/v2\/types\/page"}],"author":[{"embeddable":true,"href":"https:\/\/ryscloud.sk\/index.php\/wp-json\/wp\/v2\/users\/2"}],"replies":[{"embeddable":true,"href":"https:\/\/ryscloud.sk\/index.php\/wp-json\/wp\/v2\/comments?post=4063"}],"version-history":[{"count":36,"href":"https:\/\/ryscloud.sk\/index.php\/wp-json\/wp\/v2\/pages\/4063\/revisions"}],"predecessor-version":[{"id":4234,"href":"https:\/\/ryscloud.sk\/index.php\/wp-json\/wp\/v2\/pages\/4063\/revisions\/4234"}],"wp:attachment":[{"href":"https:\/\/ryscloud.sk\/index.php\/wp-json\/wp\/v2\/media?parent=4063"}],"curies":[{"name":"wp","href":"https:\/\/api.w.org\/{rel}","templated":true}]}}