{"id":596,"date":"2021-10-14T14:18:28","date_gmt":"2021-10-14T12:18:28","guid":{"rendered":"https:\/\/ryscloud.sk\/?page_id=596"},"modified":"2023-05-01T20:51:46","modified_gmt":"2023-05-01T18:51:46","slug":"inventura","status":"publish","type":"page","link":"https:\/\/ryscloud.sk\/index.php\/inventura\/","title":{"rendered":"Invent\u00fara identifik\u00e1torov"},"content":{"rendered":"\n<h2 class=\"wp-block-heading has-text-align-center\" style=\"text-transform:uppercase\">online kontrola identifik\u00e1torov v syst\u00e9me<\/h2>\n\n\n\n<p class=\"has-text-align-center has-large-font-size\">Viete ko\u013eko identifik\u00e1torov sa skuto\u010dne v bytovom dome pou\u017e\u00edva a ko\u013eko je straten\u00fdch?<\/p>\n\n\n\n<div style=\"height:20px\" aria-hidden=\"true\" class=\"wp-block-spacer\"><\/div>\n\n\n<div class=\"wp-block-image\">\n<figure class=\"aligncenter size-full is-resized\"><img loading=\"lazy\" decoding=\"async\" src=\"https:\/\/ryscloud.sk\/wp-content\/uploads\/2023\/05\/elena-cloud-5.jpg\" alt=\"\" class=\"wp-image-2148\" width=\"536\" height=\"407\" srcset=\"https:\/\/ryscloud.sk\/wp-content\/uploads\/2023\/05\/elena-cloud-5.jpg 714w, https:\/\/ryscloud.sk\/wp-content\/uploads\/2023\/05\/elena-cloud-5-300x228.jpg 300w, https:\/\/ryscloud.sk\/wp-content\/uploads\/2023\/05\/elena-cloud-5-452x344.jpg 452w\" sizes=\"auto, (max-width: 536px) 100vw, 536px\" \/><\/figure>\n<\/div>\n\n\n<div style=\"height:20px\" aria-hidden=\"true\" class=\"wp-block-spacer\"><\/div>\n\n\n\n<p class=\"has-text-align-center has-normal-font-size\">Elektronick\u00e1 n\u00e1stenka <a href=\"https:\/\/ryscloud.sk\/index.php\/elena\/\" data-type=\"page\" data-id=\"35\">ELENA<\/a> spolupracuje aj <strong><mark style=\"background-color:rgba(0, 0, 0, 0)\" class=\"has-inline-color has-accent-1-color\">s bezdr\u00f4tov\u00fdm invent\u00farnym boxom<\/mark><\/strong>, ktor\u00fd umo\u017e\u0148uje overenie ID \u010d\u00edsla identifik\u00e1tora na dia\u013eku. Aby sa predch\u00e1dzalo osobn\u00fdm kontaktom pri kontrole \u010dipov, ktor\u00e9 s\u00fa \u010dasovo a organiza\u010dne n\u00e1ro\u010dn\u00e9, je vhodn\u00e9 pou\u017ei\u0165 invent\u00farny box.<\/p>\n\n\n\n<div style=\"height:20px\" aria-hidden=\"true\" class=\"wp-block-spacer\"><\/div>\n\n\n\n<div class=\"wp-block-columns is-layout-flex wp-container-core-columns-is-layout-9d6595d7 wp-block-columns-is-layout-flex\">\n<div class=\"wp-block-column has-sitebg-background-color has-background is-layout-flow wp-block-column-is-layout-flow\">\n<div class=\"wp-block-columns is-layout-flex wp-container-core-columns-is-layout-9d6595d7 wp-block-columns-is-layout-flex\">\n<div class=\"wp-block-column is-layout-flow wp-block-column-is-layout-flow\">\n<p class=\"has-drop-cap has-accent-1-color has-text-color\" style=\"font-size:8px\">1<\/p>\n<\/div>\n\n\n\n<div class=\"wp-block-column is-layout-flow wp-block-column-is-layout-flow\" style=\"flex-basis:300px\">\n<p class=\"has-large-font-size\" style=\"text-transform:uppercase\">urobte si poriadok v datab\u00e1ze u\u017eivate\u013eov<\/p>\n<\/div>\n<\/div>\n<\/div>\n\n\n\n<div class=\"wp-block-column is-layout-flow wp-block-column-is-layout-flow\">\n<div class=\"wp-block-columns is-layout-flex wp-container-core-columns-is-layout-9d6595d7 wp-block-columns-is-layout-flex\">\n<div class=\"wp-block-column is-layout-flow wp-block-column-is-layout-flow\">\n<p class=\"has-drop-cap has-accent-1-color has-text-color\" style=\"font-size:8px\">2<\/p>\n<\/div>\n\n\n\n<div class=\"wp-block-column is-layout-flow wp-block-column-is-layout-flow\" style=\"flex-basis:300px\">\n<p class=\"has-large-font-size\" style=\"text-transform:uppercase\">online rie\u0161enie, pr\u00edstupn\u00e9 pre obyvaye\u013eov 24\/7 <\/p>\n<\/div>\n<\/div>\n<\/div>\n\n\n\n<div class=\"wp-block-column is-layout-flow wp-block-column-is-layout-flow\">\n<div class=\"wp-block-columns is-layout-flex wp-container-core-columns-is-layout-9d6595d7 wp-block-columns-is-layout-flex\">\n<div class=\"wp-block-column is-layout-flow wp-block-column-is-layout-flow\">\n<p class=\"has-drop-cap has-accent-1-color has-text-color\" style=\"font-size:8px\">3<\/p>\n<\/div>\n\n\n\n<div class=\"wp-block-column is-layout-flow wp-block-column-is-layout-flow\" style=\"flex-basis:300px\">\n<p class=\"has-large-font-size\" style=\"text-transform:uppercase\">podpora \u010dipov s r\u00f4znymi technol\u00f3giami<\/p>\n<\/div>\n<\/div>\n<\/div>\n<\/div>\n\n\n\n<p class=\"has-text-align-center\">Invent\u00fara identifik\u00e1torov je prevent\u00edvne opatrenie potrebn\u00e9 kv\u00f4li spreh\u013eadneniu a aktualiz\u00e1cii datab\u00e1zy vydan\u00fdch identifik\u00e1torov &#8211; RFID pr\u00edveskov alebo DEK k\u013e\u00fa\u010dov. <strong>Odpor\u00fa\u010dame ju vykon\u00e1va\u0165 minim\u00e1lne raz ro\u010dne<\/strong> alebo ak si to situ\u00e1cia vy\u017eaduje, napr. ak zist\u00edte, \u017ee v priebehu ur\u010dit\u00e9ho obdobia do\u0161lo k opakovan\u00e9mu zneu\u017e\u00edvaniu, strate niektor\u00fdch identifik\u00e1torov alebo naplneniu po\u010dtu mo\u017en\u00fdch u\u017e\u00edvate\u013eov v datab\u00e1ze.<\/p>\n\n\n<div class=\"wp-block-image\">\n<figure class=\"aligncenter size-full\"><img loading=\"lazy\" decoding=\"async\" width=\"424\" height=\"433\" src=\"https:\/\/ryscloud.sk\/wp-content\/uploads\/2023\/05\/elena-inventura-1.jpg\" alt=\"\" class=\"wp-image-2150\" srcset=\"https:\/\/ryscloud.sk\/wp-content\/uploads\/2023\/05\/elena-inventura-1.jpg 424w, https:\/\/ryscloud.sk\/wp-content\/uploads\/2023\/05\/elena-inventura-1-294x300.jpg 294w\" sizes=\"auto, (max-width: 424px) 100vw, 424px\" \/><\/figure>\n<\/div>\n\n\n<div class=\"wp-block-boldblocks-icon-separator\" role=\"separator\"><div class=\"wp-block-boldblocks-icon-separator__inner icon-center is-align-center\" style=\"--bb--width--sm:var(--bb--width--lg);--bb--width--md:var(--bb--width--lg);--bb--width--lg:25%;--bb-border:1px solid var(--wp--preset--color--accent-1, #e2671f);--bb--icon-width:1em;--bb--icon-spacing:.5em;--bb--icon-fill-color:var(--wp--preset--color--accent-1, #e2671f)\"><svg xmlns=\"http:\/\/www.w3.org\/2000\/svg\" viewBox=\"0 0 20 20\" class=\"bb-icon bb-icon--arrow-down-alt2\">\n  <path d=\"m5 6 5 5 5-5 2 1-7 7-7-7z\"><\/path>\n<\/svg><\/div><\/div>\n\n\n\n<h2 class=\"wp-block-heading has-text-align-center\" style=\"text-transform:uppercase\">Invent\u00farny box <\/h2>\n\n\n\n<p class=\"has-text-align-center\">Invent\u00farny box umo\u017en\u00ed<strong> vykon\u00e1va\u0165 invent\u00faru 24 hod\u00edn aj po\u010das nieko\u013ek\u00fdch dn\u00ed bez potreby pr\u00edtomnosti spr\u00e1vcu<\/strong>. Invent\u00farny box podporuje technol\u00f3giu Mifare DESFire, Mirare Classic, iButton,  je<span class=\"has-inline-color has-accent-1-color\"> bezdr\u00f4tov\u00fd<\/span>, m\u00f4\u017ee by\u0165 preto umiestnen\u00fd kdeko\u013evek, preto\u017ee nevy\u017eaduje \u017eiadnu kabel\u00e1\u017e. Obyvatelia m\u00f4\u017eu priebe\u017ene k nemu chodi\u0165 a priklada\u0165 svoje identifik\u00e1tory. Zoznam overen\u00fdch identifik\u00e1torov sa uklad\u00e1 na cloude v administrat\u00edvnom rozhran\u00ed ELENA. Syst\u00e9m pracuje len s UID \u010d\u00edslami \u010dipov, bez ak\u00fdchko\u013evek \u010fal\u0161\u00edch osobn\u00fdch \u00fadajov. Spr\u00e1vca si m\u00f4\u017ee zoznam priebe\u017ene kontrolova\u0165 a stiahnu\u0165 zoznam identifik\u00e1torov a \u010falej s n\u00edm pracova\u0165 napr. v tabu\u013ekovom programe a v datab\u00e1zach programu BBIQ.<\/p>\n\n\n\n<p class=\"has-text-align-center\">Invent\u00fara je potrebn\u00e1 v pr\u00edpadoch ke\u010f d\u00f4jde k strate datab\u00e1zy alebo po\u0161kodeniu po\u010d\u00edta\u010da a je potrebn\u00e9 obnovi\u0165 identitu \u010dipov. Alebo je naplnen\u00e1 datab\u00e1za \u010dipov a je potrebn\u00e9 zisti\u0165, ktor\u00e9 s\u00fa straten\u00e9, dlhodobo nepou\u017e\u00edvan\u00e9 a <strong>overi\u0165 tak skuto\u010dn\u00fd stav akt\u00edvnych \u010dipov v bytovom dome<\/strong>.  Ak sa kontrola stavu identifik\u00e1torov nevykon\u00e1va pravidelne, m\u00f4\u017ee op\u00e4tovne doch\u00e1dza\u0165 k ne\u017eiad\u00facej anonymite v bytovom dome, zhor\u0161uje sa poriadok, zni\u017euje sa \u00farove\u0148 b\u00fdvania a najm\u00e4 bezpe\u010dnosti. Pomocou invent\u00fary sa eliminuj\u00fa dlhodobo nepou\u017e\u00edvan\u00e9 identifik\u00e1tory, ktor\u00e9&nbsp; m\u00f4\u017eu by\u0165 straten\u00e9 alebo ukradnut\u00e9.<\/p>\n\n\n\n<p class=\"has-text-align-center\">Invent\u00farny box nie je \u0161tandardnou s\u00fa\u010das\u0165ou elektronickej n\u00e1stenky. Po zak\u00fapen\u00ed elektronickej n\u00e1stenky si m\u00f4\u017eete invent\u00farny box prenaja\u0165 na dobu potrebn\u00fa k vykonaniu invent\u00fary v danom objekte.<\/p>\n\n\n\n<p class=\"has-text-align-center\"><a href=\"https:\/\/ryscloud.sk\/index.php\/kontakt\/\" data-type=\"page\" data-id=\"20\"> V pr\u00edpade z\u00e1ujmu n\u00e1s kontaktujte<\/a>.<\/p>\n\n\n\n<p><\/p>\n","protected":false},"excerpt":{"rendered":"<p>online kontrola identifik\u00e1torov v syst\u00e9me Viete ko\u013eko identifik\u00e1torov sa skuto\u010dne v bytovom dome pou\u017e\u00edva a ko\u013eko je straten\u00fdch? Elektronick\u00e1 n\u00e1stenka ELENA &hellip;<\/p>\n","protected":false},"author":2,"featured_media":1003,"parent":0,"menu_order":0,"comment_status":"closed","ping_status":"closed","template":"","meta":{"_exactmetrics_skip_tracking":false,"_exactmetrics_sitenote_active":false,"_exactmetrics_sitenote_note":"","_exactmetrics_sitenote_category":0,"footnotes":""},"class_list":["post-596","page","type-page","status-publish","has-post-thumbnail","hentry"],"_links":{"self":[{"href":"https:\/\/ryscloud.sk\/index.php\/wp-json\/wp\/v2\/pages\/596","targetHints":{"allow":["GET"]}}],"collection":[{"href":"https:\/\/ryscloud.sk\/index.php\/wp-json\/wp\/v2\/pages"}],"about":[{"href":"https:\/\/ryscloud.sk\/index.php\/wp-json\/wp\/v2\/types\/page"}],"author":[{"embeddable":true,"href":"https:\/\/ryscloud.sk\/index.php\/wp-json\/wp\/v2\/users\/2"}],"replies":[{"embeddable":true,"href":"https:\/\/ryscloud.sk\/index.php\/wp-json\/wp\/v2\/comments?post=596"}],"version-history":[{"count":37,"href":"https:\/\/ryscloud.sk\/index.php\/wp-json\/wp\/v2\/pages\/596\/revisions"}],"predecessor-version":[{"id":2153,"href":"https:\/\/ryscloud.sk\/index.php\/wp-json\/wp\/v2\/pages\/596\/revisions\/2153"}],"wp:featuredmedia":[{"embeddable":true,"href":"https:\/\/ryscloud.sk\/index.php\/wp-json\/wp\/v2\/media\/1003"}],"wp:attachment":[{"href":"https:\/\/ryscloud.sk\/index.php\/wp-json\/wp\/v2\/media?parent=596"}],"curies":[{"name":"wp","href":"https:\/\/api.w.org\/{rel}","templated":true}]}}