{"id":791,"date":"2021-10-15T11:55:07","date_gmt":"2021-10-15T09:55:07","guid":{"rendered":"https:\/\/ryscloud.sk\/?page_id=791"},"modified":"2021-12-09T08:33:10","modified_gmt":"2021-12-09T07:33:10","slug":"kontakt","status":"publish","type":"page","link":"https:\/\/ryscloud.sk\/index.php\/kontakt\/","title":{"rendered":"Kontakt"},"content":{"rendered":"\n<p class=\"has-background\" style=\"background-color:#f1f1f1\">Prev\u00e1dzkovate\u013eom port\u00e1lu a slu\u017eieb RYS CLOUD je RYS it s.r.o.<\/p>\n\n\n\n<div style=\"height:21px\" aria-hidden=\"true\" class=\"wp-block-spacer\"><\/div>\n\n\n\n<p><strong>RYS it s.r.o.<\/strong><\/p>\n\n\n\n<p>Martin\u010dekova 3\/730<\/p>\n\n\n\n<p>82109 Bratislava<\/p>\n\n\n\n<p>tel: 02-53412923<\/p>\n\n\n\n<p>fax: 02-53417096<\/p>\n\n\n\n<p>kontaktn\u00e1 osoba: <strong>Peter Gre\u010dko<\/strong><\/p>\n\n\n\n<p>email: grecko@rys.sk<\/p>\n\n\n\n<div style=\"height:19px\" aria-hidden=\"true\" class=\"wp-block-spacer\"><\/div>\n\n\n\n<p>I\u010cO: 36609137<\/p>\n\n\n\n<p>I\u010c DPH: SK2022204239<\/p>\n\n\n\n<p>IBAN: SK11 1100 0000 0026 2871 3013<\/p>\n\n\n\n<p>RYS IT, s.r.o je registrovan\u00fd v&nbsp;obchodnom reg. Okresn\u00fd s\u00fad Bratislava I., Odd. Sro, spis.zna\u010dka \u010d. : 41043\/B<\/p>\n","protected":false},"excerpt":{"rendered":"<p>Prev\u00e1dzkovate\u013eom port\u00e1lu a slu\u017eieb RYS CLOUD je RYS it s.r.o. RYS it s.r.o. Martin\u010dekova 3\/730 82109 Bratislava tel: 02-53412923 fax: 02-53417096 &hellip;<\/p>\n","protected":false},"author":2,"featured_media":577,"parent":0,"menu_order":0,"comment_status":"closed","ping_status":"closed","template":"","meta":{"_exactmetrics_skip_tracking":false,"_exactmetrics_sitenote_active":false,"_exactmetrics_sitenote_note":"","_exactmetrics_sitenote_category":0,"footnotes":""},"class_list":["post-791","page","type-page","status-publish","has-post-thumbnail","hentry"],"_links":{"self":[{"href":"https:\/\/ryscloud.sk\/index.php\/wp-json\/wp\/v2\/pages\/791","targetHints":{"allow":["GET"]}}],"collection":[{"href":"https:\/\/ryscloud.sk\/index.php\/wp-json\/wp\/v2\/pages"}],"about":[{"href":"https:\/\/ryscloud.sk\/index.php\/wp-json\/wp\/v2\/types\/page"}],"author":[{"embeddable":true,"href":"https:\/\/ryscloud.sk\/index.php\/wp-json\/wp\/v2\/users\/2"}],"replies":[{"embeddable":true,"href":"https:\/\/ryscloud.sk\/index.php\/wp-json\/wp\/v2\/comments?post=791"}],"version-history":[{"count":4,"href":"https:\/\/ryscloud.sk\/index.php\/wp-json\/wp\/v2\/pages\/791\/revisions"}],"predecessor-version":[{"id":1213,"href":"https:\/\/ryscloud.sk\/index.php\/wp-json\/wp\/v2\/pages\/791\/revisions\/1213"}],"wp:featuredmedia":[{"embeddable":true,"href":"https:\/\/ryscloud.sk\/index.php\/wp-json\/wp\/v2\/media\/577"}],"wp:attachment":[{"href":"https:\/\/ryscloud.sk\/index.php\/wp-json\/wp\/v2\/media?parent=791"}],"curies":[{"name":"wp","href":"https:\/\/api.w.org\/{rel}","templated":true}]}}