{"id":894,"date":"2021-10-16T19:32:52","date_gmt":"2021-10-16T17:32:52","guid":{"rendered":"https:\/\/ryscloud.sk\/?page_id=894"},"modified":"2024-10-18T11:55:07","modified_gmt":"2024-10-18T09:55:07","slug":"o-nas","status":"publish","type":"page","link":"https:\/\/ryscloud.sk\/index.php\/o-nas\/","title":{"rendered":"O n\u00e1s"},"content":{"rendered":"\n<p>Bezpe\u010dnos\u0165ou v bytov\u00fdch domoch sa zaober\u00e1me u\u017e viac ako 30 rokov a nikdy sme nepo\u013eavili vo v\u00fdvoji nov\u00fdch rie\u0161en\u00ed, ktor\u00e9 poskytuj\u00fa vy\u0161\u0161ie pohodlie a bezpe\u010dnos\u0165 obyvate\u013eov, z\u00e1stupcom vlastn\u00edkov, spr\u00e1vcom ale aj r\u00f4znym subjektom poskytuj\u00facim slu\u017eby ako je doru\u010dovanie po\u0161ty, odvoz odpadu apod.<\/p>\n\n\n\n<p>Na\u0161e pr\u00edstupov\u00e9 syst\u00e9my RYS boli v\u017edy l\u00eddrom inov\u00e1cii na slovenskom trhu a prin\u00e1\u0161ali rie\u0161enia na mieru \u0161it\u00e9 bytov\u00fdm domom zoh\u013ead\u0148uj\u00fac v\u0161etky slovensk\u00e9 \u0161pecifik\u00e1, \u010di u\u017e z poh\u013eadu architekt\u00fary mestsk\u00fdch s\u00eddlisk, bezpe\u010dnosti, vlastn\u00edckych pr\u00e1v a legislat\u00edvy.<\/p>\n\n\n\n<p>Sme pote\u0161en\u00ed, \u017ee V\u00e1m m\u00f4\u017eeme pon\u00faknu\u0165 SMART rie\u0161enia spr\u00e1vy syst\u00e9mu cez CLOUD, mobiln\u00fa d\u00e1tov\u00fa sie\u0165 a komunika\u010dn\u00e9 LPWAN siete.<\/p>\n\n\n\n<p>Pozrite tie\u017e na\u0161e produktov\u00e9 str\u00e1nky <a href=\"http:\/\/www.rys.sk\" data-type=\"URL\" data-id=\"www.rys.sk\" target=\"_blank\" rel=\"noreferrer noopener\">rys.sk<\/a> a <a href=\"http:\/\/www.rysit.sk\" data-type=\"URL\" data-id=\"www.rysit.sk\" target=\"_blank\" rel=\"noreferrer noopener\">rysit.sk<\/a><\/p>\n\n\n\n<p>Neprehliadnite najnovie \u010dl\u00e1nky<\/p>\n\n\n<ul class=\"wp-block-latest-posts__list wp-block-latest-posts\"><li><a class=\"wp-block-latest-posts__post-title\" href=\"https:\/\/ryscloud.sk\/index.php\/preco-su-cipy-desfire-ev3-vhodne-na-zamykanie-kontajnerov\/\">Pre\u010do s\u00fa \u010dipy DESFire EV3 vhodn\u00e9 na zamykanie kontajnerov<\/a><\/li>\n<li><a class=\"wp-block-latest-posts__post-title\" href=\"https:\/\/ryscloud.sk\/index.php\/ikura-v-spisskej-novej-vsi\/\">iKURA v Spi\u0161skej Novej Vsi<\/a><\/li>\n<li><a class=\"wp-block-latest-posts__post-title\" href=\"https:\/\/ryscloud.sk\/index.php\/prvy-vrecomat-uspesne-spusteny-v-senci\/\">Prv\u00fd VRECOMAT \u00faspe\u0161ne spusten\u00fd v SENCI (video)<\/a><\/li>\n<li><a class=\"wp-block-latest-posts__post-title\" href=\"https:\/\/ryscloud.sk\/index.php\/v-novych-zamkoch-pribudlo-dalsich-sest-uzamknutych-krytov\/\">V Nov\u00fdch Z\u00e1mkoch pribudlo \u010fal\u0161\u00edch \u0161es\u0165 uzamknut\u00fdch krytov<\/a><\/li>\n<li><a class=\"wp-block-latest-posts__post-title\" href=\"https:\/\/ryscloud.sk\/index.php\/vranov-nad-toplou-ma-stojiska-na-cip-a-pripojene-do-sso\/\">Vranov nad Top\u013eou m\u00e1 stojisk\u00e1 na \u010dip a pripojen\u00e9 do SSO<\/a><\/li>\n<\/ul>\n\n\n<p><\/p>\n","protected":false},"excerpt":{"rendered":"<p>Bezpe\u010dnos\u0165ou v bytov\u00fdch domoch sa zaober\u00e1me u\u017e viac ako 30 rokov a nikdy sme nepo\u013eavili vo v\u00fdvoji nov\u00fdch rie\u0161en\u00ed, ktor\u00e9 poskytuj\u00fa &hellip;<\/p>\n","protected":false},"author":2,"featured_media":577,"parent":0,"menu_order":0,"comment_status":"closed","ping_status":"closed","template":"","meta":{"_exactmetrics_skip_tracking":false,"_exactmetrics_sitenote_active":false,"_exactmetrics_sitenote_note":"","_exactmetrics_sitenote_category":0,"footnotes":""},"class_list":["post-894","page","type-page","status-publish","has-post-thumbnail","hentry"],"_links":{"self":[{"href":"https:\/\/ryscloud.sk\/index.php\/wp-json\/wp\/v2\/pages\/894","targetHints":{"allow":["GET"]}}],"collection":[{"href":"https:\/\/ryscloud.sk\/index.php\/wp-json\/wp\/v2\/pages"}],"about":[{"href":"https:\/\/ryscloud.sk\/index.php\/wp-json\/wp\/v2\/types\/page"}],"author":[{"embeddable":true,"href":"https:\/\/ryscloud.sk\/index.php\/wp-json\/wp\/v2\/users\/2"}],"replies":[{"embeddable":true,"href":"https:\/\/ryscloud.sk\/index.php\/wp-json\/wp\/v2\/comments?post=894"}],"version-history":[{"count":6,"href":"https:\/\/ryscloud.sk\/index.php\/wp-json\/wp\/v2\/pages\/894\/revisions"}],"predecessor-version":[{"id":2611,"href":"https:\/\/ryscloud.sk\/index.php\/wp-json\/wp\/v2\/pages\/894\/revisions\/2611"}],"wp:featuredmedia":[{"embeddable":true,"href":"https:\/\/ryscloud.sk\/index.php\/wp-json\/wp\/v2\/media\/577"}],"wp:attachment":[{"href":"https:\/\/ryscloud.sk\/index.php\/wp-json\/wp\/v2\/media?parent=894"}],"curies":[{"name":"wp","href":"https:\/\/api.w.org\/{rel}","templated":true}]}}