{"id":907,"date":"2021-10-16T20:44:02","date_gmt":"2021-10-16T18:44:02","guid":{"rendered":"https:\/\/ryscloud.sk\/?page_id=907"},"modified":"2025-04-17T15:23:44","modified_gmt":"2025-04-17T13:23:44","slug":"na-stiahnutie","status":"publish","type":"page","link":"https:\/\/ryscloud.sk\/index.php\/na-stiahnutie\/","title":{"rendered":"Na stiahnutie"},"content":{"rendered":"\n<h2 class=\"wp-block-heading has-text-align-center\" style=\"letter-spacing:3px\">APS<\/h2>\n\n\n\n<p class=\"has-text-align-left\">Stiahnite si <strong>dokumenty v PDF<\/strong>, ktor\u00e9 v\u00e1m upresnia ako postupova\u0165, ak chcete in\u0161talova\u0165 APS a pom\u00f4\u017eu v\u00e1m vyplni\u0165 potrebn\u00fa dokument\u00e1ciu.<\/p>\n\n\n\n<ul class=\"wp-block-list\">\n<li><a rel=\"noreferrer noopener\" href=\"https:\/\/ryscloud.sk\/wp-content\/uploads\/2021\/11\/aps-postup.pdf\" target=\"_blank\">Ako postupova\u0165, ak m\u00e1te z\u00e1ujem o APS<\/a><\/li>\n\n\n\n<li><a rel=\"noreferrer noopener\" href=\"https:\/\/ryscloud.sk\/wp-content\/uploads\/2021\/11\/ako-vyplnit-ziadost-o-aps.pdf\" target=\"_blank\">Ako spr\u00e1vne vyplni\u0165 \u017diados\u0165 o schv\u00e1lenie mont\u00e1\u017ee APS<\/a><\/li>\n\n\n\n<li><a href=\"https:\/\/ryscloud.sk\/wp-content\/uploads\/2023\/08\/aps-sada_ako-spravne-objednat.pdf\">Ako vyplni\u0165 objedn\u00e1vku sady APS \/ \u010do je to zdie\u013ean\u00e1 \u010d\u00edta\u010dka<\/a><\/li>\n\n\n\n<li>Ako spr\u00e1vne vyplni\u0165 Potvrdenie o in\u0161tal\u00e1cii APS<\/li>\n<\/ul>\n\n\n\n<p>Upozor\u0148ujeme, \u017ee v\u0161etky formul\u00e1re je potrebn\u00e9 vyplni\u0165 on-line elektronicky.<\/p>\n\n\n\n<p>Ak by ste mali ak\u00e9ko\u013evek ot\u00e1zky, pros\u00edm kontaktujte n\u00e1s.<\/p>\n\n\n\n<p class=\"has-text-align-center\" style=\"letter-spacing:3px\"><strong>LICENCIE<\/strong><\/p>\n\n\n\n<ul class=\"wp-block-list\">\n<li><a href=\"https:\/\/ryscloud.sk\/index.php\/technicka-sluzba\/\" data-type=\"page\" data-id=\"4164\">Licencia na prev\u00e1dzku technickej slu\u017eby<\/a><\/li>\n<\/ul>\n\n\n\n<p><\/p>\n","protected":false},"excerpt":{"rendered":"<p>APS Stiahnite si dokumenty v PDF, ktor\u00e9 v\u00e1m upresnia ako postupova\u0165, ak chcete in\u0161talova\u0165 APS a pom\u00f4\u017eu v\u00e1m vyplni\u0165 potrebn\u00fa dokument\u00e1ciu. &hellip;<\/p>\n","protected":false},"author":2,"featured_media":577,"parent":0,"menu_order":0,"comment_status":"closed","ping_status":"closed","template":"","meta":{"_exactmetrics_skip_tracking":false,"_exactmetrics_sitenote_active":false,"_exactmetrics_sitenote_note":"","_exactmetrics_sitenote_category":0,"footnotes":""},"class_list":["post-907","page","type-page","status-publish","has-post-thumbnail","hentry"],"_links":{"self":[{"href":"https:\/\/ryscloud.sk\/index.php\/wp-json\/wp\/v2\/pages\/907","targetHints":{"allow":["GET"]}}],"collection":[{"href":"https:\/\/ryscloud.sk\/index.php\/wp-json\/wp\/v2\/pages"}],"about":[{"href":"https:\/\/ryscloud.sk\/index.php\/wp-json\/wp\/v2\/types\/page"}],"author":[{"embeddable":true,"href":"https:\/\/ryscloud.sk\/index.php\/wp-json\/wp\/v2\/users\/2"}],"replies":[{"embeddable":true,"href":"https:\/\/ryscloud.sk\/index.php\/wp-json\/wp\/v2\/comments?post=907"}],"version-history":[{"count":9,"href":"https:\/\/ryscloud.sk\/index.php\/wp-json\/wp\/v2\/pages\/907\/revisions"}],"predecessor-version":[{"id":4172,"href":"https:\/\/ryscloud.sk\/index.php\/wp-json\/wp\/v2\/pages\/907\/revisions\/4172"}],"wp:featuredmedia":[{"embeddable":true,"href":"https:\/\/ryscloud.sk\/index.php\/wp-json\/wp\/v2\/media\/577"}],"wp:attachment":[{"href":"https:\/\/ryscloud.sk\/index.php\/wp-json\/wp\/v2\/media?parent=907"}],"curies":[{"name":"wp","href":"https:\/\/api.w.org\/{rel}","templated":true}]}}